{"id":13730,"date":"2016-03-31T09:22:35","date_gmt":"2016-03-31T09:22:35","guid":{"rendered":"https:\/\/archief.zibo.nl\/de\/?page_id=13730"},"modified":"2019-07-16T13:54:05","modified_gmt":"2019-07-16T11:54:05","slug":"ueber-zinger","status":"publish","type":"page","link":"https:\/\/archief.zibo.nl\/de\/ueber-zinger\/","title":{"rendered":"\u00dcber Zinger"},"content":{"rendered":"<div id='revolutionslider_1'  class='avia-layerslider avia-revolutionslider main_color avia-shadow  avia-builder-el-0  el_before_av_one_half  avia-builder-el-first   container_wrap fullsize'  >\n\t\t\t<!-- START Home2019 REVOLUTION SLIDER 6.7.35 --><p class=\"rs-p-wp-fix\"><\/p>\n\t\t\t<rs-module-wrap id=\"rev_slider_7_1_wrapper\" data-source=\"gallery\" style=\"visibility:hidden;background:#E9E9E9;padding:0;margin:0px auto;margin-top:0;margin-bottom:0;\">\n\t\t\t\t<rs-module id=\"rev_slider_7_1\" style=\"\" data-version=\"6.7.35\">\n\t\t\t\t\t<rs-slides style=\"overflow: hidden; position: absolute;\">\n\t\t\t\t\t\t<rs-slide style=\"position: absolute;\" data-key=\"rs-28\" data-title=\"Slide\" data-anim=\"adpr:false;ms:300;\" data-in=\"o:1;x:100%;\">\n\t\t\t\t\t\t\t<img decoding=\"async\" src=\"\/\/archief.zibo.nl\/wp-content\/plugins\/revslider\/sr6\/assets\/assets\/dummy.png\" alt=\"\" title=\"DJI_0577_LR_Omslag\" width=\"1276\" height=\"666\" class=\"rev-slidebg tp-rs-img rs-lazyload\" data-lazyload=\"\/\/archief.zibo.nl\/wp-content\/uploads\/2022\/03\/1-DJI_0577_LR_Omslag.jpg\" data-bg=\"p:0% 60%;\" data-parallax=\"off\" data-no-retina>\n<!---->\t\t\t\t\t<\/rs-slide>\n\t\t\t\t\t\t<rs-slide style=\"position: absolute;\" data-key=\"rs-22\" data-title=\"Slide\" data-anim=\"adpr:false;ms:300;\" data-in=\"o:1;x:100%;\">\n\t\t\t\t\t\t\t<img decoding=\"async\" src=\"\/\/archief.zibo.nl\/wp-content\/plugins\/revslider\/sr6\/assets\/assets\/dummy.png\" alt=\"\" title=\"\u00dcber Zinger\" class=\"rev-slidebg tp-rs-img rs-lazyload\" data-lazyload=\"\/\/archief.zibo.nl\/wp-content\/uploads\/2016\/03\/zinger_pneumatische-zaaimachineslider.jpg\" data-bg=\"p:center top;\" data-parallax=\"off\" data-no-retina>\n<!---->\t\t\t\t\t<\/rs-slide>\n\t\t\t\t\t\t<rs-slide style=\"position: absolute;\" data-key=\"rs-23\" data-title=\"Slide\" data-anim=\"adpr:false;ms:300;\" data-in=\"o:1;x:100%;\">\n\t\t\t\t\t\t\t<img decoding=\"async\" src=\"\/\/archief.zibo.nl\/wp-content\/plugins\/revslider\/sr6\/assets\/assets\/dummy.png\" alt=\"\" title=\"\u00dcber Zinger\" class=\"rev-slidebg tp-rs-img rs-lazyload\" data-lazyload=\"\/\/archief.zibo.nl\/wp-content\/uploads\/2016\/04\/zinger-header1.jpg\" data-bg=\"p:center top;\" data-parallax=\"off\" data-no-retina>\n<!---->\t\t\t\t\t<\/rs-slide>\n\t\t\t\t\t\t<rs-slide style=\"position: absolute;\" data-key=\"rs-27\" data-title=\"Slide\" data-anim=\"adpr:false;ms:300;\" data-in=\"o:1;x:100%;\">\n\t\t\t\t\t\t\t<img decoding=\"async\" src=\"\/\/archief.zibo.nl\/wp-content\/plugins\/revslider\/sr6\/assets\/assets\/dummy.png\" alt=\"\" title=\"\u00dcber Zinger\" class=\"rev-slidebg tp-rs-img rs-lazyload\" data-lazyload=\"\/\/archief.zibo.nl\/wp-content\/uploads\/2017\/05\/zinger-headers-5.jpg\" data-bg=\"p:center top;\" data-parallax=\"off\" data-no-retina>\n<!---->\t\t\t\t\t<\/rs-slide>\n\t\t\t\t\t\t<rs-slide style=\"position: absolute;\" data-key=\"rs-24\" data-title=\"Slide\" data-anim=\"adpr:false;ms:300;\" data-in=\"o:1;x:100%;\">\n\t\t\t\t\t\t\t<img decoding=\"async\" src=\"\/\/archief.zibo.nl\/wp-content\/plugins\/revslider\/sr6\/assets\/assets\/dummy.png\" alt=\"\" title=\"\u00dcber Zinger\" class=\"rev-slidebg tp-rs-img rs-lazyload\" data-lazyload=\"\/\/archief.zibo.nl\/wp-content\/uploads\/2016\/04\/zinger-header2.jpg\" data-bg=\"p:center top;\" data-parallax=\"off\" data-no-retina>\n<!---->\t\t\t\t\t<\/rs-slide>\n\t\t\t\t\t\t<rs-slide style=\"position: absolute;\" data-key=\"rs-25\" data-title=\"Slide\" data-anim=\"adpr:false;ms:300;\" data-in=\"o:1;x:100%;\">\n\t\t\t\t\t\t\t<img decoding=\"async\" src=\"\/\/archief.zibo.nl\/wp-content\/plugins\/revslider\/sr6\/assets\/assets\/dummy.png\" alt=\"\" title=\"\u00dcber Zinger\" class=\"rev-slidebg tp-rs-img rs-lazyload\" data-lazyload=\"\/\/archief.zibo.nl\/wp-content\/uploads\/2016\/07\/DJI_00891.jpg\" data-bg=\"p:center top;\" data-parallax=\"off\" data-no-retina>\n<!---->\t\t\t\t\t<\/rs-slide>\n\t\t\t\t\t\t<rs-slide style=\"position: absolute;\" data-key=\"rs-26\" data-title=\"Slide\" data-anim=\"adpr:false;ms:300;\" data-in=\"o:1;x:100%;\">\n\t\t\t\t\t\t\t<img decoding=\"async\" src=\"\/\/archief.zibo.nl\/wp-content\/plugins\/revslider\/sr6\/assets\/assets\/dummy.png\" alt=\"\" title=\"\u00dcber Zinger\" class=\"rev-slidebg tp-rs-img rs-lazyload\" data-lazyload=\"\/\/archief.zibo.nl\/wp-content\/uploads\/2017\/02\/zinger-headers-4.jpg\" data-bg=\"p:center top;\" data-parallax=\"off\" data-no-retina>\n<!---->\t\t\t\t\t<\/rs-slide>\n\t\t\t\t\t<\/rs-slides>\n\t\t\t\t<\/rs-module>\n\t\t\t\t<script>\n\t\t\t\t\tsetREVStartSize({c: 'rev_slider_7_1',rl:[1240,1024,778,480],el:[350],gw:[1800],gh:[350],type:'standard',justify:'',layout:'fullwidth',mh:\"0\"});if (window.RS_MODULES!==undefined && window.RS_MODULES.modules!==undefined && window.RS_MODULES.modules[\"revslider71\"]!==undefined) {window.RS_MODULES.modules[\"revslider71\"].once = false;window.revapi7 = undefined;if (window.RS_MODULES.checkMinimal!==undefined) window.RS_MODULES.checkMinimal()}\n\t\t\t\t<\/script>\n\t\t\t<\/rs-module-wrap>\n\t\t\t<!-- END REVOLUTION SLIDER -->\n<\/div><div id='after_revolutionslider_1'  class='main_color av_default_container_wrap container_wrap fullsize'  ><div class='container av-section-cont-open' ><div class='template-page content  av-content-full alpha units'><div class='post-entry post-entry-type-page post-entry-13730'><div class='entry-content-wrapper clearfix'>\n<div  class='flex_column av-av_one_half-2a9015ff38129c418a3f2eafba3e9512 av_one_half  avia-builder-el-1  el_after_av_revolutionslider  el_before_av_one_half  avia-builder-el-first  first flex_column_div  '     ><style type=\"text\/css\" data-created_by=\"avia_inline_auto\" id=\"style-css-av-av_gallery-91bfb34986daa10a3cd8410ef789a3c5\">\n#top .avia-gallery.av-av_gallery-91bfb34986daa10a3cd8410ef789a3c5 .avia-gallery-thumb a{\nwidth:14.2857%;\n}\n<\/style>\n<div  class='avia-gallery av-av_gallery-91bfb34986daa10a3cd8410ef789a3c5 avia_animate_when_visible  avia-builder-el-2  avia-builder-el-no-sibling  avia_lazyload av-slideshow-ui av-loop-manual-endless av-control-hidden av-navigate-arrows av-navigate-dots hover-effect av-control-hidden avia-gallery-animate avia-gallery-1'  itemprop=\"image\" itemscope=\"itemscope\" itemtype=\"https:\/\/schema.org\/ImageObject\" ><meta itemprop=\"contentURL\" content=\"https:\/\/archief.zibo.nl\/de\/ueber-zinger\/\"><div class='avia-gallery-big-wrapper'><a class='avia-gallery-big fakeLightbox lightbox avia-gallery-big-crop-thumb ' href=\"https:\/\/archief.zibo.nl\/wp-content\/uploads\/2015\/06\/DJI_0089-1030x578.jpg\" data-srcset=\"https:\/\/archief.zibo.nl\/wp-content\/uploads\/2015\/06\/DJI_0089-1030x578.jpg 1030w, https:\/\/archief.zibo.nl\/wp-content\/uploads\/2015\/06\/DJI_0089-450x253.jpg 450w, https:\/\/archief.zibo.nl\/wp-content\/uploads\/2015\/06\/DJI_0089-300x168.jpg 300w, https:\/\/archief.zibo.nl\/wp-content\/uploads\/2015\/06\/DJI_0089-1500x842.jpg 1500w, https:\/\/archief.zibo.nl\/wp-content\/uploads\/2015\/06\/DJI_0089-705x396.jpg 705w\" data-sizes=\"(max-width: 1030px) 100vw, 1030px\"  data-onclick='1' title='DJI_0089' ><span class='avia-gallery-big-inner'  itemprop=\"thumbnailUrl\" ><img decoding=\"async\" fetchpriority=\"high\" class=\"wp-image-13275 avia-img-lazy-loading-not-13275\"  width=\"495\" height=\"400\" src=\"https:\/\/archief.zibo.nl\/wp-content\/uploads\/2015\/06\/DJI_0089-495x400.jpg\" title='DJI_0089' alt='' srcset=\"https:\/\/archief.zibo.nl\/wp-content\/uploads\/2015\/06\/DJI_0089-495x400.jpg 495w, https:\/\/archief.zibo.nl\/wp-content\/uploads\/2015\/06\/DJI_0089-845x684.jpg 845w\" sizes=\"(max-width: 495px) 100vw, 495px\" \/><\/span><\/a><\/div><div class='avia-gallery-thumb'><a href=\"https:\/\/archief.zibo.nl\/wp-content\/uploads\/2015\/06\/DJI_0089-1030x578.jpg\" data-srcset=\"https:\/\/archief.zibo.nl\/wp-content\/uploads\/2015\/06\/DJI_0089-1030x578.jpg 1030w, https:\/\/archief.zibo.nl\/wp-content\/uploads\/2015\/06\/DJI_0089-450x253.jpg 450w, https:\/\/archief.zibo.nl\/wp-content\/uploads\/2015\/06\/DJI_0089-300x168.jpg 300w, https:\/\/archief.zibo.nl\/wp-content\/uploads\/2015\/06\/DJI_0089-1500x842.jpg 1500w, https:\/\/archief.zibo.nl\/wp-content\/uploads\/2015\/06\/DJI_0089-705x396.jpg 705w\" data-sizes=\"(max-width: 1030px) 100vw, 1030px\" data-rel='gallery-1' data-prev-img='https:\/\/archief.zibo.nl\/wp-content\/uploads\/2015\/06\/DJI_0089-495x400.jpg' class='first_thumb lightbox ' data-onclick='1' title='DJI_0089'  itemprop=\"thumbnailUrl\"  ><img decoding=\"async\" fetchpriority=\"high\" class=\"wp-image-13275 avia-img-lazy-loading-not-13275\"   src=\"https:\/\/archief.zibo.nl\/wp-content\/uploads\/2015\/06\/DJI_0089-495x400.jpg\" width=\"495\" height=\"400\"  title='DJI_0089' alt='' srcset=\"https:\/\/archief.zibo.nl\/wp-content\/uploads\/2015\/06\/DJI_0089-495x400.jpg 495w, https:\/\/archief.zibo.nl\/wp-content\/uploads\/2015\/06\/DJI_0089-845x684.jpg 845w\" sizes=\"(max-width: 495px) 100vw, 495px\" \/><div class='big-prev-fake'><img decoding=\"async\" loading=\"lazy\" class=\"wp-image-13275 avia-img-lazy-loading-13275\"  width=\"495\" height=\"400\" src=\"https:\/\/archief.zibo.nl\/wp-content\/uploads\/2015\/06\/DJI_0089-495x400.jpg\" title='DJI_0089' alt='' srcset=\"https:\/\/archief.zibo.nl\/wp-content\/uploads\/2015\/06\/DJI_0089-495x400.jpg 495w, https:\/\/archief.zibo.nl\/wp-content\/uploads\/2015\/06\/DJI_0089-845x684.jpg 845w\" sizes=\"auto, (max-width: 495px) 100vw, 495px\" \/><\/div><\/a><a href=\"https:\/\/archief.zibo.nl\/wp-content\/uploads\/2015\/06\/Schermafbeelding-2015-12-22-om-15.29.44-1030x543.png\" data-srcset=\"https:\/\/archief.zibo.nl\/wp-content\/uploads\/2015\/06\/Schermafbeelding-2015-12-22-om-15.29.44-1030x543.png 1030w, https:\/\/archief.zibo.nl\/wp-content\/uploads\/2015\/06\/Schermafbeelding-2015-12-22-om-15.29.44-450x237.png 450w, https:\/\/archief.zibo.nl\/wp-content\/uploads\/2015\/06\/Schermafbeelding-2015-12-22-om-15.29.44-300x158.png 300w, https:\/\/archief.zibo.nl\/wp-content\/uploads\/2015\/06\/Schermafbeelding-2015-12-22-om-15.29.44-1500x791.png 1500w, https:\/\/archief.zibo.nl\/wp-content\/uploads\/2015\/06\/Schermafbeelding-2015-12-22-om-15.29.44-710x375.png 710w, https:\/\/archief.zibo.nl\/wp-content\/uploads\/2015\/06\/Schermafbeelding-2015-12-22-om-15.29.44-705x372.png 705w\" data-sizes=\"(max-width: 1030px) 100vw, 1030px\" data-rel='gallery-1' data-prev-img='https:\/\/archief.zibo.nl\/wp-content\/uploads\/2015\/06\/Schermafbeelding-2015-12-22-om-15.29.44-495x400.png' class='lightbox ' data-onclick='2' title='Schermafbeelding 2015-12-22 om 15.29.44'  itemprop=\"thumbnailUrl\"  ><img decoding=\"async\" fetchpriority=\"high\" class=\"wp-image-13276 avia-img-lazy-loading-not-13276\"   src=\"https:\/\/archief.zibo.nl\/wp-content\/uploads\/2015\/06\/Schermafbeelding-2015-12-22-om-15.29.44-495x400.png\" width=\"495\" height=\"400\"  title='Schermafbeelding 2015-12-22 om 15.29.44' alt='' srcset=\"https:\/\/archief.zibo.nl\/wp-content\/uploads\/2015\/06\/Schermafbeelding-2015-12-22-om-15.29.44-495x400.png 495w, https:\/\/archief.zibo.nl\/wp-content\/uploads\/2015\/06\/Schermafbeelding-2015-12-22-om-15.29.44-845x684.png 845w\" sizes=\"(max-width: 495px) 100vw, 495px\" \/><div class='big-prev-fake'><img decoding=\"async\" loading=\"lazy\" class=\"wp-image-13276 avia-img-lazy-loading-13276\"  width=\"495\" height=\"400\" src=\"https:\/\/archief.zibo.nl\/wp-content\/uploads\/2015\/06\/Schermafbeelding-2015-12-22-om-15.29.44-495x400.png\" title='Schermafbeelding 2015-12-22 om 15.29.44' alt='' srcset=\"https:\/\/archief.zibo.nl\/wp-content\/uploads\/2015\/06\/Schermafbeelding-2015-12-22-om-15.29.44-495x400.png 495w, https:\/\/archief.zibo.nl\/wp-content\/uploads\/2015\/06\/Schermafbeelding-2015-12-22-om-15.29.44-845x684.png 845w\" sizes=\"auto, (max-width: 495px) 100vw, 495px\" \/><\/div><\/a><a href=\"https:\/\/archief.zibo.nl\/wp-content\/uploads\/2015\/06\/IMG_1917-1030x773.jpg\" data-srcset=\"https:\/\/archief.zibo.nl\/wp-content\/uploads\/2015\/06\/IMG_1917-1030x773.jpg 1030w, https:\/\/archief.zibo.nl\/wp-content\/uploads\/2015\/06\/IMG_1917-450x338.jpg 450w, https:\/\/archief.zibo.nl\/wp-content\/uploads\/2015\/06\/IMG_1917-300x225.jpg 300w, https:\/\/archief.zibo.nl\/wp-content\/uploads\/2015\/06\/IMG_1917-1500x1125.jpg 1500w, https:\/\/archief.zibo.nl\/wp-content\/uploads\/2015\/06\/IMG_1917-705x529.jpg 705w\" data-sizes=\"(max-width: 1030px) 100vw, 1030px\" data-rel='gallery-1' data-prev-img='https:\/\/archief.zibo.nl\/wp-content\/uploads\/2015\/06\/IMG_1917-495x400.jpg' class='lightbox ' data-onclick='3' title='IMG_1917'  itemprop=\"thumbnailUrl\"  ><img decoding=\"async\" fetchpriority=\"high\" class=\"wp-image-12998 avia-img-lazy-loading-not-12998\"   src=\"https:\/\/archief.zibo.nl\/wp-content\/uploads\/2015\/06\/IMG_1917-495x400.jpg\" width=\"495\" height=\"400\"  title='IMG_1917' alt='' srcset=\"https:\/\/archief.zibo.nl\/wp-content\/uploads\/2015\/06\/IMG_1917-495x400.jpg 495w, https:\/\/archief.zibo.nl\/wp-content\/uploads\/2015\/06\/IMG_1917-845x684.jpg 845w\" sizes=\"(max-width: 495px) 100vw, 495px\" \/><div class='big-prev-fake'><img decoding=\"async\" loading=\"lazy\" class=\"wp-image-12998 avia-img-lazy-loading-12998\"  width=\"495\" height=\"400\" src=\"https:\/\/archief.zibo.nl\/wp-content\/uploads\/2015\/06\/IMG_1917-495x400.jpg\" title='IMG_1917' alt='' srcset=\"https:\/\/archief.zibo.nl\/wp-content\/uploads\/2015\/06\/IMG_1917-495x400.jpg 495w, https:\/\/archief.zibo.nl\/wp-content\/uploads\/2015\/06\/IMG_1917-845x684.jpg 845w\" sizes=\"auto, (max-width: 495px) 100vw, 495px\" \/><\/div><\/a><\/div><\/div><\/div>\n\n<style type=\"text\/css\" data-created_by=\"avia_inline_auto\" id=\"style-css-av-av_one_half-da852e3ef3e55b029d2629c41a20524d\">\n.flex_column.av-av_one_half-da852e3ef3e55b029d2629c41a20524d{\nborder-radius:0px 0px 0px 0px;\npadding:0px 0px 0px 0px;\n}\n<\/style>\n<div  class='flex_column av-av_one_half-da852e3ef3e55b029d2629c41a20524d av_one_half  avia-builder-el-3  el_after_av_one_half  avia-builder-el-last  flex_column_div av-zero-column-padding  '     ><p>\n<style type=\"text\/css\" data-created_by=\"avia_inline_auto\" id=\"style-css-av-av_heading-af60764a4b5f48794286de62c653589c\">\n#top .av-special-heading.av-av_heading-af60764a4b5f48794286de62c653589c{\npadding-bottom:25px;\ncolor:#a81010;\nfont-size:38px;\n}\nbody .av-special-heading.av-av_heading-af60764a4b5f48794286de62c653589c .av-special-heading-tag .heading-char{\nfont-size:25px;\n}\n#top #wrap_all .av-special-heading.av-av_heading-af60764a4b5f48794286de62c653589c .av-special-heading-tag{\nfont-size:38px;\n}\n.av-special-heading.av-av_heading-af60764a4b5f48794286de62c653589c .special-heading-inner-border{\nborder-color:#a81010;\n}\n.av-special-heading.av-av_heading-af60764a4b5f48794286de62c653589c .av-subheading{\nfont-size:15px;\n}\n\n@media only screen and (min-width: 480px) and (max-width: 767px){ \n#top #wrap_all .av-special-heading.av-av_heading-af60764a4b5f48794286de62c653589c .av-special-heading-tag{\nfont-size:0.8em;\n}\n}\n\n@media only screen and (max-width: 479px){ \n#top #wrap_all .av-special-heading.av-av_heading-af60764a4b5f48794286de62c653589c .av-special-heading-tag{\nfont-size:0.8em;\n}\n}\n<\/style>\n<div  class='av-special-heading av-av_heading-af60764a4b5f48794286de62c653589c av-special-heading-h1 custom-color-heading blockquote modern-quote  avia-builder-el-4  el_before_av_textblock  avia-builder-el-first  av-inherit-size'><h1 class='av-special-heading-tag '  itemprop=\"headline\"  >Herzlich Willkommen auf der Website von ZINGER<\/h1><div class=\"special-heading-border\"><div class=\"special-heading-inner-border\"><\/div><\/div><\/div><br \/>\n<section  class='av_textblock_section av-av_textblock-0366cc7376be6c9e82a3e9cc8987b64f '   itemscope=\"itemscope\" itemtype=\"https:\/\/schema.org\/CreativeWork\" ><div class='avia_textblock'  itemprop=\"text\" ><p>Zinger Mechanisatie ist Ihr kompetenter Fachpartner in Sachen Maschinen, Ersatzteile, und Bedarfsg\u00fcter im Agrarsektor. Zinger ist Produzent von ZIBO Maschinen und bietet eine lange Produktliste an. Zus\u00e4tzlich zum Programm produziert Zinger aber auch individuell Maschinen nach Ihren pers\u00f6nlichen Vorstellungen. Zus\u00e4tzlich ist Zinger Importeur diverser Markenmaschinen, wie z.B. von Hankmo, Lehner, dem Ecosyl Streuer, oder den Gandy Streuern und Spritzger\u00e4ten. F\u00fcr weitere Informationen klicken Sie ganz einfach die einzelnen Ger\u00e4te auf dieser Website an.<br \/>\nR\u00fcben und Kartoffeln sind das Spezialgebiet von Zinger Mechanisatie. Durch das gro\u00dfe und gut sortierte Lager ist Zinger in den meisten F\u00e4llen schnell in der Lage, Ihnen Ersatzteile und Siebb\u00e4nder direkt zu liefern. Au\u00dferdem bietet Zinger Verschlei\u00dfteile f\u00fcr nahezu alle Bodenbearbeitungsmaschinen an.<\/p>\n<p>Wir bem\u00fchen uns stetig, Ihnen auf dieser Internetpr\u00e4senz m\u00f6glichst tiefe Einblicke in unser Programm zu geben. F\u00fcr Fragen und Anmerkungen stehen wir Ihnen nat\u00fcrlich gerne zur Verf\u00fcgung. Klicken Sie dazu einfach auf den Button &#8222;Kontakt&#8220; oder rufen Sie uns an unter 0031-599-234 418. Wir freuen uns!<\/p>\n<\/div><\/section><br \/>\n\n<style type=\"text\/css\" data-created_by=\"avia_inline_auto\" id=\"style-css-av-av_hr-0688d0b0b6ed2f8b057db7a8270206df\">\n#top .hr.hr-invisible.av-av_hr-0688d0b0b6ed2f8b057db7a8270206df{\nheight:50px;\n}\n<\/style>\n<div  class='hr av-av_hr-0688d0b0b6ed2f8b057db7a8270206df hr-invisible  avia-builder-el-6  el_after_av_textblock  el_before_av_button '><span class='hr-inner '><span class=\"hr-inner-style\"><\/span><\/span><\/div><br \/>\n<div  class='avia-button-wrap av-av_button-d8fa28527782df0600b7e65293420be5-wrap avia-button-left  avia-builder-el-7  el_after_av_hr  avia-builder-el-last '><a href='https:\/\/archief.zibo.nl\/de\/contact-3\/'  class='avia-button av-av_button-d8fa28527782df0600b7e65293420be5 av-link-btn avia-icon_select-yes-left-icon avia-size-medium avia-position-left avia-color-theme-color'   aria-label=\"Kontaktieren Sie uns\"><span class='avia_button_icon avia_button_icon_left avia-iconfont avia-font-entypo-fontello' data-av_icon='\ue8ab' data-av_iconfont='entypo-fontello' ><\/span><span class='avia_iconbox_title' >Kontaktieren Sie uns<\/span><\/a><\/div><\/p><\/div>\n","protected":false},"excerpt":{"rendered":"","protected":false},"author":1,"featured_media":0,"parent":0,"menu_order":0,"comment_status":"closed","ping_status":"closed","template":"","meta":{"footnotes":""},"class_list":["post-13730","page","type-page","status-publish","hentry"],"_links":{"self":[{"href":"https:\/\/archief.zibo.nl\/de\/wp-json\/wp\/v2\/pages\/13730","targetHints":{"allow":["GET"]}}],"collection":[{"href":"https:\/\/archief.zibo.nl\/de\/wp-json\/wp\/v2\/pages"}],"about":[{"href":"https:\/\/archief.zibo.nl\/de\/wp-json\/wp\/v2\/types\/page"}],"author":[{"embeddable":true,"href":"https:\/\/archief.zibo.nl\/de\/wp-json\/wp\/v2\/users\/1"}],"replies":[{"embeddable":true,"href":"https:\/\/archief.zibo.nl\/de\/wp-json\/wp\/v2\/comments?post=13730"}],"version-history":[{"count":0,"href":"https:\/\/archief.zibo.nl\/de\/wp-json\/wp\/v2\/pages\/13730\/revisions"}],"wp:attachment":[{"href":"https:\/\/archief.zibo.nl\/de\/wp-json\/wp\/v2\/media?parent=13730"}],"curies":[{"name":"wp","href":"https:\/\/api.w.org\/{rel}","templated":true}]}}