{"id":17290,"date":"2021-02-18T15:18:20","date_gmt":"2021-02-18T14:18:20","guid":{"rendered":"http:\/\/archief.zibo.nl\/?page_id=17290"},"modified":"2022-12-06T16:14:24","modified_gmt":"2022-12-06T15:14:24","slug":"preisliste-2023","status":"publish","type":"page","link":"https:\/\/archief.zibo.nl\/de\/preislisten\/preisliste-2023\/","title":{"rendered":"Preisliste 2023"},"content":{"rendered":"\n<style type=\"text\/css\" data-created_by=\"avia_inline_auto\" id=\"style-css-av-3jsactp-8903ff289c2404064926390a5a754977\">\n#top .hr.hr-invisible.av-3jsactp-8903ff289c2404064926390a5a754977{\nheight:50px;\n}\n<\/style>\n<div  class='hr av-3jsactp-8903ff289c2404064926390a5a754977 hr-invisible  avia-builder-el-0  el_before_av_two_third  avia-builder-el-first '><span class='hr-inner '><span class=\"hr-inner-style\"><\/span><\/span><\/div>\n\n<style type=\"text\/css\" data-created_by=\"avia_inline_auto\" id=\"style-css-av-2ubro6l-536aa2d2e1a66e38b99acc3f6ab8c9fa\">\n.flex_column.av-2ubro6l-536aa2d2e1a66e38b99acc3f6ab8c9fa{\nborder-radius:0px 0px 0px 0px;\npadding:0px 0px 0px 0px;\n}\n<\/style>\n<div  class='flex_column av-2ubro6l-536aa2d2e1a66e38b99acc3f6ab8c9fa av_two_third  avia-builder-el-1  el_after_av_hr  el_before_av_one_third  first flex_column_div av-zero-column-padding  '     ><section  class='av_textblock_section av-k5wa3rhm-b17931a42477a40ab24ae57df3363007 '   itemscope=\"itemscope\" itemtype=\"https:\/\/schema.org\/CreativeWork\" ><div class='avia_textblock'  itemprop=\"text\" ><h1 style=\"text-align: center;\">Preisliste 2023<\/h1>\n<\/div><\/section><br \/>\n<section  class='av_textblock_section av-1yzh3nx-c161555847481f595c07f29e208606f6 '   itemscope=\"itemscope\" itemtype=\"https:\/\/schema.org\/CreativeWork\" ><div class='av-desktop-hide av-medium-hide av-small-hide av-mini-hide avia_textblock'  itemprop=\"text\" ><p>Die ZIBO-Preisliste ist derzeit nicht verf\u00fcgbar.<\/p>\n<p>F\u00fcr weitere Informationen \u00fcber die M\u00f6glichkeiten kontaktieren Sie uns bitte: <a href=\"tel:0031599234418\">0031 (0)599 234 418<\/a>, <a href=\"mailto:info@archief.zibo.nl\">info@archief.zibo.nl<\/a> oder unser <a href=\"https:\/\/archief.zibo.nl\/de\/contact-3\/\">Kontaktformular<\/a>.<\/p>\n<p>Zinger Mechanisatie B.V.<\/p>\n<\/div><\/section><br \/>\n<section  class='av_textblock_section av-lbcbj7xw-d4c0b2730c0e80ca7177aae32c560b30 '   itemscope=\"itemscope\" itemtype=\"https:\/\/schema.org\/CreativeWork\" ><div class='avia_textblock'  itemprop=\"text\" ><p><!-- SharpSpring Form for Zibo prijslijst 2023 aanvraag DUITS --><br \/>\n<script type=\"text\/javascript\">\n    var ss_form = {'account': 'MzawMDEzMTU1AQA', 'formID': 'szAySTGyNDLUTbIwSNI1MTGx0E1MtDTQtUxNSk0BQctUCwA'};\n    ss_form.width = '100%';\n    ss_form.domain = 'app-3QNCO4B3A0.marketingautomation.services';\n    \/\/ ss_form.hidden = {'field_id': 'value'}; \/\/ Modify this for sending hidden variables, or overriding values\n    \/\/ ss_form.target_id = 'target'; \/\/ Optional parameter: forms will be placed inside the element with the specified id\n    \/\/ ss_form.polling = true; \/\/ Optional parameter: set to true ONLY if your page loads dynamically and the id needs to be polled continually.\n<\/script><br \/>\n<script type=\"text\/javascript\" src=\"https:\/\/koi-3QNCO4B3A0.marketingautomation.services\/client\/form.js?ver=2.0.1\"><\/script><\/p>\n<\/div><\/section><\/p><\/div>\n<style type=\"text\/css\" data-created_by=\"avia_inline_auto\" id=\"style-css-av-1ku4rn1-d9b002d35863910d2081783d593d4d97\">\n.flex_column.av-1ku4rn1-d9b002d35863910d2081783d593d4d97{\nborder-radius:0px 0px 0px 0px;\npadding:0px 0px 0px 0px;\n}\n<\/style>\n<div  class='flex_column av-1ku4rn1-d9b002d35863910d2081783d593d4d97 av_one_third  avia-builder-el-5  el_after_av_two_third  el_before_av_textblock  flex_column_div av-zero-column-padding  '     ><p>\n<style type=\"text\/css\" data-created_by=\"avia_inline_auto\" id=\"style-css-av-1dare3x-48d6cfb39f8a45f32a34c8302a7acfc3\">\n#top .hr.hr-invisible.av-1dare3x-48d6cfb39f8a45f32a34c8302a7acfc3{\nheight:50px;\n}\n<\/style>\n<div  class='hr av-1dare3x-48d6cfb39f8a45f32a34c8302a7acfc3 hr-invisible  avia-builder-el-6  el_before_av_image  avia-builder-el-first '><span class='hr-inner '><span class=\"hr-inner-style\"><\/span><\/span><\/div><br \/>\n\n<style type=\"text\/css\" data-created_by=\"avia_inline_auto\" id=\"style-css-av-k5wa4i8l-2c4df19a5187c65d41b5784c4f2c0a1f\">\n.avia-image-container.av-k5wa4i8l-2c4df19a5187c65d41b5784c4f2c0a1f img.avia_image{\nbox-shadow:none;\n}\n.avia-image-container.av-k5wa4i8l-2c4df19a5187c65d41b5784c4f2c0a1f .av-image-caption-overlay-center{\ncolor:#ffffff;\n}\n<\/style>\n<div  class='avia-image-container av-k5wa4i8l-2c4df19a5187c65d41b5784c4f2c0a1f av-styling- avia-align-center  avia-builder-el-7  el_after_av_hr  avia-builder-el-last '   itemprop=\"image\" itemscope=\"itemscope\" itemtype=\"https:\/\/schema.org\/ImageObject\" ><div class=\"avia-image-container-inner\"><div class=\"avia-image-overlay-wrap\"><img decoding=\"async\" fetchpriority=\"high\" class='wp-image-17909 avia-img-lazy-loading-not-17909 avia_image ' src=\"https:\/\/archief.zibo.nl\/wp-content\/uploads\/2022\/12\/ZIBO_Zinger_Prijslijst_2023_Cover_DE-250x300.png\" alt='' title='ZIBO_Zinger_Prijslijst_2023_Cover_DE'  height=\"300\" width=\"250\"  itemprop=\"thumbnailUrl\" srcset=\"https:\/\/archief.zibo.nl\/wp-content\/uploads\/2022\/12\/ZIBO_Zinger_Prijslijst_2023_Cover_DE-250x300.png 250w, https:\/\/archief.zibo.nl\/wp-content\/uploads\/2022\/12\/ZIBO_Zinger_Prijslijst_2023_Cover_DE-450x540.png 450w, https:\/\/archief.zibo.nl\/wp-content\/uploads\/2022\/12\/ZIBO_Zinger_Prijslijst_2023_Cover_DE.png 500w\" sizes=\"(max-width: 250px) 100vw, 250px\" \/><\/div><\/div><\/div><\/p><\/div><\/p>\n<section  class='av_textblock_section av-kteo31-3e0c7ac8a8ded8b38f338f6fca2d9c33 '   itemscope=\"itemscope\" itemtype=\"https:\/\/schema.org\/CreativeWork\" ><div class='avia_textblock'  itemprop=\"text\" ><p>Lesen Sie hier unsere <a href=\"https:\/\/archief.zibo.nl\/de\/privacybeleid\/\">Privacy Policy<\/a><\/p>\n<\/div><\/section>\n","protected":false},"excerpt":{"rendered":"","protected":false},"author":2,"featured_media":17299,"parent":14707,"menu_order":0,"comment_status":"closed","ping_status":"closed","template":"","meta":{"footnotes":""},"class_list":["post-17290","page","type-page","status-publish","has-post-thumbnail","hentry"],"_links":{"self":[{"href":"https:\/\/archief.zibo.nl\/de\/wp-json\/wp\/v2\/pages\/17290","targetHints":{"allow":["GET"]}}],"collection":[{"href":"https:\/\/archief.zibo.nl\/de\/wp-json\/wp\/v2\/pages"}],"about":[{"href":"https:\/\/archief.zibo.nl\/de\/wp-json\/wp\/v2\/types\/page"}],"author":[{"embeddable":true,"href":"https:\/\/archief.zibo.nl\/de\/wp-json\/wp\/v2\/users\/2"}],"replies":[{"embeddable":true,"href":"https:\/\/archief.zibo.nl\/de\/wp-json\/wp\/v2\/comments?post=17290"}],"version-history":[{"count":8,"href":"https:\/\/archief.zibo.nl\/de\/wp-json\/wp\/v2\/pages\/17290\/revisions"}],"predecessor-version":[{"id":18102,"href":"https:\/\/archief.zibo.nl\/de\/wp-json\/wp\/v2\/pages\/17290\/revisions\/18102"}],"up":[{"embeddable":true,"href":"https:\/\/archief.zibo.nl\/de\/wp-json\/wp\/v2\/pages\/14707"}],"wp:featuredmedia":[{"embeddable":true,"href":"https:\/\/archief.zibo.nl\/de\/wp-json\/wp\/v2\/media\/17299"}],"wp:attachment":[{"href":"https:\/\/archief.zibo.nl\/de\/wp-json\/wp\/v2\/media?parent=17290"}],"curies":[{"name":"wp","href":"https:\/\/api.w.org\/{rel}","templated":true}]}}