{"id":6303,"date":"2015-06-18T19:58:19","date_gmt":"2015-06-18T19:58:19","guid":{"rendered":"https:\/\/archief.zibo.nl\/?page_id=6303"},"modified":"2023-07-18T13:56:55","modified_gmt":"2023-07-18T11:56:55","slug":"ausstellungen","status":"publish","type":"page","link":"https:\/\/archief.zibo.nl\/de\/ausstellungen\/","title":{"rendered":"Ausstellungen"},"content":{"rendered":"<div id='revolutionslider_1'  class='avia-layerslider avia-revolutionslider main_color avia-shadow  avia-builder-el-0  el_before_av_two_third  avia-builder-el-first   container_wrap fullsize'  >\n\t\t\t<!-- START topslider REVOLUTION SLIDER 6.7.35 --><p class=\"rs-p-wp-fix\"><\/p>\n\t\t\t<rs-module-wrap id=\"rev_slider_3_1_wrapper\" data-source=\"gallery\" data-aimg=\"\"  style=\"visibility:hidden;background:#E9E9E9;padding:0;margin:0px auto;margin-top:0;margin-bottom:0;\">\n\t\t\t\t<rs-module id=\"rev_slider_3_1\" style=\"\" data-version=\"6.7.35\">\n\t\t\t\t\t<rs-slides style=\"overflow: hidden; position: absolute;\">\n\t\t\t\t\t\t<rs-slide style=\"position: absolute;\" data-key=\"rs-7\" data-title=\"Slide\" data-anim=\"ms:300;\" data-in=\"x:100%;\">\n\t\t\t\t\t\t\t<img decoding=\"async\" src=\"\/\/archief.zibo.nl\/wp-content\/plugins\/revslider\/sr6\/assets\/assets\/dummy.png\" alt=\"\" title=\"Ausstellungen\" class=\"rev-slidebg tp-rs-img rs-lazyload\" data-lazyload=\"\/\/archief.zibo.nl\/wp-content\/uploads\/2016\/03\/zinger_pneumatische-zaaimachineslider.jpg\" data-bg=\"p:center top;\" data-parallax=\"off\" data-no-retina>\n<!---->\t\t\t\t\t<\/rs-slide>\n\t\t\t\t\t\t<rs-slide style=\"position: absolute;\" data-key=\"rs-8\" data-title=\"Slide\" data-anim=\"ms:300;\" data-in=\"x:100%;\">\n\t\t\t\t\t\t\t<img decoding=\"async\" src=\"\/\/archief.zibo.nl\/wp-content\/plugins\/revslider\/sr6\/assets\/assets\/dummy.png\" alt=\"\" title=\"Ausstellungen\" class=\"rev-slidebg tp-rs-img rs-lazyload\" data-lazyload=\"\/\/archief.zibo.nl\/wp-content\/uploads\/2016\/04\/zinger-header1.jpg\" data-bg=\"p:center top;\" data-parallax=\"off\" data-no-retina>\n<!---->\t\t\t\t\t<\/rs-slide>\n\t\t\t\t\t\t<rs-slide style=\"position: absolute;\" data-key=\"rs-12\" data-title=\"Slide\" data-anim=\"ms:300;\" data-in=\"x:100%;\">\n\t\t\t\t\t\t\t<img decoding=\"async\" src=\"\/\/archief.zibo.nl\/wp-content\/plugins\/revslider\/sr6\/assets\/assets\/dummy.png\" alt=\"\" title=\"Ausstellungen\" class=\"rev-slidebg tp-rs-img rs-lazyload\" data-lazyload=\"\/\/archief.zibo.nl\/wp-content\/uploads\/2017\/05\/zinger-headers-5.jpg\" data-bg=\"p:center top;\" data-parallax=\"off\" data-no-retina>\n<!---->\t\t\t\t\t<\/rs-slide>\n\t\t\t\t\t\t<rs-slide style=\"position: absolute;\" data-key=\"rs-9\" data-title=\"Slide\" data-anim=\"ms:300;\" data-in=\"x:100%;\">\n\t\t\t\t\t\t\t<img decoding=\"async\" src=\"\/\/archief.zibo.nl\/wp-content\/plugins\/revslider\/sr6\/assets\/assets\/dummy.png\" alt=\"\" title=\"Ausstellungen\" class=\"rev-slidebg tp-rs-img rs-lazyload\" data-lazyload=\"\/\/archief.zibo.nl\/wp-content\/uploads\/2016\/04\/zinger-header2.jpg\" data-bg=\"p:center top;\" data-parallax=\"off\" data-no-retina>\n<!---->\t\t\t\t\t<\/rs-slide>\n\t\t\t\t\t\t<rs-slide style=\"position: absolute;\" data-key=\"rs-10\" data-title=\"Slide\" data-anim=\"ms:300;\" data-in=\"x:100%;\">\n\t\t\t\t\t\t\t<img decoding=\"async\" src=\"\/\/archief.zibo.nl\/wp-content\/plugins\/revslider\/sr6\/assets\/assets\/dummy.png\" alt=\"\" title=\"Ausstellungen\" class=\"rev-slidebg tp-rs-img rs-lazyload\" data-lazyload=\"\/\/archief.zibo.nl\/wp-content\/uploads\/2016\/07\/DJI_00891.jpg\" data-bg=\"p:center top;\" data-parallax=\"off\" data-no-retina>\n<!---->\t\t\t\t\t<\/rs-slide>\n\t\t\t\t\t\t<rs-slide style=\"position: absolute;\" data-key=\"rs-11\" data-title=\"Slide\" data-anim=\"ms:300;\" data-in=\"x:100%;\">\n\t\t\t\t\t\t\t<img decoding=\"async\" src=\"\/\/archief.zibo.nl\/wp-content\/plugins\/revslider\/sr6\/assets\/assets\/dummy.png\" alt=\"\" title=\"Ausstellungen\" class=\"rev-slidebg tp-rs-img rs-lazyload\" data-lazyload=\"\/\/archief.zibo.nl\/wp-content\/uploads\/2017\/02\/zinger-headers-4.jpg\" data-bg=\"p:center top;\" data-parallax=\"off\" data-no-retina>\n<!---->\t\t\t\t\t<\/rs-slide>\n\t\t\t\t\t<\/rs-slides>\n\t\t\t\t<\/rs-module>\n\t\t\t\t<script>\n\t\t\t\t\tsetREVStartSize({c: 'rev_slider_3_1',rl:[1240,1024,778,480],el:[],gw:[1800],gh:[450],type:'standard',justify:'',layout:'fullwidth',mh:\"450\"});if (window.RS_MODULES!==undefined && window.RS_MODULES.modules!==undefined && window.RS_MODULES.modules[\"revslider31\"]!==undefined) {window.RS_MODULES.modules[\"revslider31\"].once = false;window.revapi3 = undefined;if (window.RS_MODULES.checkMinimal!==undefined) window.RS_MODULES.checkMinimal()}\n\t\t\t\t<\/script>\n\t\t\t<\/rs-module-wrap>\n\t\t\t<!-- END REVOLUTION SLIDER -->\n<\/div><div id='after_revolutionslider_1'  class='main_color av_default_container_wrap container_wrap fullsize'  ><div class='container av-section-cont-open' ><div class='template-page content  av-content-full alpha units'><div class='post-entry post-entry-type-page post-entry-6303'><div class='entry-content-wrapper clearfix'>\n<div  class='flex_column av-av_two_third-2a9015ff38129c418a3f2eafba3e9512 av_two_third  avia-builder-el-1  el_after_av_revolutionslider  el_before_av_section  avia-builder-el-no-sibling  first flex_column_div  '     ><p>\n<style type=\"text\/css\" data-created_by=\"avia_inline_auto\" id=\"style-css-av-av_heading-d380cc5a44196544d7448daab242ef02\">\n#top .av-special-heading.av-av_heading-d380cc5a44196544d7448daab242ef02{\npadding-bottom:25px;\ncolor:#a81010;\nfont-size:38px;\n}\nbody .av-special-heading.av-av_heading-d380cc5a44196544d7448daab242ef02 .av-special-heading-tag .heading-char{\nfont-size:25px;\n}\n#top #wrap_all .av-special-heading.av-av_heading-d380cc5a44196544d7448daab242ef02 .av-special-heading-tag{\nfont-size:38px;\n}\n.av-special-heading.av-av_heading-d380cc5a44196544d7448daab242ef02 .special-heading-inner-border{\nborder-color:#a81010;\n}\n.av-special-heading.av-av_heading-d380cc5a44196544d7448daab242ef02 .av-subheading{\nfont-size:15px;\n}\n\n@media only screen and (min-width: 480px) and (max-width: 767px){ \n#top #wrap_all .av-special-heading.av-av_heading-d380cc5a44196544d7448daab242ef02 .av-special-heading-tag{\nfont-size:0.8em;\n}\n}\n\n@media only screen and (max-width: 479px){ \n#top #wrap_all .av-special-heading.av-av_heading-d380cc5a44196544d7448daab242ef02 .av-special-heading-tag{\nfont-size:0.8em;\n}\n}\n<\/style>\n<div  class='av-special-heading av-av_heading-d380cc5a44196544d7448daab242ef02 av-special-heading-h1 custom-color-heading blockquote modern-quote  avia-builder-el-2  el_before_av_textblock  avia-builder-el-first  av-inherit-size'><h1 class='av-special-heading-tag '  itemprop=\"headline\"  >Ausstellungen<\/h1><div class=\"special-heading-border\"><div class=\"special-heading-inner-border\"><\/div><\/div><\/div><br \/>\n<section  class='av_textblock_section av-lk88dhwa-82aa80af2b9a2abf9cfbceffdd1b21f5 '   itemscope=\"itemscope\" itemtype=\"https:\/\/schema.org\/CreativeWork\" ><div class='avia_textblock'  itemprop=\"text\" ><p><strong>Zinger Mechanisatie <\/strong>ist\u00a0regelm\u00e4\u00dfig als Aussteller auf Messen finden Shows im In- und Ausland. Nat\u00fcrlich sind Sie auch in unserem Showroom begr\u00fc\u00dfen in : Rolderstraat 2a, 9531 TC Borger (NL).<\/p>\n<p><a href=\"http:\/\/archief.zibo.nl\/wp-content\/uploads\/2023\/07\/Agritechnica-2023.png\"><img loading=\"lazy\" decoding=\"async\" class=\"alignnone wp-image-18319\" src=\"http:\/\/archief.zibo.nl\/wp-content\/uploads\/2023\/07\/Agritechnica-2023-300x206.png\" alt=\"\" width=\"430\" height=\"295\" srcset=\"https:\/\/archief.zibo.nl\/wp-content\/uploads\/2023\/07\/Agritechnica-2023-300x206.png 300w, https:\/\/archief.zibo.nl\/wp-content\/uploads\/2023\/07\/Agritechnica-2023-768x527.png 768w, https:\/\/archief.zibo.nl\/wp-content\/uploads\/2023\/07\/Agritechnica-2023-705x483.png 705w, https:\/\/archief.zibo.nl\/wp-content\/uploads\/2023\/07\/Agritechnica-2023-450x309.png 450w, https:\/\/archief.zibo.nl\/wp-content\/uploads\/2023\/07\/Agritechnica-2023.png 942w\" sizes=\"auto, (max-width: 430px) 100vw, 430px\" \/><\/a><\/p>\n<p>Die Agri Technica gilt als eine der bekanntesten Messen im Agrarsektor weltweit.<\/p>\n<p>Zinger Mechanisatie wird vom 12. bis 18. November auf der Agri Technica 2023 in Hannover (DE) vertreten sein. Wir freuen uns, Sie am Stand H34 in Halle 25 begr\u00fc\u00dfen zu d\u00fcrfen.<\/p>\n<p>Hoffe dich wieder zu sehen!<\/p>\n<\/div><\/section><\/p><\/div><\/div><\/div><\/div><!-- close content main div --><\/div><\/div>\n<style type=\"text\/css\" data-created_by=\"avia_inline_auto\" id=\"style-css-av-av_section-3a5b9805b63fdc2e3876c25b185f0246\">\n.avia-section.av-av_section-3a5b9805b63fdc2e3876c25b185f0246{\nbackground-color:#262626;\nbackground-image:unset;\n}\n<\/style>\n<div id='av_section_1'  class='avia-section av-av_section-3a5b9805b63fdc2e3876c25b185f0246 main_color avia-section-default avia-no-shadow  avia-builder-el-4  el_after_av_two_third  avia-builder-el-last  avia-bg-style-scroll container_wrap fullsize'  ><div class='container av-section-cont-open' ><div class='template-page content  av-content-full alpha units'><div class='post-entry post-entry-type-page post-entry-6303'><div class='entry-content-wrapper clearfix'>\n\n<style type=\"text\/css\" data-created_by=\"avia_inline_auto\" id=\"style-css-av-lk88ohw7-3ac85856ceaa441fac84193f772aac4a\">\n#top .avia-gallery.av-lk88ohw7-3ac85856ceaa441fac84193f772aac4a .avia-gallery-thumb a{\nwidth:33.3333%;\n}\n<\/style>\n<div  class='avia-gallery av-lk88ohw7-3ac85856ceaa441fac84193f772aac4a avia_animate_when_visible  avia-builder-el-5  avia-builder-el-no-sibling  avia_lazyload avia-gallery-animate avia-gallery-1'  itemprop=\"image\" itemscope=\"itemscope\" itemtype=\"https:\/\/schema.org\/ImageObject\" ><meta itemprop=\"contentURL\" content=\"https:\/\/archief.zibo.nl\/de\/ausstellungen\/\"><div class='avia-gallery-thumb'><a href=\"https:\/\/archief.zibo.nl\/wp-content\/uploads\/2023\/07\/SMTB-2022-1-1030x773.jpg\" data-srcset=\"https:\/\/archief.zibo.nl\/wp-content\/uploads\/2023\/07\/SMTB-2022-1-1030x773.jpg 1030w, https:\/\/archief.zibo.nl\/wp-content\/uploads\/2023\/07\/SMTB-2022-1-300x225.jpg 300w, https:\/\/archief.zibo.nl\/wp-content\/uploads\/2023\/07\/SMTB-2022-1-768x576.jpg 768w, https:\/\/archief.zibo.nl\/wp-content\/uploads\/2023\/07\/SMTB-2022-1-1536x1152.jpg 1536w, https:\/\/archief.zibo.nl\/wp-content\/uploads\/2023\/07\/SMTB-2022-1-2048x1536.jpg 2048w, https:\/\/archief.zibo.nl\/wp-content\/uploads\/2023\/07\/SMTB-2022-1-1500x1125.jpg 1500w, https:\/\/archief.zibo.nl\/wp-content\/uploads\/2023\/07\/SMTB-2022-1-705x529.jpg 705w, https:\/\/archief.zibo.nl\/wp-content\/uploads\/2023\/07\/SMTB-2022-1-450x338.jpg 450w\" data-sizes=\"(max-width: 1030px) 100vw, 1030px\" data-rel='gallery-1' data-prev-img='https:\/\/archief.zibo.nl\/wp-content\/uploads\/2023\/07\/SMTB-2022-1-495x400.jpg' class='first_thumb lightbox ' data-onclick='1' title='SMTB 2022 1'  itemprop=\"thumbnailUrl\"  ><img decoding=\"async\" fetchpriority=\"high\" class=\"wp-image-18335 avia-img-lazy-loading-not-18335\"   src=\"https:\/\/archief.zibo.nl\/wp-content\/uploads\/2023\/07\/SMTB-2022-1-495x400.jpg\" width=\"495\" height=\"400\"  title='SMTB 2022 1' alt='' srcset=\"https:\/\/archief.zibo.nl\/wp-content\/uploads\/2023\/07\/SMTB-2022-1-495x400.jpg 495w, https:\/\/archief.zibo.nl\/wp-content\/uploads\/2023\/07\/SMTB-2022-1-845x684.jpg 845w\" sizes=\"(max-width: 495px) 100vw, 495px\" \/><div class='big-prev-fake'><img decoding=\"async\" loading=\"lazy\" class=\"wp-image-18335 avia-img-lazy-loading-18335\"  width=\"495\" height=\"400\" src=\"https:\/\/archief.zibo.nl\/wp-content\/uploads\/2023\/07\/SMTB-2022-1-495x400.jpg\" title='SMTB 2022 1' alt='' srcset=\"https:\/\/archief.zibo.nl\/wp-content\/uploads\/2023\/07\/SMTB-2022-1-495x400.jpg 495w, https:\/\/archief.zibo.nl\/wp-content\/uploads\/2023\/07\/SMTB-2022-1-845x684.jpg 845w\" sizes=\"auto, (max-width: 495px) 100vw, 495px\" \/><\/div><\/a><a href=\"https:\/\/archief.zibo.nl\/wp-content\/uploads\/2023\/07\/Interpom-2022-1-1030x773.jpg\" data-srcset=\"https:\/\/archief.zibo.nl\/wp-content\/uploads\/2023\/07\/Interpom-2022-1-1030x773.jpg 1030w, https:\/\/archief.zibo.nl\/wp-content\/uploads\/2023\/07\/Interpom-2022-1-300x225.jpg 300w, https:\/\/archief.zibo.nl\/wp-content\/uploads\/2023\/07\/Interpom-2022-1-768x576.jpg 768w, https:\/\/archief.zibo.nl\/wp-content\/uploads\/2023\/07\/Interpom-2022-1-1536x1152.jpg 1536w, https:\/\/archief.zibo.nl\/wp-content\/uploads\/2023\/07\/Interpom-2022-1-2048x1536.jpg 2048w, https:\/\/archief.zibo.nl\/wp-content\/uploads\/2023\/07\/Interpom-2022-1-1500x1125.jpg 1500w, https:\/\/archief.zibo.nl\/wp-content\/uploads\/2023\/07\/Interpom-2022-1-705x529.jpg 705w, https:\/\/archief.zibo.nl\/wp-content\/uploads\/2023\/07\/Interpom-2022-1-450x338.jpg 450w\" data-sizes=\"(max-width: 1030px) 100vw, 1030px\" data-rel='gallery-1' data-prev-img='https:\/\/archief.zibo.nl\/wp-content\/uploads\/2023\/07\/Interpom-2022-1-495x400.jpg' class='lightbox ' data-onclick='2' title='Interpom 2022 1'  itemprop=\"thumbnailUrl\"  ><img decoding=\"async\" fetchpriority=\"high\" class=\"wp-image-18356 avia-img-lazy-loading-not-18356\"   src=\"https:\/\/archief.zibo.nl\/wp-content\/uploads\/2023\/07\/Interpom-2022-1-495x400.jpg\" width=\"495\" height=\"400\"  title='Interpom 2022 1' alt='' srcset=\"https:\/\/archief.zibo.nl\/wp-content\/uploads\/2023\/07\/Interpom-2022-1-495x400.jpg 495w, https:\/\/archief.zibo.nl\/wp-content\/uploads\/2023\/07\/Interpom-2022-1-845x684.jpg 845w\" sizes=\"(max-width: 495px) 100vw, 495px\" \/><div class='big-prev-fake'><img decoding=\"async\" loading=\"lazy\" class=\"wp-image-18356 avia-img-lazy-loading-18356\"  width=\"495\" height=\"400\" src=\"https:\/\/archief.zibo.nl\/wp-content\/uploads\/2023\/07\/Interpom-2022-1-495x400.jpg\" title='Interpom 2022 1' alt='' srcset=\"https:\/\/archief.zibo.nl\/wp-content\/uploads\/2023\/07\/Interpom-2022-1-495x400.jpg 495w, https:\/\/archief.zibo.nl\/wp-content\/uploads\/2023\/07\/Interpom-2022-1-845x684.jpg 845w\" sizes=\"auto, (max-width: 495px) 100vw, 495px\" \/><\/div><\/a><a href=\"https:\/\/archief.zibo.nl\/wp-content\/uploads\/2023\/07\/Agri-technica-2019-1-1-2-1030x773.jpeg\" data-srcset=\"https:\/\/archief.zibo.nl\/wp-content\/uploads\/2023\/07\/Agri-technica-2019-1-1-2-1030x773.jpeg 1030w, https:\/\/archief.zibo.nl\/wp-content\/uploads\/2023\/07\/Agri-technica-2019-1-1-2-300x225.jpeg 300w, https:\/\/archief.zibo.nl\/wp-content\/uploads\/2023\/07\/Agri-technica-2019-1-1-2-768x576.jpeg 768w, https:\/\/archief.zibo.nl\/wp-content\/uploads\/2023\/07\/Agri-technica-2019-1-1-2-1536x1152.jpeg 1536w, https:\/\/archief.zibo.nl\/wp-content\/uploads\/2023\/07\/Agri-technica-2019-1-1-2-2048x1536.jpeg 2048w, https:\/\/archief.zibo.nl\/wp-content\/uploads\/2023\/07\/Agri-technica-2019-1-1-2-1500x1125.jpeg 1500w, https:\/\/archief.zibo.nl\/wp-content\/uploads\/2023\/07\/Agri-technica-2019-1-1-2-705x529.jpeg 705w, https:\/\/archief.zibo.nl\/wp-content\/uploads\/2023\/07\/Agri-technica-2019-1-1-2-450x338.jpeg 450w\" data-sizes=\"(max-width: 1030px) 100vw, 1030px\" data-rel='gallery-1' data-prev-img='https:\/\/archief.zibo.nl\/wp-content\/uploads\/2023\/07\/Agri-technica-2019-1-1-2-495x400.jpeg' class='lightbox ' data-onclick='3' title='Agri technica 2019 1'  itemprop=\"thumbnailUrl\"  ><img decoding=\"async\" fetchpriority=\"high\" class=\"wp-image-18348 avia-img-lazy-loading-not-18348\"   src=\"https:\/\/archief.zibo.nl\/wp-content\/uploads\/2023\/07\/Agri-technica-2019-1-1-2-495x400.jpeg\" width=\"495\" height=\"400\"  title='Agri technica 2019 1' alt='' srcset=\"https:\/\/archief.zibo.nl\/wp-content\/uploads\/2023\/07\/Agri-technica-2019-1-1-2-495x400.jpeg 495w, https:\/\/archief.zibo.nl\/wp-content\/uploads\/2023\/07\/Agri-technica-2019-1-1-2-845x684.jpeg 845w\" sizes=\"(max-width: 495px) 100vw, 495px\" \/><div class='big-prev-fake'><img decoding=\"async\" loading=\"lazy\" class=\"wp-image-18348 avia-img-lazy-loading-18348\"  width=\"495\" height=\"400\" src=\"https:\/\/archief.zibo.nl\/wp-content\/uploads\/2023\/07\/Agri-technica-2019-1-1-2-495x400.jpeg\" title='Agri technica 2019 1' alt='' srcset=\"https:\/\/archief.zibo.nl\/wp-content\/uploads\/2023\/07\/Agri-technica-2019-1-1-2-495x400.jpeg 495w, https:\/\/archief.zibo.nl\/wp-content\/uploads\/2023\/07\/Agri-technica-2019-1-1-2-845x684.jpeg 845w\" sizes=\"auto, (max-width: 495px) 100vw, 495px\" \/><\/div><\/a><\/div><\/div>\n<\/p>\n","protected":false},"excerpt":{"rendered":"","protected":false},"author":1,"featured_media":0,"parent":0,"menu_order":0,"comment_status":"closed","ping_status":"closed","template":"","meta":{"footnotes":""},"class_list":["post-6303","page","type-page","status-publish","hentry"],"_links":{"self":[{"href":"https:\/\/archief.zibo.nl\/de\/wp-json\/wp\/v2\/pages\/6303","targetHints":{"allow":["GET"]}}],"collection":[{"href":"https:\/\/archief.zibo.nl\/de\/wp-json\/wp\/v2\/pages"}],"about":[{"href":"https:\/\/archief.zibo.nl\/de\/wp-json\/wp\/v2\/types\/page"}],"author":[{"embeddable":true,"href":"https:\/\/archief.zibo.nl\/de\/wp-json\/wp\/v2\/users\/1"}],"replies":[{"embeddable":true,"href":"https:\/\/archief.zibo.nl\/de\/wp-json\/wp\/v2\/comments?post=6303"}],"version-history":[{"count":2,"href":"https:\/\/archief.zibo.nl\/de\/wp-json\/wp\/v2\/pages\/6303\/revisions"}],"predecessor-version":[{"id":18343,"href":"https:\/\/archief.zibo.nl\/de\/wp-json\/wp\/v2\/pages\/6303\/revisions\/18343"}],"wp:attachment":[{"href":"https:\/\/archief.zibo.nl\/de\/wp-json\/wp\/v2\/media?parent=6303"}],"curies":[{"name":"wp","href":"https:\/\/api.w.org\/{rel}","templated":true}]}}