{"id":11650,"date":"2015-06-12T21:28:32","date_gmt":"2016-01-15T18:05:31","guid":{"rendered":"https:\/\/archief.zibo.nl\/?post_type=product&#038;p=11650"},"modified":"2019-07-17T13:14:21","modified_gmt":"2019-07-17T11:14:21","slug":"lehner-overige-producten-2","status":"publish","type":"product","link":"https:\/\/archief.zibo.nl\/de\/produkt\/lehner-overige-producten-2\/","title":{"rendered":"Lehner andere Produkte"},"content":{"rendered":"<p>12-Volt-Universal-Zentrifugalstreuer f\u00fcr Kunstd\u00fcnger, Stoppelpflanzen (Gr\u00fcnd\u00fcnger), Grassaaten usw.<\/p>\n<ul>\n<li>Stufenlos verstellbare Streubreite, von 2-24 Meter<\/li>\n<li>Robuster 12 V\/180 Watt Elektromotor<\/li>\n<li>Konsolenbedienung vom Fahrersitz aus<\/li>\n<li>Digitale Steuerungstechnik (Computer)<\/li>\n<li>Wasserdichte Elektroteile<\/li>\n<li>2,5 mm dicke Stromkabel<\/li>\n<li>6 m langes Kabel zwischen Streuer und Bedienungspanel<\/li>\n<li>Lieferung mit Anschlusskabel f\u00fcr Akku<\/li>\n<li>Startautomatik bei verklemmtem Streugut<\/li>\n<li>Stufenloses Einstellen der Streumenge<\/li>\n<li>Dosierscheibe stufenlos einstellbar<\/li>\n<li>Scheibe und Streubleche aus rostfreiem Stahl<\/li>\n<li>Verstellbare Auswurfschaufeln<\/li>\n<li>Robuster Stahlrahmen mit Montagel\u00f6chern<\/li>\n<li>Spezieller R\u00fchrstab f\u00fcr Grassaaten<\/li>\n<li>Transparenter 105-Liter-Tank mit Auslass\u00f6ffnung<\/li>\n<li>Deckel mit Schnellverschluss<\/li>\n<li>Einfache Befestigung (Ma\u00dfe: 560x485x920 mm) (25 kg)<\/li>\n<\/ul>\n<p><a name=\"zibo-overigde\"><\/a><br \/>\n<strong> Fordern Sie ein Angebot f\u00fcr dieses Produkt:<\/strong><br \/>\n<!-- SharpSpring Form for Zibo_DE_offerte_S\u00e4en_Stroh_Dosierung  --><br \/>\n<script type=\"text\/javascript\">\n    var ss_form = {'account': 'MzawMDEzMTU1AQA', 'formID': 'S0wxNDYzSbHUtTS3NNA1MTcz1E0yTzTRTUlKSjRLNU0zNzQ1BgA'};\n    ss_form.width = '100%';\n    ss_form.height = '1000';\n    ss_form.domain = 'app-3QNCO4B3A0.marketingautomation.services';\n    \/\/ ss_form.hidden = {'field_id': 'value'}; \/\/ Modify this for sending hidden variables, or overriding values\n    \/\/ ss_form.target_id = 'target'; \/\/ Optional parameter: forms will be placed inside the element with the specified id\n    \/\/ ss_form.polling = true; \/\/ Optional parameter: set to true ONLY if your page loads dynamically and the id needs to be polled continually.\n<\/script><br \/>\n<script type=\"text\/javascript\" src=\"https:\/\/koi-3QNCO4B3A0.marketingautomation.services\/client\/form.js?ver=2.0.1\"><\/script><br \/>\nLesen Sie hier unsere <a href=\"https:\/\/archief.zibo.nl\/de\/privacybeleid\/\">Privacy Policy<\/a><\/p>\n","protected":false},"excerpt":{"rendered":"<p><strong>Fragen? Rufen Sie +31 (0)599 234 418<\/strong><\/p>\n<p><a href=\"#zibo-overigde\"><img loading=\"lazy\" decoding=\"async\" class=\"alignnone size-full wp-image-14413\" src=\"https:\/\/archief.zibo.nl\/wp-content\/uploads\/2016\/04\/forden-sie-ein-angebot-button.png\" alt=\"forden-sie-ein-angebot-button\" width=\"182\" height=\"35\" srcset=\"https:\/\/archief.zibo.nl\/wp-content\/uploads\/2016\/04\/forden-sie-ein-angebot-button.png 182w, https:\/\/archief.zibo.nl\/wp-content\/uploads\/2016\/04\/forden-sie-ein-angebot-button-180x35.png 180w\" sizes=\"auto, (max-width: 182px) 100vw, 182px\" \/><\/a><\/p>\n","protected":false},"featured_media":12866,"template":"","meta":[],"product_brand":[],"product_cat":[263,264],"product_tag":[],"class_list":{"0":"post-11650","1":"product","2":"type-product","3":"status-publish","4":"has-post-thumbnail","6":"product_cat-produkte-de-de","7":"product_cat-saeen-stroh-dosierung-de","9":"first","10":"instock","11":"shipping-taxable","12":"product-type-simple"},"_links":{"self":[{"href":"https:\/\/archief.zibo.nl\/de\/wp-json\/wp\/v2\/product\/11650","targetHints":{"allow":["GET"]}}],"collection":[{"href":"https:\/\/archief.zibo.nl\/de\/wp-json\/wp\/v2\/product"}],"about":[{"href":"https:\/\/archief.zibo.nl\/de\/wp-json\/wp\/v2\/types\/product"}],"wp:featuredmedia":[{"embeddable":true,"href":"https:\/\/archief.zibo.nl\/de\/wp-json\/wp\/v2\/media\/12866"}],"wp:attachment":[{"href":"https:\/\/archief.zibo.nl\/de\/wp-json\/wp\/v2\/media?parent=11650"}],"wp:term":[{"taxonomy":"product_brand","embeddable":true,"href":"https:\/\/archief.zibo.nl\/de\/wp-json\/wp\/v2\/product_brand?post=11650"},{"taxonomy":"product_cat","embeddable":true,"href":"https:\/\/archief.zibo.nl\/de\/wp-json\/wp\/v2\/product_cat?post=11650"},{"taxonomy":"product_tag","embeddable":true,"href":"https:\/\/archief.zibo.nl\/de\/wp-json\/wp\/v2\/product_tag?post=11650"}],"curies":[{"name":"wp","href":"https:\/\/api.w.org\/{rel}","templated":true}]}}