{"id":11651,"date":"2015-06-12T21:24:36","date_gmt":"2016-01-15T18:09:06","guid":{"rendered":"https:\/\/archief.zibo.nl\/?post_type=product&#038;p=11651"},"modified":"2019-07-17T13:14:27","modified_gmt":"2019-07-17T11:14:27","slug":"lehner-polaro-3","status":"publish","type":"product","link":"https:\/\/archief.zibo.nl\/de\/produkt\/lehner-polaro-3\/","title":{"rendered":"Lehner Polaro"},"content":{"rendered":"<h2>Lehner Polaro Salz Sandstreuer<\/h2>\n<p>Dank schnellen Aufbau und flexible Anwendung gibt Lehner Polaro Treuer keine Chance Gl\u00e4tte.<br \/>Schnee, Hagel, regen opvriezende, die ersten Winter Gefahren f\u00fcr ziemlich einige Unannehmlichkeiten gemacht worden. Denn oft Schl\u00fcpfrigkeit tritt pl\u00f6tzlich auf, ist flexibel Einsatz von Streuer von gro\u00dfer Bedeutung. Die Lehner Polaro bauen schnell in verschiedenen Transportmitteln auf, und somit leicht verwendbar. Durch die stufenlose Einstellung der Streubreite des Lehner Polaro f\u00fchlen \u00fcberall zu Hause, von Stra\u00dfen, Dorfstra\u00dfen und Parkpl\u00e4tze auf Radwegen und Gehwegen.<\/p>\n<p>Die Lehner Polaro ist eine Weiterentwicklung des Lehner Super-Vario Treuer f\u00fcr den Ackerbau. Dies ist bereits mehr als f\u00fcnf Jahre nach Zinger Mechanisatie erfolgreich in den Niederlanden verkauft.<br \/>Die Spreizer, und damit auch die Lehner Polaro, ist besonders beliebt wegen seiner einfachen Installation auf jedem Verkehrsmittel. Da der Streuer kann auf Autos und Lastwagen montiert werden, sondern auch Quads, Mini-Traktoren, Gabelstapler, Radlader und andere 12-Volt-Autos. Als Ergebnis sind spezielle spreader Fahrzeuge nicht erforderlich. &#8222;<\/p>\n<p><strong>M\u00fchelos Schalter<\/strong><br \/>Der Fahrzeugf\u00fchrer kann &#8211; w\u00e4hrend der Fahrt &#8211; kontinuierlich die Geschwindigkeit der Streuscheibe zu steuern. Er kann aus einer Breite von 0,8 m, zum Beispiel m\u00fchelos wechseln, einen Fu\u00dfweg, bis zu 6 m, f\u00fcr eine Bushaltestelle oder Park verbreiten. Die Ausbringmenge kann kontinuierlich den Fahrer Dosierung sein. Alle Schaltfunktionen k\u00f6nnen den Fahrer aus der Kabine oder Fahrersitz bedienen.<\/p>\n<p><strong>Nasseste Reds<\/strong><br \/>Die Lehner Polaro zum Streuen von Salz verwendet werden, auch wenn das sollte nass erfolgen. Die LEHNER-Ruderanlage setzt n\u00e4mlich reibungslos funktionieren mit gro\u00dfem Widerstand. &#8222;Dies ist vor allem im Hinblick auf die zunehmend angewendet pr\u00e4ventiv nasseste grub ein wichtiger Faktor.<br \/>Der Motor darf nicht \u00fcberlastet werden. Hartn\u00e4ckige, nassen Sand oder Splitt mit scharfen Kanten sollten als Fl\u00fcssigkeit und damit kontinuierlich flie\u00dfenden gehalten werden. Mit einer maximalen Ergebnissen. &#8222;\u00dcbrigens streut das Lehner Polaro auch Splitt als Schotter und Sand.<\/p>\n<p><a name=\"zibo-polarode\"><\/a><br \/>\n<strong> Fordern Sie ein Angebot f\u00fcr dieses Produkt:<\/strong><br \/>\n<!-- SharpSpring Form for Zibo_DE_offerte_S\u00e4en_Stroh_Dosierung  --><br \/>\n<script type=\"text\/javascript\">\n    var ss_form = {'account': 'MzawMDEzMTU1AQA', 'formID': 'S0wxNDYzSbHUtTS3NNA1MTcz1E0yTzTRTUlKSjRLNU0zNzQ1BgA'};\n    ss_form.width = '100%';\n    ss_form.height = '1000';\n    ss_form.domain = 'app-3QNCO4B3A0.marketingautomation.services';\n    \/\/ ss_form.hidden = {'field_id': 'value'}; \/\/ Modify this for sending hidden variables, or overriding values\n    \/\/ ss_form.target_id = 'target'; \/\/ Optional parameter: forms will be placed inside the element with the specified id\n    \/\/ ss_form.polling = true; \/\/ Optional parameter: set to true ONLY if your page loads dynamically and the id needs to be polled continually.\n<\/script><br \/>\n<script type=\"text\/javascript\" src=\"https:\/\/koi-3QNCO4B3A0.marketingautomation.services\/client\/form.js?ver=2.0.1\"><\/script><br \/>\nLesen Sie hier unsere <a href=\"https:\/\/archief.zibo.nl\/de\/privacybeleid\/\">Privacy Policy<\/a><\/p>\n","protected":false},"excerpt":{"rendered":"<p><strong>Fragen? Rufen Sie +31 (0)599 234 418<\/strong><\/p>\n<p><a href=\"#zibo-polarode\"><img loading=\"lazy\" decoding=\"async\" class=\"alignnone size-full wp-image-14413\" src=\"https:\/\/archief.zibo.nl\/wp-content\/uploads\/2016\/04\/forden-sie-ein-angebot-button.png\" alt=\"forden-sie-ein-angebot-button\" width=\"182\" height=\"35\" srcset=\"https:\/\/archief.zibo.nl\/wp-content\/uploads\/2016\/04\/forden-sie-ein-angebot-button.png 182w, https:\/\/archief.zibo.nl\/wp-content\/uploads\/2016\/04\/forden-sie-ein-angebot-button-180x35.png 180w\" sizes=\"auto, (max-width: 182px) 100vw, 182px\" \/><\/a><\/p>\n","protected":false},"featured_media":12878,"template":"","meta":[],"product_brand":[],"product_cat":[263,264],"product_tag":[],"class_list":{"0":"post-11651","1":"product","2":"type-product","3":"status-publish","4":"has-post-thumbnail","6":"product_cat-produkte-de-de","7":"product_cat-saeen-stroh-dosierung-de","9":"first","10":"instock","11":"shipping-taxable","12":"product-type-simple"},"_links":{"self":[{"href":"https:\/\/archief.zibo.nl\/de\/wp-json\/wp\/v2\/product\/11651","targetHints":{"allow":["GET"]}}],"collection":[{"href":"https:\/\/archief.zibo.nl\/de\/wp-json\/wp\/v2\/product"}],"about":[{"href":"https:\/\/archief.zibo.nl\/de\/wp-json\/wp\/v2\/types\/product"}],"wp:featuredmedia":[{"embeddable":true,"href":"https:\/\/archief.zibo.nl\/de\/wp-json\/wp\/v2\/media\/12878"}],"wp:attachment":[{"href":"https:\/\/archief.zibo.nl\/de\/wp-json\/wp\/v2\/media?parent=11651"}],"wp:term":[{"taxonomy":"product_brand","embeddable":true,"href":"https:\/\/archief.zibo.nl\/de\/wp-json\/wp\/v2\/product_brand?post=11651"},{"taxonomy":"product_cat","embeddable":true,"href":"https:\/\/archief.zibo.nl\/de\/wp-json\/wp\/v2\/product_cat?post=11651"},{"taxonomy":"product_tag","embeddable":true,"href":"https:\/\/archief.zibo.nl\/de\/wp-json\/wp\/v2\/product_tag?post=11651"}],"curies":[{"name":"wp","href":"https:\/\/api.w.org\/{rel}","templated":true}]}}