{"id":11656,"date":"2015-06-16T20:50:29","date_gmt":"2016-01-15T18:25:22","guid":{"rendered":"https:\/\/archief.zibo.nl\/?post_type=product&#038;p=11656"},"modified":"2019-07-17T15:55:03","modified_gmt":"2019-07-17T13:55:03","slug":"zibo-reifen-aandrukrol","status":"publish","type":"product","link":"https:\/\/archief.zibo.nl\/de\/produkt\/zibo-reifen-aandrukrol\/","title":{"rendered":"ZIBO Reifenwalzen"},"content":{"rendered":"<div class=\"clearfix alinea\">\n<h2>ZIBO mechanisch Reifenwalze<\/h2>\n<ul>\n<li>Mechanische, lenkunterst\u00fctzende Andruckrolle f\u00fcr die Reifen<\/li>\n<li>Stabiler Rahmen mit Dreipunktbock, Kat. 2<\/li>\n<li>Arbeitsbreite 1.500 mm<\/li>\n<li>Reifengr\u00f6\u00dfe 11.5\/80 &#8211; 15.3\/10 PR-Gr\u00f6\u00dfe \u00d8 850 mm<\/li>\n<li>Gesamtgewicht ca. 520 kg..<\/li>\n<\/ul>\n<p>\u00a0<\/p>\n<\/div>\n<div class=\"clearfix alinea\">\n<h2>ZIBO\u00a0hydraulisches, st\u00fctzendes Bugrad<\/h2>\n<p align=\"LEFT\">Das ZIBO hydraulische, st\u00fctzende Bugrad wurde zum gleichm\u00e4\u00dfigen Andr\u00fccken von Acker und Grasland\u00a0entwickelt. <br \/>Bezweckt wird auch minimale Belastung auf den Boden und Bodenbearbeitung durch den Schlepper.<br \/>Der Wendekreis ist minimal. Das st\u00fctzende Bugrad l\u00e4sst sich einfach an jeden Schlepper mit doppelwirkendem<br \/>Fronthubwerk (Kat. 2) montieren. Das hydraulische System ist an die Lenkung am Schlepper anzuschlie\u00dfen. Die Einheit wird standardm\u00e4\u00dfig mit einem 8 gts-Anschluss und ohne Reifen geliefert.<\/p>\n<p>\u00a0<\/p>\n<\/div>\n<p><a name=\"zibo-reifenwalz\"><\/a><br \/>\n<strong> Fordern Sie ein Angebot f\u00fcr dieses Produkt:<\/strong><br \/>\n<!-- SharpSpring Form for Zibo_DE_offerte_Bodenbearbeitung  --><br \/>\n<script type=\"text\/javascript\">\n    var ss_form = {'account': 'MzawMDEzMTU1AQA', 'formID': 'S01JNDA2SEzVNTUyTNI1SbM007VMM0rSNTU2Tkw2S000SUtKAQA'};\n    ss_form.width = '100%';\n    ss_form.height = '1000';\n    ss_form.domain = 'app-3QNCO4B3A0.marketingautomation.services';\n    \/\/ ss_form.hidden = {'field_id': 'value'}; \/\/ Modify this for sending hidden variables, or overriding values\n    \/\/ ss_form.target_id = 'target'; \/\/ Optional parameter: forms will be placed inside the element with the specified id\n    \/\/ ss_form.polling = true; \/\/ Optional parameter: set to true ONLY if your page loads dynamically and the id needs to be polled continually.\n<\/script><br \/>\n<script type=\"text\/javascript\" src=\"https:\/\/koi-3QNCO4B3A0.marketingautomation.services\/client\/form.js?ver=2.0.1\"><\/script><\/p>\n<p>Lesen Sie hier unsere <a href=\"https:\/\/archief.zibo.nl\/de\/privacybeleid\/\">Privacy Policy<\/a><\/p>\n","protected":false},"excerpt":{"rendered":"<p><strong>Fragen? Rufen Sie +31 (0)599 234 418<\/strong><\/p>\n<p><a href=\"#zibo-reifenwalz\"><img loading=\"lazy\" decoding=\"async\" class=\"alignnone size-full wp-image-14413\" src=\"https:\/\/archief.zibo.nl\/wp-content\/uploads\/2016\/04\/forden-sie-ein-angebot-button.png\" alt=\"forden-sie-ein-angebot-button\" width=\"182\" height=\"35\" srcset=\"https:\/\/archief.zibo.nl\/wp-content\/uploads\/2016\/04\/forden-sie-ein-angebot-button.png 182w, https:\/\/archief.zibo.nl\/wp-content\/uploads\/2016\/04\/forden-sie-ein-angebot-button-180x35.png 180w\" sizes=\"auto, (max-width: 182px) 100vw, 182px\" \/><\/a><\/p>\n","protected":false},"featured_media":18171,"template":"","meta":[],"product_brand":[],"product_cat":[259,263],"product_tag":[],"class_list":{"0":"post-11656","1":"product","2":"type-product","3":"status-publish","4":"has-post-thumbnail","6":"product_cat-bodenbearbeitung-de-de","7":"product_cat-produkte-de-de","9":"first","10":"instock","11":"shipping-taxable","12":"product-type-simple"},"_links":{"self":[{"href":"https:\/\/archief.zibo.nl\/de\/wp-json\/wp\/v2\/product\/11656","targetHints":{"allow":["GET"]}}],"collection":[{"href":"https:\/\/archief.zibo.nl\/de\/wp-json\/wp\/v2\/product"}],"about":[{"href":"https:\/\/archief.zibo.nl\/de\/wp-json\/wp\/v2\/types\/product"}],"wp:featuredmedia":[{"embeddable":true,"href":"https:\/\/archief.zibo.nl\/de\/wp-json\/wp\/v2\/media\/18171"}],"wp:attachment":[{"href":"https:\/\/archief.zibo.nl\/de\/wp-json\/wp\/v2\/media?parent=11656"}],"wp:term":[{"taxonomy":"product_brand","embeddable":true,"href":"https:\/\/archief.zibo.nl\/de\/wp-json\/wp\/v2\/product_brand?post=11656"},{"taxonomy":"product_cat","embeddable":true,"href":"https:\/\/archief.zibo.nl\/de\/wp-json\/wp\/v2\/product_cat?post=11656"},{"taxonomy":"product_tag","embeddable":true,"href":"https:\/\/archief.zibo.nl\/de\/wp-json\/wp\/v2\/product_tag?post=11656"}],"curies":[{"name":"wp","href":"https:\/\/api.w.org\/{rel}","templated":true}]}}