{"id":11665,"date":"2015-06-12T12:24:19","date_gmt":"2016-01-15T19:00:08","guid":{"rendered":"https:\/\/archief.zibo.nl\/?post_type=product&#038;p=11665"},"modified":"2019-07-17T15:39:55","modified_gmt":"2019-07-17T13:39:55","slug":"zibo-12-volt-nozzle-2","status":"publish","type":"product","link":"https:\/\/archief.zibo.nl\/de\/produkt\/zibo-12-volt-nozzle-2\/","title":{"rendered":"ZIBO 12 Volt Additiv Applikator"},"content":{"rendered":"<p>Die ZIBO 12-Volt- Sprayer verdankt seine Popularit\u00e4t zu einer gro\u00dfen Anzahl von Anwendungen. ZIBO so kann die D\u00fcse f\u00fcr unter anderem verwendet werden. Kartoffelmaschinen, Kisten F\u00fcllstoffe, Ger\u00e4te f\u00fcr die Heuernte, Quads, Chopper. Auch kann die D\u00fcse in o.a.boomgaarden und Desinfektion von St\u00e4llen verwendet werden. Die ZIBO D\u00fcse hat eine transparente Vorratstanks ist mit einem Filter versehen. Ein Steuerkasten ist enthalten, die einfach in der Kabine platziert werden.\u00a0Die quanity Frage ist somit stufenlos einstellbar. Episode 9 Meter Kabel zu verbinden Sprinkler &#8211; Betrieb und 9 Meter Schlauch.\u00a0Kapazit\u00e4t 10 L. pro Minute ohne Last<\/p>\n<p><strong>Code \u00a0 \u00a0 \u00a0 \u00a0 \u00a0Marke \u00a0 \u00a0 \u00a0 \u00a0 \u00a0\u00a0<span lang=\"de\">Fahren \u00a0 \u00a0 T<\/span><\/strong><strong>ankinhalt<\/strong><br \/>\nAG55 \u00a0 \u00a0ZIBO Sprinkler \u00a0 \u00a0 12V \u00a0 \u00a0 \u00a0 \u00a0 \u00a0 \u00a0210 L.<\/p>\n<p><strong>Optionen:<\/strong><\/p>\n<ul>\n<li>AG554 4 D\u00fcse des<\/li>\n<li>AG558 8 D\u00fcse des<\/li>\n<li>OS01009 Edelstahl D\u00fcsenkappe mit einer D\u00fcse<\/li>\n<\/ul>\n<p><a name=\"zibo-12vadde\"><\/a><br \/>\n<strong> Fordern Sie ein Angebot f\u00fcr dieses Produkt:<\/strong><br \/>\n<!-- SharpSpring Form for Zibo_DE_offerte_S\u00e4en_Stroh_Dosierung  --><br \/>\n<script type=\"text\/javascript\">\n    var ss_form = {'account': 'MzawMDEzMTU1AQA', 'formID': 'S0wxNDYzSbHUtTS3NNA1MTcz1E0yTzTRTUlKSjRLNU0zNzQ1BgA'};\n    ss_form.width = '100%';\n    ss_form.height = '1000';\n    ss_form.domain = 'app-3QNCO4B3A0.marketingautomation.services';\n    \/\/ ss_form.hidden = {'field_id': 'value'}; \/\/ Modify this for sending hidden variables, or overriding values\n    \/\/ ss_form.target_id = 'target'; \/\/ Optional parameter: forms will be placed inside the element with the specified id\n    \/\/ ss_form.polling = true; \/\/ Optional parameter: set to true ONLY if your page loads dynamically and the id needs to be polled continually.\n<\/script><br \/>\n<script type=\"text\/javascript\" src=\"https:\/\/koi-3QNCO4B3A0.marketingautomation.services\/client\/form.js?ver=2.0.1\"><\/script><br \/>\nLesen Sie hier unsere <a href=\"https:\/\/archief.zibo.nl\/de\/privacybeleid\/\">Privacy Policy<\/a><\/p>\n","protected":false},"excerpt":{"rendered":"<p><strong>Fragen? Rufen Sie +31 (0)599 234 418<\/strong><\/p>\n<p><a href=\"#zibo-12vadde\"><img loading=\"lazy\" decoding=\"async\" class=\"alignnone size-full wp-image-14413\" src=\"https:\/\/archief.zibo.nl\/wp-content\/uploads\/2016\/04\/forden-sie-ein-angebot-button.png\" alt=\"forden-sie-ein-angebot-button\" width=\"182\" height=\"35\" srcset=\"https:\/\/archief.zibo.nl\/wp-content\/uploads\/2016\/04\/forden-sie-ein-angebot-button.png 182w, https:\/\/archief.zibo.nl\/wp-content\/uploads\/2016\/04\/forden-sie-ein-angebot-button-180x35.png 180w\" sizes=\"auto, (max-width: 182px) 100vw, 182px\" \/><\/a><\/p>\n","protected":false},"featured_media":13218,"template":"","meta":[],"product_brand":[],"product_cat":[263,264],"product_tag":[],"class_list":{"0":"post-11665","1":"product","2":"type-product","3":"status-publish","4":"has-post-thumbnail","6":"product_cat-produkte-de-de","7":"product_cat-saeen-stroh-dosierung-de","9":"first","10":"instock","11":"shipping-taxable","12":"product-type-simple"},"_links":{"self":[{"href":"https:\/\/archief.zibo.nl\/de\/wp-json\/wp\/v2\/product\/11665","targetHints":{"allow":["GET"]}}],"collection":[{"href":"https:\/\/archief.zibo.nl\/de\/wp-json\/wp\/v2\/product"}],"about":[{"href":"https:\/\/archief.zibo.nl\/de\/wp-json\/wp\/v2\/types\/product"}],"wp:featuredmedia":[{"embeddable":true,"href":"https:\/\/archief.zibo.nl\/de\/wp-json\/wp\/v2\/media\/13218"}],"wp:attachment":[{"href":"https:\/\/archief.zibo.nl\/de\/wp-json\/wp\/v2\/media?parent=11665"}],"wp:term":[{"taxonomy":"product_brand","embeddable":true,"href":"https:\/\/archief.zibo.nl\/de\/wp-json\/wp\/v2\/product_brand?post=11665"},{"taxonomy":"product_cat","embeddable":true,"href":"https:\/\/archief.zibo.nl\/de\/wp-json\/wp\/v2\/product_cat?post=11665"},{"taxonomy":"product_tag","embeddable":true,"href":"https:\/\/archief.zibo.nl\/de\/wp-json\/wp\/v2\/product_tag?post=11665"}],"curies":[{"name":"wp","href":"https:\/\/api.w.org\/{rel}","templated":true}]}}