{"id":11696,"date":"2015-06-12T20:12:41","date_gmt":"2016-01-15T20:17:15","guid":{"rendered":"https:\/\/archief.zibo.nl\/?post_type=product&#038;p=11696"},"modified":"2019-07-17T15:50:04","modified_gmt":"2019-07-17T13:50:04","slug":"nieuw-zibo-vorenpakker-met-kunststof-schijven-o-720-mm-2","status":"publish","type":"product","link":"https:\/\/archief.zibo.nl\/de\/produkt\/nieuw-zibo-vorenpakker-met-kunststof-schijven-o-720-mm-2\/","title":{"rendered":"Neu !! ZIBO gezackten Packerwalzenscheiben aus Kunststoff"},"content":{"rendered":"<p align=\"LEFT\">Die ZIBO gezackten Packerwalzenscheiben sind beliebt, da der Boden mit ihnen mit nur einem Mal bereit f\u00fcrs S\u00e4en gemacht wird. Auf der R\u00fcckseite von Spatenmaschinen sorgt dies durch das hohe Eigengewicht der vorhandenen Packerwalzenscheiben aus Gussstahl jedoch f\u00fcr Probleme.<\/p>\n<p align=\"LEFT\">Durch die Anwendung von gezackten Scheiben aus Kunststoff wird das Eigengewicht der Scheiben um etwa 70% gesenkt. Zudem hat Kunststoff den Vorteil, dass der Boden weniger angesengt wird als durch Gussstahl oder andere Materialien.<\/p>\n<p align=\"LEFT\">Hinter einer 3 Meter gro\u00dfen Spatenmaschine werden 27 Scheiben eingesetzt, die schlie\u00dflich eine Arbeitsbreite von 3.25 Metern realisieren. Die Scheiben werden mit einem Abstand von 125 mm auf einer Achse montiert. Jede Scheibe kann sich separat drehen.<\/p>\n<p align=\"LEFT\">Die Achse mit gezackten Scheiben l\u00e4sst sich einfach an einer Spatenmaschine anbringen. Der Druck auf die Scheibe kann durch einen Zylinder bestimmt werden.<\/p>\n<p align=\"LEFT\"><strong>Type: \u00a0 \u00a0 \u00a0 \u00a0 \u00a0 \u00a0 \u00a0 \u00a0 \u00a0 \u00a0 \u00a0 Description:<\/strong><br \/>\nKVSK720-10\u00a0\u00a0\u00a0\u00a0\u00a0\u00a0\u00a0\u00a0\u00a0 ZIBO-Kunststoff-Packerwalze im Rahmen \u00d8 720 x 3250 mm kpl. mit 25 Scheiben<br \/>\nKVSK720-06 \u00a0 \u00a0 \u00a0 \u00a0 \u00a0ZIBO-Kunststoff-Packerwalzenscheibe \u00d8 720 x 1 25 mm kpl. (7 kg)<\/p>\n<p align=\"LEFT\">\n<p align=\"LEFT\"><strong>Option:<br \/>\n<\/strong>KVSK72017 \u00a0 \u00a0 \u00a0 \u00a0 \u00a0Federnd gelagerte Kratzer im Rahmen (demontierbar) f\u00fcr \u00a025\u00a0 Scheiben (Satz .einschl.\u00a0\u00a0\u00a0Befestigungselemente)<\/p>\n<p align=\"LEFT\">\n<p><a name=\"zibo-kunstpack\"><\/a><br \/>\n<strong> Fordern Sie ein Angebot f\u00fcr dieses Produkt:<\/strong><br \/>\n<!-- SharpSpring Form for Zibo_DE_offerte_Packerwalze  --><br \/>\n<script type=\"text\/javascript\">\n    var ss_form = {'account': 'MzawMDEzMTU1AQA', 'formID': 'MzJJTkqxMDHUtTRIMdM1MUiz0LUwTUvRTbFMTTE2N0y1SE5JAwA'};\n    ss_form.width = '100%';\n    ss_form.height = '1000';\n    ss_form.domain = 'app-3QNCO4B3A0.marketingautomation.services';\n    \/\/ ss_form.hidden = {'field_id': 'value'}; \/\/ Modify this for sending hidden variables, or overriding values\n    \/\/ ss_form.target_id = 'target'; \/\/ Optional parameter: forms will be placed inside the element with the specified id\n    \/\/ ss_form.polling = true; \/\/ Optional parameter: set to true ONLY if your page loads dynamically and the id needs to be polled continually.\n<\/script><br \/>\n<script type=\"text\/javascript\" src=\"https:\/\/koi-3QNCO4B3A0.marketingautomation.services\/client\/form.js?ver=2.0.1\"><\/script><\/p>\n<p>Lesen Sie hier unsere <a href=\"https:\/\/archief.zibo.nl\/de\/privacybeleid\/\">Privacy Policy<\/a><\/p>\n","protected":false},"excerpt":{"rendered":"<p><strong>Fragen? Rufen Sie +31 (0)599 234 418<\/strong><\/p>\n<p><a href=\"#zibo-kunstpack\"><img loading=\"lazy\" decoding=\"async\" class=\"alignnone size-full wp-image-14413\" src=\"https:\/\/archief.zibo.nl\/wp-content\/uploads\/2016\/04\/forden-sie-ein-angebot-button.png\" alt=\"forden-sie-ein-angebot-button\" width=\"182\" height=\"35\" srcset=\"https:\/\/archief.zibo.nl\/wp-content\/uploads\/2016\/04\/forden-sie-ein-angebot-button.png 182w, https:\/\/archief.zibo.nl\/wp-content\/uploads\/2016\/04\/forden-sie-ein-angebot-button-180x35.png 180w\" sizes=\"auto, (max-width: 182px) 100vw, 182px\" \/><\/a><\/p>\n","protected":false},"featured_media":13010,"template":"","meta":[],"product_brand":[],"product_cat":[271],"product_tag":[],"class_list":{"0":"post-11696","1":"product","2":"type-product","3":"status-publish","4":"has-post-thumbnail","6":"product_cat-zibo-packerwalze","8":"first","9":"instock","10":"shipping-taxable","11":"product-type-simple"},"_links":{"self":[{"href":"https:\/\/archief.zibo.nl\/de\/wp-json\/wp\/v2\/product\/11696","targetHints":{"allow":["GET"]}}],"collection":[{"href":"https:\/\/archief.zibo.nl\/de\/wp-json\/wp\/v2\/product"}],"about":[{"href":"https:\/\/archief.zibo.nl\/de\/wp-json\/wp\/v2\/types\/product"}],"wp:featuredmedia":[{"embeddable":true,"href":"https:\/\/archief.zibo.nl\/de\/wp-json\/wp\/v2\/media\/13010"}],"wp:attachment":[{"href":"https:\/\/archief.zibo.nl\/de\/wp-json\/wp\/v2\/media?parent=11696"}],"wp:term":[{"taxonomy":"product_brand","embeddable":true,"href":"https:\/\/archief.zibo.nl\/de\/wp-json\/wp\/v2\/product_brand?post=11696"},{"taxonomy":"product_cat","embeddable":true,"href":"https:\/\/archief.zibo.nl\/de\/wp-json\/wp\/v2\/product_cat?post=11696"},{"taxonomy":"product_tag","embeddable":true,"href":"https:\/\/archief.zibo.nl\/de\/wp-json\/wp\/v2\/product_tag?post=11696"}],"curies":[{"name":"wp","href":"https:\/\/api.w.org\/{rel}","templated":true}]}}