{"id":11698,"date":"2015-06-12T20:10:23","date_gmt":"2016-01-15T20:19:23","guid":{"rendered":"https:\/\/archief.zibo.nl\/?post_type=product&#038;p=11698"},"modified":"2019-07-17T14:13:00","modified_gmt":"2019-07-17T12:13:00","slug":"zibo-hydr-tentakel-fur-das-team","status":"publish","type":"product","link":"https:\/\/archief.zibo.nl\/de\/produkt\/zibo-hydr-tentakel-fur-das-team\/","title":{"rendered":"ZIBO Hydraulischer Fangarm f\u00fcr Drehpfl\u00fcge"},"content":{"rendered":"<h2>ZIBO Hydraulischer Fangarm f\u00fcr Drehpfl\u00fcge<\/h2>\n<p>ZIBO bietet verschiedene Tentakeln dienen. Alle Marken Wendepfl\u00fcge.<br \/>Der hydraulische Fanghaken wird am h\u00e4ufigsten verwendet. W\u00e4hrend Teams die Packer Mittel leicht l\u00f6sen k\u00f6nnen. eine einfachwirkende Ventil. Auf diese Weise kann man ganz das Pfl\u00fcgen beenden.<br \/>In einigen F\u00e4llen bieten wir einen mechanischen Tentakel. Zur L\u00f6sung muss der Packer werden, um den Pflug zu stoppen und heben, unter Ihnen wieder fahren kann.<br \/>F\u00fcr die Kreis Teams haben wir mehrere Geb\u00e4ude B\u00f6cke entlang eines Packers mit erh\u00f6hten Bock zu ziehen.<\/p>\n<p><a name=\"zibo-hydrde\"><\/a><br \/>\n<strong> Fordern Sie ein Angebot f\u00fcr dieses Produkt:<\/strong><br \/>\n<!-- SharpSpring Form for Zibo_DE_offerte_Bodenbearbeitung  --><br \/>\n<script type=\"text\/javascript\">\n    var ss_form = {'account': 'MzawMDEzMTU1AQA', 'formID': 'S01JNDA2SEzVNTUyTNI1SbM007VMM0rSNTU2Tkw2S000SUtKAQA'};\n    ss_form.width = '100%';\n    ss_form.height = '1000';\n    ss_form.domain = 'app-3QNCO4B3A0.marketingautomation.services';\n    \/\/ ss_form.hidden = {'field_id': 'value'}; \/\/ Modify this for sending hidden variables, or overriding values\n    \/\/ ss_form.target_id = 'target'; \/\/ Optional parameter: forms will be placed inside the element with the specified id\n    \/\/ ss_form.polling = true; \/\/ Optional parameter: set to true ONLY if your page loads dynamically and the id needs to be polled continually.\n<\/script><br \/>\n<script type=\"text\/javascript\" src=\"https:\/\/koi-3QNCO4B3A0.marketingautomation.services\/client\/form.js?ver=2.0.1\"><\/script><\/p>\n<p>Lesen Sie hier unsere <a href=\"https:\/\/archief.zibo.nl\/de\/privacybeleid\/\">Privacy Policy<\/a><\/p>\n","protected":false},"excerpt":{"rendered":"<p><strong>Fragen? Rufen Sie +31 (0)599 234 418<\/strong><\/p>\n<p><a href=\"#zibo-hydrde\"><img loading=\"lazy\" decoding=\"async\" class=\"alignnone size-full wp-image-14413\" src=\"https:\/\/archief.zibo.nl\/wp-content\/uploads\/2016\/04\/forden-sie-ein-angebot-button.png\" alt=\"forden-sie-ein-angebot-button\" width=\"182\" height=\"35\" srcset=\"https:\/\/archief.zibo.nl\/wp-content\/uploads\/2016\/04\/forden-sie-ein-angebot-button.png 182w, https:\/\/archief.zibo.nl\/wp-content\/uploads\/2016\/04\/forden-sie-ein-angebot-button-180x35.png 180w\" sizes=\"auto, (max-width: 182px) 100vw, 182px\" \/><\/a><\/p>\n","protected":false},"featured_media":13024,"template":"","meta":[],"product_brand":[],"product_cat":[259,263],"product_tag":[],"class_list":{"0":"post-11698","1":"product","2":"type-product","3":"status-publish","4":"has-post-thumbnail","6":"product_cat-bodenbearbeitung-de-de","7":"product_cat-produkte-de-de","9":"first","10":"instock","11":"shipping-taxable","12":"product-type-simple"},"_links":{"self":[{"href":"https:\/\/archief.zibo.nl\/de\/wp-json\/wp\/v2\/product\/11698","targetHints":{"allow":["GET"]}}],"collection":[{"href":"https:\/\/archief.zibo.nl\/de\/wp-json\/wp\/v2\/product"}],"about":[{"href":"https:\/\/archief.zibo.nl\/de\/wp-json\/wp\/v2\/types\/product"}],"wp:featuredmedia":[{"embeddable":true,"href":"https:\/\/archief.zibo.nl\/de\/wp-json\/wp\/v2\/media\/13024"}],"wp:attachment":[{"href":"https:\/\/archief.zibo.nl\/de\/wp-json\/wp\/v2\/media?parent=11698"}],"wp:term":[{"taxonomy":"product_brand","embeddable":true,"href":"https:\/\/archief.zibo.nl\/de\/wp-json\/wp\/v2\/product_brand?post=11698"},{"taxonomy":"product_cat","embeddable":true,"href":"https:\/\/archief.zibo.nl\/de\/wp-json\/wp\/v2\/product_cat?post=11698"},{"taxonomy":"product_tag","embeddable":true,"href":"https:\/\/archief.zibo.nl\/de\/wp-json\/wp\/v2\/product_tag?post=11698"}],"curies":[{"name":"wp","href":"https:\/\/api.w.org\/{rel}","templated":true}]}}