{"id":11717,"date":"2015-05-12T13:34:27","date_gmt":"2016-01-15T21:00:45","guid":{"rendered":"https:\/\/archief.zibo.nl\/?post_type=product&#038;p=11717"},"modified":"2019-07-17T15:44:55","modified_gmt":"2019-07-17T13:44:55","slug":"zibo-hacken-und-ein-zeichensatz-fur-ruben-und-andere-kleinkulturen","status":"publish","type":"product","link":"https:\/\/archief.zibo.nl\/de\/produkt\/zibo-hacken-und-ein-zeichensatz-fur-ruben-und-andere-kleinkulturen\/","title":{"rendered":"ZIBO Hack-\/anh\u00e4ufelmashinen f\u00fcr \u00fcben und andere kleingewachse"},"content":{"rendered":"<p>Die ZIBO-Rahmen sind standardm\u00e4\u00dfig mit einem Profil versehen, sodass die Parallelogramme stufenlos \u00fcber die gesamte Striegelbreite f\u00fcr jeden gew\u00fcnschten Reihenabstand montiert werden k\u00f6nnen. Die ZIBO-Standardausf\u00fchrungen sind 3, 6 und 9 Meter. Auf Wunsch ist aber jede gew\u00fcnschte Breite lieferbar.<br \/>\nDas Parallelogramm-Element ist mit \u00dcbergangsgelenken und einem St\u00fctzrad mit Spindel zur Tiefeneinstellung versehen.<\/p>\n<p><strong>Artikelnr. \u00a0 \u00a0Umschreibung<\/strong><br \/>\nZBB6 \u00a0 \u00a0 \u00a0 \u00a0 \u00a0 Rahmen 3.1 M, eins. manuell klappb.,7 Para., 6-reih., 50 cm<br \/>\nZBB12 \u00a0 \u00a0 \u00a0 \u00a0 Rahmen 6.1 M, hydr. klappb., 13 Para., 12-reih., 50 cm<br \/>\nZBB18 \u00a0 \u00a0 \u00a0 \u00a0 Rahmen 9.1 M, hydr. klappb., 19 Para., 18-reih., 50 cm<br \/>\nBS400 \u00a0 \u00a0 \u00a0 \u00a0 \u00a0Hacke, 400 mm<br \/>\nBSR400 \u00a0 \u00a0 \u00a0 \u00a0Unkrautvernichter auf Hacke, 400 mm<br \/>\nBTRIL01 \u00a0 \u00a0 Federhacke, 400 mm, mit 3 Zinken<br \/>\nBA0201 \u00a0 \u00a0 \u00a0 R\u00fcbenanh\u00e4ufler<br \/>\nBA0301 \u00a0 \u00a0 \u00a0 R\u00fcbenanh\u00e4ufler, verstellbar, mit PVC-Gleitplatten<br \/>\nST0101 \u00a0 \u00a0 \u00a0 \u00a0Steuerscheibe<br \/>\nSB031 \u00a0 \u00a0 \u00a0 \u00a0 \u00a0Adapterbock f\u00fcr Frontanbau f\u00fcr Hackstriegel<br \/>\nRS85 \u00a0 \u00a0 \u00a0 \u00a0 \u00a0 \u00a0Beleuchtungssatz<br \/>\nOS01009 \u00a0 \u00a0 Edelstahl-Spr\u00fchhaube mit 1 D\u00fcse<br \/>\nBPA0201 \u00a0 \u00a0 Loses Parallellogramm verstellbarem, kugelgelagertem Luftrad<\/p>\n<p><a name=\"zibo-hack\"><\/a><br \/>\n<strong> Fordern Sie ein Angebot f\u00fcr dieses Produkt:<\/strong><br \/>\n<!-- SharpSpring Form for Zibo_DE_offerte_pflanzenpflege  --><br \/>\n<script type=\"text\/javascript\">\n    var ss_form = {'account': 'MzawMDEzMTU1AQA', 'formID': 'S0qySE42tEzWNU9ONdc1MTQz1LUwNDHUNTMxMDIzMEw0tUw0AgA'};\n    ss_form.width = '100%';\n    ss_form.height = '1000';\n    ss_form.domain = 'app-3QNCO4B3A0.marketingautomation.services';\n    \/\/ ss_form.hidden = {'field_id': 'value'}; \/\/ Modify this for sending hidden variables, or overriding values\n    \/\/ ss_form.target_id = 'target'; \/\/ Optional parameter: forms will be placed inside the element with the specified id\n    \/\/ ss_form.polling = true; \/\/ Optional parameter: set to true ONLY if your page loads dynamically and the id needs to be polled continually.\n<\/script><br \/>\n<script type=\"text\/javascript\" src=\"https:\/\/koi-3QNCO4B3A0.marketingautomation.services\/client\/form.js?ver=2.0.1\"><\/script><\/p>\n<p>Lesen Sie hier unsere <a href=\"https:\/\/archief.zibo.nl\/de\/privacybeleid\/\">Privacy Policy<\/a><\/p>\n","protected":false},"excerpt":{"rendered":"<p><strong>Fragen? Rufen Sie +31 (0)599 234 418<\/strong><\/p>\n<p><a href=\"#zibo-hack\"><img loading=\"lazy\" decoding=\"async\" class=\"alignnone size-full wp-image-14413\" src=\"https:\/\/archief.zibo.nl\/wp-content\/uploads\/2016\/04\/forden-sie-ein-angebot-button.png\" alt=\"forden-sie-ein-angebot-button\" width=\"182\" height=\"35\" srcset=\"https:\/\/archief.zibo.nl\/wp-content\/uploads\/2016\/04\/forden-sie-ein-angebot-button.png 182w, https:\/\/archief.zibo.nl\/wp-content\/uploads\/2016\/04\/forden-sie-ein-angebot-button-180x35.png 180w\" sizes=\"auto, (max-width: 182px) 100vw, 182px\" \/><\/a><\/p>\n","protected":false},"featured_media":13097,"template":"","meta":[],"product_brand":[],"product_cat":[258,263],"product_tag":[],"class_list":{"0":"post-11717","1":"product","2":"type-product","3":"status-publish","4":"has-post-thumbnail","6":"product_cat-pflanzenpflege-de","7":"product_cat-produkte-de-de","9":"first","10":"instock","11":"shipping-taxable","12":"product-type-simple"},"_links":{"self":[{"href":"https:\/\/archief.zibo.nl\/de\/wp-json\/wp\/v2\/product\/11717","targetHints":{"allow":["GET"]}}],"collection":[{"href":"https:\/\/archief.zibo.nl\/de\/wp-json\/wp\/v2\/product"}],"about":[{"href":"https:\/\/archief.zibo.nl\/de\/wp-json\/wp\/v2\/types\/product"}],"wp:featuredmedia":[{"embeddable":true,"href":"https:\/\/archief.zibo.nl\/de\/wp-json\/wp\/v2\/media\/13097"}],"wp:attachment":[{"href":"https:\/\/archief.zibo.nl\/de\/wp-json\/wp\/v2\/media?parent=11717"}],"wp:term":[{"taxonomy":"product_brand","embeddable":true,"href":"https:\/\/archief.zibo.nl\/de\/wp-json\/wp\/v2\/product_brand?post=11717"},{"taxonomy":"product_cat","embeddable":true,"href":"https:\/\/archief.zibo.nl\/de\/wp-json\/wp\/v2\/product_cat?post=11717"},{"taxonomy":"product_tag","embeddable":true,"href":"https:\/\/archief.zibo.nl\/de\/wp-json\/wp\/v2\/product_tag?post=11717"}],"curies":[{"name":"wp","href":"https:\/\/api.w.org\/{rel}","templated":true}]}}