{"id":11721,"date":"2015-06-12T13:14:43","date_gmt":"2016-01-15T21:09:11","guid":{"rendered":"https:\/\/archief.zibo.nl\/?post_type=product&#038;p=11721"},"modified":"2019-07-17T15:40:15","modified_gmt":"2019-07-17T13:40:15","slug":"lehner-super-vario-treuer","status":"publish","type":"product","link":"https:\/\/archief.zibo.nl\/de\/produkt\/lehner-super-vario-treuer\/","title":{"rendered":"Lehner Super vario Zentrifugalstreuer"},"content":{"rendered":"<p><strong>12 Volt Universeelcentrifugaalstrooier f\u00fcr D\u00fcngemittel-Granulat, stoppelgewassen (Gr\u00fcnd\u00fcngung), Grassamen usw.<\/strong><br \/>\nDie zus\u00e4tzliche Entwicklung seit der Erfindung des Bohrers!<\/p>\n<p>Die Arbeitsbreite ist stufenlos einstellbar zwischen 2,0 und 24 Metern. Diese variable Streubreite wird durch die stufenlos zwischen 200 und 3000 Umdrehungen pro Minute erm\u00f6glicht. Daher ist es m\u00f6glich, in unterschiedlichen spezifischen Gewichte des Streugut auf einer bestimmten Arbeitsbreite einzustellen. F\u00fcr die praktischen Zwecke, ist dies ein wichtiger Aspekt. Die Streubreite ist nat\u00fcrlich abh\u00e4ngig von dem spezifischen Gewicht des Streugut. Mit Schneckenkorn ist eine Arbeits bis 24 Meter Breite bis erreicht, mit Kulturen zu 17 Metern und Gras bis zu 6 m. Die Fl\u00fcgel Verteilerplatte durch kann. Langl\u00f6cher sind verzet.Daarmee das Streubild auf das spezifische Gewicht des Streumaterials eingestellt werden kann, wie die eenschijfsstrooier ist sonst keine einheitliche laterale Verteilung garantieren. Die Menge verwendet. eine Variable Dosierung. Die Haupteinstellung Diagramme k\u00f6nnen in der Betriebsanleitung zu finden. Wenn \u00fcber das Land der Kulturen verbreitet, empfehlen wir den Streuer direkt auf der Bodenbearbeitungsmaschine zu montieren. Die Installation muss auftreten, dass das Saatgut hinter dem Ger\u00e4t in der Rolle oder fallen in die neu kultivierten Boden.<\/p>\n<p><strong>Aussaat von Getreide (Bodenbearbeitung)<\/strong><br \/>\nF\u00fcr die Acker immer wertvoller, vorgeschrieben oft zwingend in Wasserschutzgebieten, in vielen Incentive-Programme enthalten.<br \/>\nW\u00e4hrend Bodenbearbeitungs- k\u00f6nnen Kulturpflanzen wie wei\u00dfer Senf, Phacelia, \u00d6lrettich oder dergleichen gestrooid.Bij Mineralb\u00f6den Stroh hinter der Bodenbearbeitungsmaschine. F\u00fcr den reinen Sandb\u00f6den einweichen m\u00f6glicherweise flach.<\/p>\n<p><strong>Montage auf Grubber, Scheibenegge, MESSENEG, Egge, Graben Maschine und dergleichen.<\/strong><br \/>\nWenn der Pflug verwenden, empfehlen wir die Best\u00e4tigung nach vorne, so dass Sie direkt auf dem Acker s\u00e4en beim Pfl\u00fcgen.<\/p>\n<ul>\n<li>Stufenlose Streubreite von 2-24 Meter<\/li>\n<li>Robuste 12V \/ 180 Watt Elektromotor<\/li>\n<li>Bedienpult vom Fahrersitz<\/li>\n<li>Digitale Steuerungstechnik (Computer)<\/li>\n<li>Electr. Teile wasserdicht<\/li>\n<li>Die Kraftkabel mit einer Dicke von 2,5 mm<\/li>\n<li>Kabel mit einer L\u00e4nge von 6 Metern zwischen Spreizer und Bedienfeld<\/li>\n<li>Kabel geliefert als Standard f\u00fcr die Batterie<\/li>\n<li>Automatischer Start bei hartn\u00e4ckigen grit<\/li>\n<li>Stufenlose Einstellung der Streumenge<\/li>\n<li>Dosierung stufenlos einstellbar von der Steuerkonsole<\/li>\n<li>Schieben Sie Platte und streuen Edelstahl<\/li>\n<li>Einstellbare Auswurfschaufeln<\/li>\n<li>Robuster Stahlrahmen mit Befestigungsbohrungen<\/li>\n<li>Spezielle R\u00fchrer f\u00fcr Grassamen<\/li>\n<li>Durchl\u00e4ssiger Speichertank 70, 110 oder 170 Liter mit Austritts\u00f6ffnung<\/li>\n<li>Deckel mit Schnellspanner<\/li>\n<li>Einfach zu befestigen (Gr\u00f6\u00dfe 560 * 485 * 920 mm (110 Liter-Modell) (25kg)<\/li>\n<\/ul>\n<p><a name=\"zibo-supvarde\"><\/a><br \/>\n<strong> Fordern Sie ein Angebot f\u00fcr dieses Produkt:<\/strong><br \/>\n<!-- SharpSpring Form for Zibo_DE_offerte_S\u00e4en_Stroh_Dosierung  --><br \/>\n<script type=\"text\/javascript\">\n    var ss_form = {'account': 'MzawMDEzMTU1AQA', 'formID': 'S0wxNDYzSbHUtTS3NNA1MTcz1E0yTzTRTUlKSjRLNU0zNzQ1BgA'};\n    ss_form.width = '100%';\n    ss_form.height = '1000';\n    ss_form.domain = 'app-3QNCO4B3A0.marketingautomation.services';\n    \/\/ ss_form.hidden = {'field_id': 'value'}; \/\/ Modify this for sending hidden variables, or overriding values\n    \/\/ ss_form.target_id = 'target'; \/\/ Optional parameter: forms will be placed inside the element with the specified id\n    \/\/ ss_form.polling = true; \/\/ Optional parameter: set to true ONLY if your page loads dynamically and the id needs to be polled continually.\n<\/script><br \/>\n<script type=\"text\/javascript\" src=\"https:\/\/koi-3QNCO4B3A0.marketingautomation.services\/client\/form.js?ver=2.0.1\"><\/script><br \/>\nLesen Sie hier unsere <a href=\"https:\/\/archief.zibo.nl\/de\/privacybeleid\/\">Privacy Policy<\/a><\/p>\n","protected":false},"excerpt":{"rendered":"<p><strong>Fragen? Rufen Sie +31 (0)599 234 418<\/strong><\/p>\n<p><a href=\"#zibo-supvarde\"><img loading=\"lazy\" decoding=\"async\" class=\"alignnone size-full wp-image-14413\" src=\"https:\/\/archief.zibo.nl\/wp-content\/uploads\/2016\/04\/forden-sie-ein-angebot-button.png\" alt=\"forden-sie-ein-angebot-button\" width=\"182\" height=\"35\" srcset=\"https:\/\/archief.zibo.nl\/wp-content\/uploads\/2016\/04\/forden-sie-ein-angebot-button.png 182w, https:\/\/archief.zibo.nl\/wp-content\/uploads\/2016\/04\/forden-sie-ein-angebot-button-180x35.png 180w\" sizes=\"auto, (max-width: 182px) 100vw, 182px\" \/><\/a><\/p>\n","protected":false},"featured_media":13168,"template":"","meta":[],"product_brand":[],"product_cat":[263,264],"product_tag":[],"class_list":{"0":"post-11721","1":"product","2":"type-product","3":"status-publish","4":"has-post-thumbnail","6":"product_cat-produkte-de-de","7":"product_cat-saeen-stroh-dosierung-de","9":"first","10":"instock","11":"shipping-taxable","12":"product-type-simple"},"_links":{"self":[{"href":"https:\/\/archief.zibo.nl\/de\/wp-json\/wp\/v2\/product\/11721","targetHints":{"allow":["GET"]}}],"collection":[{"href":"https:\/\/archief.zibo.nl\/de\/wp-json\/wp\/v2\/product"}],"about":[{"href":"https:\/\/archief.zibo.nl\/de\/wp-json\/wp\/v2\/types\/product"}],"wp:featuredmedia":[{"embeddable":true,"href":"https:\/\/archief.zibo.nl\/de\/wp-json\/wp\/v2\/media\/13168"}],"wp:attachment":[{"href":"https:\/\/archief.zibo.nl\/de\/wp-json\/wp\/v2\/media?parent=11721"}],"wp:term":[{"taxonomy":"product_brand","embeddable":true,"href":"https:\/\/archief.zibo.nl\/de\/wp-json\/wp\/v2\/product_brand?post=11721"},{"taxonomy":"product_cat","embeddable":true,"href":"https:\/\/archief.zibo.nl\/de\/wp-json\/wp\/v2\/product_cat?post=11721"},{"taxonomy":"product_tag","embeddable":true,"href":"https:\/\/archief.zibo.nl\/de\/wp-json\/wp\/v2\/product_tag?post=11721"}],"curies":[{"name":"wp","href":"https:\/\/api.w.org\/{rel}","templated":true}]}}