{"id":12038,"date":"2016-02-05T16:22:08","date_gmt":"2016-02-05T15:22:08","guid":{"rendered":"https:\/\/archief.zibo.nl\/product\/zibo-fallsegel-verschiedene-moglichkeiten\/"},"modified":"2022-02-10T17:42:42","modified_gmt":"2022-02-10T16:42:42","slug":"zibo-fallsegel-verschiedene-moglichkeiten","status":"publish","type":"product","link":"https:\/\/archief.zibo.nl\/de\/produkt\/zibo-fallsegel-verschiedene-moglichkeiten\/","title":{"rendered":"ZIBO Fallsegel   Viele M\u00f6glichkeiten"},"content":{"rendered":"<p>ZIBO AUFFANGGER\u00c4TE F\u00dcR MONTAGE AN BUNKER.<\/p>\n<p>Artikelnr.\u00a0\u00a0\u00a0\u00a0\u00a0\u00a0\u00a0\u00a0\u00a0\u00a0\u00a0 Beschreibung<\/p>\n<p>ZVDR1500 \u00a0\u00a0\u00a0\u00a0\u00a0\u00a0\u00a0 ZIBO Auffangger\u00e4t f\u00fcr Bunker Grimme DR 1500 hydr. einklappbar<\/p>\n<p>ZVHLS750 \u00a0\u00a0\u00a0\u00a0\u00a0\u00a0\u00a0\u00a0 ZIBO Auffangger\u00e4t f\u00fcr Bunker Grimme HLS750 feste Ausf\u00fchrung<\/p>\n<p>ZVSE7530 \u00a0\u00a0\u00a0\u00a0\u00a0\u00a0\u00a0\u00a0 ZIBO Auffangger\u00e4t f\u00fcr Bunker Grimme SE75-30 hydr. einklappbar<\/p>\n<p>ZVSE7540 \u00a0\u00a0\u00a0\u00a0\u00a0\u00a0\u00a0\u00a0 ZIBO Auffangger\u00e4t f\u00fcr Bunker Grimme SE75-40 hydr. einklappbar<\/p>\n<p>ZVSE15060 \u00a0\u00a0\u00a0\u00a0\u00a0\u00a0 ZIBO Auffangger\u00e4t f\u00fcr Bunker Grimme SE150 hydr. einklappbar<\/p>\n<p>ZVSE260 \u00a0\u00a0\u00a0\u00a0\u00a0\u00a0\u00a0\u00a0\u00a0\u00a0 ZIBO Auffangger\u00e4t f\u00fcr Bunker Grimme SE260 feste Ausf\u00fchrung<\/p>\n<p>ZVSE260H \u00a0\u00a0\u00a0\u00a0\u00a0\u00a0\u00a0 ZIBO Auffangger\u00e4t f\u00fcr Bunker Grimme SE260 hydr. einklappbar<\/p>\n<p>&nbsp;<\/p>\n<p>ZVRA2060 \u00a0\u00a0\u00a0\u00a0\u00a0\u00a0\u00a0\u00a0 ZIBO Auffangger\u00e4t f\u00fcr Bunker DeWulf RA 2060 hydr. Einklappbar<\/p>\n<p>ZVRA3060 \u00a0\u00a0\u00a0\u00a0\u00a0\u00a0\u00a0\u00a0 ZIBO Auffangger\u00e4t f\u00fcr Bunker DeWulf RA 3060 feste Ausf\u00fchrung<\/p>\n<p>ZVRQ2060 \u00a0\u00a0\u00a0\u00a0\u00a0\u00a0\u00a0 ZIBO Auffangger\u00e4t f\u00fcr Bunker DeWulf RQ 2060 feste Ausf\u00fchrung<\/p>\n<p>ZVN3000S\u00a0\u00a0\u00a0\u00a0\u00a0\u00a0\u00a0 ZIBO Auffangger\u00e4t f\u00fcr Bunker DeWulf N3000 feste Ausf\u00fchrung<\/p>\n<p>ZVSUPERIA\u00a0\u00a0\u00a0\u00a0\u00a0 ZIBO Auffangger\u00e4t f\u00fcr Bunker DeWulf Superia hydr. Einklappbar<\/p>\n<p>&nbsp;<\/p>\n<p>ZVAVR6200H\u00a0\u00a0 ZIBO Auffangger\u00e4t f\u00fcr Bunker AVR Spirit hydr. Einklappbar<\/p>\n<p>ZVAVR6200\u00a0\u00a0 \u00a0\u00a0 ZIBO Auffangger\u00e4t f\u00fcr Bunker AVR Spirit feste Ausf\u00fchrung<\/p>\n<p>ZVAVR01\u00a0\u00a0\u00a0\u00a0\u00a0\u00a0\u00a0\u00a0\u00a0\u00a0 ZIBO Auffangger\u00e4t f\u00fcr Bunker AVR\u00a0120 feste Ausf\u00fchrung mit Fessel<\/p>\n<p>&nbsp;<\/p>\n<p>ZV1733 \u00a0\u00a0\u00a0\u00a0\u00a0\u00a0\u00a0\u00a0\u00a0\u00a0\u00a0\u00a0\u00a0 ZIBO Auffangger\u00e4t f\u00fcr Bunker WM 1733R hydr. einklappbar<\/p>\n<p>ZV2733 \u00a0\u00a0\u00a0\u00a0\u00a0\u00a0\u00a0\u00a0\u00a0\u00a0\u00a0\u00a0\u00a0 ZIBO Auffangger\u00e4t f\u00fcr Bunker WM 2733 feste Ausf\u00fchrung mit Fessel<\/p>\n<p>&nbsp;<\/p>\n<p>ZVB \u00a0\u00a0\u00a0\u00a0\u00a0\u00a0\u00a0\u00a0\u00a0\u00a0\u00a0\u00a0\u00a0\u00a0\u00a0\u00a0\u00a0\u00a0\u00a0\u00a0 ZIBO Auffangger\u00e4tmit Halteb\u00fcgel f\u00fcr Bunker ohne Anbauteile<\/p>\n<p>&nbsp;<\/p>\n<p><strong>ZIBO Fallsegel mit <span class=\"hps\">Gummistreifen\u00a0\u00a0\u00a0\u00a0\u00a0\u00a0 <\/span><\/strong>(LEICHT IN JEDEN KIPPER ZU MONTIEREN !)<\/p>\n<p align=\"LEFT\">Artikelnr.\u00a0\u00a0\u00a0\u00a0\u00a0\u00a0\u00a0\u00a0\u00a0\u00a0\u00a0\u00a0 Beschreibung<\/p>\n<p align=\"LEFT\">ZV15\u00a0\u00a0\u00a0\u00a0\u00a0\u00a0\u00a0\u00a0\u00a0\u00a0\u00a0\u00a0\u00a0\u00a0\u00a0\u00a0\u00a0\u00a0\u00a0\u00a0\u00a0ZIBO\u00a0Fallsegel 1,50 meter mit <span class=\"hps\">Gummistreifen<\/span><\/p>\n<p align=\"LEFT\">ZV2\u00a0\u00a0\u00a0\u00a0\u00a0\u00a0\u00a0\u00a0\u00a0\u00a0\u00a0\u00a0\u00a0\u00a0\u00a0\u00a0\u00a0\u00a0\u00a0\u00a0\u00a0\u00a0 ZIBO\u00a0Fallsegel 2\u00a0\u00a0\u00a0\u00a0 \u00a0meter mit <span class=\"hps\">Gummistreifen<\/span><\/p>\n<p align=\"LEFT\">ZV25\u00a0\u00a0\u00a0\u00a0\u00a0\u00a0\u00a0\u00a0\u00a0\u00a0\u00a0\u00a0\u00a0\u00a0\u00a0\u00a0\u00a0\u00a0\u00a0\u00a0\u00a0ZIBO\u00a0Fallsegel 2,50 meter mit <span class=\"hps\">Gummistreifen<\/span><\/p>\n<p>komplett mit speziellen Befestigungsbolzen\u00a0 (Einbauma\u00df variabel)<\/p>\n<p>&nbsp;<\/p>\n<p><span style=\"font-family: TitilliumWeb-Bold; font-size: large;\"><span style=\"font-family: TitilliumWeb-Bold; font-size: large;\"><b>STOPSHOCK<\/b><\/span><\/span><span style=\"font-family: TitilliumWeb-Light; font-size: xx-small;\"><span style=\"font-family: TitilliumWeb-Light; font-size: xx-small;\">\u00ae\u00a0 <\/span><\/span>Fallsegel f\u00fcr im\u00a0kipper.<\/p>\n<p>Besteht aus:<\/p>\n<ul>\n<li class=\"rteleft\"><strong>ein starres Rohr &#8211; vorne im Fahrzeug auf zu bauen <\/strong><\/li>\n<li class=\"rteleft\"><strong>Prallsegel, hergestellt aus einem starken demansionierten kunststoff Plane <\/strong><\/li>\n<li class=\"rteleft\"><strong>2 elastische Gurte, welche sich beim beschicken langsam absenken um die Fallh\u00f6he im Fahrzeug konstant zu halten <\/strong><\/li>\n<li class=\"rteleft\"><strong>Montierung mit 4 L\u00f6cher \u00f8 13 mm<\/strong><\/li>\n<li class=\"rteleft\"><strong>Abmessungen der Plane:\u00a0\u00a0 <\/strong><\/li>\n<\/ul>\n<table>\n<tbody>\n<tr>\n<td><\/td>\n<td><strong>Model A<\/strong><\/td>\n<td>Abmessung der Plane 180 x 180 Zm<br \/>\nzum Verwendung mit \u00dcberlade Roder<\/td>\n<\/tr>\n<tr>\n<td><\/td>\n<td><strong>Model B1<\/strong><\/td>\n<td>Abmessung der Plane 180 x 220 Zm<br \/>\nzum Verwendung mit einreihige Bunker-Roder<\/td>\n<\/tr>\n<tr>\n<td><\/td>\n<td><strong>Model B2<\/strong><\/td>\n<td>Abmessung der Plane 180 x 250 Zm<br \/>\nzum Verwendung mit zweireihige Bunker-Roder<\/td>\n<\/tr>\n<tr>\n<td><\/td>\n<td><strong>\u00a0<\/strong><\/td>\n<td><\/td>\n<\/tr>\n<tr>\n<td><\/td>\n<td><strong>\u00a0<\/strong><\/td>\n<td><\/td>\n<\/tr>\n<\/tbody>\n<\/table>\n<p><em>Complet mit <span class=\"hps\">Befestigungen.<\/span><\/em><\/p>\n<p><strong>Besch\u00e4digungsfrei beladen. <\/strong><\/p>\n<ul>\n<li class=\"rteleft\"><strong>\u00dcberzeugt von Qualit\u00e4t. <\/strong><\/li>\n<li class=\"rteleft\"><strong>Keine Fallh\u00f6he = keine Besch\u00e4digung. <\/strong><\/li>\n<li class=\"rteleft\"><strong>Plane wird vollkommen entlert. <\/strong><\/li>\n<li class=\"rteleft\"><strong>Einfache und schnelle Montage in jeden Fahrzeug. <\/strong><\/li>\n<li class=\"rteleft\"><strong>1000 fach bew\u00e4hrt.<\/strong><\/li>\n<\/ul>\n<p>&nbsp;<\/p>\n<p>&nbsp;<\/p>\n<p>&nbsp;<\/p>\n<p>&nbsp;<\/p>\n<p align=\"LEFT\"><span style=\"font-family: TitilliumWeb-Regular; font-size: xx-small;\"><span style=\"font-family: TitilliumWeb-Regular; font-size: xx-small;\">\u00a0<\/span><\/span><\/p>\n<p><a name=\"zibo-fallsegel\"><\/a><br \/>\n<strong> Fordern Sie ein Angebot f\u00fcr dieses Produkt:<\/strong><br \/>\n<!-- SharpSpring Form for Zibo_DE_offerte_pflanzenpflege  --><br \/>\n<script type=\"text\/javascript\">\n    var ss_form = {'account': 'MzawMDEzMTU1AQA', 'formID': 'S0qySE42tEzWNU9ONdc1MTQz1LUwNDHUNTMxMDIzMEw0tUw0AgA'};\n    ss_form.width = '100%';\n    ss_form.height = '1000';\n    ss_form.domain = 'app-3QNCO4B3A0.marketingautomation.services';\n    \/\/ ss_form.hidden = {'field_id': 'value'}; \/\/ Modify this for sending hidden variables, or overriding values\n    \/\/ ss_form.target_id = 'target'; \/\/ Optional parameter: forms will be placed inside the element with the specified id\n    \/\/ ss_form.polling = true; \/\/ Optional parameter: set to true ONLY if your page loads dynamically and the id needs to be polled continually.\n<\/script><br \/>\n<script type=\"text\/javascript\" src=\"https:\/\/koi-3QNCO4B3A0.marketingautomation.services\/client\/form.js?ver=2.0.1\"><\/script><br \/>\nLesen Sie hier unsere <a href=\"https:\/\/archief.zibo.nl\/de\/privacybeleid\/\">Privacy Policy<\/a><\/p>\n","protected":false},"excerpt":{"rendered":"<p><strong>Fragen? Rufen Sie +31 (0)599 234 418<\/strong><\/p>\n<p><a href=\"#zibo-fallsegel\"><img loading=\"lazy\" decoding=\"async\" class=\"alignnone size-full wp-image-14413\" src=\"https:\/\/archief.zibo.nl\/wp-content\/uploads\/2016\/04\/forden-sie-ein-angebot-button.png\" alt=\"forden-sie-ein-angebot-button\" width=\"182\" height=\"35\" srcset=\"https:\/\/archief.zibo.nl\/wp-content\/uploads\/2016\/04\/forden-sie-ein-angebot-button.png 182w, https:\/\/archief.zibo.nl\/wp-content\/uploads\/2016\/04\/forden-sie-ein-angebot-button-180x35.png 180w\" sizes=\"auto, (max-width: 182px) 100vw, 182px\" \/><\/a><\/p>\n","protected":false},"featured_media":11362,"template":"","meta":[],"product_brand":[],"product_cat":[258],"product_tag":[],"class_list":{"0":"post-12038","1":"product","2":"type-product","3":"status-publish","4":"has-post-thumbnail","6":"product_cat-pflanzenpflege-de","8":"first","9":"instock","10":"featured","11":"shipping-taxable","12":"product-type-simple"},"_links":{"self":[{"href":"https:\/\/archief.zibo.nl\/de\/wp-json\/wp\/v2\/product\/12038","targetHints":{"allow":["GET"]}}],"collection":[{"href":"https:\/\/archief.zibo.nl\/de\/wp-json\/wp\/v2\/product"}],"about":[{"href":"https:\/\/archief.zibo.nl\/de\/wp-json\/wp\/v2\/types\/product"}],"wp:featuredmedia":[{"embeddable":true,"href":"https:\/\/archief.zibo.nl\/de\/wp-json\/wp\/v2\/media\/11362"}],"wp:attachment":[{"href":"https:\/\/archief.zibo.nl\/de\/wp-json\/wp\/v2\/media?parent=12038"}],"wp:term":[{"taxonomy":"product_brand","embeddable":true,"href":"https:\/\/archief.zibo.nl\/de\/wp-json\/wp\/v2\/product_brand?post=12038"},{"taxonomy":"product_cat","embeddable":true,"href":"https:\/\/archief.zibo.nl\/de\/wp-json\/wp\/v2\/product_cat?post=12038"},{"taxonomy":"product_tag","embeddable":true,"href":"https:\/\/archief.zibo.nl\/de\/wp-json\/wp\/v2\/product_tag?post=12038"}],"curies":[{"name":"wp","href":"https:\/\/api.w.org\/{rel}","templated":true}]}}