{"id":12270,"date":"2016-02-11T13:02:52","date_gmt":"2016-02-11T12:02:52","guid":{"rendered":"https:\/\/archief.zibo.nl\/product\/zibo-frontroder-copy\/"},"modified":"2022-02-11T12:11:24","modified_gmt":"2022-02-11T11:11:24","slug":"zibo-frontroder-copy","status":"publish","type":"product","link":"https:\/\/archief.zibo.nl\/de\/produkt\/zibo-frontroder-copy\/","title":{"rendered":"ZIBO Frontr\u00f6der"},"content":{"rendered":"<div class=\"clearfix alinea\">\n<h2>ZIBO Frontr\u00f6der Type FR01 mit dreipunktsaufhangung<\/h2>\n<h2>ZIBO Frontr\u00f6der Type FR02 mit sideshift<\/h2>\n<p>Im 1 Arbeitsgang<strong> 4 rhg ernten <\/strong>mit einen 2 reihigen Seitenr\u00f6der.<\/p>\n<p>Mit dem ZIBO Frontr\u00f6der legt man 2 Reihen nach rechts ab, zwischen die Reihen die man mit einen 2 Reihigen Seitenr\u00f6der roden m\u00f6chte.. Hierbei nimmt man 4 Reihen in einem Arbeitsgang auf. Die Kapazit\u00e4t wird fa\u00dft verdoppelt, mit einer geringe Investition.<br \/>\nDurch den Einsatz des ZIBO Frontr\u00f6der wird die Kapazit\u00e4t verdoppelt, mit der vorhanden Vollernter Maschine des Landwirtes<br \/>\nSchlepper kann auf Breite R\u00e4der gestellt werden.<br \/>\nSchlepper braucht weniger Kraftstoff und macht weniger Betriebsstunden<br \/>\nEinsatz des Seitenr\u00f6der wird halbiert<br \/>\nGeringe Wartung<br \/>\nKleine Investition<br \/>\nVorteil zu 4 Rhg. Selbstfahrer (geringe Investition, Schlepper ganzes j\u00e4hrig einsetzbar )<\/p>\n<p>Film ZIBO Frontr\u00f6der :<\/p>\n<\/div>\n<div class=\"component-youtube\"><iframe loading=\"lazy\" class=\"youtube-iframe\" src=\"https:\/\/www.youtube-nocookie.com\/embed\/KsxoY4DPEzQ?hd=1&amp;modestbranding=1\" width=\"75%\" height=\"300\"><\/iframe><\/div>\n<p><a name=\"zibo-frontroderde\"><\/a><br \/>\n<strong> Fordern Sie ein Angebot f\u00fcr dieses Produkt:<\/strong><br \/>\n<!-- SharpSpring Form for Zibo_DE_offerte_pflanzenpflege  --><br \/>\n<script type=\"text\/javascript\">\n    var ss_form = {'account': 'MzawMDEzMTU1AQA', 'formID': 'S0qySE42tEzWNU9ONdc1MTQz1LUwNDHUNTMxMDIzMEw0tUw0AgA'};\n    ss_form.width = '100%';\n    ss_form.height = '1000';\n    ss_form.domain = 'app-3QNCO4B3A0.marketingautomation.services';\n    \/\/ ss_form.hidden = {'field_id': 'value'}; \/\/ Modify this for sending hidden variables, or overriding values\n    \/\/ ss_form.target_id = 'target'; \/\/ Optional parameter: forms will be placed inside the element with the specified id\n    \/\/ ss_form.polling = true; \/\/ Optional parameter: set to true ONLY if your page loads dynamically and the id needs to be polled continually.\n<\/script><br \/>\n<script type=\"text\/javascript\" src=\"https:\/\/koi-3QNCO4B3A0.marketingautomation.services\/client\/form.js?ver=2.0.1\"><\/script><br \/>\nLesen Sie hier unsere <a href=\"https:\/\/archief.zibo.nl\/de\/privacybeleid\/\">Privacy Policy<\/a><\/p>\n","protected":false},"excerpt":{"rendered":"<p><strong>Fragen? Rufen Sie +31 (0)599 234 418<\/strong><\/p>\n<p><a href=\"#zibo-frontroderde\"><img loading=\"lazy\" decoding=\"async\" class=\"alignnone size-full wp-image-14413\" src=\"https:\/\/archief.zibo.nl\/wp-content\/uploads\/2016\/04\/forden-sie-ein-angebot-button.png\" alt=\"forden-sie-ein-angebot-button\" width=\"182\" height=\"35\" srcset=\"https:\/\/archief.zibo.nl\/wp-content\/uploads\/2016\/04\/forden-sie-ein-angebot-button.png 182w, https:\/\/archief.zibo.nl\/wp-content\/uploads\/2016\/04\/forden-sie-ein-angebot-button-180x35.png 180w\" sizes=\"auto, (max-width: 182px) 100vw, 182px\" \/><\/a><\/p>\n","protected":false},"featured_media":0,"template":"","meta":[],"product_brand":[],"product_cat":[258],"product_tag":[],"class_list":{"0":"post-12270","1":"product","2":"type-product","3":"status-publish","5":"product_cat-pflanzenpflege-de","7":"first","8":"instock","9":"shipping-taxable","10":"product-type-simple"},"_links":{"self":[{"href":"https:\/\/archief.zibo.nl\/de\/wp-json\/wp\/v2\/product\/12270","targetHints":{"allow":["GET"]}}],"collection":[{"href":"https:\/\/archief.zibo.nl\/de\/wp-json\/wp\/v2\/product"}],"about":[{"href":"https:\/\/archief.zibo.nl\/de\/wp-json\/wp\/v2\/types\/product"}],"wp:attachment":[{"href":"https:\/\/archief.zibo.nl\/de\/wp-json\/wp\/v2\/media?parent=12270"}],"wp:term":[{"taxonomy":"product_brand","embeddable":true,"href":"https:\/\/archief.zibo.nl\/de\/wp-json\/wp\/v2\/product_brand?post=12270"},{"taxonomy":"product_cat","embeddable":true,"href":"https:\/\/archief.zibo.nl\/de\/wp-json\/wp\/v2\/product_cat?post=12270"},{"taxonomy":"product_tag","embeddable":true,"href":"https:\/\/archief.zibo.nl\/de\/wp-json\/wp\/v2\/product_tag?post=12270"}],"curies":[{"name":"wp","href":"https:\/\/api.w.org\/{rel}","templated":true}]}}