{"id":13667,"date":"2016-01-27T13:06:52","date_gmt":"2016-01-27T13:06:52","guid":{"rendered":"https:\/\/archief.zibo.nl\/product\/zibo-ulv-fluessige-additive-applikator\/"},"modified":"2019-07-17T15:40:39","modified_gmt":"2019-07-17T13:40:39","slug":"zibo-ulv-fluessige-additive-applikator","status":"publish","type":"product","link":"https:\/\/archief.zibo.nl\/de\/produkt\/zibo-ulv-fluessige-additive-applikator\/","title":{"rendered":"ZIBO ULV fl\u00fcssige Additive Applikator"},"content":{"rendered":"<p><strong>Im Tier gewinnt Lebensmittelqualit\u00e4t von zentraler Bedeutung. In der Praxis wird die Bedingungen, unter denen jedoch geerntet nicht immer optimal und ist die Zugabe von Additiven f\u00fcr eine bessere Konservierung. Die ZIBO ULV fl\u00fcssige Additive Applikator ist hierf\u00fcr ideal. Dieser Applikator wird insbesondere Schredder montiert und ist in zwei Arten von Steuerger\u00e4ten mit digitaler Anzeige zur Verf\u00fcgung.<\/strong><\/p>\n<p><strong>Typ ULV<\/strong><\/p>\n<p>Digitale Steuereinheit der ULV-Monitore und passt sich automatisch an die Pumpe. Dies macht es m\u00f6glich, eine konstante Dosierung aufrechterhalten. Auf der Steuereinheit<\/p>\n<p>kann einfach die Abgabemenge sein, in zwei Ebenen kann mittels einer Schaltertaste 50 oder 100 ml \/ t eingestellt werden. Das Potentiometer ist die Menge an Tonnen pro Stunde einfach stufenlos einstellen (15 bis 300 Tonnen pro Stunde).<\/p>\n<p><strong>Typ ULV +<\/strong><\/p>\n<p>Digitale Steuereinheit mit Hintergrundbeleuchtung und Speicher, um die Gesamtzahl der Gallonen dient zum Lesen zur\u00fcck. Das Ger\u00e4t \u00fcberwacht und regelt automatisch die Pumpe. Dies macht es m\u00f6glich, eine konstante Dosierung aufrechterhalten. Die Steuereinheit ist leicht Menge zu erteilen stufenlos 20-250 ml \/ Tonne. Das Potentiometer ist die Menge an Tonnen pro Stunde einfach stufenlos einstellen (15 bis 300 Tonnen pro Stunde).<\/p>\n<p><strong>Eigenschaften ZIBO ULV fl\u00fcssige Additive Applikator:<\/strong><\/p>\n<ul>\n<li>Durchl\u00e4ssiger Tank mit 55 Liter<\/li>\n<li>Behandelte mehr als 1.000 Tonnen Futter mit der Anwendung von 50 ml \/ Tonne<\/li>\n<li>Brackets aus rostfreiem Stahl mit mehreren Befestigungsm\u00f6glichkeiten<\/li>\n<li>3-Wegeventil Entladungsrohr f\u00fcr leicht, die Einheit Entleerungs<\/li>\n<li>Offene Rohre ohne Filter (keine Blockierung)<\/li>\n<li>Ein Tropfen auf Zusatz (kein Beschlagen) verhindert Sch\u00e4den an der Ausr\u00fcstung bei der Anwendung von sauren Additiven<\/li>\n<\/ul>\n<p><a name=\"zibo-ulvde\"><\/a><br \/>\n<strong> Fordern Sie ein Angebot f\u00fcr dieses Produkt:<\/strong><br \/>\n<!-- SharpSpring Form for Zibo_DE_offerte_S\u00e4en_Stroh_Dosierung  --><br \/>\n<script type=\"text\/javascript\">\n    var ss_form = {'account': 'MzawMDEzMTU1AQA', 'formID': 'S0wxNDYzSbHUtTS3NNA1MTcz1E0yTzTRTUlKSjRLNU0zNzQ1BgA'};\n    ss_form.width = '100%';\n    ss_form.height = '1000';\n    ss_form.domain = 'app-3QNCO4B3A0.marketingautomation.services';\n    \/\/ ss_form.hidden = {'field_id': 'value'}; \/\/ Modify this for sending hidden variables, or overriding values\n    \/\/ ss_form.target_id = 'target'; \/\/ Optional parameter: forms will be placed inside the element with the specified id\n    \/\/ ss_form.polling = true; \/\/ Optional parameter: set to true ONLY if your page loads dynamically and the id needs to be polled continually.\n<\/script><br \/>\n<script type=\"text\/javascript\" src=\"https:\/\/koi-3QNCO4B3A0.marketingautomation.services\/client\/form.js?ver=2.0.1\"><\/script><br \/>\nLesen Sie hier unsere <a href=\"https:\/\/archief.zibo.nl\/de\/privacybeleid\/\">Privacy Policy<\/a><\/p>\n","protected":false},"excerpt":{"rendered":"<p><strong>Fragen? Rufen Sie +31 (0)599 234 418<\/strong><\/p>\n<p><a href=\"#zibo-ulvde\"><img loading=\"lazy\" decoding=\"async\" class=\"alignnone size-full wp-image-14413\" src=\"https:\/\/archief.zibo.nl\/wp-content\/uploads\/2016\/04\/forden-sie-ein-angebot-button.png\" alt=\"forden-sie-ein-angebot-button\" width=\"182\" height=\"35\" srcset=\"https:\/\/archief.zibo.nl\/wp-content\/uploads\/2016\/04\/forden-sie-ein-angebot-button.png 182w, https:\/\/archief.zibo.nl\/wp-content\/uploads\/2016\/04\/forden-sie-ein-angebot-button-180x35.png 180w\" sizes=\"auto, (max-width: 182px) 100vw, 182px\" \/><\/a><\/p>\n","protected":false},"featured_media":12777,"template":"","meta":[],"product_brand":[],"product_cat":[263,264],"product_tag":[],"class_list":{"0":"post-13667","1":"product","2":"type-product","3":"status-publish","4":"has-post-thumbnail","6":"product_cat-produkte-de-de","7":"product_cat-saeen-stroh-dosierung-de","9":"first","10":"instock","11":"shipping-taxable","12":"product-type-simple"},"_links":{"self":[{"href":"https:\/\/archief.zibo.nl\/de\/wp-json\/wp\/v2\/product\/13667","targetHints":{"allow":["GET"]}}],"collection":[{"href":"https:\/\/archief.zibo.nl\/de\/wp-json\/wp\/v2\/product"}],"about":[{"href":"https:\/\/archief.zibo.nl\/de\/wp-json\/wp\/v2\/types\/product"}],"wp:featuredmedia":[{"embeddable":true,"href":"https:\/\/archief.zibo.nl\/de\/wp-json\/wp\/v2\/media\/12777"}],"wp:attachment":[{"href":"https:\/\/archief.zibo.nl\/de\/wp-json\/wp\/v2\/media?parent=13667"}],"wp:term":[{"taxonomy":"product_brand","embeddable":true,"href":"https:\/\/archief.zibo.nl\/de\/wp-json\/wp\/v2\/product_brand?post=13667"},{"taxonomy":"product_cat","embeddable":true,"href":"https:\/\/archief.zibo.nl\/de\/wp-json\/wp\/v2\/product_cat?post=13667"},{"taxonomy":"product_tag","embeddable":true,"href":"https:\/\/archief.zibo.nl\/de\/wp-json\/wp\/v2\/product_tag?post=13667"}],"curies":[{"name":"wp","href":"https:\/\/api.w.org\/{rel}","templated":true}]}}