{"id":13741,"date":"2016-01-26T09:13:54","date_gmt":"2016-01-26T09:13:54","guid":{"rendered":"https:\/\/archief.zibo.nl\/product\/zibo-smart-transporteur\/"},"modified":"2019-07-17T14:23:17","modified_gmt":"2019-07-17T12:23:17","slug":"zibo-smart-transporteur-2","status":"publish","type":"product","link":"https:\/\/archief.zibo.nl\/de\/produkt\/zibo-smart-transporteur-2\/","title":{"rendered":"ZIBO SMART TRANSPORTER"},"content":{"rendered":"<p>F\u00fcr den sorgf\u00e4ltigen Transport von Kartoffeln, w\u00e4hrend des Bef\u00fcllens der Pflanzmaschine oder des Kisten\u00adf\u00fcllers, aber auch f\u00fcr die Beseitigung von Agrarreststoffen aus Ihrer Lagerlinie, werden F\u00f6rderb\u00e4nde eingesetzt. Zur Realisation der verschiedenen Optionen mit einer Maschine, sowohl auf dem Feld als auch im Lager, hat ZIBO ein robustes F\u00f6rderband entwickelt. Diese F\u00f6rderb\u00e4nder k\u00f6nnen entweder hydraulisch, \u00fcber einen Schlepper oder F\u00fcller, oder auch elektrohydraulisch (400 VAC) getrieben werden. Die Bandgeschwindigkeit l\u00e4sst sich stufenlos regeln. Die hohen Seitenprofile und der breite Trichter an der Frontseite des F\u00f6rderers, verhindern, dass Produkt versch\u00fcttet wird. Die F\u00f6rderb\u00e4nder der SC-Serie sind in mehreren L\u00e4ngen erh\u00e4ltlich: 3,25 m, 3,75 m, 4,25 m, 4,75 m, 5,25 m, 5,75 m, 6,25 m und 6,75 m. Der Gurt hat eine Breite von 65 oder 80 cm und ist mit produktschonenden 32 mm (optional 16 mm) hohen Mitnehmerprofilen ausgestattet. Der Fallh\u00f6he wird dadurch beschr\u00e4nkt, dass der Gurt am Ende des F\u00f6rderers waagerecht verl\u00e4uft. Die Einsch\u00fctth\u00f6he ist als Standard variabel einstellbar, die \u00dcberladeh\u00f6he ist mechanisch oder (serienm\u00e4\u00dfig ab Modell SC525) hydraulisch stufenlos regulierbar. Unsere F\u00f6rder\u00adb\u00e4nder lassen sich einfach in das Start\/Stopp-Programm Ihrer Einlagerungslinie integrieren. Dies ist unabh\u00e4ngig der Marke Ihrer Linie, Sie k\u00f6nnen sogar die Farbe der von Ihnen bevorzugten Marke von Einlagerungslinie bzw. Pflanzmaschine bestimmen. Der ZIBO F\u00fcller wurde aus der Praxis heraus entwickelt. Deshalb sind Bedienungsfreundlichkeit und optimale Verf\u00fcgbarkeit ganz wichtige Merkmale.<\/p>\n<p><a name=\"zibo-smarttransde\"><\/a><br \/>\n<strong> Fordern Sie ein Angebot f\u00fcr dieses Produkt:<\/strong><br \/>\n<!-- SharpSpring Form for Zibo_DE_offerte_pflanzenpflege  --><br \/>\n<script type=\"text\/javascript\">\n    var ss_form = {'account': 'MzawMDEzMTU1AQA', 'formID': 'S0qySE42tEzWNU9ONdc1MTQz1LUwNDHUNTMxMDIzMEw0tUw0AgA'};\n    ss_form.width = '100%';\n    ss_form.height = '1000';\n    ss_form.domain = 'app-3QNCO4B3A0.marketingautomation.services';\n    \/\/ ss_form.hidden = {'field_id': 'value'}; \/\/ Modify this for sending hidden variables, or overriding values\n    \/\/ ss_form.target_id = 'target'; \/\/ Optional parameter: forms will be placed inside the element with the specified id\n    \/\/ ss_form.polling = true; \/\/ Optional parameter: set to true ONLY if your page loads dynamically and the id needs to be polled continually.\n<\/script><br \/>\n<script type=\"text\/javascript\" src=\"https:\/\/koi-3QNCO4B3A0.marketingautomation.services\/client\/form.js?ver=2.0.1\"><\/script><br \/>\nLesen Sie hier unsere <a href=\"https:\/\/archief.zibo.nl\/de\/privacybeleid\/\">Privacy Policy<\/a><\/p>\n","protected":false},"excerpt":{"rendered":"<p><strong>Fragen? Rufen Sie +31 (0)599 234 418<\/strong><\/p>\n<p><a href=\"#zibo-smarttransde\"><img loading=\"lazy\" decoding=\"async\" class=\"alignnone size-full wp-image-14413\" src=\"https:\/\/archief.zibo.nl\/wp-content\/uploads\/2016\/04\/forden-sie-ein-angebot-button.png\" alt=\"forden-sie-ein-angebot-button\" width=\"182\" height=\"35\" srcset=\"https:\/\/archief.zibo.nl\/wp-content\/uploads\/2016\/04\/forden-sie-ein-angebot-button.png 182w, https:\/\/archief.zibo.nl\/wp-content\/uploads\/2016\/04\/forden-sie-ein-angebot-button-180x35.png 180w\" sizes=\"auto, (max-width: 182px) 100vw, 182px\" \/><\/a><\/p>\n","protected":false},"featured_media":18286,"template":"","meta":[],"product_brand":[],"product_cat":[262,258,263],"product_tag":[],"class_list":{"0":"post-13741","1":"product","2":"type-product","3":"status-publish","4":"has-post-thumbnail","6":"product_cat-rest-de-de","7":"product_cat-pflanzenpflege-de","8":"product_cat-produkte-de-de","10":"first","11":"instock","12":"shipping-taxable","13":"product-type-simple"},"_links":{"self":[{"href":"https:\/\/archief.zibo.nl\/de\/wp-json\/wp\/v2\/product\/13741","targetHints":{"allow":["GET"]}}],"collection":[{"href":"https:\/\/archief.zibo.nl\/de\/wp-json\/wp\/v2\/product"}],"about":[{"href":"https:\/\/archief.zibo.nl\/de\/wp-json\/wp\/v2\/types\/product"}],"wp:featuredmedia":[{"embeddable":true,"href":"https:\/\/archief.zibo.nl\/de\/wp-json\/wp\/v2\/media\/18286"}],"wp:attachment":[{"href":"https:\/\/archief.zibo.nl\/de\/wp-json\/wp\/v2\/media?parent=13741"}],"wp:term":[{"taxonomy":"product_brand","embeddable":true,"href":"https:\/\/archief.zibo.nl\/de\/wp-json\/wp\/v2\/product_brand?post=13741"},{"taxonomy":"product_cat","embeddable":true,"href":"https:\/\/archief.zibo.nl\/de\/wp-json\/wp\/v2\/product_cat?post=13741"},{"taxonomy":"product_tag","embeddable":true,"href":"https:\/\/archief.zibo.nl\/de\/wp-json\/wp\/v2\/product_tag?post=13741"}],"curies":[{"name":"wp","href":"https:\/\/api.w.org\/{rel}","templated":true}]}}