{"id":13746,"date":"2015-06-12T20:59:12","date_gmt":"2015-06-12T20:59:12","guid":{"rendered":"https:\/\/archief.zibo.nl\/product\/zibo-fall-breakers\/"},"modified":"2019-07-17T15:31:55","modified_gmt":"2019-07-17T13:31:55","slug":"zibo-fall-breakers","status":"publish","type":"product","link":"https:\/\/archief.zibo.nl\/de\/produkt\/zibo-fall-breakers\/","title":{"rendered":"ZIBO FALL BREAKERS"},"content":{"rendered":"<h2>\u00a0ZIBO valbrekers f\u00fcr auf mehrere Marken BunkerroderMontage<\/h2>\n<p>( Z. B. Grimme, Dewulf, AVR, Whulmaus )<br \/>\nDiese valbrekers sind einfach bestehende Harvester aufbauen.<br \/>\nDie ZIBO valbreker Sie m\u00fcssen nicht alle Anh\u00e4nger mehrere valbrekers zu montieren.<br \/>\nIn diesem Herbst Brecher ist auch in Boxen zu ernten ideal , ohne Schaden und in die Brust vom Traktor f\u00fcllen gerichtet.<br \/>\nDer valbreker Bunker f\u00fcr den M\u00e4hdrescher mit einer hydraulischen Kippvorrichtung vorgesehen sein. Nach 1 oder 2 mal kann das Entladen des Bunkers valbreker so dass der hydraulische Kipper kippbar Pfad vollst\u00e4ndig gef\u00fcllt werden kann.<br \/>\nDie ZIBO valbreker f\u00fcr den Aufzug von wagenrooiers ein Snap zu montieren. Der gro\u00dfe Vorteil dieser valbrekers ist, dass die Fallgeschwindigkeit verringert wird und dass man einen besseren Blick auf die Landung der Kartoffeln in den Kipper.<\/p>\n<p>&nbsp;<\/p>\n<p><strong>Artikel-Nr. \u00a0 \u00a0 \u00a0 \u00a0Definition<br \/>\n<\/strong>ZVDR1500 \u00a0 \u00a0 \u00a0 \u00a0ZIBO valbreker Empf\u00e4nger f\u00fcr Bunker Grimme DR 1500 hydraulisch klappbaren<br \/>\nZVHLS750\u00a0\u00a0 \u00a0 \u00a0 \u00a0ZIBO valbreker Empf\u00e4nger f\u00fcr Bunker Grimme HLS750 feste Version<br \/>\nZVSE7530\u00a0\u00a0 \u00a0 \u00a0 \u00a0ZIBO valbreker Empf\u00e4nger f\u00fcr Bunker Grimme SE75-30 hydraulisch klappbaren<br \/>\nZVSE7540\u00a0\u00a0 \u00a0 \u00a0 \u00a0ZIBO valbreker Empf\u00e4nger f\u00fcr Bunker Grimme SE75-40 hydraulisch klappbaren<br \/>\nZVSE15060 \u00a0 \u00a0 \u00a0ZIBO valbreker Empf\u00e4nger f\u00fcr Bunker Grimme SE150 hydraulisch klappbaren<br \/>\nZVSE260 \u00a0 \u00a0 \u00a0 \u00a0 \u00a0ZIBO valbreker Empf\u00e4nger f\u00fcr Bunker Grimme SE260 feste Version<br \/>\nZVSE260H \u00a0 \u00a0 \u00a0 ZIBO valbreker Empf\u00e4nger f\u00fcr Bunker Grimme SE260 hydraulisch klappbaren<br \/>\nZVRA2060 \u00a0 \u00a0 \u00a0 \u00a0ZIBO valbreker Empf\u00e4nger f\u00fcr Bunker DeWulf RA 2060 hydraulisch klappbaren<br \/>\nZVRA3060 \u00a0 \u00a0 \u00a0 \u00a0ZIBO valbreker Empf\u00e4nger f\u00fcr Bunker DeWulf RA 3060 feste Version<br \/>\nZVRQ2060 \u00a0 \u00a0 \u00a0 \u00a0ZIBO valbreker Empf\u00e4nger f\u00fcr Bunker DeWulf RQ 2060 feste Version<br \/>\nZVN3000S \u00a0 \u00a0 \u00a0 \u00a0ZIBO valbreker Empf\u00e4nger f\u00fcr Bunker Dewulf N3000S feste Version<br \/>\nZVSUPERIA\u00a0 \u00a0 \u00a0ZIBO valbreker Empf\u00e4nger f\u00fcr Bunker Dewulf Superia hydraulische Leistung<br \/>\nZVAVR6200H\u00a0 \u00a0ZIBO valbreker Empf\u00e4nger f\u00fcr Bunker AVR Geist 6200 hydraulisch klappbar<br \/>\nZVAVR6200\u00a0 \u00a0 \u00a0 ZIBO valbreker Empf\u00e4nger f\u00fcr Bunker AVR 6200 feste Version<br \/>\nZVAVR01\u00a0 \u00a0 \u00a0 \u00a0 \u00a0 ZIBO valbreker Empf\u00e4nger f\u00fcr Bunker AVR 120 feste Version mit Halterung<br \/>\nZV1733 \u00a0 \u00a0 \u00a0 \u00a0 \u00a0 \u00a0 ZIBO valbreker Empf\u00e4nger f\u00fcr Bunker WM 1733R hydraulisch klappbar<br \/>\nZV2733 \u00a0 \u00a0 \u00a0 \u00a0 \u00a0 \u00a0 ZIBO valbreker Empf\u00e4nger f\u00fcr Bunker WM 2733 in fester Ausf\u00fchrung mit Halterung<br \/>\nSCC \u00a0\u00a0 \u00a0 \u00a0 \u00a0\u00a0 \u00a0 \u00a0 \u00a0 \u00a0 ZIBO valbrekerzak in Bunker Klammer Namen ohne Anh\u00e4nge<\/p>\n<p>&nbsp;<\/p>\n<p><strong>ZIBO valbreker f\u00fcr einfache Installation in den Kipper (Gummistreifen)<br \/>\n<\/strong>Unverzichtbares Zubeh\u00f6r zum Heben, das hei\u00dft, die Last von Kartoffeln, Zwiebeln, usw.<br \/>\nVerhindert Besch\u00e4digungen und Quetschungen<br \/>\nEine garantierte rentable Investition<\/p>\n<p><strong>Artikel-Nr. \u00a0 \u00a0 \u00a0Definition<br \/>\n<\/strong>ZV15\u00a0 \u00a0 \u00a0 \u00a0 \u00a0 \u00a0 \u00a0 \u00a0 ZIBO\u00a0valbreker 1,50 Meter mit Gummistreifen unter anderem f\u00fcr M\u00e4hdrescher<br \/>\nZV2\u00a0 \u00a0 \u00a0 \u00a0 \u00a0 \u00a0 \u00a0 \u00a0 \u00a0 ZIBO valbreker 2 Meter mit Gummistreifen unter anderem f\u00fcr M\u00e4hdrescher oder Bunkerroder<br \/>\nZV25\u00a0 \u00a0 \u00a0 \u00a0 \u00a0 \u00a0 \u00a0 \u00a0 ZIBO valbreker 2,50 Meter mit Gummistreifen unter anderem f\u00fcr die Bunkerroder<br \/>\nKomplett mit speziellen Befestigungsschrauben geliefert, so dass die Installation Dimension variabel ist.<\/p>\n<p>&nbsp;<\/p>\n<p><strong>STOPSHOCK\u00ae Valbrekers f\u00fcr den Kipper<\/strong><\/p>\n<p>Bestehend aus:<\/p>\n<ul>\n<li>Eine starre Befestigung an der Front in der dumper &#8211; Rundrohr mit zwei Aufh\u00e4ngeketten<\/li>\n<li>Eine dauerhafte PVC-Gewebe , verst\u00e4rkt mit Zurrgurte in der seitlichen und hinteren Kante<\/li>\n<li>2 elastische Schnur Str\u00e4nge , die sich von einer Gewichtszunahme auf die Leinwand mit dem Produkt an der Unterseite des Kippers Frieden<\/li>\n<li>Montage mit 4 L\u00f6chern mm \u00f810,5<\/li>\n<\/ul>\n<p><strong>Artikel-Nr. \u00a0 \u00a0 \u00a0 Definition<\/strong><\/p>\n<p>Modell A \u00a0 \u00a0 \u00a0 \u00a0 \u00a0 Kleid-Gr\u00f6\u00dfe 180 x 180 cm f\u00fcr die Verwendung mit M\u00e4hdrescher<br \/>\nModell B1\u00a0 \u00a0 \u00a0 \u00a0 \u00a0Kleid-Gr\u00f6\u00dfe 180 x 220 cm f\u00fcr die Verwendung mit 1 -reihigen Bunkerroder<br \/>\nModell B2\u00a0 \u00a0 \u00a0 \u00a0 \u00a0Kleid-Gr\u00f6\u00dfe 180 x 250 cm f\u00fcr den Einsatz mit 2-reihigen Bunkerroder<br \/>\nKomplett mit Montagezubeh\u00f6r<\/p>\n<p><a name=\"zibo-fallde\"><\/a><br \/>\n<strong> Fordern Sie ein Angebot f\u00fcr dieses Produkt:<\/strong><br \/>\n<!-- SharpSpring Form for Zibo_DE_offerte_pflanzenpflege  --><br \/>\n<script type=\"text\/javascript\">\n    var ss_form = {'account': 'MzawMDEzMTU1AQA', 'formID': 'S0qySE42tEzWNU9ONdc1MTQz1LUwNDHUNTMxMDIzMEw0tUw0AgA'};\n    ss_form.width = '100%';\n    ss_form.height = '1000';\n    ss_form.domain = 'app-3QNCO4B3A0.marketingautomation.services';\n    \/\/ ss_form.hidden = {'field_id': 'value'}; \/\/ Modify this for sending hidden variables, or overriding values\n    \/\/ ss_form.target_id = 'target'; \/\/ Optional parameter: forms will be placed inside the element with the specified id\n    \/\/ ss_form.polling = true; \/\/ Optional parameter: set to true ONLY if your page loads dynamically and the id needs to be polled continually.\n<\/script><br \/>\n<script type=\"text\/javascript\" src=\"https:\/\/koi-3QNCO4B3A0.marketingautomation.services\/client\/form.js?ver=2.0.1\"><\/script><br \/>\nLesen Sie hier unsere <a href=\"https:\/\/archief.zibo.nl\/de\/privacybeleid\/\">Privacy Policy<\/a><\/p>\n","protected":false},"excerpt":{"rendered":"<p><strong>Fragen? Rufen Sie +31 (0)599 234 418<\/strong><\/p>\n<p><a href=\"#zibo-fallde\"><img loading=\"lazy\" decoding=\"async\" class=\"alignnone size-full wp-image-14413\" src=\"https:\/\/archief.zibo.nl\/wp-content\/uploads\/2016\/04\/forden-sie-ein-angebot-button.png\" alt=\"forden-sie-ein-angebot-button\" width=\"182\" height=\"35\" srcset=\"https:\/\/archief.zibo.nl\/wp-content\/uploads\/2016\/04\/forden-sie-ein-angebot-button.png 182w, https:\/\/archief.zibo.nl\/wp-content\/uploads\/2016\/04\/forden-sie-ein-angebot-button-180x35.png 180w\" sizes=\"auto, (max-width: 182px) 100vw, 182px\" \/><\/a><\/p>\n","protected":false},"featured_media":18123,"template":"","meta":[],"product_brand":[],"product_cat":[262,258,263],"product_tag":[],"class_list":{"0":"post-13746","1":"product","2":"type-product","3":"status-publish","4":"has-post-thumbnail","6":"product_cat-rest-de-de","7":"product_cat-pflanzenpflege-de","8":"product_cat-produkte-de-de","10":"first","11":"instock","12":"shipping-taxable","13":"product-type-simple"},"_links":{"self":[{"href":"https:\/\/archief.zibo.nl\/de\/wp-json\/wp\/v2\/product\/13746","targetHints":{"allow":["GET"]}}],"collection":[{"href":"https:\/\/archief.zibo.nl\/de\/wp-json\/wp\/v2\/product"}],"about":[{"href":"https:\/\/archief.zibo.nl\/de\/wp-json\/wp\/v2\/types\/product"}],"wp:featuredmedia":[{"embeddable":true,"href":"https:\/\/archief.zibo.nl\/de\/wp-json\/wp\/v2\/media\/18123"}],"wp:attachment":[{"href":"https:\/\/archief.zibo.nl\/de\/wp-json\/wp\/v2\/media?parent=13746"}],"wp:term":[{"taxonomy":"product_brand","embeddable":true,"href":"https:\/\/archief.zibo.nl\/de\/wp-json\/wp\/v2\/product_brand?post=13746"},{"taxonomy":"product_cat","embeddable":true,"href":"https:\/\/archief.zibo.nl\/de\/wp-json\/wp\/v2\/product_cat?post=13746"},{"taxonomy":"product_tag","embeddable":true,"href":"https:\/\/archief.zibo.nl\/de\/wp-json\/wp\/v2\/product_tag?post=13746"}],"curies":[{"name":"wp","href":"https:\/\/api.w.org\/{rel}","templated":true}]}}