{"id":13769,"date":"2016-04-04T09:44:36","date_gmt":"2016-04-04T09:44:36","guid":{"rendered":"https:\/\/archief.zibo.nl\/product\/zibo-ersatzteile-fuer-bodenbearbeitungsmaschinen\/"},"modified":"2022-02-11T12:22:24","modified_gmt":"2022-02-11T11:22:24","slug":"zibo-ersatzteile-fuer-bodenbearbeitungsmaschinen","status":"publish","type":"product","link":"https:\/\/archief.zibo.nl\/de\/produkt\/zibo-ersatzteile-fuer-bodenbearbeitungsmaschinen\/","title":{"rendered":"ZIBO Ersatzteile f\u00fcr bodenbearbeitungsmaschinen"},"content":{"rendered":"<p><strong>Zinger Mechanisatie liefert schnell und zu konkurrenzf\u00e4higen Bedingungen Ersatzteile f\u00fcr Boden\u00adbearbeitungsmaschinen der folgenden Marken:<\/strong> <br \/>Accord, Adriatica, Aedes, Agram, Agrator, Agria, Agricom, Agrimac, Agrimaster, Agritalia, Agritec, Agromec, Agromet, Agrotec, Alo, Alpego, Amac, Amazone, AP, AS, Atti, Baas-Trima, Badalini, Baiano, Bams, Barbieri, Barigelli, Baroni, Baselier, BCS, Bechio, Becker, Befa, Benassi Berry Berti, Bertolini, Bleinroth, Bobcat, Bomford, Bonfiglioli, Braun, Brenig, Bressel, Breviglieri, Brouchard, Brumital-Agris, Bruni, Bucher, Bungartz, Cab, Cabe, Calderoni, Cam, Cantone, Cappon, Caroni, Carony, Carraro, Carroy, Carsorzo, Cavagion, Ceccato, Celli, Celvatici, Chabas, Chief, Claas, CMB, Cobra, Collari, Comeb, Cosma, Cosmag, Clemens, Desvoys, Diesse, Deutz-fahr, Dondi, Doppstad, Doublet-Record, Dragone, Ducker, Dutzi, Eberhardt, Einbock, Emy, Elenfer, Epoke, Eros, Eurogreen, Euroma, Eurosystem, Evers, Fahr, FAE, Falc, Falcomero, Falconero, Farmax, Faucheux, Fella, Fendt, Feraboli, Ferrari, Ferri, Ferri &amp; Simoni, Fiedler, Fiona, Fischer, Fliegl, Forgio, Forigo, Fort, Frandent, Fraudge, Frost, Galucho, Gaspardo, Gaziero, Gehring, Gestin, Gilbers, Gimac, Goldoni, Goudland, Gramegna, Grimme, Grillo, Groenewegen Gruse, Gutbrod, Gyro, Hako, Hankmo, Hale, Hansa, Hassia, Hatzenbichler, Hauer, Hemos, Humus, Herder, Hermes, Hienen, HMF, Holder, Holmer, Honda, Hoopman, Horsch, Howard, Huard, Hydrac, Hymach, Ilmer, Imants, Isaria, Iseki, JCB, JF, JNC, John Deere, Joskin, Kemper, Kleine, Knoche, Kockerling, Kongskilde, Koro, Krone, Kuhn, Kverneland, Kyllingstad, Lagarde, Landsberg, Leckron, Lely, Lemken, van Lengerich, Lince, Logifeed &amp; RMH, MAG, Mailleux, Maletti, Manitou, Marchner, Marmix, Marsk-Stig, Maschio, Massano, Mearelli, Mengele, MEO, Meritano, MF, Monosem, Moreau, Moreni, Morra, Mortl, Mott, Mulag, Muratori, Muthing, Nardi, Naud, New-Holland, Nibbi, Nicolas, Niemeyer, Nobili, Nodet, Nordsten, Noremat, Nuova-Cabe, Nutrifeed, Oehler, Overum, Omarv, Omas, Ommas, Ompi, Orsi, Ortolan, Palladino, Pabso, Parmiter, Pasquali, Pedrotti, Peecon, Pegoraro, Perfect, Perugini, Peruzzo, PGS, Pircher, Pottinger, Prater, Procomas, PZ-Zweegers, Quivogne, Rabewerk, Randi, Rapid, Rasant, Rau, Redrock, Reform, Remac, Renter, Rheinland, Ridder, Rienieri, Rivierre, Casalis, Ropa, Rosatella, Roteco, Roteritalia, Rotoram, Rotorland, Rousseau, Rumpstad, Samson, Sandri, Sauerberger, Saxonia, Schanzlin, Schmidt, Schots, Schmotzer, Schrijvers, Schuitemaker, Seima, Seko, Selvatici, SEP, Seppi, Sicma, Simon, Solbjerg, Solo, Sovema, Spearhead, Spragelse-Mica, Staiger, Steeno, Stegsted, Stella, Stoll, Storti, Strautmann, Struik, Szolnoki, Taarup, Tatoma, Terral, Terranova, Tielburger, Tierre, Tim,Tornado, Tornedo, Tortella, Trioliet, Tume, Tunnissen &amp; Stocks, Turner, Twose, Ugelose, Ungarn, Unifeed, Unimix, Walker, Unsinn, Vaderstad, Valpadana, Ventzki, Vicon, Vigolo, Vogel &amp; Noot, Votex, Vredo, Weidemann, Welger, Wifo, Willibald, Wiwexa, Zago, Zampini, Zanon, Zappator, ZIBO, Zumec<\/p>\n<p><a name=\"zibo-ersatzteile\"><\/a><br \/>\n<strong> Fordern Sie ein Angebot f\u00fcr dieses Produkt:<\/strong><br \/>\n<!-- SharpSpring Form for Zibo_DE_offerte_Ersatzteile  --><br \/>\n<script type=\"text\/javascript\">\n    var ss_form = {'account': 'MzawMDEzMTU1AQA', 'formID': 'M0wxNzA2SjHVNTRLTNU1SUlN1rUwTkvWTTQxMDBNtEizNLVIBAA'};\n    ss_form.width = '100%';\n    ss_form.height = '1000';\n    ss_form.domain = 'app-3QNCO4B3A0.marketingautomation.services';\n    \/\/ ss_form.hidden = {'field_id': 'value'}; \/\/ Modify this for sending hidden variables, or overriding values\n    \/\/ ss_form.target_id = 'target'; \/\/ Optional parameter: forms will be placed inside the element with the specified id\n    \/\/ ss_form.polling = true; \/\/ Optional parameter: set to true ONLY if your page loads dynamically and the id needs to be polled continually.\n<\/script><br \/>\n<script type=\"text\/javascript\" src=\"https:\/\/koi-3QNCO4B3A0.marketingautomation.services\/client\/form.js?ver=2.0.1\"><\/script><br \/>\nLesen Sie hier unsere <a href=\"https:\/\/archief.zibo.nl\/de\/privacybeleid\/\">Privacy Policy<\/a><\/p>\n","protected":false},"excerpt":{"rendered":"<p><strong>Fragen? Rufen Sie +31 (0)599 234 418<\/strong><\/p>\n<p><a href=\"#zibo-ersatzteile\"><img loading=\"lazy\" decoding=\"async\" class=\"alignnone size-full wp-image-14413\" src=\"https:\/\/archief.zibo.nl\/wp-content\/uploads\/2016\/04\/forden-sie-ein-angebot-button.png\" alt=\"forden-sie-ein-angebot-button\" width=\"182\" height=\"35\" srcset=\"https:\/\/archief.zibo.nl\/wp-content\/uploads\/2016\/04\/forden-sie-ein-angebot-button.png 182w, https:\/\/archief.zibo.nl\/wp-content\/uploads\/2016\/04\/forden-sie-ein-angebot-button-180x35.png 180w\" sizes=\"auto, (max-width: 182px) 100vw, 182px\" \/><\/a><\/p>\n","protected":false},"featured_media":13764,"template":"","meta":[],"product_brand":[],"product_cat":[262,263],"product_tag":[],"class_list":{"0":"post-13769","1":"product","2":"type-product","3":"status-publish","4":"has-post-thumbnail","6":"product_cat-rest-de-de","7":"product_cat-produkte-de-de","9":"first","10":"instock","11":"shipping-taxable","12":"product-type-simple"},"_links":{"self":[{"href":"https:\/\/archief.zibo.nl\/de\/wp-json\/wp\/v2\/product\/13769","targetHints":{"allow":["GET"]}}],"collection":[{"href":"https:\/\/archief.zibo.nl\/de\/wp-json\/wp\/v2\/product"}],"about":[{"href":"https:\/\/archief.zibo.nl\/de\/wp-json\/wp\/v2\/types\/product"}],"wp:featuredmedia":[{"embeddable":true,"href":"https:\/\/archief.zibo.nl\/de\/wp-json\/wp\/v2\/media\/13764"}],"wp:attachment":[{"href":"https:\/\/archief.zibo.nl\/de\/wp-json\/wp\/v2\/media?parent=13769"}],"wp:term":[{"taxonomy":"product_brand","embeddable":true,"href":"https:\/\/archief.zibo.nl\/de\/wp-json\/wp\/v2\/product_brand?post=13769"},{"taxonomy":"product_cat","embeddable":true,"href":"https:\/\/archief.zibo.nl\/de\/wp-json\/wp\/v2\/product_cat?post=13769"},{"taxonomy":"product_tag","embeddable":true,"href":"https:\/\/archief.zibo.nl\/de\/wp-json\/wp\/v2\/product_tag?post=13769"}],"curies":[{"name":"wp","href":"https:\/\/api.w.org\/{rel}","templated":true}]}}