{"id":14975,"date":"2019-07-16T08:52:39","date_gmt":"2018-07-13T08:43:25","guid":{"rendered":"https:\/\/archief.zibo.nl\/?post_type=product&#038;p=14975"},"modified":"2019-07-17T12:23:44","modified_gmt":"2019-07-17T10:23:44","slug":"zibo-unkrautstreicher","status":"publish","type":"product","link":"https:\/\/archief.zibo.nl\/de\/produkt\/zibo-unkrautstreicher\/","title":{"rendered":"ZIBO UNKRAUTSTREICHER"},"content":{"rendered":"<p>Die Bek\u00e4mpfung von (Kartoffel-)Durchwuchs in Gew\u00e4chsen ist eine intensive Arbeit. Der ZIBO Unkrautstreicher\u00a0ist die einfache und z\u00fcgige L\u00f6sung f\u00fcr das Problem. Gr\u00fcndlich getestet: ein einfaches Werkzeug mit verbl\u00fcffenden\u00a0Ergebnissen! F\u00fcr eine einfache und effiziente Unkrautbek\u00e4mpfung! Der ZIBO Unkrautstreicher\u00a0besteht im Wesentlichen aus einer starren, mit Spezialtuch umwickelten Rolle. Mithilfe einiger St\u00fctzr\u00e4der\u00a0bestimmen Sie selbst die Arbeitsh\u00f6he. Je nach Unkrautmenge betr\u00e4gt die Arbeitsgeschwindigkeit\u00a03 bis 8 km\/h.<\/p>\n<p><strong>Artikelnr. \u00a0 \u00a0 \u00a0Beschreibung<\/strong><br \/>\nON01001 \u00a0 \u00a0 \u00a03-Meter-Ausf\u00fchrung mit unbeweglicher Rolle und 2 St\u00fctzr\u00e4der \u20ac 1.525,-<br \/>\nON01002 \u00a0 \u00a0 \u00a06-Meter-Ausf. mit unbeweglicher, mech. klappbarer Rolle und 2 St\u00fctzr\u00e4der<br \/>\nZO \u00a0 \u00a0 \u00a0 \u00a0 \u00a0 \u00a0 \u00a0 \u00a0 Unkrautstreicher-Rolle (separat)<br \/>\nZOR ZIBO \u00a0 \u00a0Unkrautstreicher-Rolle Austauschsystem<\/p>\n<p><iframe loading=\"lazy\" src=\"https:\/\/www.youtube.com\/embed\/v4fll4yJepE?rel=0\" width=\"560\" height=\"315\" frameborder=\"0\" allowfullscreen=\"allowfullscreen\"><\/iframe><\/p>\n<h2>ZIBO ROTIERENDE UNKRAUTSTREICHER<\/h2>\n<p><strong>Der ZIBO Unkrautstreicher besteht im Wesentlichen aus einer starren Rolle, die mit spezielem Tuch\u00a0umwickelt ist. Indem man die Rolle rotieren l\u00e4sst, steigert sich die Leistung und werden Tropfpunkte\u00a0vermieden. Somit l\u00e4sst sich der rotierende Unkrautstreicher auch in dichten Gew\u00e4chsen einsetzen.<\/strong><\/p>\n<p>Die Ausf\u00fchrung mit Arbeitsbreite 3 Meter besteht aus 1 rotierender Rolle. Die Ausf\u00fchrung mit Arbeitsbreite\u00a06 Meter besteht aus 3 rotierenden, je 2 m langen Rollen, und ist mechanisch klappbar. Die rotierende Rolle\u00a0steigert die Leistung und beinhaltet, dass das Ger\u00e4t unabh\u00e4ngig der Fahrgeschwindigkeit funktioniert.\u00a0Der Feuchtigkeitsgehalt der Rollen ist von der Kabine aus einfach pro Rolle regulierbar. Serienm\u00e4\u00dfig wird\u00a0der rotierende Unkrautstreicher mit einem hydraulischen Werkzeugsausgleich versehen, damit die Rolle\u00a0in waagerechter Position bleibt.<\/p>\n<p><strong>Artikelnr. \u00a0 \u00a0 \u00a0Beschreibung<\/strong><br \/>\nON02001 \u00a0 \u00a0 \u00a0 3-Meter-Ausf\u00fchrung mit hydraulisch rotierender 3-Meter-Rolle<br \/>\nON02002 \u00a0 \u00a0 \u00a0 6-Meter-Ausf\u00fchrung mit zwei mech. rotierenden 3-Meter-Rollen<br \/>\nON0701 \u00a0 \u00a0 \u00a0 \u00a06-Meter-Ausf\u00fchrung mit zwei hydr. rotierenden 3-Meter-Rollen<\/p>\n<p><a name=\"zibo-unkrautst\"><\/a><br \/>\n<strong> Fordern Sie ein Angebot f\u00fcr dieses Produkt:<\/strong><br \/>\n<!-- SharpSpring Form for Zibo_DE_offerte_pflanzenpflege  --><br \/>\n<script type=\"text\/javascript\">\n    var ss_form = {'account': 'MzawMDEzMTU1AQA', 'formID': 'S0qySE42tEzWNU9ONdc1MTQz1LUwNDHUNTMxMDIzMEw0tUw0AgA'};\n    ss_form.width = '100%';\n    ss_form.height = '1000';\n    ss_form.domain = 'app-3QNCO4B3A0.marketingautomation.services';\n    \/\/ ss_form.hidden = {'field_id': 'value'}; \/\/ Modify this for sending hidden variables, or overriding values\n    \/\/ ss_form.target_id = 'target'; \/\/ Optional parameter: forms will be placed inside the element with the specified id\n    \/\/ ss_form.polling = true; \/\/ Optional parameter: set to true ONLY if your page loads dynamically and the id needs to be polled continually.\n<\/script><br \/>\n<script type=\"text\/javascript\" src=\"https:\/\/koi-3QNCO4B3A0.marketingautomation.services\/client\/form.js?ver=2.0.1\"><\/script><br \/>\nLesen Sie hier unsere <a href=\"https:\/\/archief.zibo.nl\/de\/privacybeleid\/\">Privacy Policy<\/a><\/p>\n","protected":false},"excerpt":{"rendered":"<p><strong>Fragen? Rufen Sie +31 (0)599 234 418<\/strong><\/p>\n<p><a href=\"#zibo-unkrautst\"><img loading=\"lazy\" decoding=\"async\" class=\"alignnone size-full wp-image-14413\" src=\"https:\/\/archief.zibo.nl\/wp-content\/uploads\/2016\/04\/forden-sie-ein-angebot-button.png\" alt=\"forden-sie-ein-angebot-button\" width=\"182\" height=\"35\" srcset=\"https:\/\/archief.zibo.nl\/wp-content\/uploads\/2016\/04\/forden-sie-ein-angebot-button.png 182w, https:\/\/archief.zibo.nl\/wp-content\/uploads\/2016\/04\/forden-sie-ein-angebot-button-180x35.png 180w\" sizes=\"auto, (max-width: 182px) 100vw, 182px\" \/><\/a><\/p>\n","protected":false},"featured_media":14506,"template":"","meta":[],"product_brand":[],"product_cat":[258,263],"product_tag":[],"class_list":{"0":"post-14975","1":"product","2":"type-product","3":"status-publish","4":"has-post-thumbnail","6":"product_cat-pflanzenpflege-de","7":"product_cat-produkte-de-de","9":"first","10":"instock","11":"featured","12":"shipping-taxable","13":"product-type-simple"},"_links":{"self":[{"href":"https:\/\/archief.zibo.nl\/de\/wp-json\/wp\/v2\/product\/14975","targetHints":{"allow":["GET"]}}],"collection":[{"href":"https:\/\/archief.zibo.nl\/de\/wp-json\/wp\/v2\/product"}],"about":[{"href":"https:\/\/archief.zibo.nl\/de\/wp-json\/wp\/v2\/types\/product"}],"wp:featuredmedia":[{"embeddable":true,"href":"https:\/\/archief.zibo.nl\/de\/wp-json\/wp\/v2\/media\/14506"}],"wp:attachment":[{"href":"https:\/\/archief.zibo.nl\/de\/wp-json\/wp\/v2\/media?parent=14975"}],"wp:term":[{"taxonomy":"product_brand","embeddable":true,"href":"https:\/\/archief.zibo.nl\/de\/wp-json\/wp\/v2\/product_brand?post=14975"},{"taxonomy":"product_cat","embeddable":true,"href":"https:\/\/archief.zibo.nl\/de\/wp-json\/wp\/v2\/product_cat?post=14975"},{"taxonomy":"product_tag","embeddable":true,"href":"https:\/\/archief.zibo.nl\/de\/wp-json\/wp\/v2\/product_tag?post=14975"}],"curies":[{"name":"wp","href":"https:\/\/api.w.org\/{rel}","templated":true}]}}