{"id":14996,"date":"2017-06-20T15:58:47","date_gmt":"2018-07-13T09:08:26","guid":{"rendered":"https:\/\/archief.zibo.nl\/?post_type=product&#038;p=14996"},"modified":"2019-07-17T12:22:51","modified_gmt":"2019-07-17T10:22:51","slug":"zibo-fallmatten","status":"publish","type":"product","link":"https:\/\/archief.zibo.nl\/de\/produkt\/zibo-fallmatten\/","title":{"rendered":"ZIBO Fallmatten"},"content":{"rendered":"<h4>Eine ZIBO-Fallmatte verh\u00fctet Qualit\u00e4tseinbu\u00dfen.<\/h4>\n<p><strong>Wenn die Ernte eintritt, m\u00f6chten Sie selbstverst\u00e4ndlich, dass Ihre Kartoffeln, Zwiebeln, Zichorie, M\u00f6hren,\u00a0Karotten, usw., sorgf\u00e4ltig behandelt werden. Fallschaden sollten verh\u00fctet werden. Neben ZIBO-Fallbrechern,\u00a0Stopshock\u00ae-Fallsegeln, (Bunker)-Fallbrechern und Fallbrechern aus Kautschuk-Streifen,\u00a0hat Zinger Mechanisatie jetzt auch ZIBO-Fallmatten in ihrem Angebot. Befestigung an der Bodenplatte\u00a0des Kippers oder des Anh\u00e4ngers beugt Schwarzfleckigkeit und sonstige Besch\u00e4digungen bei\u00a0ihren Kartoffeln vor.<\/strong><\/p>\n<p>Dank der ZIBO-Fallmatte haftet sich keine Erde am Boden der Kipper-Ladefl\u00e4che. Die ZIBO-Fallmatte\u00a0ist mit einer hochwertigen Oberplane (900 g\/m\u00b2) und einer 26mm-Schaumschicht verst\u00e4rkt. Hierdurch\u00a0wird Schwarzfleckigkeit verh\u00fctet. Die Befestigung an der Vorderseite des Kippers findet mithilfe eines\u00a0Befestigungsbandes aus Stahl (in der Lieferung enthalten) statt, der in einen verst\u00e4rkten Saum hineingesteckt\u00a0wird. Fallmatten mit L\u00e4nge 4 m oder mehr werden mit einer 500mm-Plane, die in Abh\u00e4ngigkeit\u00a0der Bodenl\u00e4nge abgeschnitten wird, verl\u00e4ngert. Falls der vollst\u00e4ndige Boden mit einer ZIBO-Fallmatte\u00a0bedeckt werden soll und die Bodenl\u00e4nge mehr als 4 m betr\u00e4gt, sollte man dasjenige Modell,\u00a0dessen L\u00e4nge 500 mm geringer als die L\u00e4nge der Ladefl\u00e4che ist, bestellen.<\/p>\n<p><a name=\"zibo-fallma\"><\/a><br \/>\n<strong> Fordern Sie ein Angebot f\u00fcr dieses Produkt:<\/strong><br \/>\n<!-- SharpSpring Form for Zibo_DE_offerte_pflanzenpflege  --><br \/>\n<script type=\"text\/javascript\">\n    var ss_form = {'account': 'MzawMDEzMTU1AQA', 'formID': 'S0qySE42tEzWNU9ONdc1MTQz1LUwNDHUNTMxMDIzMEw0tUw0AgA'};\n    ss_form.width = '100%';\n    ss_form.height = '1000';\n    ss_form.domain = 'app-3QNCO4B3A0.marketingautomation.services';\n    \/\/ ss_form.hidden = {'field_id': 'value'}; \/\/ Modify this for sending hidden variables, or overriding values\n    \/\/ ss_form.target_id = 'target'; \/\/ Optional parameter: forms will be placed inside the element with the specified id\n    \/\/ ss_form.polling = true; \/\/ Optional parameter: set to true ONLY if your page loads dynamically and the id needs to be polled continually.\n<\/script><br \/>\n<script type=\"text\/javascript\" src=\"https:\/\/koi-3QNCO4B3A0.marketingautomation.services\/client\/form.js?ver=2.0.1\"><\/script><br \/>\nLesen Sie hier unsere <a href=\"https:\/\/archief.zibo.nl\/de\/privacybeleid\/\">Privacy Policy<\/a><\/p>\n","protected":false},"excerpt":{"rendered":"<p><strong>Fragen? Rufen Sie +31 (0)599 234 418<\/strong><\/p>\n<p><a href=\"#zibo-fallma\"><img loading=\"lazy\" decoding=\"async\" class=\"alignnone size-full wp-image-14413\" src=\"https:\/\/archief.zibo.nl\/wp-content\/uploads\/2016\/04\/forden-sie-ein-angebot-button.png\" alt=\"forden-sie-ein-angebot-button\" width=\"182\" height=\"35\" srcset=\"https:\/\/archief.zibo.nl\/wp-content\/uploads\/2016\/04\/forden-sie-ein-angebot-button.png 182w, https:\/\/archief.zibo.nl\/wp-content\/uploads\/2016\/04\/forden-sie-ein-angebot-button-180x35.png 180w\" sizes=\"auto, (max-width: 182px) 100vw, 182px\" \/><\/a><\/p>\n","protected":false},"featured_media":16125,"template":"","meta":[],"product_brand":[],"product_cat":[258,263],"product_tag":[],"class_list":{"0":"post-14996","1":"product","2":"type-product","3":"status-publish","4":"has-post-thumbnail","6":"product_cat-pflanzenpflege-de","7":"product_cat-produkte-de-de","9":"first","10":"instock","11":"shipping-taxable","12":"product-type-simple"},"_links":{"self":[{"href":"https:\/\/archief.zibo.nl\/de\/wp-json\/wp\/v2\/product\/14996","targetHints":{"allow":["GET"]}}],"collection":[{"href":"https:\/\/archief.zibo.nl\/de\/wp-json\/wp\/v2\/product"}],"about":[{"href":"https:\/\/archief.zibo.nl\/de\/wp-json\/wp\/v2\/types\/product"}],"wp:featuredmedia":[{"embeddable":true,"href":"https:\/\/archief.zibo.nl\/de\/wp-json\/wp\/v2\/media\/16125"}],"wp:attachment":[{"href":"https:\/\/archief.zibo.nl\/de\/wp-json\/wp\/v2\/media?parent=14996"}],"wp:term":[{"taxonomy":"product_brand","embeddable":true,"href":"https:\/\/archief.zibo.nl\/de\/wp-json\/wp\/v2\/product_brand?post=14996"},{"taxonomy":"product_cat","embeddable":true,"href":"https:\/\/archief.zibo.nl\/de\/wp-json\/wp\/v2\/product_cat?post=14996"},{"taxonomy":"product_tag","embeddable":true,"href":"https:\/\/archief.zibo.nl\/de\/wp-json\/wp\/v2\/product_tag?post=14996"}],"curies":[{"name":"wp","href":"https:\/\/api.w.org\/{rel}","templated":true}]}}