{"id":15196,"date":"2019-07-16T09:16:16","date_gmt":"2019-02-11T11:09:59","guid":{"rendered":"https:\/\/archief.zibo.nl\/?post_type=product&#038;p=15196"},"modified":"2019-07-17T15:40:56","modified_gmt":"2019-07-17T13:40:56","slug":"gps-mit-task-karten","status":"publish","type":"product","link":"https:\/\/archief.zibo.nl\/de\/produkt\/gps-mit-task-karten\/","title":{"rendered":"GPS mit Task-Karten"},"content":{"rendered":"<p>Die Pr\u00e4zisionslandwirtschaft gewinnt f\u00fcr ZIBO immer mehr an Bedeutung. Durch die standortspezifische Dosierung mit den bew\u00e4hrten D\u00fcngeger\u00e4ten, Granulatstreuern, Aufbau-S\u00e4maschinen und pneumatischen S\u00e4maschinen von ZIBO kann die Dosierung anhand einer Task-Karte variiert werden. Die Steuerung kann \u00fcber das vorhandene GPS-System oder ein universelles Raven-Display erfolgen.<\/p>\n<p><a name=\"zibo-gpsde\"><\/a><br \/>\n<strong> Fordern Sie ein Angebot f\u00fcr dieses Produkt:<\/strong><br \/>\n<!-- SharpSpring Form for Zibo_DE_offerte_S\u00e4en_Stroh_Dosierung  --><br \/>\n<script type=\"text\/javascript\">\n    var ss_form = {'account': 'MzawMDEzMTU1AQA', 'formID': 'S0wxNDYzSbHUtTS3NNA1MTcz1E0yTzTRTUlKSjRLNU0zNzQ1BgA'};\n    ss_form.width = '100%';\n    ss_form.height = '1000';\n    ss_form.domain = 'app-3QNCO4B3A0.marketingautomation.services';\n    \/\/ ss_form.hidden = {'field_id': 'value'}; \/\/ Modify this for sending hidden variables, or overriding values\n    \/\/ ss_form.target_id = 'target'; \/\/ Optional parameter: forms will be placed inside the element with the specified id\n    \/\/ ss_form.polling = true; \/\/ Optional parameter: set to true ONLY if your page loads dynamically and the id needs to be polled continually.\n<\/script><br \/>\n<script type=\"text\/javascript\" src=\"https:\/\/koi-3QNCO4B3A0.marketingautomation.services\/client\/form.js?ver=2.0.1\"><\/script><br \/>\nLesen Sie hier unsere <a href=\"https:\/\/archief.zibo.nl\/de\/privacybeleid\/\">Privacy Policy<\/a><\/p>\n","protected":false},"excerpt":{"rendered":"<p><strong>Fragen? Rufen Sie +31 (0)599 234 418<\/strong><\/p>\n<p><a href=\"#zibo-gpsde\"><img loading=\"lazy\" decoding=\"async\" class=\"alignnone size-full wp-image-14413\" src=\"https:\/\/archief.zibo.nl\/wp-content\/uploads\/2016\/04\/forden-sie-ein-angebot-button.png\" alt=\"forden-sie-ein-angebot-button\" width=\"182\" height=\"35\" srcset=\"https:\/\/archief.zibo.nl\/wp-content\/uploads\/2016\/04\/forden-sie-ein-angebot-button.png 182w, https:\/\/archief.zibo.nl\/wp-content\/uploads\/2016\/04\/forden-sie-ein-angebot-button-180x35.png 180w\" sizes=\"auto, (max-width: 182px) 100vw, 182px\" \/><\/a><\/p>\n","protected":false},"featured_media":16406,"template":"","meta":[],"product_brand":[],"product_cat":[263,264],"product_tag":[],"class_list":{"0":"post-15196","1":"product","2":"type-product","3":"status-publish","4":"has-post-thumbnail","6":"product_cat-produkte-de-de","7":"product_cat-saeen-stroh-dosierung-de","9":"first","10":"instock","11":"shipping-taxable","12":"product-type-simple"},"_links":{"self":[{"href":"https:\/\/archief.zibo.nl\/de\/wp-json\/wp\/v2\/product\/15196","targetHints":{"allow":["GET"]}}],"collection":[{"href":"https:\/\/archief.zibo.nl\/de\/wp-json\/wp\/v2\/product"}],"about":[{"href":"https:\/\/archief.zibo.nl\/de\/wp-json\/wp\/v2\/types\/product"}],"wp:featuredmedia":[{"embeddable":true,"href":"https:\/\/archief.zibo.nl\/de\/wp-json\/wp\/v2\/media\/16406"}],"wp:attachment":[{"href":"https:\/\/archief.zibo.nl\/de\/wp-json\/wp\/v2\/media?parent=15196"}],"wp:term":[{"taxonomy":"product_brand","embeddable":true,"href":"https:\/\/archief.zibo.nl\/de\/wp-json\/wp\/v2\/product_brand?post=15196"},{"taxonomy":"product_cat","embeddable":true,"href":"https:\/\/archief.zibo.nl\/de\/wp-json\/wp\/v2\/product_cat?post=15196"},{"taxonomy":"product_tag","embeddable":true,"href":"https:\/\/archief.zibo.nl\/de\/wp-json\/wp\/v2\/product_tag?post=15196"}],"curies":[{"name":"wp","href":"https:\/\/api.w.org\/{rel}","templated":true}]}}