{"id":17011,"date":"2020-07-15T14:54:26","date_gmt":"2020-07-15T12:54:26","guid":{"rendered":"https:\/\/archief.zibo.nl\/?post_type=product&#038;p=17011"},"modified":"2021-02-18T14:41:38","modified_gmt":"2021-02-18T13:41:38","slug":"zibo-nachtfrost-ventilator","status":"publish","type":"product","link":"https:\/\/archief.zibo.nl\/de\/produkt\/zibo-nachtfrost-ventilator\/","title":{"rendered":"ZIBO Nachtfrost-Ventilator"},"content":{"rendered":"<h1>NEU: ZIBO Nachtfrost-Ventilator<\/h1>\n<p>Nachtfrost bereitet Erzeugern von Obst (u. a. von Blaubeeren) j\u00e4hrlich wieder Kopfzerbrechen. In der Regel entscheiden sich viele von ihnen f\u00fcr eine Beregnung, um so Frostsch\u00e4den zu verhindern. Abgesehen von den anfallenden Kosten besteht bei einer Beregnung die Gefahr einer Auswaschung von D\u00fcngemitteln.<br \/>\nUnd auch das Krankheitsrisiko steigt. Zinger Mechanisatie pr\u00e4sentiert daher den ZIBO Nachtfrostventilator &#8211; einen imposanten Axialventilator, der eine Fl\u00e4che von drei Hektar effektiv gegen Frost sch\u00fctzen kann:<\/p>\n<ul>\n<li>Schutz gegen Nachtfrost<\/li>\n<li>H\u00f6herer Ertrag<\/li>\n<li>Hohe Kapazit\u00e4t (bis zu 3 Hektar je Ventilator)<\/li>\n<li>Ger\u00e4uscharm (keine St\u00f6rung f\u00fcr Anwohner)<\/li>\n<li>Robuste Ausf\u00fchrung mit St\u00fctzf\u00fc\u00dfen<\/li>\n<li>Keine Auswaschung von D\u00fcngemitteln<\/li>\n<li>Einsparungen bei chemischen Mitteln<\/li>\n<li>Optional mit Generator<\/li>\n<li>Geringere Gefahr von Krankheiten durch Pilze (Anthracnose) und Schorfbefall<\/li>\n<\/ul>\n<div class='avia-iframe-wrap'><iframe loading=\"lazy\" title=\"ZIBO Nachtvorstventilator\" width=\"1500\" height=\"844\" src=\"https:\/\/www.youtube.com\/embed\/4INOwXVjy8g?feature=oembed\" frameborder=\"0\" allow=\"accelerometer; autoplay; clipboard-write; encrypted-media; gyroscope; picture-in-picture\" allowfullscreen><\/iframe><\/div>\n<p><a name=\"zibo-dammde\"><\/a><br \/>\n<strong> Fordern Sie ein Angebot f\u00fcr dieses Produkt:<\/strong><br \/>\n<!-- SharpSpring Form for Zibo_DE_offerte_pflanzenpflege --><br \/>\n<script type=\"text\/javascript\">\n    var ss_form = {'account': 'MzawMDEzMTU1AQA', 'formID': 'S0qySE42tEzWNU9ONdc1MTQz1LUwNDHUNTMxMDIzMEw0tUw0AgA'};\n    ss_form.width = '100%';\n    ss_form.height = '1000';\n    ss_form.domain = 'app-3QNCO4B3A0.marketingautomation.services';\n    \/\/ ss_form.hidden = {'field_id': 'value'}; \/\/ Modify this for sending hidden variables, or overriding values\n    \/\/ ss_form.target_id = 'target'; \/\/ Optional parameter: forms will be placed inside the element with the specified id\n    \/\/ ss_form.polling = true; \/\/ Optional parameter: set to true ONLY if your page loads dynamically and the id needs to be polled continually.\n<\/script><br \/>\n<script type=\"text\/javascript\" src=\"https:\/\/koi-3QNCO4B3A0.marketingautomation.services\/client\/form.js?ver=2.0.1\"><\/script><\/p>\n<p>Lesen Sie hier unsere <a href=\"https:\/\/archief.zibo.nl\/de\/privacybeleid\/\">Privacy Policy<\/a><\/p>\n","protected":false},"excerpt":{"rendered":"<p><strong>Fragen? Rufen Sie +31 (0)599 234 418<\/strong><\/p>\n<p><a href=\"#zibo-dammde\"><img loading=\"lazy\" decoding=\"async\" class=\"alignnone wp-image-14413 size-full\" src=\"http:\/\/archief.zibo.nl\/wp-content\/uploads\/2016\/04\/forden-sie-ein-angebot-button.png\" alt=\"forden-sie-ein-angebot-button\" width=\"182\" height=\"35\" srcset=\"https:\/\/archief.zibo.nl\/wp-content\/uploads\/2016\/04\/forden-sie-ein-angebot-button.png 182w, https:\/\/archief.zibo.nl\/wp-content\/uploads\/2016\/04\/forden-sie-ein-angebot-button-180x35.png 180w\" sizes=\"auto, (max-width: 182px) 100vw, 182px\" \/><\/a><\/p>\n","protected":false},"featured_media":17003,"template":"","meta":[],"product_brand":[],"product_cat":[258,263],"product_tag":[],"class_list":{"0":"post-17011","1":"product","2":"type-product","3":"status-publish","4":"has-post-thumbnail","6":"product_cat-pflanzenpflege-de","7":"product_cat-produkte-de-de","9":"first","10":"instock","11":"featured","12":"shipping-taxable","13":"product-type-simple"},"_links":{"self":[{"href":"https:\/\/archief.zibo.nl\/de\/wp-json\/wp\/v2\/product\/17011","targetHints":{"allow":["GET"]}}],"collection":[{"href":"https:\/\/archief.zibo.nl\/de\/wp-json\/wp\/v2\/product"}],"about":[{"href":"https:\/\/archief.zibo.nl\/de\/wp-json\/wp\/v2\/types\/product"}],"wp:featuredmedia":[{"embeddable":true,"href":"https:\/\/archief.zibo.nl\/de\/wp-json\/wp\/v2\/media\/17003"}],"wp:attachment":[{"href":"https:\/\/archief.zibo.nl\/de\/wp-json\/wp\/v2\/media?parent=17011"}],"wp:term":[{"taxonomy":"product_brand","embeddable":true,"href":"https:\/\/archief.zibo.nl\/de\/wp-json\/wp\/v2\/product_brand?post=17011"},{"taxonomy":"product_cat","embeddable":true,"href":"https:\/\/archief.zibo.nl\/de\/wp-json\/wp\/v2\/product_cat?post=17011"},{"taxonomy":"product_tag","embeddable":true,"href":"https:\/\/archief.zibo.nl\/de\/wp-json\/wp\/v2\/product_tag?post=17011"}],"curies":[{"name":"wp","href":"https:\/\/api.w.org\/{rel}","templated":true}]}}