{"id":17256,"date":"2021-01-13T14:59:07","date_gmt":"2021-01-13T13:59:07","guid":{"rendered":"http:\/\/archief.zibo.nl\/product\/zibo-geintegreerde-vorenpakker\/"},"modified":"2021-02-18T14:41:13","modified_gmt":"2021-02-18T13:41:13","slug":"zibo-integrierte-packerwalze","status":"publish","type":"product","link":"https:\/\/archief.zibo.nl\/de\/produkt\/zibo-integrierte-packerwalze\/","title":{"rendered":"ZIBO Integrierte Packerwalze"},"content":{"rendered":"<h1><strong>NEU: ZIBO Integrierte Packerwalze<\/strong><\/h1>\n<p>Verschiedene Studien und mehrj\u00e4hrige Erfahrungen aus der Praxis haben gezeigt, dass flaches Pfl\u00fcgen gegen\u00fcber der \u00fcblichen Tiefe von 20 bis 30 cm klare Vorteile hat. Eine ZIBO integrierte Packerwalze sorgt daf\u00fcr, dass dennoch ein gutes Saatbett entsteht:<\/p>\n<ul>\n<li><strong>Z\u00fcgige Keimung in gleichm\u00e4\u00dfigem und angedr\u00fccktem Saatbett:<\/strong> dank Zackung und gro\u00dfem<br \/>\nScheibendurchmesser. Die Umlaufgeschwindigkeit ist dadurch weniger hoch und das Saatbett nicht zu fein.<\/li>\n<li><strong>Problemloses Arbeiten:<\/strong> dank gro\u00dfen, gezackten Scheiben (\u00d8720 mm) die jederzeit mitlaufen.<\/li>\n<li><strong>Geringe Wartungskosten:<\/strong> dank geringem Eigengewicht keine \u00dcberlastung des Pflugs.<\/li>\n<\/ul>\n<p><a name=\"zibo-frontbde\"><\/a><br \/>\n<strong>Fordern Sie ein Angebot f\u00fcr dieses Produkt:<\/strong><br \/>\n<!-- SharpSpring Form for Zibo_DE_offerte_Bodenbearbeitung --><br \/>\n<script type=\"text\/javascript\">\n    var ss_form = {'account': 'MzawMDEzMTU1AQA', 'formID': 'S01JNDA2SEzVNTUyTNI1SbM007VMM0rSNTU2Tkw2S000SUtKAQA'};\n    ss_form.width = '100%';\n    ss_form.height = '1000';\n    ss_form.domain = 'app-3QNCO4B3A0.marketingautomation.services';\n    \/\/ ss_form.hidden = {'field_id': 'value'}; \/\/ Modify this for sending hidden variables, or overriding values\n    \/\/ ss_form.target_id = 'target'; \/\/ Optional parameter: forms will be placed inside the element with the specified id\n    \/\/ ss_form.polling = true; \/\/ Optional parameter: set to true ONLY if your page loads dynamically and the id needs to be polled continually.\n<\/script><br \/>\n<script type=\"text\/javascript\" src=\"https:\/\/koi-3QNCO4B3A0.marketingautomation.services\/client\/form.js?ver=2.0.1\"><\/script><\/p>\n<p>Lesen Sie hier unsere\u00a0<a href=\"https:\/\/archief.zibo.nl\/de\/privacybeleid\/\" target=\"_blank\" rel=\"noopener\">Privacy Policy<\/a><\/p>\n","protected":false},"excerpt":{"rendered":"<p><strong>Fragen? Rufen Sie +31 (0)599 234 418<\/strong><\/p>\n<p><a href=\"#zibo-frontbde\"><img loading=\"lazy\" decoding=\"async\" class=\"alignnone wp-image-14413 size-full\" src=\"http:\/\/archief.zibo.nl\/wp-content\/uploads\/2016\/04\/forden-sie-ein-angebot-button.png\" alt=\"\" width=\"182\" height=\"35\" srcset=\"https:\/\/archief.zibo.nl\/wp-content\/uploads\/2016\/04\/forden-sie-ein-angebot-button.png 182w, https:\/\/archief.zibo.nl\/wp-content\/uploads\/2016\/04\/forden-sie-ein-angebot-button-180x35.png 180w\" sizes=\"auto, (max-width: 182px) 100vw, 182px\" \/><\/a><\/p>\n","protected":false},"featured_media":17166,"template":"","meta":[],"product_brand":[],"product_cat":[259,263,271],"product_tag":[],"class_list":{"0":"post-17256","1":"product","2":"type-product","3":"status-publish","4":"has-post-thumbnail","6":"product_cat-bodenbearbeitung-de-de","7":"product_cat-produkte-de-de","8":"product_cat-zibo-packerwalze","10":"first","11":"instock","12":"shipping-taxable","13":"product-type-simple"},"_links":{"self":[{"href":"https:\/\/archief.zibo.nl\/de\/wp-json\/wp\/v2\/product\/17256","targetHints":{"allow":["GET"]}}],"collection":[{"href":"https:\/\/archief.zibo.nl\/de\/wp-json\/wp\/v2\/product"}],"about":[{"href":"https:\/\/archief.zibo.nl\/de\/wp-json\/wp\/v2\/types\/product"}],"wp:featuredmedia":[{"embeddable":true,"href":"https:\/\/archief.zibo.nl\/de\/wp-json\/wp\/v2\/media\/17166"}],"wp:attachment":[{"href":"https:\/\/archief.zibo.nl\/de\/wp-json\/wp\/v2\/media?parent=17256"}],"wp:term":[{"taxonomy":"product_brand","embeddable":true,"href":"https:\/\/archief.zibo.nl\/de\/wp-json\/wp\/v2\/product_brand?post=17256"},{"taxonomy":"product_cat","embeddable":true,"href":"https:\/\/archief.zibo.nl\/de\/wp-json\/wp\/v2\/product_cat?post=17256"},{"taxonomy":"product_tag","embeddable":true,"href":"https:\/\/archief.zibo.nl\/de\/wp-json\/wp\/v2\/product_tag?post=17256"}],"curies":[{"name":"wp","href":"https:\/\/api.w.org\/{rel}","templated":true}]}}