{"id":7235,"date":"2019-07-16T08:51:53","date_gmt":"2015-06-21T12:57:19","guid":{"rendered":"https:\/\/archief.zibo.nl\/?post_type=product&#038;p=7235"},"modified":"2022-09-23T13:54:40","modified_gmt":"2022-09-23T11:54:40","slug":"zibo-gruppenfrase-sf","status":"publish","type":"product","link":"https:\/\/archief.zibo.nl\/de\/produkt\/zibo-gruppenfrase-sf\/","title":{"rendered":"ZIBO Gr\u00fcppenfr\u00e4se"},"content":{"rendered":"<section  class='av_textblock_section av-klgfq4hp-d6eaf788c4a37d36ba0abdcca934d368 '   itemscope=\"itemscope\" itemtype=\"https:\/\/schema.org\/CreativeWork\" ><div class='avia_textblock'  itemprop=\"text\" ><p><iframe loading=\"lazy\" src=\"https:\/\/www.youtube.com\/embed\/hYfWRKqTvnQ?rel=0\" width=\"560\" height=\"315\" frameborder=\"0\" allowfullscreen=\"allowfullscreen\"><\/iframe><\/p>\n<div class=\"component-youtube\" style=\"text-align: left;\"><\/div>\n<div class=\"component-youtube\" style=\"text-align: left;\"><iframe loading=\"lazy\" class=\"youtube-iframe\" src=\"https:\/\/www.youtube-nocookie.com\/embed\/TUftCRWiIbI?rel=0&amp;hd=1&amp;modestbranding=1\" width=\"75%\" height=\"350\" data-mce-fragment=\"1\"><\/iframe><\/div>\n<p><strong>ZIBO Gr\u00fcppenfr\u00e4se<\/strong><\/p>\n<p><strong>Optimieren Sie den Wasserhaushalt im Boden!<\/strong><br \/>\nDie ZIBO Gr\u00fcppenfr\u00e4se ist die L\u00f6sung bei Pf\u00fctzenbildung.\u00a0Vor allem auf nassen Feldern ist es sinnvoll, schon vor dem Pflanzen quer zur dabei eingehaltenen Fahrtrichtung Gr\u00fcppen zu ziehen. So werden Sch\u00e4den an den Pflanzen und eine Pf\u00fctzenbildung auf dem Feld verhindert. Die Gr\u00fcppen sind tief genug, um w\u00e4hrend der gesamten Saison intakt zu bleiben und die gew\u00fcnschte Wirkung zu entfalten.\u00a0Die ZIBO Gr\u00fcppenfr\u00e4se zeichnet sich, im Vergleich zu anderen Marken, dadurch aus, dass die Grabrad-Lagerung unabh\u00e4ngig vom Getriebe arbeitet (siehe Foto\u00b4s). Dadurch wird das Getriebe entlastet. Au\u00dferdem ist die ZIBO Gr\u00fcppenfr\u00e4se durch einen soliden und stabilen Rahmen f\u00fcr langj\u00e4hrige Nutzung ausgelegt.<\/p>\n<p><strong><br \/>\nDie Pluspunkte der ZIBO Gr\u00fcppenfr\u00e4se:<\/strong><\/p>\n<ul>\n<li>Wenig bis keine Besch\u00e4digungen<\/li>\n<li>Fr\u00e4se l\u00e4uft hinter dem Traktorrad<\/li>\n<li>Gr\u00fcppen bleiben nach einer bearbeitung intakt<\/li>\n<li>Keine Einebnen mehr von tiefen Gr\u00e4ben (Grabenfr\u00e4sen)<\/li>\n<li>Auch einsetzbar zur Entw\u00e4sserung oder Verlegung von Kabeln im Boden<\/li>\n<\/ul>\n<p><strong>ZIBO Gr\u00fcppenfr\u00e4se\u00a0 ist serienm\u00e4\u00dfig mit einem robusten Rahmen, in dem das Grabrad vom Getriebe getrennt gelagert ist.<\/strong><\/p>\n<p><strong>Type\u00a0\u00a0\u00a0\u00a0\u00a0\u00a0\u00a0\u00a0\u00a0\u00a0\u00a0\u00a0\u00a0\u00a0\u00a0\u00a0\u00a0\u00a0\u00a0\u00a0\u00a0\u00a0\u00a0\u00a0\u00a0\u00a0\u00a0\u00a0\u00a0\u00a0\u00a0\u00a0\u00a0\u00a0\u00a0\u00a0\u00a0\u00a0\u00a0\u00a0\u00a0\u00a0\u00a0\u00a0\u00a0\u00a0\u00a0\u00a0\u00a0\u00a0\u00a0\u00a0\u00a0\u00a0 \u00a0\u00d8\u00a0\u00a0\u00a0\u00a0\u00a0\u00a0\u00a0\u00a0\u00a0\u00a0\u00a0\u00a0\u00a0\u00a0\u00a0\u00a0 \u00a0 Max. arbeitstiefe<\/strong><br \/>\nSF12040D \u00a0 \u00a0 \u00a0ZIBO Gr\u00fcppenfr\u00e4se\u00a0\u00a0\u00a0 \u00d8 120 cm \u00a0 \u00a0 \u00a0 \u00a0 \u00a0 \u00a0 \u00a0 \u00a0 \u00a0 40 cm<br \/>\nSF17060D \u00a0 \u00a0 \u00a0ZIBO Gr\u00fcppenfr\u00e4se\u00a0\u00a0\u00a0 \u00d8 170 cm \u00a0 \u00a0 \u00a0 \u00a0 \u00a0 \u00a0 \u00a0 \u00a0 \u00a0 60 cm<br \/>\nSF19070D \u00a0 \u00a0 \u00a0ZIBO Gr\u00fcppenfr\u00e4se\u00a0\u00a0\u00a0 \u00d8 190 cm \u00a0 \u00a0 \u00a0 \u00a0 \u00a0 \u00a0 \u00a0 \u00a0 \u00a0 70 cm<br \/>\nSF0501\u00a0\u00a0\u00a0\u00a0\u00a0\u00a0\u00a0\u00a0\u00a0\u00a0\u00a0 ZIBO Gr\u00fcppenfr\u00e4se SF190\/70 mit gespiegelter Abdeckung<br \/>\nStandardausf\u00fchrung: Zapfwelle\u00a0 mit scherbolz sicherung.<br \/>\nEmpfohlene Geschwindigkeit\u00a0: 300 &#8211; 500 meter\/stunde<\/p>\n<p><strong>Mehrpreise\u00a0 direct mitgeliefert:<\/strong><br \/>\nSF0315D\u00a0\u00a0\u00a0\u00a0\u00a0 \u00a0\u00a0\u00a0 \u00a0St\u00fctzrad<br \/>\nSF0316D\u00a0\u00a0\u00a0\u00a0\u00a0\u00a0\u00a0\u00a0\u00a0 \u00a0Hydr. Tiefenregelung<br \/>\nSF0209D\u00a0\u00a0\u00a0\u00a0\u00a0\u00a0\u00a0\u00a0\u00a0\u00a0 Adapterbock f\u00fcr Gr\u00fcppe 1000 mm rechts von der Mitte.<br \/>\nSF0232D\u00a0\u00a0\u00a0\u00a0\u00a0\u00a0\u00a0 \u00a0\u00a0 Adapterbock f\u00fcr Gr\u00fcppe mittig unter dem Traktor<br \/>\nSF0320D\u00a0\u00a0\u00a0\u00a0\u00a0\u00a0\u00a0\u00a0 \u00a0 Drainage unit kpl mit hydr. aufnahme<br \/>\nSF0335D\u00a0\u00a0\u00a0\u00a0\u00a0\u00a0\u00a0\u00a0 \u00a0 Horizontal verstelbar breitstreuaggregat (hydr. antrieb)<br \/>\nSF0615D\u00a0\u00a0\u00a0\u00a0\u00a0\u00a0\u00a0 \u00a0\u00a0 Twin radsatz hydr. verstelbar. (gro\u00df rad lauft \u00fcber\/durch gr\u00fcppe)<br \/>\nSF02BC120D\u00a0\u00a0 \u00a0Mei\u00dfel hartmetallbeschichtet mit carbide bei SF120<br \/>\nSF02BC170D\u00a0\u00a0 \u00a0Mei\u00dfel hartmetallbeschichtet mit carbide bei SF170<br \/>\nSF02BC190D\u00a0\u00a0\u00a0 Mei\u00dfel hartmetallbeschichtet mit carbide bei SF190<\/p>\n<p><strong>Verschlei\u00dfteile:<\/strong><br \/>\n<strong>Type\u00a0\u00a0\u00a0\u00a0\u00a0\u00a0\u00a0\u00a0\u00a0\u00a0\u00a0\u00a0 Anzahl\u00a0\u00a0\u00a0\u00a0\u00a0\u00a0\u00a0\u00a0\u00a0\u00a0\u00a0\u00a0\u00a0\u00a0 Code Standard\u00a0\u00a0\u00a0\u00a0\u00a0\u00a0\u00a0\u00a0\u00a0\u00a0\u00a0 \u00a0\u00a0\u00a0 Code hartmetallbeschichtet mit carbide<\/strong><br \/>\n<strong> .\u00a0\u00a0\u00a0\u00a0\u00a0\u00a0\u00a0\u00a0\u00a0\u00a0\u00a0\u00a0\u00a0\u00a0\u00a0\u00a0\u00a0\u00a0\u00a0\u00a0\u00a0\u00a0\u00a0\u00a0\u00a0\u00a0\u00a0\u00a0\u00a0\u00a0\u00a0\u00a0\u00a0\u00a0\u00a0\u00a0\u00a0\u00a0\u00a0\u00a0\u00a0\u00a0\u00a0\u00a0\u00a0\u00a0\u00a0\u00a0\u00a0\u00a0\u00a0 Mei\u00dfelset\u00a0\u00a0\u00a0\u00a0\u00a0\u00a0\u00a0\u00a0\u00a0\u00a0\u00a0\u00a0\u00a0\u00a0\u00a0\u00a0\u00a0\u00a0\u00a0\u00a0\u00a0\u00a0\u00a0\u00a0\u00a0\u00a0\u00a0\u00a0\u00a0\u00a0\u00a0\u00a0\u00a0\u00a0\u00a0\u00a0\u00a0\u00a0\u00a0\u00a0\u00a0\u00a0\u00a0\u00a0 Mei\u00dfelset<\/strong><br \/>\nSF120\/40\u00a0\u00a0\u00a0\u00a0\u00a0\u00a0 7+7 \u00a0 \u00a0 \u00a0 \u00a0 \u00a0 \u00a0 \u00a0 \u00a0 \u00a0 \u00a0 \u00a0 SF02B14D \u00a0 \u00a0 \u00a0 \u00a0 \u00a0 \u00a0 \u00a0 \u00a0 \u00a0 \u00a0 \u00a0 \u00a0 \u00a0 \u00a0 \u00a0 \u00a0 \u00a0 \u00a0 \u00a0 \u00a0 SF02BC14D<br \/>\nSF170\/60\u00a0\u00a0\u00a0\u00a0\u00a0\u00a0 9+9 \u00a0 \u00a0 \u00a0 \u00a0 \u00a0 \u00a0 \u00a0 \u00a0 \u00a0 \u00a0 \u00a0 SF02B18D \u00a0 \u00a0 \u00a0 \u00a0 \u00a0 \u00a0 \u00a0 \u00a0 \u00a0 \u00a0 \u00a0 \u00a0 \u00a0 \u00a0 \u00a0 \u00a0 \u00a0 \u00a0 \u00a0 \u00a0 SF02BC18D<br \/>\nSF190\/60\u00a0\u00a0\u00a0\u00a0\u00a0\u00a0 10+10 \u00a0 \u00a0 \u00a0 \u00a0 \u00a0 \u00a0 \u00a0 \u00a0 \u00a0 SF02B20D \u00a0 \u00a0 \u00a0 \u00a0 \u00a0 \u00a0 \u00a0 \u00a0 \u00a0 \u00a0 \u00a0 \u00a0 \u00a0 \u00a0 \u00a0 \u00a0 \u00a0 \u00a0 \u00a0 \u00a0 SF02BC20D<br \/>\n* ohne bolzen (separat zu bestellen)<\/p>\n<div class=\"component-youtube\"><\/div>\n<p><a name=\"zibo-grupfrase\"><\/a><br \/>\n<strong> Fordern Sie ein Angebot f\u00fcr dieses Produkt:<\/strong><\/p>\n<p><!-- SharpSpring Form for Zibo_DE_offerte_sleuvenfrees --><br \/>\n<script type=\"text\/javascript\">\n    var ss_form = {'account': 'MzawMDEzMTU1AQA', 'formID': 'SzO2SDO2tDDRTbEwNdQ1SbM01LUwSDTTNUy1MDKysEyxTEpJAgA'};\n    ss_form.width = '100%';\n    ss_form.height = '1000';\n    ss_form.domain = 'app-3QNCO4B3A0.marketingautomation.services';\n    \/\/ ss_form.hidden = {'field_id': 'value'}; \/\/ Modify this for sending hidden variables, or overriding values\n    \/\/ ss_form.target_id = 'target'; \/\/ Optional parameter: forms will be placed inside the element with the specified id\n    \/\/ ss_form.polling = true; \/\/ Optional parameter: set to true ONLY if your page loads dynamically and the id needs to be polled continually.\n<\/script><br \/>\n<script type=\"text\/javascript\" src=\"https:\/\/koi-3QNCO4B3A0.marketingautomation.services\/client\/form.js?ver=2.0.1\"><\/script><\/p>\n<p>Lesen Sie hier unsere <a href=\"https:\/\/archief.zibo.nl\/de\/privacybeleid\/\">Privacy Policy<\/a><\/p>\n<\/div><\/section>\n","protected":false},"excerpt":{"rendered":"<p><strong>Fragen? Rufen Sie +31 (0)599 234 418<\/strong><\/p>\n<p><a href=\"#zibo-grupfrase\"><img loading=\"lazy\" decoding=\"async\" class=\"alignnone size-full wp-image-14413\" src=\"https:\/\/archief.zibo.nl\/wp-content\/uploads\/2016\/04\/forden-sie-ein-angebot-button.png\" alt=\"forden-sie-ein-angebot-button\" width=\"182\" height=\"35\" srcset=\"https:\/\/archief.zibo.nl\/wp-content\/uploads\/2016\/04\/forden-sie-ein-angebot-button.png 182w, https:\/\/archief.zibo.nl\/wp-content\/uploads\/2016\/04\/forden-sie-ein-angebot-button-180x35.png 180w\" sizes=\"auto, (max-width: 182px) 100vw, 182px\" \/><\/a><\/p>\n","protected":false},"featured_media":13274,"template":"","meta":[],"product_brand":[],"product_cat":[258,263],"product_tag":[],"class_list":{"0":"post-7235","1":"product","2":"type-product","3":"status-publish","4":"has-post-thumbnail","6":"product_cat-pflanzenpflege-de","7":"product_cat-produkte-de-de","9":"first","10":"instock","11":"featured","12":"shipping-taxable","13":"product-type-simple"},"_links":{"self":[{"href":"https:\/\/archief.zibo.nl\/de\/wp-json\/wp\/v2\/product\/7235","targetHints":{"allow":["GET"]}}],"collection":[{"href":"https:\/\/archief.zibo.nl\/de\/wp-json\/wp\/v2\/product"}],"about":[{"href":"https:\/\/archief.zibo.nl\/de\/wp-json\/wp\/v2\/types\/product"}],"wp:featuredmedia":[{"embeddable":true,"href":"https:\/\/archief.zibo.nl\/de\/wp-json\/wp\/v2\/media\/13274"}],"wp:attachment":[{"href":"https:\/\/archief.zibo.nl\/de\/wp-json\/wp\/v2\/media?parent=7235"}],"wp:term":[{"taxonomy":"product_brand","embeddable":true,"href":"https:\/\/archief.zibo.nl\/de\/wp-json\/wp\/v2\/product_brand?post=7235"},{"taxonomy":"product_cat","embeddable":true,"href":"https:\/\/archief.zibo.nl\/de\/wp-json\/wp\/v2\/product_cat?post=7235"},{"taxonomy":"product_tag","embeddable":true,"href":"https:\/\/archief.zibo.nl\/de\/wp-json\/wp\/v2\/product_tag?post=7235"}],"curies":[{"name":"wp","href":"https:\/\/api.w.org\/{rel}","templated":true}]}}