{"id":8223,"date":"2015-06-21T18:00:33","date_gmt":"2015-06-21T18:00:33","guid":{"rendered":"https:\/\/archief.zibo.nl\/?post_type=product&#038;p=8223"},"modified":"2022-02-11T13:02:34","modified_gmt":"2022-02-11T12:02:34","slug":"zibo-12-volt-spruhgerate","status":"publish","type":"product","link":"https:\/\/archief.zibo.nl\/de\/produkt\/zibo-12-volt-spruhgerate\/","title":{"rendered":"ZIBO 12-VOLT-SPR\u00dcHGER\u00c4TE"},"content":{"rendered":"<div class=\"clearfix alinea\">\n<h2>ZIBO 12-VOLT-SPR\u00dcHGER\u00c4TE<\/h2>\n<p>Die Vielzahl der Verwendungsm\u00f6glichkeiten macht den ZIBO 12-V-Spr\u00fcher so beliebt. Er eignet sich z. B. f\u00fcr Futtermischwagen, Pflanzmaschinen, Boxenf\u00fcller,<br \/>\nHeumaschinen, Quads, H\u00e4cksler usw. Auch in Baumg\u00e4rten und zur Desinfektion von St\u00e4llen kann er ein-gesetzt werden. Der ZIBO Spr\u00fcher verf\u00fcgt \u00fcber einen transparenten Vorratstank und einen Filter. Zum Lieferumfang geh\u00f6rt ein Bedienungskasten, der einfach in der Kabine angebracht werden kann. Die Abgabemenge kann damit stufenlos eingestellt werden. Mitgeliefert werden auch ein 9-Meter-Stromkabel f\u00fcr die Verbindung zwischen Spr\u00fcher und Bedienungskasten sowie ein 9 Meter langer Schlauch. Kapazit\u00e4t: 10 l\/Min. (unbeladen)<\/p>\n<p>Typ\u00a0\u00a0\u00a0\u00a0\u00a0\u00a0\u00a0\u00a0\u00a0\u00a0\u00a0\u00a0\u00a0\u00a0\u00a0\u00a0\u00a0\u00a0\u00a0\u00a0\u00a0\u00a0\u00a0\u00a0\u00a0\u00a0\u00a0 \u00a0\u00a0\u00a0\u00a0\u00a0\u00a0 \u00a0Antrieb\u00a0\u00a0\u00a0\u00a0\u00a0\u00a0\u00a0\u00a0 Inhalt<br \/>\nAG55\u00a0\u00a0\u00a0\u00a0 ZIBO Spr\u00fcher\u00a0\u00a0 12 Volt\u00a0\u00a0\u00a0\u00a0\u00a0\u00a0\u00a0\u00a0 210 L.<\/p>\n<p>Optional lieferbar:<br \/>\nAG554\u00a0\u00a0\u00a0\u00a0\u00a0\u00a0 mit 4 D\u00fcsen<br \/>\nAG558\u00a0\u00a0\u00a0\u00a0\u00a0\u00a0\u00a0mit 8 D\u00fcsen<br \/>\nOS01009\u00a0\u00a0 Edel-stahl-Spr\u00fchhaube mit 1 D\u00fcse<\/p>\n<\/div>\n<p><a name=\"zibo-12vde\"><\/a><br \/>\n<strong> Fordern Sie ein Angebot f\u00fcr dieses Produkt:<\/strong><br \/>\n<!-- SharpSpring Form for Zibo_DE_offerte_Uncategorized  --><br \/>\n<script type=\"text\/javascript\">\n    var ss_form = {'account': 'MzawMDEzMTU1AQA', 'formID': 'MzA0NUg0NTXXNTc1TtQ1MTK21E20NDXQTTNKMTS3sLA0TU01BAA'};\n    ss_form.width = '100%';\n    ss_form.height = '1000';\n    ss_form.domain = 'app-3QNCO4B3A0.marketingautomation.services';\n    \/\/ ss_form.hidden = {'field_id': 'value'}; \/\/ Modify this for sending hidden variables, or overriding values\n    \/\/ ss_form.target_id = 'target'; \/\/ Optional parameter: forms will be placed inside the element with the specified id\n    \/\/ ss_form.polling = true; \/\/ Optional parameter: set to true ONLY if your page loads dynamically and the id needs to be polled continually.\n<\/script><br \/>\n<script type=\"text\/javascript\" src=\"https:\/\/koi-3QNCO4B3A0.marketingautomation.services\/client\/form.js?ver=2.0.1\"><\/script><br \/>\nLesen Sie hier unsere <a href=\"https:\/\/archief.zibo.nl\/de\/privacybeleid\/\">Privacy Policy<\/a><\/p>\n","protected":false},"excerpt":{"rendered":"<p><strong>Fragen? Rufen Sie +31 (0)599 234 418<\/strong><\/p>\n<p><a href=\"#zibo-12vde\"><img loading=\"lazy\" decoding=\"async\" class=\"alignnone size-full wp-image-14413\" src=\"https:\/\/archief.zibo.nl\/wp-content\/uploads\/2016\/04\/forden-sie-ein-angebot-button.png\" alt=\"forden-sie-ein-angebot-button\" width=\"182\" height=\"35\" srcset=\"https:\/\/archief.zibo.nl\/wp-content\/uploads\/2016\/04\/forden-sie-ein-angebot-button.png 182w, https:\/\/archief.zibo.nl\/wp-content\/uploads\/2016\/04\/forden-sie-ein-angebot-button-180x35.png 180w\" sizes=\"auto, (max-width: 182px) 100vw, 182px\" \/><\/a><\/p>\n","protected":false},"featured_media":8224,"template":"","meta":[],"product_brand":[],"product_cat":[294],"product_tag":[],"class_list":{"0":"post-8223","1":"product","2":"type-product","3":"status-publish","4":"has-post-thumbnail","6":"product_cat-uncategorized-de","8":"first","9":"instock","10":"shipping-taxable","11":"product-type-simple"},"_links":{"self":[{"href":"https:\/\/archief.zibo.nl\/de\/wp-json\/wp\/v2\/product\/8223","targetHints":{"allow":["GET"]}}],"collection":[{"href":"https:\/\/archief.zibo.nl\/de\/wp-json\/wp\/v2\/product"}],"about":[{"href":"https:\/\/archief.zibo.nl\/de\/wp-json\/wp\/v2\/types\/product"}],"wp:featuredmedia":[{"embeddable":true,"href":"https:\/\/archief.zibo.nl\/de\/wp-json\/wp\/v2\/media\/8224"}],"wp:attachment":[{"href":"https:\/\/archief.zibo.nl\/de\/wp-json\/wp\/v2\/media?parent=8223"}],"wp:term":[{"taxonomy":"product_brand","embeddable":true,"href":"https:\/\/archief.zibo.nl\/de\/wp-json\/wp\/v2\/product_brand?post=8223"},{"taxonomy":"product_cat","embeddable":true,"href":"https:\/\/archief.zibo.nl\/de\/wp-json\/wp\/v2\/product_cat?post=8223"},{"taxonomy":"product_tag","embeddable":true,"href":"https:\/\/archief.zibo.nl\/de\/wp-json\/wp\/v2\/product_tag?post=8223"}],"curies":[{"name":"wp","href":"https:\/\/api.w.org\/{rel}","templated":true}]}}