{"id":8231,"date":"2015-06-12T12:04:06","date_gmt":"2015-06-21T18:08:04","guid":{"rendered":"https:\/\/archief.zibo.nl\/?post_type=product&#038;p=8231"},"modified":"2022-12-12T14:48:45","modified_gmt":"2022-12-12T13:48:45","slug":"zibo-granulatstreuer-mit-isobus-bedieneinheit","status":"publish","type":"product","link":"https:\/\/archief.zibo.nl\/de\/produkt\/zibo-granulatstreuer-mit-isobus-bedieneinheit\/","title":{"rendered":"ZIBO Granulatstreuer mit ISOBUS-bedieneinheit"},"content":{"rendered":"<p><strong>Der Nutzen f\u00fcr granulare, feinen Samen, Grassamen und k\u00f6rnige Stoffe<\/strong><\/p>\n<p>Jeder Landwirt wei\u00df, dass Unterschiede in der Bodenbeschaffenheit und dem Bewuchs auftreten. Nicht nur gebietsweise, sondern sogar innerhalb der Parzelle gibt es Unterschiede in der Boden- und Pflanzenzusammensetzung.<br \/>\nEine einheitliche Bearbeitung von Parzellen fu\u0308hrt deshalb nicht zum optimalen Ergebnis.<\/p>\n<p>Vielerorts wird bereits auf Grundlage von Gefu\u0308hl und Erfahrung auf diese Abweichungen eingegangen, aber es gibt eine bessere L\u00f6sung! Durch variable Bearbeitung des Lands wird der Boden und der Bewuchs exakt mit dem versorgt, was an dieser Stelle n\u00f6tig ist. Mit der Trimble Global Positioning Steuereinheit (GPS) bietet ZIBO eine All-in-One-L\u00f6sung fu\u0308r ZIBO Granulatstreuer, ZIBO Hackmaschinen, ZIBO Kunstdu\u0308ngerstreuer und pneumatische ZIBO S\u00e4maschinen (fu\u0308r alle Arten von Saaten). Mit Hilfe von Task-Karten erh\u00e4lt Ihr Boden und Ihre Pflanzen exakt die n\u00f6tige Bearbeitung und Dosierung.<\/p>\n<p><strong>Artikel-Nr.\u00a0 \u00a0 \u00a0 \u00a0 Definition<\/strong><br \/>\nGS02\u00a0 \u00a0 \u00a0 \u00a0 \u00a0 \u00a0 \u00a0 \u00a0 \u00a0 \u00a0 \u00a0 ZIBO Edelstahl-Granulatstreuer fu\u0308r 2 Reihen, Einheit mit 2 Ausl\u00e4ufen und 12V-Antrieb.<br \/>\nGS022\u00a0 \u00a0 \u00a0 \u00a0 \u00a0 \u00a0 \u00a0 \u00a0 \u00a0 \u00a0 ZIBO Edelstahl- Granulatstreuerset fu\u0308r 4 Reihen, 2 Einheiten mit jeweils 2 Ausl\u00e4ufen, 12V-Antrieb, verbunden u\u0308ber Schl\u00e4uche.<br \/>\nGS0222\u00a0 \u00a0 \u00a0 \u00a0 \u00a0 \u00a0 \u00a0 \u00a0 \u00a0 ZIBO Edelstahl- Granulatstreuerset fu\u0308r 4 Reihen, 2 Einheiten mit jeweils 2 Ausl\u00e4ufen und eigenem 12V-Antrieb.<br \/>\nGS04\u00a0 \u00a0 \u00a0 \u00a0 \u00a0 \u00a0 \u00a0 \u00a0 \u00a0 \u00a0 \u00a0 \u00a0ZIBO Granulatstreuer fu\u0308r 4 Reihen, Einheit mit 4 Ausl\u00e4ufen und 12V-Antrieb.<br \/>\nGS02138\u00a0 \u00a0 \u00a0 \u00a0 \u00a0 \u00a0 \u00a0 \u00a0 Mehrpreis hydr. Antrieb statt elektr. Antrieb komplett mit Puls und 3-Wege-Str\u00f6mungsventil, passend fu\u0308r GS02.<br \/>\nGS01139\u00a0 \u00a0 \u00a0 \u00a0 \u00a0 \u00a0 \u00a0 \u00a0 \u00a0Mehrpreis hydr. Antrieb statt elektr. Antrieb komplett fu\u0308r eine Anschlusseinheit (ohne Puls und Str\u00f6mungsventil) fu\u0308r den Anschluss an GS02138 fu\u0308r GS02.<\/p>\n<p><strong>Optionen:<br \/>\n<\/strong><strong>Artikel-Nr.\u00a0 \u00a0 \u00a0 \u00a0 \u00a0Definition<br \/>\n<\/strong>3030314603\u00a0 \u00a0 \u00a0 \u00a0 \u00a0 \u00a0ZIBO Trimble ISObus kabel naar de trekker 2500 mm.<br \/>\n3030314403\u00a0 \u00a0 \u00a0 \u00a0 \u00a0 \u00a0ZIBO Trimble ISObus kabel naar de trekker 4000 mm.<br \/>\n3030314003\u00a0 \u00a0 \u00a0 \u00a0 \u00a0 \u00a0ZIBO Trimble ISObus kabel naar de trekker 6500 mm.<\/p>\n<p class=\"p1\">13600000\u00a0 \u00a0 \u00a0 \u00a0 \u00a0 \u00a0 \u00a0 \u00a0ZIBO Trimble Terminal GFX-350 met ISOBUS VT aansturing.<br \/>\n13200002\u00a0 \u00a0 \u00a0 \u00a0 \u00a0 \u00a0 \u00a0 \u00a0ZIBO Trimble NAV 500 GPS ontvangen (antenne).<br \/>\n9655312\u00a0 \u00a0 \u00a0 \u00a0 \u00a0 \u00a0 \u00a0 \u00a0 \u00a0 ZIBO Trimble Unlock ISObus virtual terminal vrijgave.<br \/>\n9655310\u00a0 \u00a0 \u00a0 \u00a0 \u00a0 \u00a0 \u00a0 \u00a0 \u00a0 ZIBO Trimble Unlock TC (task controler) vrijgave.<br \/>\n9655307\u00a0 \u00a0 \u00a0 \u00a0 \u00a0 \u00a0 \u00a0 \u00a0 \u00a0 ZIBO Trimble Unlock ISObus Taakkaarten vrijgave.<br \/>\nGS0246\u00a0 \u00a0 \u00a0 \u00a0 \u00a0 \u00a0 \u00a0 \u00a0 \u00a0 \u00a0ZIBO verwarmingselement t.b.v. ZIBO Granulaatstrooier.<br \/>\nGS0131\u00a0 \u00a0 \u00a0 \u00a0 \u00a0 \u00a0 \u00a0 \u00a0 \u00a0 \u00a0 ZIBO V-verdeler L\/R gebogen 250 mm. incl. 2 m. slang.<br \/>\nGS0132.\u00a0 \u00a0 \u00a0 \u00a0 \u00a0 \u00a0 \u00a0 \u00a0 \u00a0 ZIBO V-verdeler recht 250 mm. incl. 2 m. slang.<br \/>\nGS0146\u00a0 \u00a0 \u00a0 \u00a0 \u00a0 \u00a0 \u00a0 \u00a0 \u00a0 \u00a0ZIBO puntverdeler kpl. met 2 m. slang.<br \/>\nGS02100\u00a0 \u00a0 \u00a0 \u00a0 \u00a0 \u00a0 \u00a0 \u00a0 ZIBO Y-verdeler (broekstuk) \u00d8 20 mm van 1 naar 2 slangen.<br \/>\n09LLV\u00a0 \u00a0 \u00a0 \u00a0 \u00a0 \u00a0 \u00a0 \u00a0 \u00a0 \u00a0 Lock and load systeem los geleverd (aan te brengen in de deksel) t.b.v. Vydate, niet voor Mocap.<\/p>\n<p class=\"p1\"><em>Bitte beachten: Das Trimblekabel zum ISO-Bus am Traktor muss zus\u00e4tzlich bestellt werden, w\u00e4hlen Sie die passende Kabell\u00e4nge<\/em>.<\/p>\n<p><a href=\"http:\/\/archief.zibo.nl\/wp-content\/uploads\/2015\/06\/GPS-icoon-in-rondje-300x300.png\"><img loading=\"lazy\" decoding=\"async\" class=\"alignnone wp-image-17961 size-medium\" src=\"http:\/\/archief.zibo.nl\/wp-content\/uploads\/2015\/06\/GPS-icoon-in-rondje-300x300.png\" alt=\"\" width=\"300\" height=\"300\" srcset=\"https:\/\/archief.zibo.nl\/wp-content\/uploads\/2015\/06\/GPS-icoon-in-rondje-300x300.png 300w, https:\/\/archief.zibo.nl\/wp-content\/uploads\/2015\/06\/GPS-icoon-in-rondje-1030x1025.png 1030w, https:\/\/archief.zibo.nl\/wp-content\/uploads\/2015\/06\/GPS-icoon-in-rondje-80x80.png 80w, https:\/\/archief.zibo.nl\/wp-content\/uploads\/2015\/06\/GPS-icoon-in-rondje-36x36.png 36w, https:\/\/archief.zibo.nl\/wp-content\/uploads\/2015\/06\/GPS-icoon-in-rondje-180x180.png 180w, https:\/\/archief.zibo.nl\/wp-content\/uploads\/2015\/06\/GPS-icoon-in-rondje-705x702.png 705w, https:\/\/archief.zibo.nl\/wp-content\/uploads\/2015\/06\/GPS-icoon-in-rondje-120x120.png 120w, https:\/\/archief.zibo.nl\/wp-content\/uploads\/2015\/06\/GPS-icoon-in-rondje-450x448.png 450w, https:\/\/archief.zibo.nl\/wp-content\/uploads\/2015\/06\/GPS-icoon-in-rondje-100x100.png 100w, https:\/\/archief.zibo.nl\/wp-content\/uploads\/2015\/06\/GPS-icoon-in-rondje.png 1093w\" sizes=\"auto, (max-width: 300px) 100vw, 300px\" \/><\/a> <a href=\"http:\/\/archief.zibo.nl\/wp-content\/uploads\/2015\/06\/GPS-icoon-in-rondje-300x300.png\">\u00a0<\/a><\/p>\n<p><strong>Fordern Sie ein Angebot f\u00fcr dieses Produkt:<\/strong><br \/>\n<!-- SharpSpring Form for Zibo offerte Zaaien\/Strooien\/Doseren --><br \/>\n<script type=\"text\/javascript\">\n    var ss_form = {'account': 'MzawMDEzMTU1AQA', 'formID': 'S0w2TjE0M7HUTU40NNM1MTc10U1MtkjSTTZNS01NSjUytDAzAQA'};\n    ss_form.width = '100%';\n    ss_form.height = '1000';\n    ss_form.domain = 'app-3QNCO4B3A0.marketingautomation.services';<span data-mce-type=\"bookmark\" style=\"display: inline-block; width: 0px; overflow: hidden; line-height: 0;\" class=\"mce_SELRES_start\">\ufeff<\/span>\n    \/\/ ss_form.hidden = {'Company': 'Anon'}; \/\/ Modify this for sending hidden variables, or overriding values\n<\/script><br \/>\n<script type=\"text\/javascript\" src=\"https:\/\/koi-3QNCO4B3A0.marketingautomation.services\/client\/form.js?ver=1.1.1\"><\/script><\/p>\n<p>Lesen Sie hier unsere\u00a0<a href=\"https:\/\/archief.zibo.nl\/de\/privacybeleid\/\">Privacy Policy<\/a><\/p>\n<p>This post is also available in:\u00a0<span class=\"wpml-ls-slot-post_translations wpml-ls-item wpml-ls-item-nl wpml-ls-first-item wpml-ls-item-legacy-post-translations\"><a class=\"wpml-ls-link\" href=\"https:\/\/archief.zibo.nl\/product\/zibo-granulaatstrooier-met-isobus-aansturing\/\"><span class=\"wpml-ls-display icl_lang_sel_translated\">Niederl\u00e4ndisch<\/span><\/a><\/span>\u00a0<span class=\"wpml-ls-slot-post_translations wpml-ls-item wpml-ls-item-en wpml-ls-item-legacy-post-translations\"><a class=\"wpml-ls-link\" href=\"https:\/\/archief.zibo.nl\/en\/product\/zibo-granulate-spreader-new-with-isobus-system\/\"><span class=\"wpml-ls-display icl_lang_sel_translated\">Englisch<\/span><\/a><\/span>\u00a0<span class=\"wpml-ls-slot-post_translations wpml-ls-item wpml-ls-item-fr wpml-ls-last-item wpml-ls-item-legacy-post-translations\"><a class=\"wpml-ls-link\" href=\"https:\/\/archief.zibo.nl\/fr\/produit\/epandeurs-a-granules-zibo\/\"><span class=\"wpml-ls-display icl_lang_sel_translated\">Franz\u00f6sisch<\/span><\/a><\/span><\/p>\n","protected":false},"excerpt":{"rendered":"<p><strong>Fragen? Rufen Sie +31 (0)599 234 418<\/strong><\/p>\n<p><a href=\"#zibo-grangps\"><img loading=\"lazy\" decoding=\"async\" class=\"alignnone size-full wp-image-14413\" src=\"https:\/\/archief.zibo.nl\/wp-content\/uploads\/2016\/04\/forden-sie-ein-angebot-button.png\" alt=\"forden-sie-ein-angebot-button\" width=\"182\" height=\"35\" srcset=\"https:\/\/archief.zibo.nl\/wp-content\/uploads\/2016\/04\/forden-sie-ein-angebot-button.png 182w, https:\/\/archief.zibo.nl\/wp-content\/uploads\/2016\/04\/forden-sie-ein-angebot-button-180x35.png 180w\" sizes=\"auto, (max-width: 182px) 100vw, 182px\" \/><\/a><\/p>\n","protected":false},"featured_media":17985,"template":"","meta":[],"product_brand":[],"product_cat":[263,264],"product_tag":[],"class_list":{"0":"post-8231","1":"product","2":"type-product","3":"status-publish","4":"has-post-thumbnail","6":"product_cat-produkte-de-de","7":"product_cat-saeen-stroh-dosierung-de","9":"first","10":"instock","11":"shipping-taxable","12":"product-type-simple"},"_links":{"self":[{"href":"https:\/\/archief.zibo.nl\/de\/wp-json\/wp\/v2\/product\/8231","targetHints":{"allow":["GET"]}}],"collection":[{"href":"https:\/\/archief.zibo.nl\/de\/wp-json\/wp\/v2\/product"}],"about":[{"href":"https:\/\/archief.zibo.nl\/de\/wp-json\/wp\/v2\/types\/product"}],"wp:featuredmedia":[{"embeddable":true,"href":"https:\/\/archief.zibo.nl\/de\/wp-json\/wp\/v2\/media\/17985"}],"wp:attachment":[{"href":"https:\/\/archief.zibo.nl\/de\/wp-json\/wp\/v2\/media?parent=8231"}],"wp:term":[{"taxonomy":"product_brand","embeddable":true,"href":"https:\/\/archief.zibo.nl\/de\/wp-json\/wp\/v2\/product_brand?post=8231"},{"taxonomy":"product_cat","embeddable":true,"href":"https:\/\/archief.zibo.nl\/de\/wp-json\/wp\/v2\/product_cat?post=8231"},{"taxonomy":"product_tag","embeddable":true,"href":"https:\/\/archief.zibo.nl\/de\/wp-json\/wp\/v2\/product_tag?post=8231"}],"curies":[{"name":"wp","href":"https:\/\/api.w.org\/{rel}","templated":true}]}}