{"id":8255,"date":"2015-06-12T12:15:52","date_gmt":"2015-06-21T18:44:19","guid":{"rendered":"https:\/\/archief.zibo.nl\/?post_type=product&#038;p=8255"},"modified":"2019-07-17T15:39:45","modified_gmt":"2019-07-17T13:39:45","slug":"zibo-pulverstreuer-beizgerat-auf-pflanzmaschine","status":"publish","type":"product","link":"https:\/\/archief.zibo.nl\/de\/produkt\/zibo-pulverstreuer-beizgerat-auf-pflanzmaschine\/","title":{"rendered":"ZIBO PULVERSTREUER (Beizger\u00e4t) auf Pflanzmaschine"},"content":{"rendered":"<p><strong>ZIBO PULVERSTREUER auf Pflanzmaschine<\/strong><\/p>\n<p>Zum Schutze Ihrer Pflanzen gegen Rhizoctonia.<br \/>\nEin Risiko mit Rhizoctina kann man einfach nicht eingehen.\u00a0 W\u00e4hrend des Pflanzens hat man die gr\u00f6\u00dfte Chance, dass das Bek\u00e4mpfungsmittel schonend in den Boden eindringt.\u00a0 Das ZIBO Beizger\u00e4t hat sich als bestes System in der Ausf\u00fchrung des Beizens erwiesen.\u00a0 Pr\u00e4zise, sicher und vollst\u00e4ndig.\u00a0 Wegen des geringen Anschaffungspreises und der langen Lebensdauer ist die Anschaffung eines ZIBO Beizger\u00e4tes sicher eine gute Investition.<br \/>\nElektroantrieb (12 Volt)<\/p>\n<p><strong>Code \u00a0 \u00a0 \u00a0 \u00a0 \u00a0 Definition<\/strong><br \/>\nPDP2A \u00a0 \u00a0 \u00a0 2reihig, Reihenabstand 750 mm<br \/>\nPDP4A \u00a0 \u00a0 \u00a0 4reihig, Reihenabstand 750 mm<br \/>\nPDP2B \u00a0 \u00a0 \u00a0 2reihig, Reihenabstand 900 mm<br \/>\nPDP4B \u00a0 \u00a0 \u00a0 4reihig, Reihenabstand 900 mm<\/p>\n<p>PDP2A27 \u00a0 Extra Beh\u00e4lter 25 Liter<\/p>\n<p><strong>Technische Daten zum ZIBO Beizger\u00e4t:<\/strong><\/p>\n<ul>\n<li>Passend f\u00fcr alle Hersteller und Typen<\/li>\n<li>Hergestellt f\u00fcr alle Sorten Beizstoffe<\/li>\n<li>Genaue und eingehende Dosierung<\/li>\n<li>Zuverl\u00e4ssiges Arbeiten<\/li>\n<li>12V. Bedienung vom Tractor<\/li>\n<li>Extra Lieferbar : 25 L Behalter<\/li>\n<\/ul>\n<p><a name=\"zibo-pulverplant\"><\/a><br \/>\n<strong> Fordern Sie ein Angebot f\u00fcr dieses Produkt:<\/strong><br \/>\n<!-- SharpSpring Form for Zibo_DE_offerte_S\u00e4en_Stroh_Dosierung  --><br \/>\n<script type=\"text\/javascript\">\n    var ss_form = {'account': 'MzawMDEzMTU1AQA', 'formID': 'S0wxNDYzSbHUtTS3NNA1MTcz1E0yTzTRTUlKSjRLNU0zNzQ1BgA'};\n    ss_form.width = '100%';\n    ss_form.height = '1000';\n    ss_form.domain = 'app-3QNCO4B3A0.marketingautomation.services';\n    \/\/ ss_form.hidden = {'field_id': 'value'}; \/\/ Modify this for sending hidden variables, or overriding values\n    \/\/ ss_form.target_id = 'target'; \/\/ Optional parameter: forms will be placed inside the element with the specified id\n    \/\/ ss_form.polling = true; \/\/ Optional parameter: set to true ONLY if your page loads dynamically and the id needs to be polled continually.\n<\/script><br \/>\n<script type=\"text\/javascript\" src=\"https:\/\/koi-3QNCO4B3A0.marketingautomation.services\/client\/form.js?ver=2.0.1\"><\/script><br \/>\nLesen Sie hier unsere <a href=\"https:\/\/archief.zibo.nl\/de\/privacybeleid\/\">Privacy Policy<\/a><\/p>\n","protected":false},"excerpt":{"rendered":"<p><strong>Fragen? Rufen Sie +31 (0)599 234 418<\/strong><\/p>\n<p><a href=\"#zibo-pulverplant\"><img loading=\"lazy\" decoding=\"async\" class=\"alignnone size-full wp-image-14413\" src=\"https:\/\/archief.zibo.nl\/wp-content\/uploads\/2016\/04\/forden-sie-ein-angebot-button.png\" alt=\"forden-sie-ein-angebot-button\" width=\"182\" height=\"35\" srcset=\"https:\/\/archief.zibo.nl\/wp-content\/uploads\/2016\/04\/forden-sie-ein-angebot-button.png 182w, https:\/\/archief.zibo.nl\/wp-content\/uploads\/2016\/04\/forden-sie-ein-angebot-button-180x35.png 180w\" sizes=\"auto, (max-width: 182px) 100vw, 182px\" \/><\/a><\/p>\n","protected":false},"featured_media":8256,"template":"","meta":[],"product_brand":[],"product_cat":[263,264],"product_tag":[],"class_list":{"0":"post-8255","1":"product","2":"type-product","3":"status-publish","4":"has-post-thumbnail","6":"product_cat-produkte-de-de","7":"product_cat-saeen-stroh-dosierung-de","9":"first","10":"instock","11":"shipping-taxable","12":"product-type-simple"},"_links":{"self":[{"href":"https:\/\/archief.zibo.nl\/de\/wp-json\/wp\/v2\/product\/8255","targetHints":{"allow":["GET"]}}],"collection":[{"href":"https:\/\/archief.zibo.nl\/de\/wp-json\/wp\/v2\/product"}],"about":[{"href":"https:\/\/archief.zibo.nl\/de\/wp-json\/wp\/v2\/types\/product"}],"wp:featuredmedia":[{"embeddable":true,"href":"https:\/\/archief.zibo.nl\/de\/wp-json\/wp\/v2\/media\/8256"}],"wp:attachment":[{"href":"https:\/\/archief.zibo.nl\/de\/wp-json\/wp\/v2\/media?parent=8255"}],"wp:term":[{"taxonomy":"product_brand","embeddable":true,"href":"https:\/\/archief.zibo.nl\/de\/wp-json\/wp\/v2\/product_brand?post=8255"},{"taxonomy":"product_cat","embeddable":true,"href":"https:\/\/archief.zibo.nl\/de\/wp-json\/wp\/v2\/product_cat?post=8255"},{"taxonomy":"product_tag","embeddable":true,"href":"https:\/\/archief.zibo.nl\/de\/wp-json\/wp\/v2\/product_tag?post=8255"}],"curies":[{"name":"wp","href":"https:\/\/api.w.org\/{rel}","templated":true}]}}