{"id":8268,"date":"2015-06-12T13:06:55","date_gmt":"2015-06-21T19:36:55","guid":{"rendered":"https:\/\/archief.zibo.nl\/?post_type=product&#038;p=8268"},"modified":"2019-07-17T15:40:08","modified_gmt":"2019-07-17T13:40:08","slug":"zibo-dungeraufsatz","status":"publish","type":"product","link":"https:\/\/archief.zibo.nl\/de\/produkt\/zibo-dungeraufsatz\/","title":{"rendered":"ZIBO D\u00fcngeraufsatz"},"content":{"rendered":"<div class=\"clearfix alinea\">\n<p><strong>ZIBO D\u00fcngeraufsatz<\/strong><\/p>\n<p><strong>Type \u00a0 \u00a0 \u00a0 \u00a0 \u00a0 \u00a0Definion<\/strong><br \/>\nZZ2602 \u00a0 \u00a0 \u00a0 Frontd\u00fcngerbeh\u00e4lter, 2600 mm, Inh. 1000 l, 8 Ausl., 3 St\u00fctzr. &amp; Dosierrad<br \/>\n<strong>Optional<\/strong>: Elektrischer Antrieb komplett mit Bedienungskasten, GPS auf Anfrage<\/p>\n<p>ZZ2603 \u00a0 \u00a0 \u00a0Frontd\u00fcngerbeh\u00e4lter, 2600 mm, Inh. 1000 l, 8 Ausl., 3 St\u00fctzr\u00e4der, Beleuchtung.<br \/>\n<strong>Optional<\/strong>:<\/p>\n<ul>\n<li>Verriegelungsbolzen mit 3 St\u00fctzr\u00e4dern und Verriegelungsbolzen beispielsweise f\u00fcr Arretierung der Wiegevorrichtung.<\/li>\n<li>Wiegevorrichtung<\/li>\n<li>Neuer Frontaufsatz f\u00fcr Kunstd\u00fcnger ausgestattet mit RVS-Achsen, Gittern, Kunststoffkappe am Deckel, Spritzschutzdeckel direkt unter S\u00e4beh\u00e4lter<\/li>\n<li>Hydraulische Antriebseinheit auf der S\u00e4achse mit Drehzahlr\u00fcckkopplung, beispielsweise zur Messung der Fahrgeschwindigkeit<\/li>\n<li>Wiege-S\u00e4computer mit Anschluss f\u00fcr Dreipunktwaage, Hydraulikantrieb f\u00fcr Messung der S\u00e4geschwindigkeit, Hektarz\u00e4hler und Gesamtabgabe in kg.<\/li>\n<\/ul>\n<p>ZZ70010 \u00a0 \u00a0ZIBO D\u00fcngeraufsatz mit 4 Ausl., 125 l, ohne Antriebskassette<br \/>\nZZ70106 \u00a0 \u00a0ZIBO Edelstahl-D\u00fcngeraufsatz mit 4 Ausl., 150 l, ohne Antriebsk<\/p>\n<\/div>\n<p><a name=\"zibo-dunger\"><\/a><br \/>\n<strong> Fordern Sie ein Angebot f\u00fcr dieses Produkt:<\/strong><br \/>\n<!-- SharpSpring Form for Zibo_DE_offerte_S\u00e4en_Stroh_Dosierung  --><br \/>\n<script type=\"text\/javascript\">\n    var ss_form = {'account': 'MzawMDEzMTU1AQA', 'formID': 'S0wxNDYzSbHUtTS3NNA1MTcz1E0yTzTRTUlKSjRLNU0zNzQ1BgA'};\n    ss_form.width = '100%';\n    ss_form.height = '1000';\n    ss_form.domain = 'app-3QNCO4B3A0.marketingautomation.services';\n    \/\/ ss_form.hidden = {'field_id': 'value'}; \/\/ Modify this for sending hidden variables, or overriding values\n    \/\/ ss_form.target_id = 'target'; \/\/ Optional parameter: forms will be placed inside the element with the specified id\n    \/\/ ss_form.polling = true; \/\/ Optional parameter: set to true ONLY if your page loads dynamically and the id needs to be polled continually.\n<\/script><br \/>\n<script type=\"text\/javascript\" src=\"https:\/\/koi-3QNCO4B3A0.marketingautomation.services\/client\/form.js?ver=2.0.1\"><\/script><br \/>\nLesen Sie hier unsere <a href=\"https:\/\/archief.zibo.nl\/de\/privacybeleid\/\">Privacy Policy<\/a><\/p>\n","protected":false},"excerpt":{"rendered":"<p><strong>Fragen? Rufen Sie +31 (0)599 234 418<\/strong><\/p>\n<p><a href=\"#zibo-dunger\"><img loading=\"lazy\" decoding=\"async\" class=\"alignnone size-full wp-image-14413\" src=\"https:\/\/archief.zibo.nl\/wp-content\/uploads\/2016\/04\/forden-sie-ein-angebot-button.png\" alt=\"forden-sie-ein-angebot-button\" width=\"182\" height=\"35\" srcset=\"https:\/\/archief.zibo.nl\/wp-content\/uploads\/2016\/04\/forden-sie-ein-angebot-button.png 182w, https:\/\/archief.zibo.nl\/wp-content\/uploads\/2016\/04\/forden-sie-ein-angebot-button-180x35.png 180w\" sizes=\"auto, (max-width: 182px) 100vw, 182px\" \/><\/a><\/p>\n","protected":false},"featured_media":8269,"template":"","meta":[],"product_brand":[],"product_cat":[263,264],"product_tag":[],"class_list":{"0":"post-8268","1":"product","2":"type-product","3":"status-publish","4":"has-post-thumbnail","6":"product_cat-produkte-de-de","7":"product_cat-saeen-stroh-dosierung-de","9":"first","10":"instock","11":"shipping-taxable","12":"product-type-simple"},"_links":{"self":[{"href":"https:\/\/archief.zibo.nl\/de\/wp-json\/wp\/v2\/product\/8268","targetHints":{"allow":["GET"]}}],"collection":[{"href":"https:\/\/archief.zibo.nl\/de\/wp-json\/wp\/v2\/product"}],"about":[{"href":"https:\/\/archief.zibo.nl\/de\/wp-json\/wp\/v2\/types\/product"}],"wp:featuredmedia":[{"embeddable":true,"href":"https:\/\/archief.zibo.nl\/de\/wp-json\/wp\/v2\/media\/8269"}],"wp:attachment":[{"href":"https:\/\/archief.zibo.nl\/de\/wp-json\/wp\/v2\/media?parent=8268"}],"wp:term":[{"taxonomy":"product_brand","embeddable":true,"href":"https:\/\/archief.zibo.nl\/de\/wp-json\/wp\/v2\/product_brand?post=8268"},{"taxonomy":"product_cat","embeddable":true,"href":"https:\/\/archief.zibo.nl\/de\/wp-json\/wp\/v2\/product_cat?post=8268"},{"taxonomy":"product_tag","embeddable":true,"href":"https:\/\/archief.zibo.nl\/de\/wp-json\/wp\/v2\/product_tag?post=8268"}],"curies":[{"name":"wp","href":"https:\/\/api.w.org\/{rel}","templated":true}]}}