{"id":8280,"date":"2015-06-12T13:18:10","date_gmt":"2015-06-21T19:42:59","guid":{"rendered":"https:\/\/archief.zibo.nl\/?post_type=product&#038;p=8280"},"modified":"2019-07-17T15:40:24","modified_gmt":"2019-07-17T13:40:24","slug":"zibo-pneumatische-samaschine-mit-luftunterstutzung-und-gps-neu","status":"publish","type":"product","link":"https:\/\/archief.zibo.nl\/de\/produkt\/zibo-pneumatische-samaschine-mit-luftunterstutzung-und-gps-neu\/","title":{"rendered":"ZIBO Pneumatische s\u00e4maschine mit Luftunterst\u00fctzung und GPS (Neu !!)"},"content":{"rendered":"<p><strong>ZIBO Pneumatische s\u00e4maschine mit Luftunterst\u00fctzung und GPS<\/strong><\/p>\n<p>Die neuen pneumatischen S\u00e4maschinen von ZIBO wurden f\u00fcr Landwirte entwickelt, die ihre Saat von 3 bis 12 m benutzerfreundlich und praktisch s\u00e4en m\u00f6chten. Diese pneumatische S\u00e4maschine ist dank ihrer Vielseitigkeit, der einfachen Bedienung und Unabh\u00e4ngigkeit (eigenes GPS) eine verlockende L\u00f6sung f\u00fcr viele S\u00e4techniken.\u00a0Die Einheit ist standardm\u00e4\u00dfig mit einem vielseitigen Steuermodul ausgestattet, mit dem die gew\u00fcnschten Einstellungen einfach vorgenommen werden k\u00f6nnen.\u00a0Dank seines eigenen GPS ist die Einheit v\u00f6llig unabh\u00e4ngig, was die Fahrgeschwindigkeit betrifft, und sorgt f\u00fcr stufenlose Mengenausbringungen der Saat.\u00a0Die ZIBO Pneumat ist eine leichtgewichtige Aufbau-S\u00e4maschine f\u00fcr Rotoreggen, Grubber, Fr\u00e4sen, Scheibeneggen, Netzeggen, Croskillwalzen, Gr\u00fcnlandpflegemaschinen usw.<\/p>\n<p><strong>Die solide ZIBO pneumatische S\u00e4maschine ist standardm\u00e4\u00dfig ausgestattet mit:<\/strong><\/p>\n<ul>\n<li>Vielseitigem Computer-Steuermodul mit eigenem GPS (fahrgeschwindigkeitsunabh\u00e4ngig) mit langen Kabeln (6 Meter)<\/li>\n<li>Doppeltem Ventilator (M\u00f6glichkeit f\u00fcr 2 Ventilatoren (Quattro) oder mit hydraulische gebl\u00e4se)<\/li>\n<li>Ger\u00e4umigem Sichtfenster im Beh\u00e4lter.<\/li>\n<li>Gro\u00dfem Deckel mit Gasfedern f\u00fcr einfaches Bef\u00fcllen.<\/li>\n<li>12 Ausl\u00e4ufen (alle Ausl\u00e4ufe k\u00f6nnen noch durch ein Y-Teil verdoppelt werden)<\/li>\n<li>Speziellen Prallblechen f\u00fcr eine exakte Verteilung (universelle Montage)<\/li>\n<li>F\u00fcr die Abdrehprobe wird standardm\u00e4\u00dfig ein Auffangbeh\u00e4lter mitgeliefert.<\/li>\n<li>Die Dosiereinheit ist aus hochwertigen Materialien gefertigt<\/li>\n<\/ul>\n<p><strong>Type \u00a0 \u00a0 \u00a0 \u00a0 \u00a0Inhalt<\/strong><br \/>\nPZ5001 \u00a0 \u00a0 50 L. mit Computer, Kabeln und doppeltem Ventilator, 12 Ausl\u00e4ufe<br \/>\nPZ8001 \u00a0 \u00a0 80 L. mit Computer, Kabeln und doppeltem Ventilator, 12 Ausl\u00e4ufe<br \/>\nPZ15001 \u00a0 150 L. mit Computer, Kabeln und doppeltem Ventilator, 12 Ausl\u00e4ufe<br \/>\nPZ40001 \u00a0 400 L. mit Computer, Kabeln und doppeltem Ventilator, 12 Ausl\u00e4ufe<br \/>\nPZ80001 \u00a0 800 L. mit Computer, Kabeln und doppeltem Ventilator, 12 Ausl\u00e4ufe<\/p>\n<p>&nbsp;<\/p>\n<p><strong>Optionen:<\/strong><\/p>\n<ul>\n<li>Extra Ventilator (Quattro)<\/li>\n<li>Hydraulischer Ventilator<\/li>\n<li>Hubsensor (minimale Bewegung 50 mm)<\/li>\n<\/ul>\n<p>&nbsp;<\/p>\n<p><strong>Funktionen Computer-Steuermodul:<\/strong><\/p>\n<ul>\n<li>Automatische Funktion f\u00fcr die Abdrehprobe (nur wiegen)<\/li>\n<li>Angabe in kg\/ha<\/li>\n<li>Kalibrierung der Geschwindigkeit<\/li>\n<li>Vorgewendefunktion (mit Hubsensor)<\/li>\n<li>Verschiedene Sprachoptionen (u.a. NL, DE, EN)<\/li>\n<li>Stundenz\u00e4hler f\u00fcr Gesamtstundenz\u00e4hler und Tagesstundenz\u00e4hler<\/li>\n<\/ul>\n<p><a name=\"zibo-pneumde\"><\/a><br \/>\n<strong> Fordern Sie ein Angebot f\u00fcr dieses Produkt:<\/strong><br \/>\n<!-- SharpSpring Form for Zibo_DE_offerte_S\u00e4en_Stroh_Dosierung  --><br \/>\n<script type=\"text\/javascript\">\n    var ss_form = {'account': 'MzawMDEzMTU1AQA', 'formID': 'S0wxNDYzSbHUtTS3NNA1MTcz1E0yTzTRTUlKSjRLNU0zNzQ1BgA'};\n    ss_form.width = '100%';\n    ss_form.height = '1000';\n    ss_form.domain = 'app-3QNCO4B3A0.marketingautomation.services';\n    \/\/ ss_form.hidden = {'field_id': 'value'}; \/\/ Modify this for sending hidden variables, or overriding values\n    \/\/ ss_form.target_id = 'target'; \/\/ Optional parameter: forms will be placed inside the element with the specified id\n    \/\/ ss_form.polling = true; \/\/ Optional parameter: set to true ONLY if your page loads dynamically and the id needs to be polled continually.\n<\/script><br \/>\n<script type=\"text\/javascript\" src=\"https:\/\/koi-3QNCO4B3A0.marketingautomation.services\/client\/form.js?ver=2.0.1\"><\/script><br \/>\nLesen Sie hier unsere <a href=\"https:\/\/archief.zibo.nl\/de\/privacybeleid\/\">Privacy Policy<\/a><\/p>\n","protected":false},"excerpt":{"rendered":"<p><strong>Fragen? Rufen Sie +31 (0)599 234 418<\/strong><\/p>\n<p><a href=\"#zibo-pneumde\"><img loading=\"lazy\" decoding=\"async\" class=\"alignnone size-full wp-image-14413\" src=\"https:\/\/archief.zibo.nl\/wp-content\/uploads\/2016\/04\/forden-sie-ein-angebot-button.png\" alt=\"forden-sie-ein-angebot-button\" width=\"182\" height=\"35\" srcset=\"https:\/\/archief.zibo.nl\/wp-content\/uploads\/2016\/04\/forden-sie-ein-angebot-button.png 182w, https:\/\/archief.zibo.nl\/wp-content\/uploads\/2016\/04\/forden-sie-ein-angebot-button-180x35.png 180w\" sizes=\"auto, (max-width: 182px) 100vw, 182px\" \/><\/a><\/p>\n","protected":false},"featured_media":13142,"template":"","meta":[],"product_brand":[],"product_cat":[263,264],"product_tag":[],"class_list":{"0":"post-8280","1":"product","2":"type-product","3":"status-publish","4":"has-post-thumbnail","6":"product_cat-produkte-de-de","7":"product_cat-saeen-stroh-dosierung-de","9":"first","10":"instock","11":"shipping-taxable","12":"product-type-simple"},"_links":{"self":[{"href":"https:\/\/archief.zibo.nl\/de\/wp-json\/wp\/v2\/product\/8280","targetHints":{"allow":["GET"]}}],"collection":[{"href":"https:\/\/archief.zibo.nl\/de\/wp-json\/wp\/v2\/product"}],"about":[{"href":"https:\/\/archief.zibo.nl\/de\/wp-json\/wp\/v2\/types\/product"}],"wp:featuredmedia":[{"embeddable":true,"href":"https:\/\/archief.zibo.nl\/de\/wp-json\/wp\/v2\/media\/13142"}],"wp:attachment":[{"href":"https:\/\/archief.zibo.nl\/de\/wp-json\/wp\/v2\/media?parent=8280"}],"wp:term":[{"taxonomy":"product_brand","embeddable":true,"href":"https:\/\/archief.zibo.nl\/de\/wp-json\/wp\/v2\/product_brand?post=8280"},{"taxonomy":"product_cat","embeddable":true,"href":"https:\/\/archief.zibo.nl\/de\/wp-json\/wp\/v2\/product_cat?post=8280"},{"taxonomy":"product_tag","embeddable":true,"href":"https:\/\/archief.zibo.nl\/de\/wp-json\/wp\/v2\/product_tag?post=8280"}],"curies":[{"name":"wp","href":"https:\/\/api.w.org\/{rel}","templated":true}]}}