{"id":8299,"date":"2015-06-12T13:24:15","date_gmt":"2015-06-21T19:53:32","guid":{"rendered":"https:\/\/archief.zibo.nl\/?post_type=product&#038;p=8299"},"modified":"2019-07-17T15:40:34","modified_gmt":"2019-07-17T13:40:34","slug":"zibo-samaschinen-xl-500l","status":"publish","type":"product","link":"https:\/\/archief.zibo.nl\/de\/produkt\/zibo-samaschinen-xl-500l\/","title":{"rendered":"ZIBO S\u00e4maschinen Typ XL (500L)"},"content":{"rendered":"<p>ZIBO Aufbau-S\u00e4maschinen lassen sich auf allen Bodenbearbeitungsmaschinen\u00a0(Packerwalzen, Grubber, Scheibeneggen, Untergrundlockerer, Hackmaschinen\u00a0usw.) leicht montieren. Genaue Dosierung durch Scheibensystem mit gefederter\u00a0Klappe. Die S\u00e4maschine eignet sich f\u00fcr Dosierungen ab 5 kg\/ha; die Grobeinstellung\u00a0erfolgt \u00fcber einen Griff, die Feineinstellung \u00fcber einen Drehknopf.<\/p>\n<p>&nbsp;<\/p>\n<p><strong>Die Standardausf\u00fchrungen der L und XL-S\u00e4maschinen verf\u00fcgen \u00fcber:<\/strong><\/p>\n<ul>\n<li>R\u00fchrachse<\/li>\n<li>Vorratsbeh\u00e4lter mit eingeschwei\u00dften Dreiecken f\u00fcr H\u00e4nge und eine gleichm\u00e4\u00dfige Verteilung<\/li>\n<li>Schlauch mit speziellen Verteilerpl\u00e4ttchen (nicht windanf\u00e4llig)<\/li>\n<li>Scheibensystem mit gefederter Klappe (Schutz vor harten Teilen, z. B. Steinen)<\/li>\n<li>Solider Deckel mit Gasfedern<\/li>\n<li>L-Ausf\u00fchrung standardm\u00e4\u00dfig mit Aufbaukonsolen mit doppeltem Drehkranz<\/li>\n<li>XL-Ausf\u00fchrung standardm\u00e4\u00dfig mit Dreipunktbock<\/li>\n<\/ul>\n<p><strong>Typ \u00a0 \u00a0 \u00a0 \u00a0 \u00a0 \u00a0 \u00a0 Inhalt \u00a0 \u00a0 \u00a0Ausl\u00e4ufe<br \/>\n<\/strong>L 1500\/8\u00a0\u00a0\u00a0\u00a0\u00a0 \u00a0160 L. \u00a0 \u00a0 \u00a0 \u00a0 \u00a0 8<br \/>\nL 3000\/17\u00a0\u00a0\u00a0 \u00a0330 L.\u00a0\u00a0\u00a0\u00a0\u00a0\u00a0\u00a0\u00a0 \u00a017<br \/>\nL 3000\/25\u00a0\u00a0\u00a0 \u00a0330 L.\u00a0\u00a0\u00a0\u00a0\u00a0\u00a0\u00a0\u00a0 \u00a025<br \/>\nXL 3000\/25 \u00a0500 L. \u00a0 \u00a0 \u00a0 \u00a0 \u00a025<\/p>\n<p>&nbsp;<\/p>\n<p><strong>Mehrpreise:<\/strong><br \/>\nZZ70019 \u00a0 \u00a0 \u00a0Angetrieben von hydraulischen Motor kompl. Anbausatz<br \/>\nZZ300017 \u00a0 \u00a0Dosierrad kompl. mit 2 lose gelieferten Kassetten<br \/>\nZZ300084 \u00a0 \u00a0Electro antrieb (+ w\u00e4hlen aus Schaltkasten)<br \/>\nDE002126 \u00a0 \u00a0Schaltkasten mittels Potentiometer kpl.<br \/>\nDE001505 \u00a0 \u00a0Schaltkasten kpl. mit GPS<br \/>\nZZ300047 \u00a0 \u00a0Antriebskassette, lose, pro St\u00fcck 17\/30<br \/>\nLI020101 \u00a0 \u00a0 Hydr. Hubeinrichtung<br \/>\nZZ300217 \u00a0 \u00a0Satz Zinken f\u00fcr Saategge mit Parallelogramm-System<br \/>\nZZ300121 \u00a0 \u00a0Extra gro\u00dfes Dosierrad, \u00f8 1000 mm, mit Arm (ohne Kassetten)<br \/>\nZZ300047 \u00a0 \u00a0Antriebskassette, lose, pro St\u00fcck 17\/30<\/p>\n<p><a name=\"zibo-sahxlde\"><\/a><br \/>\n<strong> Fordern Sie ein Angebot f\u00fcr dieses Produkt:<\/strong><br \/>\n<!-- SharpSpring Form for Zibo_DE_offerte_S\u00e4en_Stroh_Dosierung  --><br \/>\n<script type=\"text\/javascript\">\n    var ss_form = {'account': 'MzawMDEzMTU1AQA', 'formID': 'S0wxNDYzSbHUtTS3NNA1MTcz1E0yTzTRTUlKSjRLNU0zNzQ1BgA'};\n    ss_form.width = '100%';\n    ss_form.height = '1000';\n    ss_form.domain = 'app-3QNCO4B3A0.marketingautomation.services';\n    \/\/ ss_form.hidden = {'field_id': 'value'}; \/\/ Modify this for sending hidden variables, or overriding values\n    \/\/ ss_form.target_id = 'target'; \/\/ Optional parameter: forms will be placed inside the element with the specified id\n    \/\/ ss_form.polling = true; \/\/ Optional parameter: set to true ONLY if your page loads dynamically and the id needs to be polled continually.\n<\/script><br \/>\n<script type=\"text\/javascript\" src=\"https:\/\/koi-3QNCO4B3A0.marketingautomation.services\/client\/form.js?ver=2.0.1\"><\/script><br \/>\nLesen Sie hier unsere <a href=\"https:\/\/archief.zibo.nl\/de\/privacybeleid\/\">Privacy Policy<\/a><\/p>\n","protected":false},"excerpt":{"rendered":"<p><strong>Fragen? Rufen Sie +31 (0)599 234 418<\/strong><\/p>\n<p><a href=\"#zibo-sahxlde\"><img loading=\"lazy\" decoding=\"async\" class=\"alignnone size-full wp-image-14413\" src=\"https:\/\/archief.zibo.nl\/wp-content\/uploads\/2016\/04\/forden-sie-ein-angebot-button.png\" alt=\"forden-sie-ein-angebot-button\" width=\"182\" height=\"35\" srcset=\"https:\/\/archief.zibo.nl\/wp-content\/uploads\/2016\/04\/forden-sie-ein-angebot-button.png 182w, https:\/\/archief.zibo.nl\/wp-content\/uploads\/2016\/04\/forden-sie-ein-angebot-button-180x35.png 180w\" sizes=\"auto, (max-width: 182px) 100vw, 182px\" \/><\/a><\/p>\n","protected":false},"featured_media":8300,"template":"","meta":[],"product_brand":[],"product_cat":[263,264],"product_tag":[],"class_list":{"0":"post-8299","1":"product","2":"type-product","3":"status-publish","4":"has-post-thumbnail","6":"product_cat-produkte-de-de","7":"product_cat-saeen-stroh-dosierung-de","9":"first","10":"instock","11":"shipping-taxable","12":"product-type-simple"},"_links":{"self":[{"href":"https:\/\/archief.zibo.nl\/de\/wp-json\/wp\/v2\/product\/8299","targetHints":{"allow":["GET"]}}],"collection":[{"href":"https:\/\/archief.zibo.nl\/de\/wp-json\/wp\/v2\/product"}],"about":[{"href":"https:\/\/archief.zibo.nl\/de\/wp-json\/wp\/v2\/types\/product"}],"wp:featuredmedia":[{"embeddable":true,"href":"https:\/\/archief.zibo.nl\/de\/wp-json\/wp\/v2\/media\/8300"}],"wp:attachment":[{"href":"https:\/\/archief.zibo.nl\/de\/wp-json\/wp\/v2\/media?parent=8299"}],"wp:term":[{"taxonomy":"product_brand","embeddable":true,"href":"https:\/\/archief.zibo.nl\/de\/wp-json\/wp\/v2\/product_brand?post=8299"},{"taxonomy":"product_cat","embeddable":true,"href":"https:\/\/archief.zibo.nl\/de\/wp-json\/wp\/v2\/product_cat?post=8299"},{"taxonomy":"product_tag","embeddable":true,"href":"https:\/\/archief.zibo.nl\/de\/wp-json\/wp\/v2\/product_tag?post=8299"}],"curies":[{"name":"wp","href":"https:\/\/api.w.org\/{rel}","templated":true}]}}