{"id":8315,"date":"2019-07-16T09:40:50","date_gmt":"2015-06-21T20:03:43","guid":{"rendered":"https:\/\/archief.zibo.nl\/?post_type=product&#038;p=8315"},"modified":"2019-07-17T15:45:03","modified_gmt":"2019-07-17T13:45:03","slug":"zibo-dammformer-typ-super","status":"publish","type":"product","link":"https:\/\/archief.zibo.nl\/de\/produkt\/zibo-dammformer-typ-super\/","title":{"rendered":"ZIBO Dammformer &#8211; Typ Super &#8211; Jetzt auch lieferbar mit Hydr. Erosieklappen"},"content":{"rendered":"<p><iframe loading=\"lazy\" src=\"https:\/\/www.youtube.com\/embed\/hQk-a6L2tbk?rel=0\" width=\"560\" height=\"315\" frameborder=\"0\" allowfullscreen=\"allowfullscreen\"><\/iframe><\/p>\n<div class=\"component-youtube\"><iframe loading=\"lazy\" class=\"youtube-iframe\" src=\"https:\/\/www.youtube-nocookie.com\/embed\/gkfnhPYEEXY?hd=1&amp;modestbranding=1\" width=\"560\" height=\"315\"><\/iframe><\/div>\n<div class=\"clearfix alinea\">\n<p><strong>ZIBO Dammformer Typ Super<\/strong><\/p>\n<p>Umweltfreundliches System mit vielen Verwendungsm\u00f6glichkeiten!<\/p>\n<ul>\n<li>Maschine mit hoher Bodenfreiheit, dadurch geringe Pflanzenbesch\u00e4digung<\/li>\n<li>F\u00fcr eine glatte Dammoberfl\u00e4che k\u00f6nnen wir die Dammformer mit Kunststoff-Gleitplatten ausr\u00fcsten<\/li>\n<li>Stufenlose Kappeneinstellung (Das Resultat sind stabile Dammr\u00fccken mit gro\u00dfem Volumen)<\/li>\n<li>Lieferbar in zwei-, vier- und achtreihiger Ausf\u00fchrung f\u00fcr leichte und mittelschwere B\u00f6den<\/li>\n<li>Moglichheit umbau zum grubber (3 oder 6 m.!)<\/li>\n<\/ul>\n<p><strong>Zusatzausr\u00fcstung:<\/strong><\/p>\n<ul>\n<li>St\u00fctzr\u00e4dern, Zwischenplatten, Druckrollen, Fahrgassenrahmen<\/li>\n<li>Stufenlose Kappeneinstellung<\/li>\n<\/ul>\n<p>&nbsp;<\/p>\n<p>Jetzt auch lieferbar mit ZIBO hydraulische Erosieklappen<br \/>\nLieferbar in zwei-, vier- oder achtreihig mit viele moglichheiten f\u00fcr einen erfolgreichen Kartoffelanbau<\/p>\n<\/div>\n<p><a name=\"zibo-dammde\"><\/a><br \/>\n<strong> Fordern Sie ein Angebot f\u00fcr dieses Produkt:<\/strong><br \/>\n<!-- SharpSpring Form for Zibo_DE_offerte_pflanzenpflege  --><br \/>\n<script type=\"text\/javascript\">\n    var ss_form = {'account': 'MzawMDEzMTU1AQA', 'formID': 'S0qySE42tEzWNU9ONdc1MTQz1LUwNDHUNTMxMDIzMEw0tUw0AgA'};\n    ss_form.width = '100%';\n    ss_form.height = '1000';\n    ss_form.domain = 'app-3QNCO4B3A0.marketingautomation.services';\n    \/\/ ss_form.hidden = {'field_id': 'value'}; \/\/ Modify this for sending hidden variables, or overriding values\n    \/\/ ss_form.target_id = 'target'; \/\/ Optional parameter: forms will be placed inside the element with the specified id\n    \/\/ ss_form.polling = true; \/\/ Optional parameter: set to true ONLY if your page loads dynamically and the id needs to be polled continually.\n<\/script><br \/>\n<script type=\"text\/javascript\" src=\"https:\/\/koi-3QNCO4B3A0.marketingautomation.services\/client\/form.js?ver=2.0.1\"><\/script><\/p>\n<p>Lesen Sie hier unsere <a href=\"https:\/\/archief.zibo.nl\/de\/privacybeleid\/\">Privacy Policy<\/a><\/p>\n","protected":false},"excerpt":{"rendered":"<p><strong>Fragen? Rufen Sie +31 (0)599 234 418<\/strong><\/p>\n<p><a href=\"#zibo-dammde\"><img loading=\"lazy\" decoding=\"async\" class=\"alignnone size-full wp-image-14413\" src=\"https:\/\/archief.zibo.nl\/wp-content\/uploads\/2016\/04\/forden-sie-ein-angebot-button.png\" alt=\"forden-sie-ein-angebot-button\" width=\"182\" height=\"35\" srcset=\"https:\/\/archief.zibo.nl\/wp-content\/uploads\/2016\/04\/forden-sie-ein-angebot-button.png 182w, https:\/\/archief.zibo.nl\/wp-content\/uploads\/2016\/04\/forden-sie-ein-angebot-button-180x35.png 180w\" sizes=\"auto, (max-width: 182px) 100vw, 182px\" \/><\/a><\/p>\n","protected":false},"featured_media":8316,"template":"","meta":[],"product_brand":[],"product_cat":[258,263],"product_tag":[],"class_list":{"0":"post-8315","1":"product","2":"type-product","3":"status-publish","4":"has-post-thumbnail","6":"product_cat-pflanzenpflege-de","7":"product_cat-produkte-de-de","9":"first","10":"instock","11":"featured","12":"shipping-taxable","13":"product-type-simple"},"_links":{"self":[{"href":"https:\/\/archief.zibo.nl\/de\/wp-json\/wp\/v2\/product\/8315","targetHints":{"allow":["GET"]}}],"collection":[{"href":"https:\/\/archief.zibo.nl\/de\/wp-json\/wp\/v2\/product"}],"about":[{"href":"https:\/\/archief.zibo.nl\/de\/wp-json\/wp\/v2\/types\/product"}],"wp:featuredmedia":[{"embeddable":true,"href":"https:\/\/archief.zibo.nl\/de\/wp-json\/wp\/v2\/media\/8316"}],"wp:attachment":[{"href":"https:\/\/archief.zibo.nl\/de\/wp-json\/wp\/v2\/media?parent=8315"}],"wp:term":[{"taxonomy":"product_brand","embeddable":true,"href":"https:\/\/archief.zibo.nl\/de\/wp-json\/wp\/v2\/product_brand?post=8315"},{"taxonomy":"product_cat","embeddable":true,"href":"https:\/\/archief.zibo.nl\/de\/wp-json\/wp\/v2\/product_cat?post=8315"},{"taxonomy":"product_tag","embeddable":true,"href":"https:\/\/archief.zibo.nl\/de\/wp-json\/wp\/v2\/product_tag?post=8315"}],"curies":[{"name":"wp","href":"https:\/\/api.w.org\/{rel}","templated":true}]}}