{"id":8328,"date":"2015-06-16T17:34:45","date_gmt":"2015-06-21T20:10:09","guid":{"rendered":"https:\/\/archief.zibo.nl\/?post_type=product&#038;p=8328"},"modified":"2019-07-17T15:54:55","modified_gmt":"2019-07-17T13:54:55","slug":"hankmo-rollenspatenmesser","status":"publish","type":"product","link":"https:\/\/archief.zibo.nl\/de\/produkt\/hankmo-rollenspatenmesser\/","title":{"rendered":"Hankmo spatenrolleggen"},"content":{"rendered":"<h2>Hankmo messeneggen<\/h2>\n<p>Die speziell geformten und aus hochwertigem Federstahl gefertigten Messer sind ohne Schrauben und Muttern in Rosettenform montiert. Der stabile Rahmen kann bis zur H\u00e4lfte seines Eigengewichts belastet werden. Bei einmaliger Bearbeitung bel\u00e4uft sich die Kapazit\u00e4t auf 2 bis 3 ha pro Stunde.<\/p>\n<p><a name=\"zibo-hankmospa\"><\/a><br \/>\n<strong> Fordern Sie ein Angebot f\u00fcr dieses Produkt:<\/strong><\/p>\n<p><!-- SharpSpring Form for Zibo_DE_offerte_Bodenbearbeitung  --><br \/>\n<script type=\"text\/javascript\">\n    var ss_form = {'account': 'MzawMDEzMTU1AQA', 'formID': 'S01JNDA2SEzVNTUyTNI1SbM007VMM0rSNTU2Tkw2S000SUtKAQA'};\n    ss_form.width = '100%';\n    ss_form.height = '1000';\n    ss_form.domain = 'app-3QNCO4B3A0.marketingautomation.services';\n    \/\/ ss_form.hidden = {'field_id': 'value'}; \/\/ Modify this for sending hidden variables, or overriding values\n    \/\/ ss_form.target_id = 'target'; \/\/ Optional parameter: forms will be placed inside the element with the specified id\n    \/\/ ss_form.polling = true; \/\/ Optional parameter: set to true ONLY if your page loads dynamically and the id needs to be polled continually.\n<\/script><br \/>\n<script type=\"text\/javascript\" src=\"https:\/\/koi-3QNCO4B3A0.marketingautomation.services\/client\/form.js?ver=2.0.1\"><\/script><\/p>\n<p>Lesen Sie hier unsere <a href=\"https:\/\/archief.zibo.nl\/de\/privacybeleid\/\">Privacy Policy<\/a><\/p>\n","protected":false},"excerpt":{"rendered":"<p><strong>Fragen? Rufen Sie +31 (0)599 234 418<\/strong><\/p>\n<p><a href=\"#zibo-hankmospa\"><img loading=\"lazy\" decoding=\"async\" class=\"alignnone size-full wp-image-14413\" src=\"https:\/\/archief.zibo.nl\/wp-content\/uploads\/2016\/04\/forden-sie-ein-angebot-button.png\" alt=\"forden-sie-ein-angebot-button\" width=\"182\" height=\"35\" srcset=\"https:\/\/archief.zibo.nl\/wp-content\/uploads\/2016\/04\/forden-sie-ein-angebot-button.png 182w, https:\/\/archief.zibo.nl\/wp-content\/uploads\/2016\/04\/forden-sie-ein-angebot-button-180x35.png 180w\" sizes=\"auto, (max-width: 182px) 100vw, 182px\" \/><\/a><\/p>\n","protected":false},"featured_media":8329,"template":"","meta":[],"product_brand":[],"product_cat":[259,263],"product_tag":[],"class_list":{"0":"post-8328","1":"product","2":"type-product","3":"status-publish","4":"has-post-thumbnail","6":"product_cat-bodenbearbeitung-de-de","7":"product_cat-produkte-de-de","9":"first","10":"instock","11":"shipping-taxable","12":"product-type-simple"},"_links":{"self":[{"href":"https:\/\/archief.zibo.nl\/de\/wp-json\/wp\/v2\/product\/8328","targetHints":{"allow":["GET"]}}],"collection":[{"href":"https:\/\/archief.zibo.nl\/de\/wp-json\/wp\/v2\/product"}],"about":[{"href":"https:\/\/archief.zibo.nl\/de\/wp-json\/wp\/v2\/types\/product"}],"wp:featuredmedia":[{"embeddable":true,"href":"https:\/\/archief.zibo.nl\/de\/wp-json\/wp\/v2\/media\/8329"}],"wp:attachment":[{"href":"https:\/\/archief.zibo.nl\/de\/wp-json\/wp\/v2\/media?parent=8328"}],"wp:term":[{"taxonomy":"product_brand","embeddable":true,"href":"https:\/\/archief.zibo.nl\/de\/wp-json\/wp\/v2\/product_brand?post=8328"},{"taxonomy":"product_cat","embeddable":true,"href":"https:\/\/archief.zibo.nl\/de\/wp-json\/wp\/v2\/product_cat?post=8328"},{"taxonomy":"product_tag","embeddable":true,"href":"https:\/\/archief.zibo.nl\/de\/wp-json\/wp\/v2\/product_tag?post=8328"}],"curies":[{"name":"wp","href":"https:\/\/api.w.org\/{rel}","templated":true}]}}