{"id":8339,"date":"2015-06-12T19:55:52","date_gmt":"2015-06-21T21:05:41","guid":{"rendered":"https:\/\/archief.zibo.nl\/?post_type=product&#038;p=8339"},"modified":"2019-07-17T13:58:56","modified_gmt":"2019-07-17T11:58:56","slug":"zibo-tandempacker-2","status":"publish","type":"product","link":"https:\/\/archief.zibo.nl\/de\/produkt\/zibo-tandempacker-2\/","title":{"rendered":"ZIBO Tandempackerwalze"},"content":{"rendered":"<p>ZIBO Tandempacker<\/p>\n<p>F\u00fcr Drehpfl\u00fcge bietet ZIBO zahlreiche verschiedene Packerausf\u00fchrungen an. Wie zum Beispiel eine Tandemkombination, die bei Bedarf auch mit einem Nachlaufpacker verwendet werden kann(gezahnt oder Nockenring) f\u00fcr einen noch ebeneren Boden.<\/p>\n<p>Die Wahl des richtigen Packers ist abh\u00e4ngig von der eigenen Zielsetzung und nat\u00fcrlich der Bodenbeschaffenheit. Wir stellen unserem Kunden jederzeit gerne seinen individuellen Packer zusammen.<br \/>\nT.b.v. Drehpflug, komplett, mit vanginichting und Dreipunktzacken<br \/>\nlieferbar in den Scheibenh\u00f6hen 150 und 200 mm pro Scheibe.<br \/>\nGleichzeitig kann man aus zwei verschiedenen Zahnwinkeln w\u00e4hlen, 32\u00ba und 45\u00ba.<br \/>\nArbeitsbreite 200 mm pro Scheibe<br \/>\n<strong>Arbeitsbr. \u00a0Ringe\u00a0\u00a0\u00a0\u00a0\u00a0\u00a0 Gewicht G = 32\u00ba\u00a0\u00a0\u00a0\u00a0\u00a0\u00a0\u00a0\u00a0 Gewicht G = 45\u00ba<\/strong><br \/>\n1050\u00a0\u00a0\u00a0\u00a0\u00a0\u00a0\u00a0\u00a0\u00a0 7+8\u00a0\u00a0\u00a0\u00a0\u00a0\u00a0\u00a0\u00a0\u00a0\u00a0\u00a0\u00a0\u00a0\u00a0\u00a0\u00a0\u00a0\u00a0 595\u00a0\u00a0\u00a0\u00a0\u00a0\u00a0\u00a0\u00a0\u00a0\u00a0\u00a0\u00a0\u00a0\u00a0\u00a0\u00a0\u00a0\u00a0\u00a0\u00a0\u00a0\u00a0\u00a0\u00a0\u00a0\u00a0\u00a0\u00a0\u00a0 745<br \/>\n1250\u00a0\u00a0\u00a0\u00a0\u00a0\u00a0\u00a0\u00a0\u00a0 8+9\u00a0\u00a0\u00a0\u00a0\u00a0\u00a0\u00a0\u00a0\u00a0\u00a0\u00a0\u00a0\u00a0\u00a0\u00a0\u00a0\u00a0\u00a0 661\u00a0\u00a0\u00a0\u00a0\u00a0\u00a0\u00a0\u00a0\u00a0\u00a0\u00a0\u00a0\u00a0\u00a0\u00a0\u00a0\u00a0\u00a0\u00a0\u00a0\u00a0\u00a0\u00a0\u00a0\u00a0\u00a0\u00a0\u00a0\u00a0 831<br \/>\n1400\u00a0\u00a0\u00a0\u00a0\u00a0\u00a0\u00a0\u00a0\u00a0 9+10\u00a0\u00a0\u00a0\u00a0\u00a0\u00a0\u00a0\u00a0\u00a0\u00a0\u00a0\u00a0\u00a0\u00a0\u00a0\u00a0 727\u00a0\u00a0\u00a0\u00a0\u00a0\u00a0\u00a0\u00a0\u00a0\u00a0\u00a0\u00a0\u00a0\u00a0\u00a0\u00a0\u00a0\u00a0\u00a0\u00a0\u00a0\u00a0\u00a0\u00a0\u00a0\u00a0\u00a0\u00a0 \u00a0917<br \/>\n1550\u00a0\u00a0\u00a0\u00a0\u00a0\u00a0\u00a0\u00a0 10+11\u00a0\u00a0\u00a0\u00a0\u00a0\u00a0\u00a0\u00a0\u00a0\u00a0\u00a0\u00a0\u00a0\u00a0\u00a0 793\u00a0\u00a0\u00a0\u00a0\u00a0\u00a0\u00a0\u00a0\u00a0\u00a0\u00a0\u00a0\u00a0\u00a0\u00a0\u00a0\u00a0\u00a0\u00a0\u00a0\u00a0\u00a0\u00a0\u00a0\u00a0\u00a0\u00a0\u00a0\u00a0 1003<br \/>\n1700\u00a0\u00a0\u00a0\u00a0\u00a0\u00a0\u00a0\u00a0 11+12\u00a0\u00a0\u00a0\u00a0\u00a0\u00a0\u00a0\u00a0\u00a0\u00a0\u00a0\u00a0\u00a0\u00a0\u00a0 859\u00a0\u00a0\u00a0\u00a0\u00a0\u00a0\u00a0\u00a0\u00a0\u00a0\u00a0\u00a0\u00a0\u00a0\u00a0\u00a0\u00a0\u00a0\u00a0\u00a0\u00a0\u00a0\u00a0\u00a0\u00a0\u00a0\u00a0\u00a0\u00a0 1089<br \/>\n1850\u00a0\u00a0\u00a0\u00a0\u00a0\u00a0\u00a0\u00a0 12+13\u00a0\u00a0\u00a0\u00a0\u00a0\u00a0\u00a0\u00a0\u00a0\u00a0\u00a0\u00a0\u00a0\u00a0\u00a0 925\u00a0\u00a0\u00a0\u00a0\u00a0\u00a0\u00a0\u00a0\u00a0\u00a0\u00a0\u00a0\u00a0\u00a0\u00a0\u00a0\u00a0\u00a0\u00a0\u00a0\u00a0\u00a0\u00a0\u00a0\u00a0\u00a0\u00a0\u00a0\u00a0\u00a01175<br \/>\n2000\u00a0\u00a0\u00a0\u00a0\u00a0\u00a0\u00a0\u00a0\u00a013+14\u00a0\u00a0\u00a0\u00a0\u00a0\u00a0\u00a0\u00a0\u00a0\u00a0\u00a0\u00a0\u00a0\u00a0\u00a0 991\u00a0\u00a0\u00a0\u00a0\u00a0\u00a0\u00a0\u00a0\u00a0\u00a0\u00a0\u00a0\u00a0\u00a0\u00a0\u00a0\u00a0\u00a0\u00a0\u00a0\u00a0\u00a0\u00a0\u00a0\u00a0\u00a0\u00a0\u00a0\u00a0\u00a01260<br \/>\n2150\u00a0\u00a0\u00a0\u00a0\u00a0\u00a0\u00a0\u00a0 14+15\u00a0\u00a0\u00a0\u00a0\u00a0\u00a0\u00a0\u00a0\u00a0\u00a0\u00a0\u00a0\u00a0\u00a0\u00a0 1057\u00a0\u00a0\u00a0\u00a0\u00a0\u00a0\u00a0\u00a0\u00a0\u00a0\u00a0\u00a0\u00a0\u00a0\u00a0\u00a0\u00a0\u00a0\u00a0\u00a0\u00a0\u00a0\u00a0\u00a0\u00a0\u00a0\u00a0\u00a01347<br \/>\n2300\u00a0\u00a0\u00a0\u00a0\u00a0\u00a0\u00a0\u00a0 15+16\u00a0\u00a0\u00a0\u00a0\u00a0\u00a0\u00a0\u00a0\u00a0\u00a0\u00a0\u00a0\u00a0\u00a0\u00a0\u00a01123\u00a0\u00a0\u00a0\u00a0\u00a0\u00a0\u00a0\u00a0\u00a0\u00a0\u00a0\u00a0\u00a0\u00a0\u00a0\u00a0\u00a0\u00a0\u00a0\u00a0\u00a0\u00a0\u00a0\u00a0\u00a0\u00a0\u00a0 1433<\/p>\n<p>T.b.v. Drehpflug, komplett, mit vanginichting und Dreipunktbock<br \/>\nArebitsbreite 200 mm pro Scheibe<\/p>\n<p>&nbsp;<\/p>\n<p><strong>Arbeitsbr. \u00a0Ringe\u00a0\u00a0\u00a0\u00a0\u00a0\u00a0 Gewicht G = 32\u00ba\u00a0\u00a0\u00a0\u00a0\u00a0\u00a0\u00a0\u00a0 Gewicht G = 45\u00ba<\/strong><br \/>\n1250\u00a0\u00a0\u00a0\u00a0\u00a0\u00a0\u00a0\u00a0\u00a0\u00a0 6+7\u00a0\u00a0\u00a0\u00a0\u00a0\u00a0\u00a0\u00a0\u00a0\u00a0\u00a0\u00a0\u00a0\u00a0\u00a0 529\u00a0\u00a0\u00a0\u00a0\u00a0\u00a0\u00a0\u00a0\u00a0\u00a0\u00a0\u00a0\u00a0\u00a0\u00a0\u00a0\u00a0\u00a0\u00a0\u00a0\u00a0\u00a0\u00a0\u00a0\u00a0\u00a0\u00a0\u00a0\u00a0\u00a0\u00a0 659<br \/>\n1450\u00a0\u00a0\u00a0\u00a0\u00a0\u00a0\u00a0\u00a0\u00a0\u00a0\u00a07+8\u00a0\u00a0\u00a0\u00a0\u00a0\u00a0\u00a0\u00a0\u00a0\u00a0\u00a0\u00a0\u00a0\u00a0\u00a0 595\u00a0\u00a0\u00a0\u00a0\u00a0\u00a0\u00a0\u00a0\u00a0\u00a0\u00a0\u00a0\u00a0\u00a0\u00a0\u00a0\u00a0\u00a0\u00a0\u00a0\u00a0\u00a0\u00a0\u00a0\u00a0\u00a0\u00a0\u00a0\u00a0\u00a0\u00a0\u00a0745<br \/>\n1650\u00a0\u00a0\u00a0\u00a0\u00a0\u00a0\u00a0\u00a0\u00a0\u00a0 8+9\u00a0\u00a0\u00a0\u00a0\u00a0\u00a0\u00a0\u00a0\u00a0\u00a0\u00a0\u00a0\u00a0\u00a0\u00a0 661\u00a0\u00a0\u00a0\u00a0\u00a0\u00a0\u00a0\u00a0\u00a0\u00a0\u00a0\u00a0\u00a0\u00a0\u00a0\u00a0\u00a0\u00a0\u00a0\u00a0\u00a0\u00a0\u00a0\u00a0\u00a0\u00a0\u00a0\u00a0\u00a0\u00a0\u00a0 831<br \/>\n1850\u00a0\u00a0\u00a0\u00a0\u00a0\u00a0\u00a0\u00a0\u00a0\u00a0 9+10\u00a0\u00a0\u00a0\u00a0\u00a0\u00a0\u00a0\u00a0\u00a0\u00a0\u00a0\u00a0\u00a0 727\u00a0\u00a0\u00a0\u00a0\u00a0\u00a0\u00a0\u00a0\u00a0\u00a0\u00a0\u00a0\u00a0\u00a0\u00a0\u00a0\u00a0\u00a0\u00a0\u00a0\u00a0\u00a0\u00a0\u00a0\u00a0\u00a0\u00a0\u00a0\u00a0\u00a0\u00a0 917<br \/>\n2050\u00a0\u00a0\u00a0\u00a0\u00a0\u00a0\u00a0\u00a0\u00a0\u00a0\u00a010+11\u00a0\u00a0\u00a0\u00a0\u00a0\u00a0\u00a0\u00a0\u00a0\u00a0\u00a0 793\u00a0\u00a0\u00a0\u00a0\u00a0\u00a0\u00a0\u00a0\u00a0\u00a0\u00a0\u00a0\u00a0\u00a0\u00a0\u00a0\u00a0\u00a0\u00a0\u00a0\u00a0\u00a0\u00a0\u00a0\u00a0\u00a0\u00a0\u00a0\u00a0\u00a0\u00a01003<br \/>\n2250\u00a0\u00a0\u00a0\u00a0\u00a0\u00a0\u00a0\u00a0\u00a0\u00a0\u00a011+12\u00a0\u00a0\u00a0\u00a0\u00a0\u00a0\u00a0\u00a0\u00a0\u00a0\u00a0\u00a0859\u00a0\u00a0\u00a0\u00a0\u00a0\u00a0\u00a0\u00a0\u00a0\u00a0\u00a0\u00a0\u00a0\u00a0\u00a0\u00a0\u00a0\u00a0\u00a0\u00a0\u00a0\u00a0\u00a0\u00a0\u00a0\u00a0\u00a0\u00a0\u00a0\u00a0 1089<\/p>\n<p>&nbsp;<\/p>\n<p><strong>Mehrpreis:<\/strong><\/p>\n<ul>\n<li>Fangarm-Drehpflug standard<\/li>\n<li>Fangarm-Drehpflug hydraulisch (R\u00fccken drehend)<\/li>\n<li>Bewegliche Scheibe 700 mm. Zahnwinkel 32\u00ba, 28,5 kg.<\/li>\n<li>Bewegliche Scheibe 700 mm. Zahnwinkel 45 \u00ba, 38 kg.&lt;<\/li>\n<\/ul>\n<p><a name=\"zibo-tandempade\"><\/a><br \/>\n<strong> Fordern Sie ein Angebot f\u00fcr dieses Produkt:<\/strong><br \/>\n<!-- SharpSpring Form for Zibo_DE_offerte_Packerwalze  --><br \/>\n<script type=\"text\/javascript\">\n    var ss_form = {'account': 'MzawMDEzMTU1AQA', 'formID': 'MzJJTkqxMDHUtTRIMdM1MUiz0LUwTUvRTbFMTTE2N0y1SE5JAwA'};\n    ss_form.width = '100%';\n    ss_form.height = '1000';\n    ss_form.domain = 'app-3QNCO4B3A0.marketingautomation.services';\n    \/\/ ss_form.hidden = {'field_id': 'value'}; \/\/ Modify this for sending hidden variables, or overriding values\n    \/\/ ss_form.target_id = 'target'; \/\/ Optional parameter: forms will be placed inside the element with the specified id\n    \/\/ ss_form.polling = true; \/\/ Optional parameter: set to true ONLY if your page loads dynamically and the id needs to be polled continually.\n<\/script><br \/>\n<script type=\"text\/javascript\" src=\"https:\/\/koi-3QNCO4B3A0.marketingautomation.services\/client\/form.js?ver=2.0.1\"><\/script><\/p>\n<p>Lesen Sie hier unsere <a href=\"https:\/\/archief.zibo.nl\/de\/privacybeleid\/\">Privacy Policy<\/a><\/p>\n","protected":false},"excerpt":{"rendered":"<p><strong>Fragen? Rufen Sie +31 (0)599 234 418<\/strong><\/p>\n<p><a href=\"#zibo-tandempade\"><img loading=\"lazy\" decoding=\"async\" class=\"alignnone size-full wp-image-14413\" src=\"https:\/\/archief.zibo.nl\/wp-content\/uploads\/2016\/04\/forden-sie-ein-angebot-button.png\" alt=\"forden-sie-ein-angebot-button\" width=\"182\" height=\"35\" srcset=\"https:\/\/archief.zibo.nl\/wp-content\/uploads\/2016\/04\/forden-sie-ein-angebot-button.png 182w, https:\/\/archief.zibo.nl\/wp-content\/uploads\/2016\/04\/forden-sie-ein-angebot-button-180x35.png 180w\" sizes=\"auto, (max-width: 182px) 100vw, 182px\" \/><\/a><\/p>\n","protected":false},"featured_media":8340,"template":"","meta":[],"product_brand":[],"product_cat":[263,271],"product_tag":[],"class_list":{"0":"post-8339","1":"product","2":"type-product","3":"status-publish","4":"has-post-thumbnail","6":"product_cat-produkte-de-de","7":"product_cat-zibo-packerwalze","9":"first","10":"instock","11":"shipping-taxable","12":"product-type-simple"},"_links":{"self":[{"href":"https:\/\/archief.zibo.nl\/de\/wp-json\/wp\/v2\/product\/8339","targetHints":{"allow":["GET"]}}],"collection":[{"href":"https:\/\/archief.zibo.nl\/de\/wp-json\/wp\/v2\/product"}],"about":[{"href":"https:\/\/archief.zibo.nl\/de\/wp-json\/wp\/v2\/types\/product"}],"wp:featuredmedia":[{"embeddable":true,"href":"https:\/\/archief.zibo.nl\/de\/wp-json\/wp\/v2\/media\/8340"}],"wp:attachment":[{"href":"https:\/\/archief.zibo.nl\/de\/wp-json\/wp\/v2\/media?parent=8339"}],"wp:term":[{"taxonomy":"product_brand","embeddable":true,"href":"https:\/\/archief.zibo.nl\/de\/wp-json\/wp\/v2\/product_brand?post=8339"},{"taxonomy":"product_cat","embeddable":true,"href":"https:\/\/archief.zibo.nl\/de\/wp-json\/wp\/v2\/product_cat?post=8339"},{"taxonomy":"product_tag","embeddable":true,"href":"https:\/\/archief.zibo.nl\/de\/wp-json\/wp\/v2\/product_tag?post=8339"}],"curies":[{"name":"wp","href":"https:\/\/api.w.org\/{rel}","templated":true}]}}