{"id":8385,"date":"2015-06-12T21:30:40","date_gmt":"2015-06-21T21:40:23","guid":{"rendered":"https:\/\/archief.zibo.nl\/?post_type=product&#038;p=8385"},"modified":"2019-07-17T15:32:01","modified_gmt":"2019-07-17T13:32:01","slug":"zibo-cameraset-aktie-kpl-set","status":"publish","type":"product","link":"https:\/\/archief.zibo.nl\/de\/produkt\/zibo-cameraset-aktie-kpl-set\/","title":{"rendered":"ZIBO Camerasysteme aktion!"},"content":{"rendered":"<h2>Zeigt die arbeitende maschine in Ihrer fahrerkabine !<\/h2>\n<p>Wetterfestes Kamerasystem f\u00fcr den mobilen Einsatz.\u00a0Anwendungsbereiche sind z.B.: R\u00fcckfahrkamera an LKW, Erdbewegungsmaschinen, Landmaschinen usw. Das System hat einen gro\u00dfen flachen 7&#8243; Farbbildschirm mit Ton und eine Kamera mit Infrarot LED-Lichtunterst\u00fctzung f\u00fcr Situationen mit wenig Umgebungslicht.<\/p>\n<p><strong>TECHNISCHE INFORMATIONEN<\/strong><\/p>\n<ul>\n<li>Spannungsumschaltbar (8-32 V DC)<\/li>\n<li>Stromverbrauch: &lt; 10 W<\/li>\n<li>Eing\u00e4nge f\u00fcr max. 3 Kameras<\/li>\n<li>Priorit\u00e4tsschaltung (f\u00fcr automatische Kanalwahl beim<\/li>\n<li>Einlegen des R\u00fcckw\u00e4rtsgangs)<\/li>\n<li>Auf 2 Kan\u00e4len automatischer Kanallauf m\u00f6glich;<\/li>\n<li>Intervallzeit von 2 bis 20 Sek. einstellbar<\/li>\n<li>7&#8243; TFT-LCD Farbbildschirm (189 x 122 x 24 mm)<\/li>\n<li>Temperaturbereich LCD-Schirm: -10\u00b0 bis + 50\u00b0C<\/li>\n<li>Spiegelfunktion auf Bildschirm-Eingangssignal<\/li>\n<li>Drahtlose Fernbedienung der Bildschirmfunktionen<\/li>\n<\/ul>\n<p>&nbsp;<\/p>\n<p><strong>TECHNISCHE INFORMATIONEN KAMERA<\/strong><\/p>\n<ul>\n<li>Kamera mit Sony CCD und Deckel und B\u00fcgel aus Edelstahl<\/li>\n<li>Minimal ben\u00f6tigtes Licht (ohne LED): 0,5 LUX<\/li>\n<li>\u00d6ffnungswinkel der Linse: 92\u00b0 (f=3,6 mm)<\/li>\n<li>Temperaturbereich Kamera: -30\u00b0 bis + 50\u00b0C (hat Linsenheizung)<\/li>\n<li>Die Kamera hat 1 m Kabel mit einer wasserdichten (IP67)\u00a0\u00a0\u00a0\u00a0\u00a0\u00a0\u00a0 Steckerverbindung<\/li>\n<li>Kamera-Anschlusskabe<\/li>\n<\/ul>\n<p>&nbsp;<\/p>\n<p><strong>INHALT SET<\/strong><\/p>\n<ul>\n<li>1 x Farbbildschirm mit Fernbedienung<\/li>\n<li>1 x Farbkamera 92\u00b0<\/li>\n<li>1 x Anschluss-\/Schaltkasten<\/li>\n<li>1x Kamera-Anschlusskabel 20 m<\/li>\n<li>Montagematerial<\/li>\n<li>Gebrauchsanweisung<\/li>\n<\/ul>\n<p>&nbsp;<\/p>\n<p><strong>SUPERANGEBOT\u00a0\u20ac 295,= kpl. set excl. mwst<\/strong><\/p>\n<p><a name=\"zibo-camde\"><\/a><br \/>\n<strong> Fordern Sie ein Angebot f\u00fcr dieses Produkt:<\/strong><br \/>\n<!-- SharpSpring Form for Zibo_DE_offerte_Ersatzteile  --><br \/>\n<script type=\"text\/javascript\">\n    var ss_form = {'account': 'MzawMDEzMTU1AQA', 'formID': 'M0wxNzA2SjHVNTRLTNU1SUlN1rUwTkvWTTQxMDBNtEizNLVIBAA'};\n    ss_form.width = '100%';\n    ss_form.height = '1000';\n    ss_form.domain = 'app-3QNCO4B3A0.marketingautomation.services';\n    \/\/ ss_form.hidden = {'field_id': 'value'}; \/\/ Modify this for sending hidden variables, or overriding values\n    \/\/ ss_form.target_id = 'target'; \/\/ Optional parameter: forms will be placed inside the element with the specified id\n    \/\/ ss_form.polling = true; \/\/ Optional parameter: set to true ONLY if your page loads dynamically and the id needs to be polled continually.\n<\/script><br \/>\n<script type=\"text\/javascript\" src=\"https:\/\/koi-3QNCO4B3A0.marketingautomation.services\/client\/form.js?ver=2.0.1\"><\/script><br \/>\nLesen Sie hier unsere <a href=\"https:\/\/archief.zibo.nl\/de\/privacybeleid\/\">Privacy Policy<\/a><\/p>\n","protected":false},"excerpt":{"rendered":"<p><strong>Fragen? Rufen Sie +31 (0)599 234 418<\/strong><\/p>\n<p><a href=\"#zibo-camde\"><img loading=\"lazy\" decoding=\"async\" class=\"alignnone size-full wp-image-14413\" src=\"https:\/\/archief.zibo.nl\/wp-content\/uploads\/2016\/04\/forden-sie-ein-angebot-button.png\" alt=\"forden-sie-ein-angebot-button\" width=\"182\" height=\"35\" srcset=\"https:\/\/archief.zibo.nl\/wp-content\/uploads\/2016\/04\/forden-sie-ein-angebot-button.png 182w, https:\/\/archief.zibo.nl\/wp-content\/uploads\/2016\/04\/forden-sie-ein-angebot-button-180x35.png 180w\" sizes=\"auto, (max-width: 182px) 100vw, 182px\" \/><\/a><\/p>\n","protected":false},"featured_media":8387,"template":"","meta":[],"product_brand":[],"product_cat":[262,263],"product_tag":[],"class_list":{"0":"post-8385","1":"product","2":"type-product","3":"status-publish","4":"has-post-thumbnail","6":"product_cat-rest-de-de","7":"product_cat-produkte-de-de","9":"first","10":"instock","11":"shipping-taxable","12":"product-type-simple"},"_links":{"self":[{"href":"https:\/\/archief.zibo.nl\/de\/wp-json\/wp\/v2\/product\/8385","targetHints":{"allow":["GET"]}}],"collection":[{"href":"https:\/\/archief.zibo.nl\/de\/wp-json\/wp\/v2\/product"}],"about":[{"href":"https:\/\/archief.zibo.nl\/de\/wp-json\/wp\/v2\/types\/product"}],"wp:featuredmedia":[{"embeddable":true,"href":"https:\/\/archief.zibo.nl\/de\/wp-json\/wp\/v2\/media\/8387"}],"wp:attachment":[{"href":"https:\/\/archief.zibo.nl\/de\/wp-json\/wp\/v2\/media?parent=8385"}],"wp:term":[{"taxonomy":"product_brand","embeddable":true,"href":"https:\/\/archief.zibo.nl\/de\/wp-json\/wp\/v2\/product_brand?post=8385"},{"taxonomy":"product_cat","embeddable":true,"href":"https:\/\/archief.zibo.nl\/de\/wp-json\/wp\/v2\/product_cat?post=8385"},{"taxonomy":"product_tag","embeddable":true,"href":"https:\/\/archief.zibo.nl\/de\/wp-json\/wp\/v2\/product_tag?post=8385"}],"curies":[{"name":"wp","href":"https:\/\/api.w.org\/{rel}","templated":true}]}}