{"id":15517,"date":"2019-07-09T12:04:09","date_gmt":"2019-07-09T10:04:09","guid":{"rendered":"https:\/\/archief.zibo.nl\/produits\/"},"modified":"2019-09-27T15:45:13","modified_gmt":"2019-09-27T13:45:13","slug":"produits","status":"publish","type":"page","link":"https:\/\/archief.zibo.nl\/fr\/produits\/","title":{"rendered":"Produits"},"content":{"rendered":"<div  class='flex_column av-13yyumx-57e290ee1e6b50199c225c70fecf3afd av_one_third  avia-builder-el-0  el_before_av_one_third  avia-builder-el-first  first flex_column_div  '     ><p>\n<style type=\"text\/css\" data-created_by=\"avia_inline_auto\" id=\"style-css-av-an99ont-e0b8b377e1b85eed41bd1a9ad1f7e0d3\">\n.avia-image-container.av-an99ont-e0b8b377e1b85eed41bd1a9ad1f7e0d3 img.avia_image{\nbox-shadow:none;\n}\n.avia-image-container.av-an99ont-e0b8b377e1b85eed41bd1a9ad1f7e0d3 .av-image-caption-overlay-center{\ncolor:#ffffff;\n}\n<\/style>\n<div  class='avia-image-container av-an99ont-e0b8b377e1b85eed41bd1a9ad1f7e0d3 av-styling- av-img-linked avia-align-center  avia-builder-el-1  el_before_av_heading  avia-builder-el-first '   itemprop=\"image\" itemscope=\"itemscope\" itemtype=\"https:\/\/schema.org\/ImageObject\" ><div class=\"avia-image-container-inner\"><div class=\"avia-image-overlay-wrap\"><a href=\"https:\/\/archief.zibo.nl\/fr\/product-category\/semis-semoir-dosage\/\" class='avia_image '  ><img decoding=\"async\" fetchpriority=\"high\" class='wp-image- avia-img-lazy-loading-not- avia_image ' src=\"https:\/\/archief.zibo.nl\/wp-content\/uploads\/2016\/03\/pneumatische-zaaimachine.jpg\" alt='' title=''   itemprop=\"thumbnailUrl\"  \/><\/a><\/div><\/div><\/div><br \/>\n\n<style type=\"text\/css\" data-created_by=\"avia_inline_auto\" id=\"style-css-av-k126e7yi-225e383bf60e603b72822e0b92b50f30\">\n#top .av-special-heading.av-k126e7yi-225e383bf60e603b72822e0b92b50f30{\npadding-bottom:25px;\ncolor:#a81010;\nfont-size:22px;\n}\nbody .av-special-heading.av-k126e7yi-225e383bf60e603b72822e0b92b50f30 .av-special-heading-tag .heading-char{\nfont-size:25px;\n}\n#top #wrap_all .av-special-heading.av-k126e7yi-225e383bf60e603b72822e0b92b50f30 .av-special-heading-tag{\nfont-size:22px;\n}\n.av-special-heading.av-k126e7yi-225e383bf60e603b72822e0b92b50f30 .special-heading-inner-border{\nborder-color:#a81010;\n}\n.av-special-heading.av-k126e7yi-225e383bf60e603b72822e0b92b50f30 .av-subheading{\nfont-size:15px;\n}\n\n@media only screen and (min-width: 480px) and (max-width: 767px){ \n#top #wrap_all .av-special-heading.av-k126e7yi-225e383bf60e603b72822e0b92b50f30 .av-special-heading-tag{\nfont-size:0.8em;\n}\n}\n\n@media only screen and (max-width: 479px){ \n#top #wrap_all .av-special-heading.av-k126e7yi-225e383bf60e603b72822e0b92b50f30 .av-special-heading-tag{\nfont-size:0.8em;\n}\n}\n<\/style>\n<div  class='av-special-heading av-k126e7yi-225e383bf60e603b72822e0b92b50f30 av-special-heading-h1 custom-color-heading blockquote modern-quote  avia-builder-el-2  el_after_av_image  el_before_av_button  av-inherit-size av-linked-heading'><h1 class='av-special-heading-tag '  itemprop=\"headline\"  ><a class=\"av-heading-link\" href=\"https:\/\/archief.zibo.nl\/fr\/product-category\/semis-semoir-dosage\/\" >Semis \/ Semoir \/ Dosage<\/a><\/h1><div class=\"special-heading-border\"><div class=\"special-heading-inner-border\"><\/div><\/div><\/div><br \/>\n<div  class='avia-button-wrap av-9wvckzd-a31e53328ef3f2b988a9f9dec82393cd-wrap avia-button-left  avia-builder-el-3  el_after_av_heading  avia-builder-el-last '><a href='https:\/\/archief.zibo.nl\/fr\/product-category\/semis-semoir-dosage\/'  class='avia-button av-9wvckzd-a31e53328ef3f2b988a9f9dec82393cd av-link-btn avia-icon_select-yes-left-icon avia-size-small avia-position-left avia-color-theme-color'   aria-label=\"Voir le produit\"><span class='avia_button_icon avia_button_icon_left avia-iconfont avia-font-entypo-fontello' data-av_icon='\ue832' data-av_iconfont='entypo-fontello' ><\/span><span class='avia_iconbox_title' >Voir le produit<\/span><\/a><\/div><\/p><\/div>\n<style type=\"text\/css\" data-created_by=\"avia_inline_auto\" id=\"style-css-av-9bdnsd5-d61e28ee1644e8e7b03c34f4768e3a09\">\n.flex_column.av-9bdnsd5-d61e28ee1644e8e7b03c34f4768e3a09{\nborder-radius:0px 0px 0px 0px;\npadding:0px 0px 0px 0px;\n}\n<\/style>\n<div  class='flex_column av-9bdnsd5-d61e28ee1644e8e7b03c34f4768e3a09 av_one_third  avia-builder-el-4  el_after_av_one_third  el_before_av_one_third  flex_column_div av-zero-column-padding  '     ><p>\n<style type=\"text\/css\" data-created_by=\"avia_inline_auto\" id=\"style-css-av-90lh5y1-5f10a4d491ba58421bee14de915986eb\">\n.avia-image-container.av-90lh5y1-5f10a4d491ba58421bee14de915986eb img.avia_image{\nbox-shadow:none;\n}\n.avia-image-container.av-90lh5y1-5f10a4d491ba58421bee14de915986eb .av-image-caption-overlay-center{\ncolor:#ffffff;\n}\n<\/style>\n<div  class='avia-image-container av-90lh5y1-5f10a4d491ba58421bee14de915986eb av-styling- av-img-linked avia-align-center  avia-builder-el-5  el_before_av_heading  avia-builder-el-first '   itemprop=\"image\" itemscope=\"itemscope\" itemtype=\"https:\/\/schema.org\/ImageObject\" ><div class=\"avia-image-container-inner\"><div class=\"avia-image-overlay-wrap\"><a href=\"https:\/\/archief.zibo.nl\/fr\/product-category\/soin-des-cultures\/\" class='avia_image '  ><img decoding=\"async\" fetchpriority=\"high\" class='wp-image- avia-img-lazy-loading-not- avia_image ' src=\"https:\/\/archief.zibo.nl\/wp-content\/uploads\/2016\/03\/rugvormer.jpg\" alt='' title=''   itemprop=\"thumbnailUrl\"  \/><\/a><\/div><\/div><\/div><br \/>\n\n<style type=\"text\/css\" data-created_by=\"avia_inline_auto\" id=\"style-css-av-k126f8dr-c58e0adde748186da5ca5b3e4074e985\">\n#top .av-special-heading.av-k126f8dr-c58e0adde748186da5ca5b3e4074e985{\npadding-bottom:25px;\ncolor:#a81010;\nfont-size:22px;\n}\nbody .av-special-heading.av-k126f8dr-c58e0adde748186da5ca5b3e4074e985 .av-special-heading-tag .heading-char{\nfont-size:25px;\n}\n#top #wrap_all .av-special-heading.av-k126f8dr-c58e0adde748186da5ca5b3e4074e985 .av-special-heading-tag{\nfont-size:22px;\n}\n.av-special-heading.av-k126f8dr-c58e0adde748186da5ca5b3e4074e985 .special-heading-inner-border{\nborder-color:#a81010;\n}\n.av-special-heading.av-k126f8dr-c58e0adde748186da5ca5b3e4074e985 .av-subheading{\nfont-size:15px;\n}\n\n@media only screen and (min-width: 480px) and (max-width: 767px){ \n#top #wrap_all .av-special-heading.av-k126f8dr-c58e0adde748186da5ca5b3e4074e985 .av-special-heading-tag{\nfont-size:0.8em;\n}\n}\n\n@media only screen and (max-width: 479px){ \n#top #wrap_all .av-special-heading.av-k126f8dr-c58e0adde748186da5ca5b3e4074e985 .av-special-heading-tag{\nfont-size:0.8em;\n}\n}\n<\/style>\n<div  class='av-special-heading av-k126f8dr-c58e0adde748186da5ca5b3e4074e985 av-special-heading-h1 custom-color-heading blockquote modern-quote  avia-builder-el-6  el_after_av_image  el_before_av_button  av-inherit-size av-linked-heading'><h1 class='av-special-heading-tag '  itemprop=\"headline\"  ><a class=\"av-heading-link\" href=\"https:\/\/archief.zibo.nl\/fr\/product-category\/soin-des-cultures\/\" >Soin des cultures<\/a><\/h1><div class=\"special-heading-border\"><div class=\"special-heading-inner-border\"><\/div><\/div><\/div><br \/>\n<div  class='avia-button-wrap av-86lgul5-60832a6125c99d0d93b2b3e271b1d69f-wrap avia-button-left  avia-builder-el-7  el_after_av_heading  avia-builder-el-last '><a href='https:\/\/archief.zibo.nl\/fr\/product-category\/soin-des-cultures\/'  class='avia-button av-86lgul5-60832a6125c99d0d93b2b3e271b1d69f av-link-btn avia-icon_select-yes-left-icon avia-size-small avia-position-left avia-color-theme-color'   aria-label=\"Voir le produit\"><span class='avia_button_icon avia_button_icon_left avia-iconfont avia-font-entypo-fontello' data-av_icon='\ue832' data-av_iconfont='entypo-fontello' ><\/span><span class='avia_iconbox_title' >Voir le produit<\/span><\/a><\/div><\/p><\/div>\n<style type=\"text\/css\" data-created_by=\"avia_inline_auto\" id=\"style-css-av-7qy6n5l-62195c7d3b1bbe9e33798a9bebcf6b9a\">\n.flex_column.av-7qy6n5l-62195c7d3b1bbe9e33798a9bebcf6b9a{\nborder-radius:0px 0px 0px 0px;\npadding:0px 0px 0px 0px;\n}\n<\/style>\n<div  class='flex_column av-7qy6n5l-62195c7d3b1bbe9e33798a9bebcf6b9a av_one_third  avia-builder-el-8  el_after_av_one_third  el_before_av_one_third  flex_column_div av-zero-column-padding  '     ><p>\n<style type=\"text\/css\" data-created_by=\"avia_inline_auto\" id=\"style-css-av-7a2jn5l-68d880fdd4f93130de492ec80a2ca6d9\">\n.avia-image-container.av-7a2jn5l-68d880fdd4f93130de492ec80a2ca6d9 img.avia_image{\nbox-shadow:none;\n}\n.avia-image-container.av-7a2jn5l-68d880fdd4f93130de492ec80a2ca6d9 .av-image-caption-overlay-center{\ncolor:#ffffff;\n}\n<\/style>\n<div  class='avia-image-container av-7a2jn5l-68d880fdd4f93130de492ec80a2ca6d9 av-styling- av-img-linked avia-align-center  avia-builder-el-9  el_before_av_heading  avia-builder-el-first '   itemprop=\"image\" itemscope=\"itemscope\" itemtype=\"https:\/\/schema.org\/ImageObject\" ><div class=\"avia-image-container-inner\"><div class=\"avia-image-overlay-wrap\"><a href=\"https:\/\/archief.zibo.nl\/fr\/product-category\/travail-du-sol\/\" class='avia_image '  aria-label='P19-2654622277'><img decoding=\"async\" fetchpriority=\"high\" class='wp-image-15520 avia-img-lazy-loading-not-15520 avia_image ' src=\"https:\/\/archief.zibo.nl\/wp-content\/uploads\/2016\/04\/P19-2654622277.jpg\" alt='' title='P19-2654622277'  height=\"750\" width=\"1000\"  itemprop=\"thumbnailUrl\" srcset=\"https:\/\/archief.zibo.nl\/wp-content\/uploads\/2016\/04\/P19-2654622277.jpg 1000w, https:\/\/archief.zibo.nl\/wp-content\/uploads\/2016\/04\/P19-2654622277-450x338.jpg 450w, https:\/\/archief.zibo.nl\/wp-content\/uploads\/2016\/04\/P19-2654622277-300x225.jpg 300w, https:\/\/archief.zibo.nl\/wp-content\/uploads\/2016\/04\/P19-2654622277-768x576.jpg 768w, https:\/\/archief.zibo.nl\/wp-content\/uploads\/2016\/04\/P19-2654622277-705x529.jpg 705w\" sizes=\"(max-width: 1000px) 100vw, 1000px\" \/><\/a><\/div><\/div><\/div><br \/>\n\n<style type=\"text\/css\" data-created_by=\"avia_inline_auto\" id=\"style-css-av-k126g07c-2ec3d13a1dd52177e151de3ee0fb47af\">\n#top .av-special-heading.av-k126g07c-2ec3d13a1dd52177e151de3ee0fb47af{\npadding-bottom:25px;\ncolor:#a81010;\nfont-size:22px;\n}\nbody .av-special-heading.av-k126g07c-2ec3d13a1dd52177e151de3ee0fb47af .av-special-heading-tag .heading-char{\nfont-size:25px;\n}\n#top #wrap_all .av-special-heading.av-k126g07c-2ec3d13a1dd52177e151de3ee0fb47af .av-special-heading-tag{\nfont-size:22px;\n}\n.av-special-heading.av-k126g07c-2ec3d13a1dd52177e151de3ee0fb47af .special-heading-inner-border{\nborder-color:#a81010;\n}\n.av-special-heading.av-k126g07c-2ec3d13a1dd52177e151de3ee0fb47af .av-subheading{\nfont-size:15px;\n}\n\n@media only screen and (min-width: 480px) and (max-width: 767px){ \n#top #wrap_all .av-special-heading.av-k126g07c-2ec3d13a1dd52177e151de3ee0fb47af .av-special-heading-tag{\nfont-size:0.8em;\n}\n}\n\n@media only screen and (max-width: 479px){ \n#top #wrap_all .av-special-heading.av-k126g07c-2ec3d13a1dd52177e151de3ee0fb47af .av-special-heading-tag{\nfont-size:0.8em;\n}\n}\n<\/style>\n<div  class='av-special-heading av-k126g07c-2ec3d13a1dd52177e151de3ee0fb47af av-special-heading-h1 custom-color-heading blockquote modern-quote  avia-builder-el-10  el_after_av_image  el_before_av_button  av-inherit-size av-linked-heading'><h1 class='av-special-heading-tag '  itemprop=\"headline\"  ><a class=\"av-heading-link\" href=\"https:\/\/archief.zibo.nl\/fr\/product-category\/travail-du-sol\/\" >Travail de sol<\/a><\/h1><div class=\"special-heading-border\"><div class=\"special-heading-inner-border\"><\/div><\/div><\/div><br \/>\n<div  class='avia-button-wrap av-6evq9eh-67462acf8e5126486b74f3970dfd1d89-wrap avia-button-left  avia-builder-el-11  el_after_av_heading  avia-builder-el-last '><a href='\/fr\/product-category\/travail-du-sol\/'  class='avia-button av-6evq9eh-67462acf8e5126486b74f3970dfd1d89 av-link-btn avia-icon_select-yes-left-icon avia-size-small avia-position-left avia-color-theme-color'   aria-label=\"Voir le produit\"><span class='avia_button_icon avia_button_icon_left avia-iconfont avia-font-entypo-fontello' data-av_icon='\ue832' data-av_iconfont='entypo-fontello' ><\/span><span class='avia_iconbox_title' >Voir le produit<\/span><\/a><\/div><\/p><\/div><div  class='flex_column av-5rzfmd5-7959e92b069dc3dd01bc967cb2ef59aa av_one_third  avia-builder-el-12  el_after_av_one_third  el_before_av_one_third  first flex_column_div  column-top-margin'     ><p>\n<style type=\"text\/css\" data-created_by=\"avia_inline_auto\" id=\"style-css-av-ihvhmh-201d7a39dce99dad1d44d6a9361d894c\">\n.avia-image-container.av-ihvhmh-201d7a39dce99dad1d44d6a9361d894c img.avia_image{\nbox-shadow:none;\n}\n.avia-image-container.av-ihvhmh-201d7a39dce99dad1d44d6a9361d894c .av-image-caption-overlay-center{\ncolor:#ffffff;\n}\n<\/style>\n<div  class='avia-image-container av-ihvhmh-201d7a39dce99dad1d44d6a9361d894c av-styling- av-img-linked avia-align-center  avia-builder-el-13  el_before_av_heading  avia-builder-el-first '   itemprop=\"image\" itemscope=\"itemscope\" itemtype=\"https:\/\/schema.org\/ImageObject\" ><div class=\"avia-image-container-inner\"><div class=\"avia-image-overlay-wrap\"><a href=\"https:\/\/zeefbanden.nl\/en\/\" class='avia_image '  target=\"_blank\"  rel=\"noopener noreferrer\" ><img decoding=\"async\" fetchpriority=\"high\" class='wp-image- avia-img-lazy-loading-not- avia_image ' src=\"https:\/\/archief.zibo.nl\/wp-content\/uploads\/2016\/04\/DSC_5890.jpg\" alt='' title=''   itemprop=\"thumbnailUrl\"  \/><\/a><\/div><\/div><\/div><br \/>\n\n<style type=\"text\/css\" data-created_by=\"avia_inline_auto\" id=\"style-css-av-av_heading-cdfa165ee0d75371ee45ac30a24e77fd\">\n#top .av-special-heading.av-av_heading-cdfa165ee0d75371ee45ac30a24e77fd{\npadding-bottom:25px;\ncolor:#a81010;\nfont-size:22px;\n}\nbody .av-special-heading.av-av_heading-cdfa165ee0d75371ee45ac30a24e77fd .av-special-heading-tag .heading-char{\nfont-size:25px;\n}\n#top #wrap_all .av-special-heading.av-av_heading-cdfa165ee0d75371ee45ac30a24e77fd .av-special-heading-tag{\nfont-size:22px;\n}\n.av-special-heading.av-av_heading-cdfa165ee0d75371ee45ac30a24e77fd .special-heading-inner-border{\nborder-color:#a81010;\n}\n.av-special-heading.av-av_heading-cdfa165ee0d75371ee45ac30a24e77fd .av-subheading{\nfont-size:15px;\n}\n\n@media only screen and (min-width: 480px) and (max-width: 767px){ \n#top #wrap_all .av-special-heading.av-av_heading-cdfa165ee0d75371ee45ac30a24e77fd .av-special-heading-tag{\nfont-size:0.8em;\n}\n}\n\n@media only screen and (max-width: 479px){ \n#top #wrap_all .av-special-heading.av-av_heading-cdfa165ee0d75371ee45ac30a24e77fd .av-special-heading-tag{\nfont-size:0.8em;\n}\n}\n<\/style>\n<div  class='av-special-heading av-av_heading-cdfa165ee0d75371ee45ac30a24e77fd av-special-heading-h1 custom-color-heading blockquote modern-quote  avia-builder-el-14  el_after_av_image  el_before_av_button  av-inherit-size av-linked-heading'><h1 class='av-special-heading-tag '  itemprop=\"headline\"  ><a class=\"av-heading-link\" href=\"http:\/\/zeefbanden.nl\/en\/\" target=\"_blank\"  rel=\"noopener noreferrer\" >Couroies de tamisage<\/a><\/h1><div class=\"special-heading-border\"><div class=\"special-heading-inner-border\"><\/div><\/div><\/div><br \/>\n<div  class='avia-button-wrap av-47vzfkp-2b21adfed55c0d3c27e0d05ba4f4a900-wrap avia-button-left  avia-builder-el-15  el_after_av_heading  avia-builder-el-last '><a href='http:\/\/zeefbanden.nl\/en\/'  class='avia-button av-47vzfkp-2b21adfed55c0d3c27e0d05ba4f4a900 av-link-btn avia-icon_select-yes-left-icon avia-size-small avia-position-left avia-color-theme-color'  target=\"_blank\"  rel=\"noopener noreferrer\"  aria-label=\"Voir le produit\"><span class='avia_button_icon avia_button_icon_left avia-iconfont avia-font-entypo-fontello' data-av_icon='\ue832' data-av_iconfont='entypo-fontello' ><\/span><span class='avia_iconbox_title' >Voir le produit<\/span><\/a><\/div><\/p><\/div>\n<style type=\"text\/css\" data-created_by=\"avia_inline_auto\" id=\"style-css-av-3t8nt2x-5327cb1d8acc15ff289b9b2767ce6f98\">\n.flex_column.av-3t8nt2x-5327cb1d8acc15ff289b9b2767ce6f98{\nborder-radius:0px 0px 0px 0px;\npadding:0px 0px 0px 0px;\n}\n<\/style>\n<div  class='flex_column av-3t8nt2x-5327cb1d8acc15ff289b9b2767ce6f98 av_one_third  avia-builder-el-16  el_after_av_one_third  avia-builder-el-last  flex_column_div av-zero-column-padding  column-top-margin'     ><p>\n<style type=\"text\/css\" data-created_by=\"avia_inline_auto\" id=\"style-css-av-cs6849-b4d38bf99ae1e03cdae4854c135b7414\">\n.avia-image-container.av-cs6849-b4d38bf99ae1e03cdae4854c135b7414 img.avia_image{\nbox-shadow:none;\n}\n.avia-image-container.av-cs6849-b4d38bf99ae1e03cdae4854c135b7414 .av-image-caption-overlay-center{\ncolor:#ffffff;\n}\n<\/style>\n<div  class='avia-image-container av-cs6849-b4d38bf99ae1e03cdae4854c135b7414 av-styling- av-img-linked avia-align-center  avia-builder-el-17  el_before_av_hr  avia-builder-el-first '   itemprop=\"image\" itemscope=\"itemscope\" itemtype=\"https:\/\/schema.org\/ImageObject\" ><div class=\"avia-image-container-inner\"><div class=\"avia-image-overlay-wrap\"><a href=\"https:\/\/archief.zibo.nl\/fr\/product-category\/pieces-detachees\/\" class='avia_image '  aria-label='onderdelen tekening 3'><img decoding=\"async\" fetchpriority=\"high\" class='wp-image-16296 avia-img-lazy-loading-not-16296 avia_image ' src=\"https:\/\/archief.zibo.nl\/wp-content\/uploads\/2016\/04\/onderdelen-tekening-3.jpg\" alt='' title='onderdelen tekening 3'  height=\"1410\" width=\"2383\"  itemprop=\"thumbnailUrl\" srcset=\"https:\/\/archief.zibo.nl\/wp-content\/uploads\/2016\/04\/onderdelen-tekening-3.jpg 2383w, https:\/\/archief.zibo.nl\/wp-content\/uploads\/2016\/04\/onderdelen-tekening-3-450x266.jpg 450w, https:\/\/archief.zibo.nl\/wp-content\/uploads\/2016\/04\/onderdelen-tekening-3-300x178.jpg 300w, https:\/\/archief.zibo.nl\/wp-content\/uploads\/2016\/04\/onderdelen-tekening-3-768x454.jpg 768w, https:\/\/archief.zibo.nl\/wp-content\/uploads\/2016\/04\/onderdelen-tekening-3-1030x609.jpg 1030w, https:\/\/archief.zibo.nl\/wp-content\/uploads\/2016\/04\/onderdelen-tekening-3-1500x888.jpg 1500w, https:\/\/archief.zibo.nl\/wp-content\/uploads\/2016\/04\/onderdelen-tekening-3-705x417.jpg 705w\" sizes=\"(max-width: 2383px) 100vw, 2383px\" \/><\/a><\/div><\/div><\/div><br \/>\n\n<style type=\"text\/css\" data-created_by=\"avia_inline_auto\" id=\"style-css-av-jy4hfbv1-7ee8a862461089dba9ae40e80b2f7888\">\n#top .hr.hr-invisible.av-jy4hfbv1-7ee8a862461089dba9ae40e80b2f7888{\nheight:19px;\n}\n<\/style>\n<div  class='hr av-jy4hfbv1-7ee8a862461089dba9ae40e80b2f7888 hr-invisible  avia-builder-el-18  el_after_av_image  el_before_av_heading '><span class='hr-inner '><span class=\"hr-inner-style\"><\/span><\/span><\/div><br \/>\n\n<style type=\"text\/css\" data-created_by=\"avia_inline_auto\" id=\"style-css-av-av_heading-f5494f16a2368e884abec4b38cc276e6\">\n#top .av-special-heading.av-av_heading-f5494f16a2368e884abec4b38cc276e6{\npadding-bottom:25px;\ncolor:#a81010;\nfont-size:22px;\n}\nbody .av-special-heading.av-av_heading-f5494f16a2368e884abec4b38cc276e6 .av-special-heading-tag .heading-char{\nfont-size:25px;\n}\n#top #wrap_all .av-special-heading.av-av_heading-f5494f16a2368e884abec4b38cc276e6 .av-special-heading-tag{\nfont-size:22px;\n}\n.av-special-heading.av-av_heading-f5494f16a2368e884abec4b38cc276e6 .special-heading-inner-border{\nborder-color:#a81010;\n}\n.av-special-heading.av-av_heading-f5494f16a2368e884abec4b38cc276e6 .av-subheading{\nfont-size:15px;\n}\n\n@media only screen and (min-width: 480px) and (max-width: 767px){ \n#top #wrap_all .av-special-heading.av-av_heading-f5494f16a2368e884abec4b38cc276e6 .av-special-heading-tag{\nfont-size:0.8em;\n}\n}\n\n@media only screen and (max-width: 479px){ \n#top #wrap_all .av-special-heading.av-av_heading-f5494f16a2368e884abec4b38cc276e6 .av-special-heading-tag{\nfont-size:0.8em;\n}\n}\n<\/style>\n<div  class='av-special-heading av-av_heading-f5494f16a2368e884abec4b38cc276e6 av-special-heading-h1 custom-color-heading blockquote modern-quote  avia-builder-el-19  el_after_av_hr  el_before_av_button  av-inherit-size av-linked-heading'><h1 class='av-special-heading-tag '  itemprop=\"headline\"  ><a class=\"av-heading-link\" href=\"\/fr\/product-category\/pieces-detachees\/\" >Pi\u00e8ces d\u00e9tach\u00e9es<\/a><\/h1><div class=\"special-heading-border\"><div class=\"special-heading-inner-border\"><\/div><\/div><\/div><br \/>\n<div  class='avia-button-wrap av-2oibba1-9a973fcbdf22c7827ae2e12f86779fd8-wrap avia-button-left  avia-builder-el-20  el_after_av_heading  avia-builder-el-last '><a href='https:\/\/archief.zibo.nl\/fr\/product-category\/pieces-detachees\/'  class='avia-button av-2oibba1-9a973fcbdf22c7827ae2e12f86779fd8 av-link-btn avia-icon_select-yes-left-icon avia-size-small avia-position-left avia-color-theme-color'   aria-label=\"Voir le produit\"><span class='avia_button_icon avia_button_icon_left avia-iconfont avia-font-entypo-fontello' data-av_icon='\ue832' data-av_iconfont='entypo-fontello' ><\/span><span class='avia_iconbox_title' >Voir le produit<\/span><\/a><\/div><\/p><\/div><\/p>\n","protected":false},"excerpt":{"rendered":"","protected":false},"author":1,"featured_media":0,"parent":0,"menu_order":0,"comment_status":"closed","ping_status":"closed","template":"","meta":{"footnotes":""},"class_list":["post-15517","page","type-page","status-publish","hentry"],"_links":{"self":[{"href":"https:\/\/archief.zibo.nl\/fr\/wp-json\/wp\/v2\/pages\/15517","targetHints":{"allow":["GET"]}}],"collection":[{"href":"https:\/\/archief.zibo.nl\/fr\/wp-json\/wp\/v2\/pages"}],"about":[{"href":"https:\/\/archief.zibo.nl\/fr\/wp-json\/wp\/v2\/types\/page"}],"author":[{"embeddable":true,"href":"https:\/\/archief.zibo.nl\/fr\/wp-json\/wp\/v2\/users\/1"}],"replies":[{"embeddable":true,"href":"https:\/\/archief.zibo.nl\/fr\/wp-json\/wp\/v2\/comments?post=15517"}],"version-history":[{"count":2,"href":"https:\/\/archief.zibo.nl\/fr\/wp-json\/wp\/v2\/pages\/15517\/revisions"}],"predecessor-version":[{"id":16725,"href":"https:\/\/archief.zibo.nl\/fr\/wp-json\/wp\/v2\/pages\/15517\/revisions\/16725"}],"wp:attachment":[{"href":"https:\/\/archief.zibo.nl\/fr\/wp-json\/wp\/v2\/media?parent=15517"}],"curies":[{"name":"wp","href":"https:\/\/api.w.org\/{rel}","templated":true}]}}