{"id":15544,"date":"2019-07-16T08:51:53","date_gmt":"2019-06-12T09:51:53","guid":{"rendered":"https:\/\/archief.zibo.nl\/product\/draineuse-zibo\/"},"modified":"2023-07-14T08:50:52","modified_gmt":"2023-07-14T06:50:52","slug":"draineuse-zibo","status":"publish","type":"product","link":"https:\/\/archief.zibo.nl\/fr\/produit\/draineuse-zibo\/","title":{"rendered":"Draineuse ZIBO"},"content":{"rendered":"<div class=\"clearfix alinea\">\n<p><iframe loading=\"lazy\" src=\"https:\/\/www.youtube.com\/embed\/hYfWRKqTvnQ?rel=0\" width=\"560\" height=\"315\" frameborder=\"0\" allowfullscreen=\"allowfullscreen\"><\/iframe><\/p>\n<div class=\"component-youtube\" style=\"text-align: left;\"><\/div>\n<div class=\"component-youtube\" style=\"text-align: left;\"><iframe loading=\"lazy\" class=\"youtube-iframe\" src=\"https:\/\/www.youtube.com\/embed\/XRAqLNjFpXg?rel=0&amp;hd=1&amp;modestbranding=1\" width=\"75%\" height=\"300\" data-mce-fragment=\"1\"><\/iframe><\/div>\n<div class=\"component-youtube\" style=\"text-align: left;\"><iframe loading=\"lazy\" class=\"youtube-iframe\" src=\"https:\/\/www.youtube-nocookie.com\/embed\/TUftCRWiIbI?rel=0&amp;hd=1&amp;modestbranding=1\" width=\"75%\" height=\"350\" data-mce-fragment=\"1\"><\/iframe><\/div>\n<p><strong>Draineuse ZIBO<\/strong><\/p>\n<p>La draineuse ZIBO est la solution pour \u00e9viter la formation de flaques dans les champs. Une tranch\u00e9e \u00e9troite\u00a0est creus\u00e9e avant la plantation des cultures, \u00e0 angle droit par rapport aux rangs, sur les parcelles particuli\u00e8rement\u00a0humides. Cela permet d&rsquo;\u00e9viter d&rsquo;endommager les cultures ainsi que l&rsquo;accumulation d&rsquo;eau \u00e0\u00a0la surface du terrain. Profonde, la tranch\u00e9e reste intacte et favorise le drainage pendant toute la saison.\u00a0La draineuse ZIBO peut creuser des tranch\u00e9es d&rsquo;une\u00a0profondeur maximale de 650 mm \u00e0 partir du centre\u00a0(\u00e0 droite) du tracteur. Largeur de tranch\u00e9e 110 ou 155 mm\u00a0(en fonction de la lame mont\u00e9e sur le disque). La draineuse\u00a0est install\u00e9e de s\u00e9rie avec un ch\u00e2ssis dont les roulements\u00a0du rotor sont ind\u00e9pendants de la bo\u00eete de vitesse.<\/p>\n<\/div>\n<div class=\"clearfix alinea\">\n<p>&nbsp;<\/p>\n<p><strong>La trancheuse ZIBO est \u00e9quip\u00e9e en standard d&rsquo;un ch\u00e2ssis solide, o\u00f9 la roue de lancement est mont\u00e9e ind\u00e9pendamment de la bo\u00eete de vitesses.<\/strong><\/p>\n<p><strong>Code \u00a0 \u00a0 \u00a0 \u00a0 \u00a0 \u00a0 Description \u00a0 \u00a0 \u00a0 \u00a0 \u00a0 \u00a0 \u00a0 \u00a0 \u00a0 \u00a0 \u00a0 \u00a0 \u00a0 \u00a0Diam\u00e8tre \u00a0 \u00a0 \u00a0 \u00a0 \u00a0 \u00a0 \u00a0 \u00a0Profondeur de travail max.<\/strong><br \/>\nSF12040 \u00a0 \u00a0 \u00a0 Draineuse \u00e0 disque ZIBO \u00a0 \u00a0 \u00a0 \u00d8\u00a0120 cm\u00a0\u00a0\u00a0\u00a0\u00a0\u00a0\u00a0\u00a0\u00a0\u00a0\u00a0\u00a0\u00a0\u00a0\u00a0\u00a0 40 cm<br \/>\nSF17060 \u00a0 \u00a0 \u00a0 Draineuse \u00e0 disque ZIBO \u00a0 \u00a0 \u00a0 \u00d8 170 cm\u00a0\u00a0\u00a0\u00a0\u00a0\u00a0\u00a0\u00a0\u00a0\u00a0\u00a0\u00a0\u00a0\u00a0\u00a0\u00a0 60 cm<br \/>\nSF19070\u00a0\u00a0\u00a0\u00a0\u00a0\u00a0\u00a0Draineuse \u00e0 disque ZIBO \u00a0 \u00a0 \u00a0 \u00d8 190 cm\u00a0\u00a0\u00a0\u00a0\u00a0\u00a0\u00a0\u00a0\u00a0\u00a0\u00a0\u00a0\u00a0\u00a0\u00a0\u00a0 70 cm<br \/>\nSF0501 \u00a0 \u00a0 \u00a0 \u00a0 Draineuse ZIBO SF190\/70 avec ch\u00e2ssis \u00e0 r\u00e9troviseurs<\/p>\n<p>Livr\u00e9e de s\u00e9rie avec prise de force avec d\u00e9gagement et boulon de cisaillement de limitation.<br \/>\nVitesse conseill\u00e9e : 300 &#8211; 500 m\u00e8tres\/heure<\/p>\n<p>&nbsp;<\/p>\n<p><strong>Options : livraison directe avec la machine<\/strong><br \/>\n<strong>Code \u00a0 \u00a0 \u00a0 \u00a0 \u00a0 \u00a0 Description \u00a0 \u00a0 \u00a0<\/strong><br \/>\nSF0315 \u00a0 \u00a0 \u00a0 \u00a0 \u00a0Roue d&rsquo;appui<br \/>\nSF0316 \u00a0 \u00a0 \u00a0 \u00a0 \u00a0Contr\u00f4le hydraulique de la profondeur<br \/>\nSF0209 \u00a0 \u00a0 \u00a0 \u00a0 \u00a0Adaptateur pour tranch\u00e9e de 1 000 mm \u00e0 partir du centre (\u00e0 droite)<br \/>\nSF0232 \u00a0 \u00a0 \u00a0 \u00a0 \u00a0Adaptateur pour tranch\u00e9e centr\u00e9e sous le tracteur<br \/>\nSF0320 \u00a0 \u00a0 \u00a0 \u00a0 \u00a0Unit\u00e9 de drainage compl\u00e8te avec ch\u00e2ssis hydraulique<br \/>\nSF0335 \u00a0 \u00a0 \u00a0 \u00a0 \u00a0 Disque horizontal ajustable et rempla\u00e7able<br \/>\nSF0615 \u00a0 \u00a0 \u00a0 \u00a0 \u00a0 Roue d&rsquo;appui, hydraulique, avec bande rainur\u00e9e du c\u00f4t\u00e9 de la tranch\u00e9e<br \/>\nSF0621A \u00a0 \u00a0 \u00a0 \u00a0D\u00e9flecteur lat\u00e9ral vertical en caoutchouc<br \/>\nSF03118 \u00a0 \u00a0 \u00a0 \u00a0 Jeu d&rsquo;\u00e9clairage avec panneaux pour draineuse ZIBO<br \/>\nSF02BC120 \u00a0 Lames trait\u00e9es au carbure \u00e0 la place des lames standard (\u00d8120)<br \/>\nSF02BC170 \u00a0 Lames trait\u00e9es au carbure \u00e0 la place des lames standard (\u00d8170)<br \/>\nSF02BC190 \u00a0 Lames trait\u00e9es au carbure \u00e0 la place des lames standard (\u00d8190)<\/p>\n<\/div>\n<div class=\"component-youtube\"><\/div>\n<div class=\"component-youtube\"><\/div>\n<p><a name=\"zibo-sleuven\"><\/a><br \/>\n<strong>Demander une offre sans obligation :<\/strong><br \/>\n<!-- SharpSpring Form for Zibo_FR_offerte_Soin-Des-Cultures --><br \/>\n<script type=\"text\/javascript\">\n    var ss_form = {'account': 'MzawMDEzMTU1AQA', 'formID': 'Mzc2NUoysEjRTbIwMNY1sUw20000s0zSNUpNMzQ2SUoFiqQBAA'};\n    ss_form.width = '100%';\n    ss_form.height = '1000';\n    ss_form.domain = 'app-3QNCO4B3A0.marketingautomation.services';\n    \/\/ ss_form.hidden = {'field_id': 'value'}; \/\/ Modify this for sending hidden variables, or overriding values\n    \/\/ ss_form.target_id = 'target'; \/\/ Optional parameter: forms will be placed inside the element with the specified id\n    \/\/ ss_form.polling = true; \/\/ Optional parameter: set to true ONLY if your page loads dynamically and the id needs to be polled continually.\n<\/script><br \/>\n<script type=\"text\/javascript\" src=\"https:\/\/koi-3QNCO4B3A0.marketingautomation.services\/client\/form.js?ver=2.0.1\"><\/script><\/p>\n<p>En savoir plus sur notre <a href=\"https:\/\/archief.zibo.nl\/privacybeleid\/\" target=\"_blank\" rel=\"noopener noreferrer\">politique de confidentialit\u00e9<\/a><\/p>\n","protected":false},"excerpt":{"rendered":"<p><strong>Avez vous des questions? Appelez-nous au num\u00e9ro +31 (0)599 234 418<\/strong><\/p>\n<p><a href=\"#zibo-sleuven\"><img loading=\"lazy\" decoding=\"async\" class=\"alignnone size-full wp-image-14295\" src=\"\/wp-content\/uploads\/2018\/01\/offerte-opvragen-button_FR.png\" alt=\"offerte-opvragen-button\" width=\"254\" height=\"36\" \/><\/a><\/p>\n","protected":false},"featured_media":15866,"template":"","meta":[],"product_brand":[],"product_cat":[303,299],"product_tag":[],"class_list":{"0":"post-15544","1":"product","2":"type-product","3":"status-publish","4":"has-post-thumbnail","6":"product_cat-produits","7":"product_cat-soin-des-cultures","9":"first","10":"instock","11":"featured","12":"shipping-taxable","13":"product-type-simple"},"_links":{"self":[{"href":"https:\/\/archief.zibo.nl\/fr\/wp-json\/wp\/v2\/product\/15544","targetHints":{"allow":["GET"]}}],"collection":[{"href":"https:\/\/archief.zibo.nl\/fr\/wp-json\/wp\/v2\/product"}],"about":[{"href":"https:\/\/archief.zibo.nl\/fr\/wp-json\/wp\/v2\/types\/product"}],"wp:featuredmedia":[{"embeddable":true,"href":"https:\/\/archief.zibo.nl\/fr\/wp-json\/wp\/v2\/media\/15866"}],"wp:attachment":[{"href":"https:\/\/archief.zibo.nl\/fr\/wp-json\/wp\/v2\/media?parent=15544"}],"wp:term":[{"taxonomy":"product_brand","embeddable":true,"href":"https:\/\/archief.zibo.nl\/fr\/wp-json\/wp\/v2\/product_brand?post=15544"},{"taxonomy":"product_cat","embeddable":true,"href":"https:\/\/archief.zibo.nl\/fr\/wp-json\/wp\/v2\/product_cat?post=15544"},{"taxonomy":"product_tag","embeddable":true,"href":"https:\/\/archief.zibo.nl\/fr\/wp-json\/wp\/v2\/product_tag?post=15544"}],"curies":[{"name":"wp","href":"https:\/\/api.w.org\/{rel}","templated":true}]}}