{"id":15884,"date":"2015-06-12T12:15:52","date_gmt":"2015-06-12T10:15:52","guid":{"rendered":"https:\/\/archief.zibo.nl\/product\/unite-de-dosage-des-poudres-zibo-sur-planteuse\/"},"modified":"2019-07-17T15:39:45","modified_gmt":"2019-07-17T13:39:45","slug":"unite-de-dosage-des-poudres-zibo-sur-planteuse","status":"publish","type":"product","link":"https:\/\/archief.zibo.nl\/fr\/produit\/unite-de-dosage-des-poudres-zibo-sur-planteuse\/","title":{"rendered":"Unit\u00e9 de dosage des poudres ZIBO sur planteuse"},"content":{"rendered":"<p><strong>Code \u00a0 \u00a0 \u00a0 \u00a0 \u00a0Description<\/strong><br \/>\nPDP2A \u00a0 \u00a0 \u00a0 Unit\u00e9 de dosage des poudres ZIBO 2 rangs 750 mm, capacit\u00e9 par conteneur 4 l.<br \/>\nPDP4A \u00a0 \u00a0 \u00a0 Unit\u00e9 de dosage des poudres ZIBO 4 rangs 750 mm, capacit\u00e9 par conteneur 4 l.<br \/>\nPDP2B \u00a0 \u00a0 \u00a0 Unit\u00e9 de dosage des poudres ZIBO 2 rangs 900 mm, capacit\u00e9 par conteneur 4 l.<br \/>\nPDP4B \u00a0 \u00a0 \u00a0 Unit\u00e9 de dosage des poudres ZIBO 4 rangs 900 mm, capacit\u00e9 par conteneur 4 l.<br \/>\nPDP2A27 \u00a0 Tr\u00e9mie ZIBO avec couvercle pivotant 25 litres par rang\u00e9e suppl\u00e9mentaire<\/p>\n<p><a name=\"offerte\"><\/a><br \/>\n<strong>Demander une offre sans obligation :<\/strong><br \/>\n<!-- SharpSpring Form for Zibo_FR_offerte_Semis-Semoir-Dosage  --><br \/>\n<script type=\"text\/javascript\">\n    var ss_form = {'account': 'MzawMDEzMTU1AQA', 'formID': 'SzYxtrAwNTbTNTEzMtA1SU1M0U1KSzTUtUxJTrE0MjY0MjNNAQA'};\n    ss_form.width = '100%';\n    ss_form.height = '1000';\n    ss_form.domain = 'app-3QNCO4B3A0.marketingautomation.services';\n    \/\/ ss_form.hidden = {'field_id': 'value'}; \/\/ Modify this for sending hidden variables, or overriding values\n    \/\/ ss_form.target_id = 'target'; \/\/ Optional parameter: forms will be placed inside the element with the specified id\n    \/\/ ss_form.polling = true; \/\/ Optional parameter: set to true ONLY if your page loads dynamically and the id needs to be polled continually.\n<\/script><br \/>\n<script type=\"text\/javascript\" src=\"https:\/\/koi-3QNCO4B3A0.marketingautomation.services\/client\/form.js?ver=2.0.1\"><\/script><\/p>\n<p>En savoir plus sur notre <a href=\"https:\/\/archief.zibo.nl\/privacybeleid\/\" target=\"_blank\" rel=\"noopener noreferrer\">politique de confidentialit\u00e9<\/a><\/p>\n","protected":false},"excerpt":{"rendered":"<p><strong>Avez vous des questions? Appelez-nous au num\u00e9ro +31 (0)599 234 418<\/strong><\/p>\n<p><a href=\"#offerte\"><img loading=\"lazy\" decoding=\"async\" class=\"alignnone size-full wp-image-14295\" src=\"\/wp-content\/uploads\/2018\/01\/offerte-opvragen-button_FR.png\" alt=\"offerte-opvragen-button\" width=\"254\" height=\"36\" \/><\/a><\/p>\n","protected":false},"featured_media":15890,"template":"","meta":[],"product_brand":[],"product_cat":[303,298],"product_tag":[],"class_list":{"0":"post-15884","1":"product","2":"type-product","3":"status-publish","4":"has-post-thumbnail","6":"product_cat-produits","7":"product_cat-semis-semoir-dosage","9":"first","10":"instock","11":"shipping-taxable","12":"product-type-simple"},"_links":{"self":[{"href":"https:\/\/archief.zibo.nl\/fr\/wp-json\/wp\/v2\/product\/15884","targetHints":{"allow":["GET"]}}],"collection":[{"href":"https:\/\/archief.zibo.nl\/fr\/wp-json\/wp\/v2\/product"}],"about":[{"href":"https:\/\/archief.zibo.nl\/fr\/wp-json\/wp\/v2\/types\/product"}],"wp:featuredmedia":[{"embeddable":true,"href":"https:\/\/archief.zibo.nl\/fr\/wp-json\/wp\/v2\/media\/15890"}],"wp:attachment":[{"href":"https:\/\/archief.zibo.nl\/fr\/wp-json\/wp\/v2\/media?parent=15884"}],"wp:term":[{"taxonomy":"product_brand","embeddable":true,"href":"https:\/\/archief.zibo.nl\/fr\/wp-json\/wp\/v2\/product_brand?post=15884"},{"taxonomy":"product_cat","embeddable":true,"href":"https:\/\/archief.zibo.nl\/fr\/wp-json\/wp\/v2\/product_cat?post=15884"},{"taxonomy":"product_tag","embeddable":true,"href":"https:\/\/archief.zibo.nl\/fr\/wp-json\/wp\/v2\/product_tag?post=15884"}],"curies":[{"name":"wp","href":"https:\/\/api.w.org\/{rel}","templated":true}]}}