{"id":15900,"date":"2016-01-27T13:06:52","date_gmt":"2019-06-27T11:06:52","guid":{"rendered":"https:\/\/archief.zibo.nl\/product\/applicateur-dadditifs-liquides-zibo\/"},"modified":"2019-07-17T15:40:40","modified_gmt":"2019-07-17T13:40:40","slug":"applicateur-dadditifs-liquides-zibo","status":"publish","type":"product","link":"https:\/\/archief.zibo.nl\/fr\/produit\/applicateur-dadditifs-liquides-zibo\/","title":{"rendered":"Applicateur d&rsquo;additifs liquides ZIBO"},"content":{"rendered":"<p>L&rsquo;applicateur d&rsquo;additifs ULV+ est particuli\u00e8rement adapt\u00e9 \u00e0\u00a0des machines telles que les hacheuses \u00e0 fourrage.<\/p>\n<p>\u25a0 R\u00e9servoir transparent, capacit\u00e9 55 litres.<br \/>\n\u25a0 Peut traiter plus de 1.000 tonnes de cultures fourrag\u00e8res avec\u00a0une application de 50 ml\/tonne.<br \/>\n\u25a0 \u00c9triers en acier inoxydable avec plusieurs options de montage.<br \/>\n\u25a0 Vanne 3 voies avec tuyau d&rsquo;\u00e9vacuation pour un nettoyage ais\u00e9.<br \/>\n\u25a0 Flexibles ouverts sans filtres (pas de blocages).<br \/>\n\u25a0 Les additifs sont appliqu\u00e9s en gouttelettes (pas de vaporisation), ce qui\u00a0permet de ne pas endommager les machines quand les additifs sont acides.<\/p>\n<p>L&rsquo;unit\u00e9 ULV+ : Il s&rsquo;agit d&rsquo;une unit\u00e9 de commande num\u00e9rique avec r\u00e9tro\u00e9clairage\u00a0et m\u00e9moire permettant l&rsquo;affichage du nombre de litres consomm\u00e9s. L&rsquo;unit\u00e9 surveille la pompe\u00a0et l&rsquo;ajuste automatiquement, ce qui permet de maintenir un niveau d&rsquo;application constant. La quantit\u00e9\u00a0\u00e0 doser se d\u00e9finit simplement sur l&rsquo;unit\u00e9 de contr\u00f4le \u00e0 un taux d&rsquo;application continuellement ajust\u00e9\u00a0allant de 20 \u00e0 250 ml\/tonne. La quantit\u00e9 de tonnes par heure (15 \u00e0 300 tonnes par heure) se d\u00e9finit\u00a0simplement \u00e0 l&rsquo;aide du potentiom\u00e8tre \u00e0 un taux d&rsquo;application continuellement ajust\u00e9.<\/p>\n<p><strong>Code \u00a0 \u00a0 \u00a0 \u00a0Description<\/strong><br \/>\nULV+ \u00a0 \u00a0 \u00a055 litres avec unit\u00e9 de contr\u00f4le ULV+<br \/>\nULV+S \u00a0 \u00a0N\u00e9bulisateur<\/p>\n<p><a name=\"offerte\"><\/a><br \/>\n<strong>Demander une offre sans obligation :<\/strong><br \/>\n<!-- SharpSpring Form for Zibo_FR_offerte_Semis-Semoir-Dosage  --><br \/>\n<script type=\"text\/javascript\">\n    var ss_form = {'account': 'MzawMDEzMTU1AQA', 'formID': 'SzYxtrAwNTbTNTEzMtA1SU1M0U1KSzTUtUxJTrE0MjY0MjNNAQA'};\n    ss_form.width = '100%';\n    ss_form.height = '1000';\n    ss_form.domain = 'app-3QNCO4B3A0.marketingautomation.services';\n    \/\/ ss_form.hidden = {'field_id': 'value'}; \/\/ Modify this for sending hidden variables, or overriding values\n    \/\/ ss_form.target_id = 'target'; \/\/ Optional parameter: forms will be placed inside the element with the specified id\n    \/\/ ss_form.polling = true; \/\/ Optional parameter: set to true ONLY if your page loads dynamically and the id needs to be polled continually.\n<\/script><br \/>\n<script type=\"text\/javascript\" src=\"https:\/\/koi-3QNCO4B3A0.marketingautomation.services\/client\/form.js?ver=2.0.1\"><\/script><\/p>\n<p>En savoir plus sur notre <a href=\"https:\/\/archief.zibo.nl\/privacybeleid\/\" target=\"_blank\" rel=\"noopener noreferrer\">politique de confidentialit\u00e9<\/a><\/p>\n","protected":false},"excerpt":{"rendered":"<p><strong>Avez vous des questions? Appelez-nous au num\u00e9ro +31 (0)599 234 418<\/strong><\/p>\n<p><a href=\"#offerte\"><img loading=\"lazy\" decoding=\"async\" class=\"alignnone size-full wp-image-14295\" src=\"\/wp-content\/uploads\/2018\/01\/offerte-opvragen-button_FR.png\" alt=\"offerte-opvragen-button\" width=\"254\" height=\"36\" \/><\/a><\/p>\n","protected":false},"featured_media":15901,"template":"","meta":[],"product_brand":[],"product_cat":[303,298],"product_tag":[],"class_list":{"0":"post-15900","1":"product","2":"type-product","3":"status-publish","4":"has-post-thumbnail","6":"product_cat-produits","7":"product_cat-semis-semoir-dosage","9":"first","10":"instock","11":"shipping-taxable","12":"product-type-simple"},"_links":{"self":[{"href":"https:\/\/archief.zibo.nl\/fr\/wp-json\/wp\/v2\/product\/15900","targetHints":{"allow":["GET"]}}],"collection":[{"href":"https:\/\/archief.zibo.nl\/fr\/wp-json\/wp\/v2\/product"}],"about":[{"href":"https:\/\/archief.zibo.nl\/fr\/wp-json\/wp\/v2\/types\/product"}],"wp:featuredmedia":[{"embeddable":true,"href":"https:\/\/archief.zibo.nl\/fr\/wp-json\/wp\/v2\/media\/15901"}],"wp:attachment":[{"href":"https:\/\/archief.zibo.nl\/fr\/wp-json\/wp\/v2\/media?parent=15900"}],"wp:term":[{"taxonomy":"product_brand","embeddable":true,"href":"https:\/\/archief.zibo.nl\/fr\/wp-json\/wp\/v2\/product_brand?post=15900"},{"taxonomy":"product_cat","embeddable":true,"href":"https:\/\/archief.zibo.nl\/fr\/wp-json\/wp\/v2\/product_cat?post=15900"},{"taxonomy":"product_tag","embeddable":true,"href":"https:\/\/archief.zibo.nl\/fr\/wp-json\/wp\/v2\/product_tag?post=15900"}],"curies":[{"name":"wp","href":"https:\/\/api.w.org\/{rel}","templated":true}]}}