{"id":15910,"date":"2019-07-16T08:18:38","date_gmt":"2018-01-12T20:18:38","guid":{"rendered":"https:\/\/archief.zibo.nl\/product\/epandeur-gandy\/"},"modified":"2019-07-17T15:40:50","modified_gmt":"2019-07-17T13:40:50","slug":"epandeur-gandy","status":"publish","type":"product","link":"https:\/\/archief.zibo.nl\/fr\/produit\/epandeur-gandy\/","title":{"rendered":"\u00c9pandeur Gandy"},"content":{"rendered":"<p>Les \u00e9pandeurs Gandy sont disponibles avec 1, 2, 3 ou 4 conduits de\u00a0sortie et sont utilis\u00e9s dans de nombreuses applications. L&rsquo;entra\u00eenement\u00a0peut \u00eatre m\u00e9canique ou \u00e9lectrique (12 V). Le moteur \u00e9lectrique\u00a0standard peut \u00eatre utilis\u00e9 pour entra\u00eener 2 unit\u00e9s si n\u00e9cessaire.\u00a0Sinon, les unit\u00e9s peuvent \u00eatre entra\u00een\u00e9es m\u00e9caniquement \u00e0 partir\u00a0d&rsquo;une machine. L&rsquo;\u00e9pandeur Gandy est facile \u00e0 utiliser et \u00e0 monter.<\/p>\n<p>Choisissez votre \u00e9pandeur Gandy en trois \u00e9tapes simples :<br \/>\nA : Nombre de conduits de sortie par unit\u00e9 ?<br \/>\nB : Souhaitez-vous un moteur \u00e9lectrique ou m\u00e9canique ?<br \/>\nC : Contenu de la tr\u00e9mie, 30 ou 68 litres ?<\/p>\n<p>Code \u00a0 \u00a0 \u00a0 \u00a0 \u00a0 \u00a0 \u00a0 \u00a0D\u00e9chargement \u00a0 Entra\u00eenement \u00a0 \u00a0 \u00a0 \u00a0 \u00a0 \u00a0 \u00a0 \u00a0 \u00a0 \u00a0Contenu de\u00a0la tr\u00e9mie<br \/>\nP451R \u00a0 \u00a0 \u00a0 \u00a0 \u00a0 \u00a0 \u00a01 rang \u00a0 \u00a0 \u00a0 \u00a0 \u00a0 \u00a0 \u00a0 \u00a0 \u00a0m\u00e9canique \u00a0 \u00a0 \u00a0 \u00a0 \u00a0 \u00a0 \u00a0 \u00a0 \u00a0 \u00a0 \u00a0 \u00a0 \u00a030 litres<br \/>\nP451WP12 \u00a0 \u00a0 \u00a0 1 rang \u00a0 \u00a0 \u00a0 \u00a0 \u00a0 \u00a0 \u00a0 \u00a0 \u00a0\u00e9lectrique (12 V \/ 3,5 A) \u00a0 \u00a030 litres<br \/>\nP452R \u00a0 \u00a0 \u00a0 \u00a0 \u00a0 \u00a0 \u00a0 2 rangs \u00a0 \u00a0 \u00a0 \u00a0 \u00a0 \u00a0 \u00a0 m\u00e9canique \u00a0 \u00a0 \u00a0 \u00a0 \u00a0 \u00a0 \u00a0 \u00a0 \u00a0 \u00a0 \u00a0 \u00a0 \u00a030 litres<br \/>\nPC02R \u00a0 \u00a0 \u00a0 \u00a0 \u00a0 \u00a0 \u00a02 rangs \u00a0 \u00a0 \u00a0 \u00a0 \u00a0 \u00a0 \u00a0 \u00a0m\u00e9canique \u00a0 \u00a0 \u00a0 \u00a0 \u00a0 \u00a0 \u00a0 \u00a0 \u00a0 \u00a0 \u00a0 \u00a0 \u00a068 litres<br \/>\nP452WP12 \u00a0 \u00a0 \u00a0 2 rangs \u00a0 \u00a0 \u00a0 \u00a0 \u00a0 \u00a0 \u00a0 \u00a0\u00e9lectrique (12 V \/ 3,5 A) \u00a0 \u00a030 litres<br \/>\nPC02RWP12 \u00a0 \u00a02 rangs \u00a0 \u00a0 \u00a0 \u00a0 \u00a0 \u00a0 \u00a0 \u00a0\u00e9lectrique (12 V \/ 3,5 A) \u00a0 \u00a068 litres<br \/>\nP453R \u00a0 \u00a0 \u00a0 \u00a0 \u00a0 \u00a0 \u00a03 rangs \u00a0 \u00a0 \u00a0 \u00a0 \u00a0 \u00a0 \u00a0 \u00a0m\u00e9canique \u00a0 \u00a0 \u00a0 \u00a0 \u00a0 \u00a0 \u00a0 \u00a0 \u00a0 \u00a0 \u00a0 \u00a0 \u00a030 litres<br \/>\nPC03R \u00a0 \u00a0 \u00a0 \u00a0 \u00a0 \u00a0 3 rangs \u00a0 \u00a0 \u00a0 \u00a0 \u00a0 \u00a0 \u00a0 \u00a0m\u00e9canique \u00a0 \u00a0 \u00a0 \u00a0 \u00a0 \u00a0 \u00a0 \u00a0 \u00a0 \u00a0 \u00a0 \u00a0 \u00a068 litres<br \/>\nP453WP12 \u00a0 \u00a0 \u00a03 rangs \u00a0 \u00a0 \u00a0 \u00a0 \u00a0 \u00a0 \u00a0 \u00a0\u00e9lectrique (12 V \/ 3,5 A) \u00a0 \u00a030 litres<br \/>\nPC03RWP12 \u00a0 3 rangs \u00a0 \u00a0 \u00a0 \u00a0 \u00a0 \u00a0 \u00a0 \u00a0\u00e9lectrique (12 V \/ 3,5 A) \u00a0 \u00a068 litres<br \/>\nP454R \u00a0 \u00a0 \u00a0 \u00a0 \u00a0 \u00a0 \u00a04 rangs \u00a0 \u00a0 \u00a0 \u00a0 \u00a0 \u00a0 \u00a0 \u00a0m\u00e9canique \u00a0 \u00a0 \u00a0 \u00a0 \u00a0 \u00a0 \u00a0 \u00a0 \u00a0 \u00a0 \u00a0 \u00a0 30 litres<br \/>\nPC04R \u00a0 \u00a0 \u00a0 \u00a0 \u00a0 \u00a0 4 rangs \u00a0 \u00a0 \u00a0 \u00a0 \u00a0 \u00a0 \u00a0 \u00a0m\u00e9canique \u00a0 \u00a0 \u00a0 \u00a0 \u00a0 \u00a0 \u00a0 \u00a0 \u00a0 \u00a0 \u00a0 \u00a0 \u00a068 litres<br \/>\nP454WP12 \u00a0 \u00a0 \u00a04 rangs \u00a0 \u00a0 \u00a0 \u00a0 \u00a0 \u00a0 \u00a0 \u00a0\u00e9lectrique (12 V \/ 3,5 A) \u00a0 \u00a030 litres<br \/>\nPC04RWP12 \u00a0 4 rangs \u00a0 \u00a0 \u00a0 \u00a0 \u00a0 \u00a0 \u00a0 \u00a0\u00e9lectrique (12 V \/ 3,5 A) \u00a0 \u00a068 litres<\/p>\n<p>Se reporter \u00e0 la page 9 pour les options<\/p>\n<p>Code \u00a0 \u00a0 \u00a0 \u00a0 \u00a0 \u00a0Description<br \/>\nGS0131 \u00a0 \u00a0 \u00a0 \u00a0Distributeur en V gauche\/droit, incurv\u00e9, avec flexible (transparent) de 2 m\u00e8tres<br \/>\nGS0132 \u00a0 \u00a0 \u00a0 \u00a0Distributeur en V droit, incurv\u00e9, avec flexible (transparent) de 2 m\u00e8tres<br \/>\nGS0146 \u00a0 \u00a0 \u00a0 \u00a0Distributeur par point droit, avec flexible (transparent) de 2 m\u00e8tres<br \/>\nGS02100 \u00a0 \u00a0 \u00a0Distributeur en Y (bout de tuyau) \u00d8 20 mm\u00a0de 1 \u00e0 2 flexibles (goulottes de d\u00e9charge)<br \/>\nTS \u00a0 \u00a0 \u00a0 \u00a0 \u00a0 \u00a0 \u00a0 \u00a0Flexible TS, transparent, le m\u00e8tre<br \/>\nDE001754 \u00a0 Bo\u00eetier de communication Gandy \/ ZIBO, complet avec d\u00e9tecteur de lev\u00e9e<br \/>\nGP01002 \u00a0 \u00a0 Adaptateur de bascule Gandy (pour un vidage ais\u00e9 de l&rsquo;unit\u00e9)<br \/>\nGP01005 \u00a0 \u00a0 Ch\u00e2ssis 3.000 mm pour 3 ou 4 unit\u00e9s Gandy, compatible attelage\u00a03 points Cat 2, b\u00e9quille stabilisatrice et bo\u00eetier de commutation 12 V\u00a0(fourni d\u00e9mont\u00e9, doit \u00eatre assembl\u00e9)<br \/>\n09LLV \u00a0 \u00a0 \u00a0 \u00a0 Syst\u00e8me Lock &#038; Load, livr\u00e9 s\u00e9par\u00e9ment (\u00e0 monter dans le capot)<br \/>\nP45EXT \u00a0 \u00a0 \u00a0Bride sur\u00e9lev\u00e9e pour Type P 45 (volume suppl\u00e9mentaire de 23 litres)<br \/>\n09099928 \u00a0 \u00a0Moteur Gandy, 12 V, complet (pour entra\u00eenement de 2 unit\u00e9s max.)<br \/>\n09099929 \u00a0 \u00a0Moteur Gandy, 12 V, complet (pour entra\u00eenement de 3 unit\u00e9s max.)<br \/>\nZZ300017 \u00a0 Volant de moteur pas \u00e0 pas, complet, avec 2 cassettes, fourni s\u00e9par\u00e9ment<br \/>\nZZ300047 \u00a0 Cassette, fournie s\u00e9par\u00e9ment, 17\/30 du centre au centre 640 mm<\/p>\n<p><a name=\"offerte\"><\/a><br \/>\n<strong>Demander une offre sans obligation :<\/strong><br \/>\n<!-- SharpSpring Form for Zibo_FR_offerte_Semis-Semoir-Dosage  --><br \/>\n<script type=\"text\/javascript\">\n    var ss_form = {'account': 'MzawMDEzMTU1AQA', 'formID': 'SzYxtrAwNTbTNTEzMtA1SU1M0U1KSzTUtUxJTrE0MjY0MjNNAQA'};\n    ss_form.width = '100%';\n    ss_form.height = '1000';\n    ss_form.domain = 'app-3QNCO4B3A0.marketingautomation.services';\n    \/\/ ss_form.hidden = {'field_id': 'value'}; \/\/ Modify this for sending hidden variables, or overriding values\n    \/\/ ss_form.target_id = 'target'; \/\/ Optional parameter: forms will be placed inside the element with the specified id\n    \/\/ ss_form.polling = true; \/\/ Optional parameter: set to true ONLY if your page loads dynamically and the id needs to be polled continually.\n<\/script><br \/>\n<script type=\"text\/javascript\" src=\"https:\/\/koi-3QNCO4B3A0.marketingautomation.services\/client\/form.js?ver=2.0.1\"><\/script><\/p>\n<p>En savoir plus sur notre <a href=\"https:\/\/archief.zibo.nl\/privacybeleid\/\" target=\"_blank\" rel=\"noopener noreferrer\">politique de confidentialit\u00e9<\/a><\/p>\n","protected":false},"excerpt":{"rendered":"<p><strong>Avez vous des questions? Appelez-nous au num\u00e9ro +31 (0)599 234 418<\/strong><\/p>\n<p><a href=\"#offerte\"><img loading=\"lazy\" decoding=\"async\" class=\"alignnone size-full wp-image-14295\" src=\"\/wp-content\/uploads\/2018\/01\/offerte-opvragen-button_FR.png\" alt=\"offerte-opvragen-button\" width=\"254\" height=\"36\" \/><\/a><\/p>\n","protected":false},"featured_media":15916,"template":"","meta":[],"product_brand":[],"product_cat":[303,298],"product_tag":[],"class_list":{"0":"post-15910","1":"product","2":"type-product","3":"status-publish","4":"has-post-thumbnail","6":"product_cat-produits","7":"product_cat-semis-semoir-dosage","9":"first","10":"instock","11":"featured","12":"shipping-taxable","13":"product-type-simple"},"_links":{"self":[{"href":"https:\/\/archief.zibo.nl\/fr\/wp-json\/wp\/v2\/product\/15910","targetHints":{"allow":["GET"]}}],"collection":[{"href":"https:\/\/archief.zibo.nl\/fr\/wp-json\/wp\/v2\/product"}],"about":[{"href":"https:\/\/archief.zibo.nl\/fr\/wp-json\/wp\/v2\/types\/product"}],"wp:featuredmedia":[{"embeddable":true,"href":"https:\/\/archief.zibo.nl\/fr\/wp-json\/wp\/v2\/media\/15916"}],"wp:attachment":[{"href":"https:\/\/archief.zibo.nl\/fr\/wp-json\/wp\/v2\/media?parent=15910"}],"wp:term":[{"taxonomy":"product_brand","embeddable":true,"href":"https:\/\/archief.zibo.nl\/fr\/wp-json\/wp\/v2\/product_brand?post=15910"},{"taxonomy":"product_cat","embeddable":true,"href":"https:\/\/archief.zibo.nl\/fr\/wp-json\/wp\/v2\/product_cat?post=15910"},{"taxonomy":"product_tag","embeddable":true,"href":"https:\/\/archief.zibo.nl\/fr\/wp-json\/wp\/v2\/product_tag?post=15910"}],"curies":[{"name":"wp","href":"https:\/\/api.w.org\/{rel}","templated":true}]}}