{"id":15920,"date":"2015-06-12T12:04:06","date_gmt":"2015-06-12T10:04:06","guid":{"rendered":"https:\/\/archief.zibo.nl\/product\/epandeurs-a-granules-zibo\/"},"modified":"2022-12-12T14:59:12","modified_gmt":"2022-12-12T13:59:12","slug":"epandeurs-a-granules-zibo","status":"publish","type":"product","link":"https:\/\/archief.zibo.nl\/fr\/produit\/epandeurs-a-granules-zibo\/","title":{"rendered":"\u00c9pandeurs \u00e0 granul\u00e9s ZIBO"},"content":{"rendered":"<p><strong>Pour granul\u00e9s, semences fines, semences de gramin\u00e9es et substances agglom\u00e9r\u00e9es<\/strong><\/p>\n<p>Tout agriculteur sait qu\u2019il existe des variations dans les sols et les cultures. Il y a des diff\u00e9rences dans la composition du sol et des cultures, non seulement par zone, mais m\u00eame \u00e0 l\u2019int\u00e9rieur de la parcelle. Un traitement uniforme des parcelles ne conduit souvent pas au r\u00e9sultat optimal. Souvent, on se base sur l\u2019id\u00e9e et l\u2019exp\u00e9rience par rapport \u00e0 ces variations de terrains, mais il est possible d\u2019am\u00e9liorer cela! Gr\u00e2ce \u00e0 un travail du sol adapt\u00e9, le sol et la culture re\u00e7oivent exactement ce dont ils ont besoin en fonction du site. Avec le syst\u00e8me de contr\u00f4le de positionnement global (GPS) Trimble, ZIBO offre une solution compl\u00e8te pour les \u00e9pandeurs de granul\u00e9s ZIBO,les houes ZIBO, les \u00e9pandeurs d\u2019engrais ZIBO et des semoirs pneumatiques ZIBO (pour toutes les semences possibles). Gr\u00e2ce aux cartes des t\u00e2ches, le sol et la culture re\u00e7oivent exactement le traitement ou le dosage n\u00e9cessaire.<\/p>\n<p><strong>Code \u00a0 \u00a0 \u00a0 \u00a0 \u00a0 \u00a0 Description\u00a0<\/strong><br \/>\nGS02\u00a0 \u00a0 \u00a0 \u00a0 \u00a0 \u00a0 \u00a0 \u00c9pandeur \u00e0 granul\u00e9s ZIBO en inox pour 2 rangs, unit\u00e9 \u00e0 2 sorties avec entra\u00eenement 12V.<br \/>\nGS022\u00a0 \u00a0 \u00a0 \u00a0 \u00a0 \u00a0 \u00c9pandeur \u00e0 granul\u00e9s ZIBO en inox pour 4 rang\u00e9es, 2 unit\u00e9s avec 2 goulottes de d\u00e9charge, entra\u00eenement 12 V reli\u00e9 par tube.<br \/>\nGS0222\u00a0 \u00a0 \u00a0 \u00a0 \u00a0 \u00c9pandeur \u00e0 granul\u00e9s ZIBO en inox pour 4 rangs, 2 unit\u00e9s avec 2 goulottes de d\u00e9charge chacune, avec chacune un entra\u00eenement 12V.<br \/>\nGS04\u00a0 \u00a0 \u00a0 \u00a0 \u00a0 \u00a0 \u00a0 \u00a0\u00c9pandeur \u00e0 granul\u00e9s ZIBO pour 4 rangs, unit\u00e9 \u00e0 4 goulottes de d\u00e9charge, avec entra\u00eenement 12V<br \/>\nGS02138\u00a0 \u00a0 \u00a0 \u00a0 Suppl\u00e9ment pour entra\u00eenement hydraulique au lieu d&rsquo;entra\u00eenement \u00e9lectrique complet avec impulsion et vanne de r\u00e9gulation de d\u00e9bit \u00e0 3 voies proportionnelles pour GS02<br \/>\nGS01139\u00a0 \u00a0 \u00a0 \u00a0 \u00a0Suppl\u00e9ment pour entra\u00eenement hydraulique au lieu d&rsquo;entra\u00eenement \u00e9lectrique complet pour une unit\u00e9 de suivi (sans vanne d&rsquo;impulsion et de d\u00e9bit) qui peut \u00eatre connect\u00e9 \u00e0 la GS02138 pour GS02<\/p>\n<p><strong>Options<\/strong><br \/>\n<strong>Code\u00a0 \u00a0 \u00a0 \u00a0 \u00a0 \u00a0 \u00a0 \u00a0 \u00a0 Description<\/strong><br \/>\n3030314603\u00a0 \u00a0 \u00a0 C\u00e2ble ZIBO Trimble ISOBUS vers tracteur 2500 mm<br \/>\n3030314403\u00a0 \u00a0 \u00a0 C\u00e2ble ZIBO Trimble ISOBUS vers tracteur 4000 mm<br \/>\n3030314003\u00a0 \u00a0 \u00a0 C\u00e2ble ZIBO Trimble ISOBUS vers tracteur 6500 mm<\/p>\n<p>13600000\u00a0 \u00a0 \u00a0 \u00a0 \u00a0 Terminal Trimble GFX-350 ZIBO avec commande ISOBUS VT<br \/>\n13200002\u00a0 \u00a0 \u00a0 \u00a0 \u00a0 R\u00e9cepteur Trimble NAV 500 GPS ZIBO (antenne)<br \/>\n9655312\u00a0 \u00a0 \u00a0 \u00a0 \u00a0 \u00a0 \u00a0Code d\u2019acc\u00e8s au terminal virtuel Trimble pour ISOBUS<br \/>\n9655310\u00a0 \u00a0 \u00a0 \u00a0 \u00a0 \u00a0 \u00a0Code d\u2019acc\u00e8s au Trimble ZIBO TC (Task controller)<br \/>\n9655307\u00a0 \u00a0 \u00a0 \u00a0 \u00a0 \u00a0 Code d\u2019acc\u00e8s aux Cartes de t\u00e2ches du Trimble pour ISOBUS<br \/>\nGS0246\u00a0 \u00a0 \u00a0 \u00a0 \u00a0 \u00a0 \u00a0\u00c9l\u00e9ment chauffant ZIBO pour \u00e9pandeur de granul\u00e9s ZIBO<br \/>\nGS0131\u00a0 \u00a0 \u00a0 \u00a0 \u00a0 \u00a0 \u00a0 R\u00e9partiteur en V ZIBO L\/R courb\u00e9 250 mm avec 2 m de tuyau<br \/>\nGS0132\u00a0 \u00a0 \u00a0 \u00a0 \u00a0 \u00a0 \u00a0R\u00e9partiteur en V ZIBO droit 250 mm avec 2 m de tuyau<br \/>\nGS0146\u00a0 \u00a0 \u00a0 \u00a0 \u00a0 \u00a0 \u00a0R\u00e9partiteur en pointe complet ZIBO avec tuyau de 2 m<br \/>\nGS02100\u00a0 \u00a0 \u00a0 \u00a0 \u00a0 R\u00e9partiteur en Y ZIBO (?) \u00d8 20 mm de 1 \u00e0 2 tuyaux<br \/>\n09LLV\u00a0 \u00a0 \u00a0 \u00a0 \u00a0 \u00a0 \u00a0 Syst\u00e8me de verrouillage et de chargement fourni en vrac (\u00e0 placer dans le couvercle) pour Vydate, pas pour Mocap.<\/p>\n<p><a href=\"http:\/\/archief.zibo.nl\/wp-content\/uploads\/2015\/06\/GPS-icoon-in-rondje-300x300.png\"><img loading=\"lazy\" decoding=\"async\" class=\"alignnone wp-image-17961 size-medium\" src=\"http:\/\/archief.zibo.nl\/wp-content\/uploads\/2015\/06\/GPS-icoon-in-rondje-300x300.png\" alt=\"\" width=\"300\" height=\"300\" srcset=\"https:\/\/archief.zibo.nl\/wp-content\/uploads\/2015\/06\/GPS-icoon-in-rondje-300x300.png 300w, https:\/\/archief.zibo.nl\/wp-content\/uploads\/2015\/06\/GPS-icoon-in-rondje-1030x1025.png 1030w, https:\/\/archief.zibo.nl\/wp-content\/uploads\/2015\/06\/GPS-icoon-in-rondje-80x80.png 80w, https:\/\/archief.zibo.nl\/wp-content\/uploads\/2015\/06\/GPS-icoon-in-rondje-36x36.png 36w, https:\/\/archief.zibo.nl\/wp-content\/uploads\/2015\/06\/GPS-icoon-in-rondje-180x180.png 180w, https:\/\/archief.zibo.nl\/wp-content\/uploads\/2015\/06\/GPS-icoon-in-rondje-705x702.png 705w, https:\/\/archief.zibo.nl\/wp-content\/uploads\/2015\/06\/GPS-icoon-in-rondje-120x120.png 120w, https:\/\/archief.zibo.nl\/wp-content\/uploads\/2015\/06\/GPS-icoon-in-rondje-450x448.png 450w, https:\/\/archief.zibo.nl\/wp-content\/uploads\/2015\/06\/GPS-icoon-in-rondje-100x100.png 100w, https:\/\/archief.zibo.nl\/wp-content\/uploads\/2015\/06\/GPS-icoon-in-rondje.png 1093w\" sizes=\"auto, (max-width: 300px) 100vw, 300px\" \/><\/a><a name=\"offerte\"><\/a><br \/>\n<strong>Demander une offre sans obligation :<\/strong><br \/>\n<!-- SharpSpring Form for Zibo_FR_offerte_Semis-Semoir-Dosage --><br \/>\n<script type=\"text\/javascript\">\n    var ss_form = {'account': 'MzawMDEzMTU1AQA', 'formID': 'SzYxtrAwNTbTNTEzMtA1SU1M0U1KSzTUtUxJTrE0MjY0MjNNAQA'};\n    ss_form.width = '100%';\n    ss_form.height = '1000';\n    ss_form.domain = 'app-3QNCO4B3A0.marketingautomation.services';\n    \/\/ ss_form.hidden = {'field_id': 'value'}; \/\/ Modify this for sending hidden variables, or overriding values\n    \/\/ ss_form.target_id = 'target'; \/\/ Optional parameter: forms will be placed inside the element with the specified id\n    \/\/ ss_form.polling = true; \/\/ Optional parameter: set to true ONLY if your page loads dynamically and the id needs to be polled continually.\n<\/script><br \/>\n<script type=\"text\/javascript\" src=\"https:\/\/koi-3QNCO4B3A0.marketingautomation.services\/client\/form.js?ver=2.0.1\"><\/script><\/p>\n<p>En savoir plus sur notre <a href=\"https:\/\/archief.zibo.nl\/privacybeleid\/\" target=\"_blank\" rel=\"noopener noreferrer\">politique de confidentialit\u00e9<\/a><\/p>\n","protected":false},"excerpt":{"rendered":"<p><strong>Avez vous des questions? Appelez-nous au num\u00e9ro +31 (0)599 234 418<\/strong><\/p>\n<p><a href=\"#offerte\"><img loading=\"lazy\" decoding=\"async\" class=\"alignnone size-full wp-image-14295\" src=\"\/wp-content\/uploads\/2018\/01\/offerte-opvragen-button_FR.png\" alt=\"offerte-opvragen-button\" width=\"254\" height=\"36\" \/><\/a><\/p>\n","protected":false},"featured_media":17995,"template":"","meta":[],"product_brand":[],"product_cat":[303,298],"product_tag":[],"class_list":{"0":"post-15920","1":"product","2":"type-product","3":"status-publish","4":"has-post-thumbnail","6":"product_cat-produits","7":"product_cat-semis-semoir-dosage","9":"first","10":"instock","11":"shipping-taxable","12":"product-type-simple"},"_links":{"self":[{"href":"https:\/\/archief.zibo.nl\/fr\/wp-json\/wp\/v2\/product\/15920","targetHints":{"allow":["GET"]}}],"collection":[{"href":"https:\/\/archief.zibo.nl\/fr\/wp-json\/wp\/v2\/product"}],"about":[{"href":"https:\/\/archief.zibo.nl\/fr\/wp-json\/wp\/v2\/types\/product"}],"wp:featuredmedia":[{"embeddable":true,"href":"https:\/\/archief.zibo.nl\/fr\/wp-json\/wp\/v2\/media\/17995"}],"wp:attachment":[{"href":"https:\/\/archief.zibo.nl\/fr\/wp-json\/wp\/v2\/media?parent=15920"}],"wp:term":[{"taxonomy":"product_brand","embeddable":true,"href":"https:\/\/archief.zibo.nl\/fr\/wp-json\/wp\/v2\/product_brand?post=15920"},{"taxonomy":"product_cat","embeddable":true,"href":"https:\/\/archief.zibo.nl\/fr\/wp-json\/wp\/v2\/product_cat?post=15920"},{"taxonomy":"product_tag","embeddable":true,"href":"https:\/\/archief.zibo.nl\/fr\/wp-json\/wp\/v2\/product_tag?post=15920"}],"curies":[{"name":"wp","href":"https:\/\/api.w.org\/{rel}","templated":true}]}}