{"id":15948,"date":"2015-06-12T12:27:57","date_gmt":"2015-06-12T10:27:57","guid":{"rendered":"https:\/\/archief.zibo.nl\/product\/epandeur-eco-zibo-pour-additifs\/"},"modified":"2019-07-17T15:40:01","modified_gmt":"2019-07-17T13:40:01","slug":"epandeur-eco-zibo-pour-additifs","status":"publish","type":"product","link":"https:\/\/archief.zibo.nl\/fr\/produit\/epandeur-eco-zibo-pour-additifs\/","title":{"rendered":"\u00c9pandeur Eco ZIBO pour additifs"},"content":{"rendered":"<p><strong>\u00c9pandeur adapt\u00e9 aux hacheuses \u00e0 fourrage, aux caisses de r\u00e9ception,\u00a0aux presses \u00e0 balles rondes, aux presses haute densit\u00e9<\/strong><\/p>\n<ul>\n<li>Pour l&rsquo;ajout de substances conservatrices,\u00a0de min\u00e9raux\/nutriments<\/li>\n<li>Facile \u00e0 utiliser depuis la cabine<\/li>\n<li>Pupitre de commande 12 volts permettant de d\u00e9finir un\u00a0taux d&rsquo;application continuellement ajust\u00e9<\/li>\n<li>Application uniforme et pr\u00e9cise<\/li>\n<li>Dosage par 3 ouvertures<\/li>\n<li>Pas de formation d&rsquo;ar\u00eates<\/li>\n<li>Tr\u00e9mie d&rsquo;alimentation de 80 kg avec\u00a0grand couvercle de remplissage<\/li>\n<li>Assemblage simple<\/li>\n<\/ul>\n<p><strong>Code \u00a0 \u00a0 Description<\/strong><br \/>\nEC \u00a0 \u00a0 \u00a0 \u00a0 \u00c9pandeur Eco ZIBO (jaune), capacit\u00e9 50 kg (2 sacs) 45 litres<br \/>\nECW \u00a0 \u00a0 \u00c9pandeur Eco ZIBO (blanc), capacit\u00e9 80 kg (3 sacs) 65 litres<\/p>\n<p><a name=\"offerte\"><\/a><br \/>\n<strong>Demander une offre sans obligation :<\/strong><br \/>\n<!-- SharpSpring Form for Zibo_FR_offerte_Semis-Semoir-Dosage  --><br \/>\n<script type=\"text\/javascript\">\n    var ss_form = {'account': 'MzawMDEzMTU1AQA', 'formID': 'SzYxtrAwNTbTNTEzMtA1SU1M0U1KSzTUtUxJTrE0MjY0MjNNAQA'};\n    ss_form.width = '100%';\n    ss_form.height = '1000';\n    ss_form.domain = 'app-3QNCO4B3A0.marketingautomation.services';\n    \/\/ ss_form.hidden = {'field_id': 'value'}; \/\/ Modify this for sending hidden variables, or overriding values\n    \/\/ ss_form.target_id = 'target'; \/\/ Optional parameter: forms will be placed inside the element with the specified id\n    \/\/ ss_form.polling = true; \/\/ Optional parameter: set to true ONLY if your page loads dynamically and the id needs to be polled continually.\n<\/script><br \/>\n<script type=\"text\/javascript\" src=\"https:\/\/koi-3QNCO4B3A0.marketingautomation.services\/client\/form.js?ver=2.0.1\"><\/script><\/p>\n<p>En savoir plus sur notre <a href=\"https:\/\/archief.zibo.nl\/privacybeleid\/\" target=\"_blank\" rel=\"noopener noreferrer\">politique de confidentialit\u00e9<\/a><\/p>\n","protected":false},"excerpt":{"rendered":"<p><strong>Avez vous des questions? Appelez-nous au num\u00e9ro +31 (0)599 234 418<\/strong><\/p>\n<p><a href=\"#offerte\"><img loading=\"lazy\" decoding=\"async\" class=\"alignnone size-full wp-image-14295\" src=\"\/wp-content\/uploads\/2018\/01\/offerte-opvragen-button_FR.png\" alt=\"offerte-opvragen-button\" width=\"254\" height=\"36\" \/><\/a><\/p>\n","protected":false},"featured_media":15949,"template":"","meta":[],"product_brand":[],"product_cat":[303,298],"product_tag":[],"class_list":{"0":"post-15948","1":"product","2":"type-product","3":"status-publish","4":"has-post-thumbnail","6":"product_cat-produits","7":"product_cat-semis-semoir-dosage","9":"first","10":"instock","11":"shipping-taxable","12":"product-type-simple"},"_links":{"self":[{"href":"https:\/\/archief.zibo.nl\/fr\/wp-json\/wp\/v2\/product\/15948","targetHints":{"allow":["GET"]}}],"collection":[{"href":"https:\/\/archief.zibo.nl\/fr\/wp-json\/wp\/v2\/product"}],"about":[{"href":"https:\/\/archief.zibo.nl\/fr\/wp-json\/wp\/v2\/types\/product"}],"wp:featuredmedia":[{"embeddable":true,"href":"https:\/\/archief.zibo.nl\/fr\/wp-json\/wp\/v2\/media\/15949"}],"wp:attachment":[{"href":"https:\/\/archief.zibo.nl\/fr\/wp-json\/wp\/v2\/media?parent=15948"}],"wp:term":[{"taxonomy":"product_brand","embeddable":true,"href":"https:\/\/archief.zibo.nl\/fr\/wp-json\/wp\/v2\/product_brand?post=15948"},{"taxonomy":"product_cat","embeddable":true,"href":"https:\/\/archief.zibo.nl\/fr\/wp-json\/wp\/v2\/product_cat?post=15948"},{"taxonomy":"product_tag","embeddable":true,"href":"https:\/\/archief.zibo.nl\/fr\/wp-json\/wp\/v2\/product_tag?post=15948"}],"curies":[{"name":"wp","href":"https:\/\/api.w.org\/{rel}","templated":true}]}}