{"id":15954,"date":"2015-06-12T13:18:10","date_gmt":"2015-06-12T11:18:10","guid":{"rendered":"https:\/\/archief.zibo.nl\/product\/semoir-a-graminees-pneumatique-zibo\/"},"modified":"2019-07-17T15:40:24","modified_gmt":"2019-07-17T13:40:24","slug":"semoir-a-graminees-pneumatique-zibo","status":"publish","type":"product","link":"https:\/\/archief.zibo.nl\/fr\/produit\/semoir-a-graminees-pneumatique-zibo\/","title":{"rendered":"Semoir \u00e0 gramin\u00e9es pneumatique ZIBO"},"content":{"rendered":"<p><strong>Semoirs modulaires pneumatiques ZIBO avec appui a\u00e9rien<\/strong><\/p>\n<p>Les nouveaux semoirs pneumatiques ZIBO ont \u00e9t\u00e9 con\u00e7us pour les exploitants qui veulent un semis\u00a0simple et pratique, de 3 \u00e0 12 m. Fort de sa polyvalence, de ses commandes simples et de son ind\u00e9pendance\u00a0(GPS en propre), ce semoir pneumatique est une solution int\u00e9ressante pour de nombreuses techniques\u00a0de semis.<\/p>\n<p>Il est propos\u00e9 avec divers bo\u00eetiers de commande polyvalents, permettant une saisie simple des param\u00e8tres\u00a0voulus. Gr\u00e2ce au GPS int\u00e9gr\u00e9 au bo\u00eetier de commande, l&rsquo;unit\u00e9 est parfaitement ind\u00e9pendante en\u00a0ce qui concerne la vitesse de conduite. Elle veille \u00e9galement \u00e0 ajuster continuellement les quantit\u00e9s \u00e0\u00a0doser. Le semoir pneumatique ZIBO est une machine modulaire l\u00e9g\u00e8re pour herses rotatives, cultivateurs,<br \/>\ncultivateurs rotatifs, herses \u00e0 disques, herses pour p\u00e2turages, rouleaux crosskill, machines pour\u00a0espaces verts, etc.<\/p>\n<p><strong>Le semoir pneumatique ZIBO fiable est \u00e9quip\u00e9 de s\u00e9rie avec les \u00e9l\u00e9ments suivants :<\/strong><\/p>\n<ul>\n<li>Double ventilateur (option pour 2 ventilateurs (Quattro))<\/li>\n<li>Grande vitre d&rsquo;observation dans le compartiment<\/li>\n<li>Large couvercle avec ressorts \u00e0 gaz pour un remplissage ais\u00e9<\/li>\n<li>12 goulottes de d\u00e9charge (toutes les goulottes de d\u00e9charge peuvent \u00eatre doubl\u00e9es \u00e0 l&rsquo;aide d&rsquo;un \u00e9l\u00e9ment en Y)<\/li>\n<li>D\u00e9flecteurs sp\u00e9ciaux pour une distribution pr\u00e9cise (montage universel)<\/li>\n<li>L&rsquo;unit\u00e9 de dosage est faite de mat\u00e9riaux de qualit\u00e9 sup\u00e9rieure.<\/li>\n<\/ul>\n<p><strong>Choisissez quel semoir pneumatique ZIBO est le mieux adapt\u00e9 \u00e0 vos besoins.<\/strong><\/p>\n<ul>\n<li>Quelle pr\u00e9paration \/ semence doit \u00eatre distribu\u00e9e et combien de kg\/ha \u00e0 quelle vitesse<\/li>\n<li>Quel rotor choisir<\/li>\n<li>Largeur de travail : choix du souffleur (\u00e9lectrique ou hydraulique)<\/li>\n<\/ul>\n<p><strong>\u00c9tape 1) Calcul de la quantit\u00e9 :<\/strong><br \/>\nVous voulez \u00e9pandre 20 kg\/ha de moutarde jaune \u00e0 une vitesse de 10 km\/h, le semoir pneumatique\u00a0ZIBO est mont\u00e9 sur un cultivateur 6 m.<\/p>\n<p>Choisissez l&rsquo;arbre de distribution qui se rapproche le plus du d\u00e9bit maximum.\u00a0Le r\u00e9sultat indique que vous devriez opter pour un arbre de distribution PZ5016 (voir tableau ci-dessous).<\/p>\n<p><strong>D\u00e9bit de semences \/ granul\u00e9s en kg\/min :<\/strong><br \/>\n<em>Tableau du d\u00e9bit maximum pour diverses semences et s\u00e9lections de rotor<\/em><\/p>\n<p><strong>Semence \u00a0 \u00a0 \u00a0 \u00a0Type de rotor<\/strong><br \/>\n. \u00a0 \u00a0 \u00a0 \u00a0 \u00a0 \u00a0 \u00a0 \u00a0 \u00a0 \u00a0 \u00a0 \u00a0 \u00a0 \u00a0 \u00a0 \u00a0 \u00a0 \u00a0 \u00a0 \u00a0 \u00a0 \u00a0 \u00a0PZ5013 \u00a0 \u00a0 \u00a0PZ5015 \u00a0 PZ5016 \u00a0 PZ5025 \u00a0 PZ5032<br \/>\nMoutarde jaune \u00a0 \u00a0 \u00a0 \u00a0 \u00a0 \u00a0 \u00a0 \u00a0 \u00a0 \u00a0 \u00a0 \u00a0 \u00a0 \u00a0 \u00a0 \u00a0 \u00a0 \u00a0 \u00a0 \u00a0 3,9 \u00a0 \u00a0 \u00a0 \u00a0 \u00a02,5 \u00a0 \u00a0 \u00a0 \u00a0 \u00a0 8,6 \u00a0 \u00a0 \u00a0 \u00a0 \u00a0 5,2<br \/>\nColza chou kale \u00a0 \u00a0 \u00a0 \u00a0 \u00a0 \u00a0 \u00a0 \u00a0 \u00a0 \u00a0 \u00a0 \u00a0 \u00a0 \u00a0 \u00a0 \u00a0 \u00a0 \u00a0 \u00a0 \u00a03,9 \u00a0 \u00a0 \u00a0 \u00a0 \u00a0 2,3 \u00a0 \u00a0 \u00a0 \u00a0 \u00a0 7,7 \u00a0 \u00a0 \u00a0 \u00a0 \u00a06,0<br \/>\nOl\u00e9agineux radis \u00a0 \u00a0 \u00a0 \u00a0 \u00a0 \u00a0 \u00a0 \u00a0 \u00a0 \u00a0 \u00a0 \u00a0 \u00a0 \u00a0 \u00a0 \u00a0 \u00a0 \u00a0 \u00a0 3,5 \u00a0 \u00a0 \u00a0 \u00a0 \u00a0 2,2 \u00a0 \u00a0 \u00a0 \u00a0 \u00a07,2 \u00a0 \u00a0 \u00a0 \u00a0 \u00a0 4,4<br \/>\nGraines de gramin\u00e9es \u00a0 \u00a0 \u00a0 \u00a0 \u00a0 \u00a0 \u00a0 \u00a0 \u00a0 \u00a0 \u00a0 \u00a0 \u00a0 \u00a0 \u00a0 \u00a02,5 \u00a0 \u00a0 \u00a0 \u00a0 \u00a01,5 \u00a0 \u00a0 \u00a0 \u00a0 \u00a0 5,0 \u00a0 \u00a0 \u00a0 \u00a0 \u00a03,0<br \/>\nHerbe pour terrains de sport \u00a0 \u00a0 \u00a0 \u00a0 \u00a0 \u00a0 \u00a0 \u00a0 \u00a0 \u00a0 2,0 \u00a0 \u00a0 \u00a0 \u00a0 \u00a0 1,3 \u00a0 \u00a0 \u00a0 \u00a0 \u00a04,8 \u00a0 \u00a0 \u00a0 \u00a0 \u00a0 2,6<br \/>\nSeigle d&rsquo;hiver \u00a0 \u00a0 \u00a0 \u00a0 \u00a0 \u00a0 \u00a0 \u00a0 \u00a0 \u00a0 \u00a0 \u00a0 \u00a0 \u00a0 \u00a0 \u00a0 \u00a0 \u00a0 \u00a0 \u00a0 \u00a0 \u00a03,8 \u00a0 \u00a0 \u00a0 \u00a0 \u00a0 2,2 \u00a0 \u00a0 \u00a0 \u00a0 \u00a07,6 \u00a0 \u00a0 \u00a0 \u00a0 \u00a0 3,8<br \/>\nVydate (granul\u00e9) \u00a0 \u00a0 \u00a0 \u00a0 \u00a0 \u00a0 \u00a0 \u00a0 \u00a0 \u00a0 \u00a00,44<br \/>\nMocap (granul\u00e9) \u00a0 \u00a0 \u00a0 \u00a0 \u00a0 \u00a0 \u00a0 \u00a0 \u00a0 \u00a0 \u00a00,64<\/p>\n<p><strong>\u00c9tape 2) Souffleur (d\u00e9pend fortement du type de semences) :<\/strong><\/p>\n<ul>\n<li>Largeur de travail : jusqu&rsquo;\u00e0 3 m\u00e8tres \u00a0 \u00a0 \u00a0 Semoir pneumatique standard avec double souffleur.<\/li>\n<li>Largeur de travail : jusqu&rsquo;\u00e0 4,5 m\u00e8tres \u00a0 \u00a0Choisir un souffleur Quattro \u00a0 \u00a0 \u00a0 \u00a0 \u00a0 \u00a0(PZ8048)<\/li>\n<li>Largeur de travail : jusqu&rsquo;\u00e0 9 m\u00e8tres \u00a0 \u00a0 \u00a0 Choisir un souffleur hydraulique \u00a0 \u00a0 (PZHB0201)<\/li>\n<\/ul>\n<p><strong>Semoirs modulaires pneumatiques ZIBO avec appui a\u00e9rien<\/strong><\/p>\n<p><strong>Code \u00a0 \u00a0 \u00a0 \u00a0 \u00a0 \u00a0 Description\u00a0<\/strong><br \/>\nPZ5001 \u00a0 \u00a0 \u00a0 \u00a0 Semoir pneumatique ZIBO 50 l, 12 conduits de sortie avec module d&rsquo;entra\u00eenement\u00a012 V complet<br \/>\nPZ8001 \u00a0 \u00a0 \u00a0 \u00a0 Semoir pneumatique ZIBO 80 l, 12 conduits de sortie avec module d&rsquo;entra\u00eenement\u00a012 V complet<br \/>\nPZ15001 \u00a0 \u00a0 \u00a0 Semoir pneumatique ZIBO 150 l, 12 conduits de sortie avec module d&rsquo;entra\u00eenement\u00a012 V complet<br \/>\nPZ40001 \u00a0 \u00a0 \u00a0 Semoir pneumatique ZIBO 400 l, 12 conduits de sortie avec module d&rsquo;entra\u00eenement\u00a012 V complet<br \/>\nPZ80001 \u00a0 \u00a0 \u00a0 Semoir pneumatique ZIBO 800 l, 12 conduits de sortie avec module d&rsquo;entra\u00eenement\u00a012 V complet<br \/>\n<em>Remarque : avec 2 unit\u00e9s ou plus, il convient d&rsquo;int\u00e9grer un bo\u00eetier \u00e9lectrique de distribution (DE002325)<\/em><\/p>\n<p>DE002126 \u00a0 \u00a0 Bo\u00eetier de commande de potentiom\u00e8tre complet<br \/>\nDE001505 \u00a0 \u00a0 Bo\u00eetier de commande complet avec GPS<br \/>\nDE002127 \u00a0 \u00a0 Bo\u00eetier de commande complet avec GPS, avec 4 interrupteurs on\/off<br \/>\nDE002325 \u00a0 \u00a0 Powerbox, prendre en compte si 2 unit\u00e9s ou plus sont utilis\u00e9es<br \/>\nDE002178 \u00a0 \u00a0 Jeu de c\u00e2bles pour connecteur ISO 7 broches pour obtenir le signal de\u00a0vitesse et le signal de levage du tracteur, avec c\u00e2ble de 1,5 m\u00e8tre<br \/>\nDE001766 \u00a0 \u00a0 Capteur inductif (levage) ZIBO avec c\u00e2ble de 6 m\u00e8tres, syst\u00e8me GPS<br \/>\nPZ8048 \u00a0 \u00a0 \u00a0 \u00a0 \u00a0Ventilateur suppl\u00e9mentaire (Quattro) (jusqu&rsquo;\u00e0 4,5 m\u00e8tres)<br \/>\nPZHB0201 \u00a0 \u00a0Souffleur hydraulique ZIBO pour PZ<br \/>\nPZ5013 \u00a0 \u00a0 \u00a0 \u00a0 Arbre de distribution ZIBO pour granul\u00e9s, etc.<br \/>\nPZ5025 \u00a0 \u00a0 \u00a0 \u00a0 Arbre de distribution ZIBO, tr\u00e8s gros, pour grandes quantit\u00e9s\u00a0de graines de gramin\u00e9es, ol\u00e9agineux, radis<br \/>\nPZ5015 \u00a0 \u00a0 \u00a0 \u00a0 Arbre de distribution ZIBO, pour graines de gramin\u00e9es, ol\u00e9agineux, radis, etc.<br \/>\nPZ5016 \u00a0 \u00a0 \u00a0 \u00a0 Arbre de distribution ZIBO pour moutarde jaune, colza, chou kale, etc.<br \/>\n<em>D&rsquo;autres arbres de distribution (pois, f\u00e8ves, sarrasin, coquelicots, granul\u00e9s anti-limaces, etc.) peuvent \u00eatre command\u00e9s.<\/em><\/p>\n<p>PZ40012 \u00a0 \u00a0 \u00a0Distributeur ZIBO pour flexible \u00d8 25 mm, galvanis\u00e9, fourni s\u00e9par\u00e9ment<br \/>\nLS25 \u00a0 \u00a0 \u00a0 \u00a0 \u00a0 \u00a0Flexible \u00d8 25 mm, le m\u00e8tre<br \/>\nPZ80130 \u00a0 \u00a0 \u00a0Distributeur (en Y) \u00d8 25 mm de 1 \u00e0 2 flexibles (sorties)<br \/>\nPZ465437 \u00a0 \u00a0Kit d&rsquo;arr\u00eat, par sortie<br \/>\nDE002014 \u00a0 Onduleur ZIBO 24 V &gt; 12 V 40 A. Syst\u00e8me GPS<br \/>\n<em>Unit\u00e9 vendue de s\u00e9rie avec double ventilateur, 12 plaques d\u00e9flectrices et 25 m\u00e8tres de flexible.<\/em><\/p>\n<p><a name=\"offerte\"><\/a><br \/>\n<strong>Demander une offre sans obligation :<\/strong><br \/>\n<!-- SharpSpring Form for Zibo_FR_offerte_Semis-Semoir-Dosage  --><br \/>\n<script type=\"text\/javascript\">\n    var ss_form = {'account': 'MzawMDEzMTU1AQA', 'formID': 'SzYxtrAwNTbTNTEzMtA1SU1M0U1KSzTUtUxJTrE0MjY0MjNNAQA'};\n    ss_form.width = '100%';\n    ss_form.height = '1000';\n    ss_form.domain = 'app-3QNCO4B3A0.marketingautomation.services';\n    \/\/ ss_form.hidden = {'field_id': 'value'}; \/\/ Modify this for sending hidden variables, or overriding values\n    \/\/ ss_form.target_id = 'target'; \/\/ Optional parameter: forms will be placed inside the element with the specified id\n    \/\/ ss_form.polling = true; \/\/ Optional parameter: set to true ONLY if your page loads dynamically and the id needs to be polled continually.\n<\/script><br \/>\n<script type=\"text\/javascript\" src=\"https:\/\/koi-3QNCO4B3A0.marketingautomation.services\/client\/form.js?ver=2.0.1\"><\/script><\/p>\n<p>En savoir plus sur notre <a href=\"https:\/\/archief.zibo.nl\/privacybeleid\/\" target=\"_blank\" rel=\"noopener noreferrer\">politique de confidentialit\u00e9<\/a><\/p>\n","protected":false},"excerpt":{"rendered":"<p><strong>Avez vous des questions? Appelez-nous au num\u00e9ro +31 (0)599 234 418<\/strong><\/p>\n<p><a href=\"#offerte\"><img loading=\"lazy\" decoding=\"async\" class=\"alignnone size-full wp-image-14295\" src=\"\/wp-content\/uploads\/2018\/01\/offerte-opvragen-button_FR.png\" alt=\"offerte-opvragen-button\" width=\"254\" height=\"36\" \/><\/a><\/p>\n","protected":false},"featured_media":15970,"template":"","meta":[],"product_brand":[],"product_cat":[303,298],"product_tag":[],"class_list":{"0":"post-15954","1":"product","2":"type-product","3":"status-publish","4":"has-post-thumbnail","6":"product_cat-produits","7":"product_cat-semis-semoir-dosage","9":"first","10":"instock","11":"shipping-taxable","12":"product-type-simple"},"_links":{"self":[{"href":"https:\/\/archief.zibo.nl\/fr\/wp-json\/wp\/v2\/product\/15954","targetHints":{"allow":["GET"]}}],"collection":[{"href":"https:\/\/archief.zibo.nl\/fr\/wp-json\/wp\/v2\/product"}],"about":[{"href":"https:\/\/archief.zibo.nl\/fr\/wp-json\/wp\/v2\/types\/product"}],"wp:featuredmedia":[{"embeddable":true,"href":"https:\/\/archief.zibo.nl\/fr\/wp-json\/wp\/v2\/media\/15970"}],"wp:attachment":[{"href":"https:\/\/archief.zibo.nl\/fr\/wp-json\/wp\/v2\/media?parent=15954"}],"wp:term":[{"taxonomy":"product_brand","embeddable":true,"href":"https:\/\/archief.zibo.nl\/fr\/wp-json\/wp\/v2\/product_brand?post=15954"},{"taxonomy":"product_cat","embeddable":true,"href":"https:\/\/archief.zibo.nl\/fr\/wp-json\/wp\/v2\/product_cat?post=15954"},{"taxonomy":"product_tag","embeddable":true,"href":"https:\/\/archief.zibo.nl\/fr\/wp-json\/wp\/v2\/product_tag?post=15954"}],"curies":[{"name":"wp","href":"https:\/\/api.w.org\/{rel}","templated":true}]}}