{"id":15975,"date":"2018-12-17T09:17:50","date_gmt":"2018-12-17T08:17:50","guid":{"rendered":"https:\/\/archief.zibo.nl\/product\/barre-de-binage-du-mais-zibo-semoir-en-ligne-pneumatique-zibo\/"},"modified":"2019-07-17T15:40:48","modified_gmt":"2019-07-17T13:40:48","slug":"barre-de-binage-du-mais-zibo-semoir-en-ligne-pneumatique-zibo","status":"publish","type":"product","link":"https:\/\/archief.zibo.nl\/fr\/produit\/barre-de-binage-du-mais-zibo-semoir-en-ligne-pneumatique-zibo\/","title":{"rendered":"Barre de binage du ma\u00efs ZIBO + Semoir en ligne pneumatique ZIBO"},"content":{"rendered":"<p><strong>Binage du ma\u00efs et semis des gramin\u00e9es en un seul passage<\/strong><\/p>\n<p>Les plantes ont besoin d&rsquo;azote et de phosphate. Ces substances finissent dans la terre et l&rsquo;eau si elles\u00a0ne sont pas absorb\u00e9es par les plantes. Les ma\u00efsiculteurs devraient semer une culture d\u00e9rob\u00e9e quand\u00a0ils cultivent du ma\u00efs sur du sable ou du loess. Cela permet d&rsquo;\u00e9viter les fuites d&rsquo;azote exc\u00e9dentaire en\u00a0automne et en hiver.<\/p>\n<p>Un sous-semis de gramin\u00e9es avec le ma\u00efs d&rsquo;une longueur de 40 \u00e0 50 centim\u00e8tres stimule la vie dans le\u00a0sol ce qui permet une meilleure r\u00e9tention des min\u00e9raux. De plus, une culture d\u00e9rob\u00e9e sera d\u00e9j\u00e0 pr\u00e9sente\u00a0apr\u00e8s la r\u00e9colte du ma\u00efs ce qui \u00e9limine la n\u00e9cessit\u00e9 de travailler le sol. Zinger Mechanisatie combine dans\u00a0une seule machine une barre de binage ZIBO avec un semoir en ligne pneumatique ZIBO afin de r\u00e9pondre\u00a0aux besoins de la culture intercalaire en un seul passage. Zinger Mechanisatie a con\u00e7u cette machine\u00a0combin\u00e9e sp\u00e9cialement pour cette application. La structure et le poids du ch\u00e2ssis sont adapt\u00e9s \u00e0 une\u00a0utilisation dans la culture du ma\u00efs. La machine n\u00e9cessite peu de puissance et permet l&rsquo;utilisation d&rsquo;un\u00a0tracteur l\u00e9ger. Le semoir en ligne pneumatique assure une distribution r\u00e9guli\u00e8re, avec un semis bien\u00a0r\u00e9parti entre les rang\u00e9es de ma\u00efs gr\u00e2ce \u00e0 une plaque d\u00e9flectrice et des dents vibrantes ou fixes entre\u00a0les houes. La combinaison bineuse et semoir en ligne ZIBO est disponible en version 8 ou 6 rangs.<\/p>\n<p><strong>Avantages de la combinaison bineuse de ma\u00efs et semoir en ligne ZIBO :<\/strong><\/p>\n<ul>\n<li>Meilleure utilisation des min\u00e9raux<\/li>\n<li>Meilleure vie dans le sol<\/li>\n<li>Pollution minimale du sol<\/li>\n<li>Contr\u00f4le des mauvaises herbes<\/li>\n<li>Gain de temps et \u00e9conomies sur les co\u00fbts de m\u00e9canisation<\/li>\n<\/ul>\n<p><strong>Code \u00a0 \u00a0 \u00a0 \u00a0 Description\u00a0<\/strong><br \/>\nSB2301 \u00a0 \u00a0 Bineuse \u00e0 ma\u00efs ZIBO, 6 100 mm, rabattage hydr., avec 9 parall\u00e9logrammes \u00e0 ma\u00efs<br \/>\nSB2401 \u00a0 \u00a0 Bineuse \u00e0 ma\u00efs ZIBO, 4 600 mm, rabattage hydr., avec 7 parall\u00e9logrammes \u00e0 ma\u00efs<br \/>\nBPA0406 \u00a0Jeu de dents \u00e0 ressorts ZIBO pour le m\u00e9lange dans les semences<br \/>\nBPA0405 \u00a0Jeu de dents \u00e0 ressorts ZIBO pour le m\u00e9lange dans les semences<br \/>\nSB2307 \u00a0 \u00a0Plateforme ZIBO avec marches pour semoir en ligne<br \/>\nRS83 \u00a0 \u00a0 \u00a0 \u00a0Jeu d&rsquo;\u00e9clairage ZIBO complet avec panneaux<br \/>\nPZ15021 \u00a0Semoir en ligne pneumatique ZIBO, 150 l. entra\u00eenement hydraulique avec\u00a0\u00e9pandeurs (pour distribution des semences) avec plaques d\u00e9flectrices<\/p>\n<p><a name=\"offerte\"><\/a><br \/>\n<strong>Demander une offre sans obligation :<\/strong><br \/>\n<!-- SharpSpring Form for Zibo_FR_offerte_Semis-Semoir-Dosage  --><br \/>\n<script type=\"text\/javascript\">\n    var ss_form = {'account': 'MzawMDEzMTU1AQA', 'formID': 'SzYxtrAwNTbTNTEzMtA1SU1M0U1KSzTUtUxJTrE0MjY0MjNNAQA'};\n    ss_form.width = '100%';\n    ss_form.height = '1000';\n    ss_form.domain = 'app-3QNCO4B3A0.marketingautomation.services';\n    \/\/ ss_form.hidden = {'field_id': 'value'}; \/\/ Modify this for sending hidden variables, or overriding values\n    \/\/ ss_form.target_id = 'target'; \/\/ Optional parameter: forms will be placed inside the element with the specified id\n    \/\/ ss_form.polling = true; \/\/ Optional parameter: set to true ONLY if your page loads dynamically and the id needs to be polled continually.\n<\/script><br \/>\n<script type=\"text\/javascript\" src=\"https:\/\/koi-3QNCO4B3A0.marketingautomation.services\/client\/form.js?ver=2.0.1\"><\/script><\/p>\n<p>En savoir plus sur notre <a href=\"https:\/\/archief.zibo.nl\/privacybeleid\/\" target=\"_blank\" rel=\"noopener noreferrer\">politique de confidentialit\u00e9<\/a><\/p>\n","protected":false},"excerpt":{"rendered":"<p><strong>Avez vous des questions? Appelez-nous au num\u00e9ro +31 (0)599 234 418<\/strong><\/p>\n<p><a href=\"#offerte\"><img loading=\"lazy\" decoding=\"async\" class=\"alignnone size-full wp-image-14295\" src=\"\/wp-content\/uploads\/2018\/01\/offerte-opvragen-button_FR.png\" alt=\"offerte-opvragen-button\" width=\"254\" height=\"36\" \/><\/a><\/p>\n","protected":false},"featured_media":15976,"template":"","meta":[],"product_brand":[],"product_cat":[303,298,299],"product_tag":[],"class_list":{"0":"post-15975","1":"product","2":"type-product","3":"status-publish","4":"has-post-thumbnail","6":"product_cat-produits","7":"product_cat-semis-semoir-dosage","8":"product_cat-soin-des-cultures","10":"first","11":"instock","12":"shipping-taxable","13":"product-type-simple"},"_links":{"self":[{"href":"https:\/\/archief.zibo.nl\/fr\/wp-json\/wp\/v2\/product\/15975","targetHints":{"allow":["GET"]}}],"collection":[{"href":"https:\/\/archief.zibo.nl\/fr\/wp-json\/wp\/v2\/product"}],"about":[{"href":"https:\/\/archief.zibo.nl\/fr\/wp-json\/wp\/v2\/types\/product"}],"wp:featuredmedia":[{"embeddable":true,"href":"https:\/\/archief.zibo.nl\/fr\/wp-json\/wp\/v2\/media\/15976"}],"wp:attachment":[{"href":"https:\/\/archief.zibo.nl\/fr\/wp-json\/wp\/v2\/media?parent=15975"}],"wp:term":[{"taxonomy":"product_brand","embeddable":true,"href":"https:\/\/archief.zibo.nl\/fr\/wp-json\/wp\/v2\/product_brand?post=15975"},{"taxonomy":"product_cat","embeddable":true,"href":"https:\/\/archief.zibo.nl\/fr\/wp-json\/wp\/v2\/product_cat?post=15975"},{"taxonomy":"product_tag","embeddable":true,"href":"https:\/\/archief.zibo.nl\/fr\/wp-json\/wp\/v2\/product_tag?post=15975"}],"curies":[{"name":"wp","href":"https:\/\/api.w.org\/{rel}","templated":true}]}}