{"id":16027,"date":"2015-06-12T13:06:55","date_gmt":"2015-06-12T11:06:55","guid":{"rendered":"https:\/\/archief.zibo.nl\/product\/unites-de-fertilisation-zibo\/"},"modified":"2019-07-17T15:40:09","modified_gmt":"2019-07-17T13:40:09","slug":"unites-de-fertilisation-zibo","status":"publish","type":"product","link":"https:\/\/archief.zibo.nl\/fr\/produit\/unites-de-fertilisation-zibo\/","title":{"rendered":"Unit\u00e9s de fertilisation ZIBO"},"content":{"rendered":"<p><strong>Code \u00a0 \u00a0 \u00a0 \u00a0 \u00a0 Description\u00a0<\/strong><br \/>\nZZ2602 \u00a0 \u00a0 \u00a0 Unit\u00e9 de fertilisation frontale 2 600 mm, cont. 1 000 litres, 8 becs,\u00a0\u00e9clairage, pr\u00eat pour entra\u00eenement \u00e0 volant pas \u00e0 pas ou hydraulique<br \/>\nZZ260106 \u00a0 Roue d&rsquo;appui compl\u00e8te avec montage \u20ac 240,-<br \/>\nZZ2603 \u00a0 \u00a0 \u00a0 Unit\u00e9 de fertilisation frontale 2 600 mm, cont. 1 000 litres, 8 bacs,\u00a03 roues d&rsquo;appui, \u00e9clairage.<br \/>\n\u25a0 Attelage avec 3 roues d&rsquo;appui et attelage pour installation de pes\u00e9e.<br \/>\n\u25a0 Installation de pes\u00e9e<br \/>\n\u25a0 Nouvelle unit\u00e9 de fertilisation frontale fournie avec arbres en acier inoxydable, grilles,\u00a0couvercle plastique, plaques d\u00e9flectrices directement sous les tubes de semences.<br \/>\n\u25a0 Unit\u00e9 d&rsquo;entra\u00eenement hydraulique sur arbre de distribution avec\u00a0indicateur de tr\/min pour la vitesse de conduite.<br \/>\n\u25a0 Ordinateur de pes\u00e9e-semis avec raccordement pour bo\u00eetier de pes\u00e9e trois points, commande\u00a0hydraulique pour la mesure de la vitesse de l&rsquo;arbre de distribution, compteur\u00a0d&rsquo;hectare et kg totaux appliqu\u00e9s.<br \/>\nXL26008 \u00a0 \u00a0Unit\u00e9 de fertilisation ZIBO modulaire, 2 600 mm 620 litres, 8 sorties, pour\u00a0application d&rsquo;additifs dans le rang, adapt\u00e9e \u00e0 un entra\u00eenement \u00e9lectrique,\u00a0hydraulique ou pas \u00e0 pas<br \/>\nZZ70010 \u00a0 \u00a0Unit\u00e9 de fertilisation ZIBO avec 4 goulottes de d\u00e9charge,\u00a0125 litres, sans cassette d&rsquo;entra\u00eenement<br \/>\nZZ70106 \u00a0 \u00a0Unit\u00e9 de fertilisation ZIBO en inox avec 4 goulottes de d\u00e9charge, 150 litres, sans\u00a0cassette d&rsquo;entra\u00eenement<\/p>\n<p><a name=\"offerte\"><\/a><br \/>\n<strong>Demander une offre sans obligation :<\/strong><br \/>\n<!-- SharpSpring Form for Zibo_FR_offerte_Semis-Semoir-Dosage  --><br \/>\n<script type=\"text\/javascript\">\n    var ss_form = {'account': 'MzawMDEzMTU1AQA', 'formID': 'SzYxtrAwNTbTNTEzMtA1SU1M0U1KSzTUtUxJTrE0MjY0MjNNAQA'};\n    ss_form.width = '100%';\n    ss_form.height = '1000';\n    ss_form.domain = 'app-3QNCO4B3A0.marketingautomation.services';\n    \/\/ ss_form.hidden = {'field_id': 'value'}; \/\/ Modify this for sending hidden variables, or overriding values\n    \/\/ ss_form.target_id = 'target'; \/\/ Optional parameter: forms will be placed inside the element with the specified id\n    \/\/ ss_form.polling = true; \/\/ Optional parameter: set to true ONLY if your page loads dynamically and the id needs to be polled continually.\n<\/script><br \/>\n<script type=\"text\/javascript\" src=\"https:\/\/koi-3QNCO4B3A0.marketingautomation.services\/client\/form.js?ver=2.0.1\"><\/script><\/p>\n<p>En savoir plus sur notre <a href=\"https:\/\/archief.zibo.nl\/privacybeleid\/\" target=\"_blank\" rel=\"noopener noreferrer\">politique de confidentialit\u00e9<\/a><\/p>\n","protected":false},"excerpt":{"rendered":"<p><strong>Avez vous des questions? Appelez-nous au num\u00e9ro +31 (0)599 234 418<\/strong><\/p>\n<p><a href=\"#offerte\"><img loading=\"lazy\" decoding=\"async\" class=\"alignnone size-full wp-image-14295\" src=\"\/wp-content\/uploads\/2018\/01\/offerte-opvragen-button_FR.png\" alt=\"offerte-opvragen-button\" width=\"254\" height=\"36\" \/><\/a><\/p>\n","protected":false},"featured_media":16038,"template":"","meta":[],"product_brand":[],"product_cat":[303,298],"product_tag":[],"class_list":{"0":"post-16027","1":"product","2":"type-product","3":"status-publish","4":"has-post-thumbnail","6":"product_cat-produits","7":"product_cat-semis-semoir-dosage","9":"first","10":"instock","11":"shipping-taxable","12":"product-type-simple"},"_links":{"self":[{"href":"https:\/\/archief.zibo.nl\/fr\/wp-json\/wp\/v2\/product\/16027","targetHints":{"allow":["GET"]}}],"collection":[{"href":"https:\/\/archief.zibo.nl\/fr\/wp-json\/wp\/v2\/product"}],"about":[{"href":"https:\/\/archief.zibo.nl\/fr\/wp-json\/wp\/v2\/types\/product"}],"wp:featuredmedia":[{"embeddable":true,"href":"https:\/\/archief.zibo.nl\/fr\/wp-json\/wp\/v2\/media\/16038"}],"wp:attachment":[{"href":"https:\/\/archief.zibo.nl\/fr\/wp-json\/wp\/v2\/media?parent=16027"}],"wp:term":[{"taxonomy":"product_brand","embeddable":true,"href":"https:\/\/archief.zibo.nl\/fr\/wp-json\/wp\/v2\/product_brand?post=16027"},{"taxonomy":"product_cat","embeddable":true,"href":"https:\/\/archief.zibo.nl\/fr\/wp-json\/wp\/v2\/product_cat?post=16027"},{"taxonomy":"product_tag","embeddable":true,"href":"https:\/\/archief.zibo.nl\/fr\/wp-json\/wp\/v2\/product_tag?post=16027"}],"curies":[{"name":"wp","href":"https:\/\/api.w.org\/{rel}","templated":true}]}}