{"id":16040,"date":"2015-06-12T13:19:42","date_gmt":"2015-06-12T11:19:42","guid":{"rendered":"https:\/\/archief.zibo.nl\/product\/semoirs-en-ligne-zibo\/"},"modified":"2019-07-17T15:40:31","modified_gmt":"2019-07-17T13:40:31","slug":"semoirs-en-ligne-zibo","status":"publish","type":"product","link":"https:\/\/archief.zibo.nl\/fr\/produit\/semoirs-en-ligne-zibo\/","title":{"rendered":"Semoirs en ligne Type L (330L.) ZIBO"},"content":{"rendered":"<p>Les semoirs en ligne de ZIBO peuvent facilement se monter sur n&rsquo;importe quel autre \u00e9quipement de\u00a0travail du sol (conditionneur, cultivateur, pulv\u00e9riseur, d\u00e9compacteur, bineuse, etc.). Un semis de pr\u00e9cision\u00a0\u00e0 l&rsquo;aide d&rsquo;un syst\u00e8me \u00e0 roue de glissement avec soupape de d\u00e9chargement \u00e0 ressort. Le semoir\u00a0en ligne est adapt\u00e9 \u00e0 des applications \u00e0 partir de 5 kg\/ha, il est param\u00e9trable \u00e0 l&rsquo;aide d&rsquo;une poign\u00e9e\u00a0(param\u00e8tre large) et d&rsquo;un bouton en inox (param\u00e8tre fin).<\/p>\n<p><strong>Les semoirs ZIBO L &amp; XL sont \u00e9quip\u00e9s de s\u00e9rie des \u00e9l\u00e9ments suivants :<\/strong><\/p>\n<ul>\n<li>Bras d&rsquo;agitateur<\/li>\n<li>Tr\u00e9mie d&rsquo;alimentation avec triangles soud\u00e9s pour les pentes et une distribution r\u00e9guli\u00e8re ;<\/li>\n<li>Flexible avec distributeurs sp\u00e9ciaux (aucune influence du vent)<\/li>\n<li>Syst\u00e8me \u00e0 roue \u00e0 glissement avec soupape de d\u00e9chargement \u00e0 ressort (protection contre les objets durs, les pierres par exemple)<\/li>\n<li>Couvercle robuste avec ressorts \u00e0 gaz<\/li>\n<li>La version L est \u00e9quip\u00e9e de s\u00e9rie de pupitres int\u00e9gr\u00e9s avec double anneau.<\/li>\n<li>La version XL est \u00e9quip\u00e9e de s\u00e9rie d&rsquo;un attelage \u00e0 3 points.<\/li>\n<\/ul>\n<p><strong>Code \u00a0 \u00a0 \u00a0 \u00a0 \u00a0 \u00a0 Contenu \u00a0 \u00a0 \u00a0 \u00a0Goulottes de d\u00e9charge<\/strong><br \/>\nL1500\/8 \u00a0 \u00a0 \u00a0 \u00a0160 litres \u00a0 \u00a0 \u00a0 \u00a08<br \/>\nL1500\/12 \u00a0 \u00a0 \u00a0160 litres \u00a0 \u00a0 \u00a0 \u00a012<br \/>\nL3000\/17 \u00a0 \u00a0 \u00a0330 litres \u00a0 \u00a0 \u00a0 \u00a017<br \/>\nL3000\/25 \u00a0 \u00a0 \u00a0330 litres\u00a0 \u00a0 \u00a0 \u00a0 25<br \/>\nXL3000\/25 \u00a0 500 litres\u00a0 \u00a0 \u00a0 \u00a0 25<br \/>\n<em>Les tr\u00e9mies de semis peuvent \u00e9galement \u00eatre fournies en tant qu&rsquo;unit\u00e9s de fertilisation. Un rotor diff\u00e9rent est disponible pour cette version.<\/em><\/p>\n<p><strong>Code \u00a0 \u00a0 \u00a0 \u00a0 \u00a0 \u00a0 Additionnels<\/strong><br \/>\nZZ300017 \u00a0 \u00a0Roue distributrice compl\u00e8te avec 2 cassettes et montage, fournis s\u00e9par\u00e9ment<br \/>\nZZ70019 \u00a0 \u00a0 \u00a0Jeu de construction \u00e0 entra\u00eenement par moteur hydraulique complet<br \/>\nZZ300084 \u00a0 \u00a0Entra\u00eenement \u00e9lectrique (+ s\u00e9lection d&rsquo;un bo\u00eetier de commande)<br \/>\nDE002126 \u00a0 Bo\u00eetier de commande de potentiom\u00e8tre complet<br \/>\nDE001505 \u00a0 Bo\u00eetier de commande complet avec GPS<br \/>\nZZ300047 \u00a0 Cassette d&rsquo;entra\u00eenement, s\u00e9par\u00e9e, chacune 17\/30<br \/>\nLI020101 \u00a0 \u00a0Installation de levage hydraulique<br \/>\nZZ300121 \u00a0 Roue distributrice extra large \u00f8 1 000 mm. avec bras (sans cassettes)<br \/>\nZZ300217 \u00a0 Jeu de dents de binage des graines avec syst\u00e8me parall\u00e9logramme<br \/>\nZZ300116 \u00a0 Adaptateur composant version XL<br \/>\nZZ300014 \u00a0 Plaque d\u00e9flectrice ZIBO pour flexible \u00d8 32 mm, galvanis\u00e9, fourni s\u00e9par\u00e9ment<br \/>\nLS32 \u00a0 \u00a0 \u00a0 \u00a0 \u00a0 Flexible \u00d8 32 mm, le m\u00e8tre<br \/>\nZZ70009 \u00a0 \u00a0 Distributeur en Y (bout de tuyau) \u00d8 30 mm de 1 \u00e0 2 flexibles (goulottes de d\u00e9charge)<\/p>\n<p><a name=\"offerte\"><\/a><br \/>\n<strong>Demander une offre sans obligation :<\/strong><br \/>\n<!-- SharpSpring Form for Zibo_FR_offerte_Semis-Semoir-Dosage  --><br \/>\n<script type=\"text\/javascript\">\n    var ss_form = {'account': 'MzawMDEzMTU1AQA', 'formID': 'SzYxtrAwNTbTNTEzMtA1SU1M0U1KSzTUtUxJTrE0MjY0MjNNAQA'};\n    ss_form.width = '100%';\n    ss_form.height = '1000';\n    ss_form.domain = 'app-3QNCO4B3A0.marketingautomation.services';\n    \/\/ ss_form.hidden = {'field_id': 'value'}; \/\/ Modify this for sending hidden variables, or overriding values\n    \/\/ ss_form.target_id = 'target'; \/\/ Optional parameter: forms will be placed inside the element with the specified id\n    \/\/ ss_form.polling = true; \/\/ Optional parameter: set to true ONLY if your page loads dynamically and the id needs to be polled continually.\n<\/script><br \/>\n<script type=\"text\/javascript\" src=\"https:\/\/koi-3QNCO4B3A0.marketingautomation.services\/client\/form.js?ver=2.0.1\"><\/script><\/p>\n<p>En savoir plus sur notre <a href=\"https:\/\/archief.zibo.nl\/privacybeleid\/\" target=\"_blank\" rel=\"noopener noreferrer\">politique de confidentialit\u00e9<\/a><\/p>\n","protected":false},"excerpt":{"rendered":"<p><strong>Avez vous des questions? Appelez-nous au num\u00e9ro +31 (0)599 234 418<\/strong><\/p>\n<p><a href=\"#offerte\"><img loading=\"lazy\" decoding=\"async\" class=\"alignnone size-full wp-image-14295\" src=\"\/wp-content\/uploads\/2018\/01\/offerte-opvragen-button_FR.png\" alt=\"offerte-opvragen-button\" width=\"254\" height=\"36\" \/><\/a><\/p>\n","protected":false},"featured_media":16041,"template":"","meta":[],"product_brand":[],"product_cat":[303,298],"product_tag":[],"class_list":{"0":"post-16040","1":"product","2":"type-product","3":"status-publish","4":"has-post-thumbnail","6":"product_cat-produits","7":"product_cat-semis-semoir-dosage","9":"first","10":"instock","11":"shipping-taxable","12":"product-type-simple"},"_links":{"self":[{"href":"https:\/\/archief.zibo.nl\/fr\/wp-json\/wp\/v2\/product\/16040","targetHints":{"allow":["GET"]}}],"collection":[{"href":"https:\/\/archief.zibo.nl\/fr\/wp-json\/wp\/v2\/product"}],"about":[{"href":"https:\/\/archief.zibo.nl\/fr\/wp-json\/wp\/v2\/types\/product"}],"wp:featuredmedia":[{"embeddable":true,"href":"https:\/\/archief.zibo.nl\/fr\/wp-json\/wp\/v2\/media\/16041"}],"wp:attachment":[{"href":"https:\/\/archief.zibo.nl\/fr\/wp-json\/wp\/v2\/media?parent=16040"}],"wp:term":[{"taxonomy":"product_brand","embeddable":true,"href":"https:\/\/archief.zibo.nl\/fr\/wp-json\/wp\/v2\/product_brand?post=16040"},{"taxonomy":"product_cat","embeddable":true,"href":"https:\/\/archief.zibo.nl\/fr\/wp-json\/wp\/v2\/product_cat?post=16040"},{"taxonomy":"product_tag","embeddable":true,"href":"https:\/\/archief.zibo.nl\/fr\/wp-json\/wp\/v2\/product_tag?post=16040"}],"curies":[{"name":"wp","href":"https:\/\/api.w.org\/{rel}","templated":true}]}}