{"id":16087,"date":"2017-05-16T13:30:57","date_gmt":"2017-05-16T11:30:57","guid":{"rendered":"https:\/\/archief.zibo.nl\/product\/charrues-butteuses-zibo\/"},"modified":"2019-07-17T15:45:24","modified_gmt":"2019-07-17T13:45:24","slug":"charrues-butteuses-zibo","status":"publish","type":"product","link":"https:\/\/archief.zibo.nl\/fr\/produit\/charrues-butteuses-zibo\/","title":{"rendered":"Charrues butteuses-bineuse ZIBO &#8211; Type SB02"},"content":{"rendered":"<p><strong>Type SB02<\/strong><\/p>\n<p><strong>Code \u00a0 \u00a0 \u00a0 Description\u00a0<\/strong><br \/>\nZAB4 \u00a0 \u00a0 \u00a0Barre ZIBO, 4 rangs avec 5 parall\u00e9logrammes<br \/>\nZAB4H \u00a0 Barre ZIBO, 4 rangs avec 5 parall\u00e9logrammes,\u00a0rabattage hydraulique<br \/>\nZAB8H \u00a0 Barre ZIBO, 8 rangs avec 9 parall\u00e9logrammes\u00a0et 1 jeu de roues d&rsquo;appui<\/p>\n<ul>\n<li>Ch\u00e2ssis renforc\u00e9 (4 rangs)<\/li>\n<li>Ch\u00e2ssis avec profil tube 120*120*4 mm.<\/li>\n<li>Rabattage hydraulique<\/li>\n<li>Ch\u00e2ssis renforc\u00e9 (8 rangs)<\/li>\n<li>Ch\u00e2ssis avec profil tube 400*120*5 mm. Rabattable avec 2 v\u00e9rins<\/li>\n<li>Hydraulique avec vanne d&rsquo;\u00e9tranglement r\u00e9glable et\u00a0clapet anti-retour<\/li>\n<li>Jeu de roues d&rsquo;appui<\/li>\n<li>Contr\u00f4le de la profondeur par axes<\/li>\n<li>R\u00e9glage des axes avec affichage du param\u00e8tre de profondeur<\/li>\n<li>Pneus 16&#215;6.50-8<\/li>\n<li>Parall\u00e9logramme<\/li>\n<li>Parall\u00e9logramme avec articulations de passage<\/li>\n<li>Contr\u00f4le de la profondeur par axes<\/li>\n<li>R\u00e9glage des axes avec affichage du param\u00e8tre de profondeur<\/li>\n<li>Pneus 4.80\/4.00-8 (\u00f8 400 mm.)<\/li>\n<li>Protection de s\u00e9rie par goupille de cisaillement pour d\u00e9compacteur\u00a0et butteuse<\/li>\n<\/ul>\n<p><strong>Caract\u00e9ristiques ZIBO SB02<\/strong><br \/>\n<strong>Code Description\u00a0<\/strong><br \/>\nZW \u00a0 \u00a0 \u00a0 \u00a0 \u00a0 \u00a0 \u00a0D\u00e9compacteur<br \/>\nPA0309 \u00a0 \u00a0 \u00a0 D\u00e9compacteur pointe forg\u00e9e<br \/>\nAZS0109 \u00a0 \u00a0Butteuse ZIBO super, r\u00e9glable<br \/>\nAZS0101 \u00a0 \u00a0Butteuse ZIBO super, r\u00e9glable avec plaques de bordure PVC (nouveau)<br \/>\nAZS0112 \u00a0 \u00a0Jeu de plaques de bordure PVC s\u00e9par\u00e9es avec ustensiles de montage<br \/>\nAS400 \u00a0 \u00a0 \u00a0 \u00a0Bineuse \u00e0 pommes de terre 400 mm<br \/>\nASR400 \u00a0 \u00a0 \u00a0Lame d\u00e9sherbeuse pour bineuse \u00e0 pommes de terre<br \/>\nMS600 \u00a0 \u00a0 \u00a0 Unit\u00e9 de binage du ma\u00efs 600 mm<br \/>\nMSR600 \u00a0 \u00a0 Lame d\u00e9sherbeuse pour bineuse \u00e0 ma\u00efs<br \/>\nMS06 \u00a0 \u00a0 \u00a0 \u00a0 Bineuse vibrante pour ma\u00efs (\u00e9l\u00e9ment avec 5 petites dents)<br \/>\nMTRIL01 \u00a0Jeu de bineuses \u00e0 ma\u00efs vibrantes (version Kongskilde)<br \/>\nST0101 \u00a0 \u00a0 \u00a0Disque de direction<br \/>\nRS83 \u00a0 \u00a0 \u00a0 \u00a0 \u00a0Jeu d&rsquo;\u00e9clairage<\/p>\n<p><a name=\"offerte\"><\/a><br \/>\n<strong>Demander une offre sans obligation :<\/strong><br \/>\n<!-- SharpSpring Form for Zibo_FR_offerte_Soin-Des-Cultures  --><br \/>\n<script type=\"text\/javascript\">\n    var ss_form = {'account': 'MzawMDEzMTU1AQA', 'formID': 'Mzc2NUoysEjRTbIwMNY1sUw20000s0zSNUpNMzQ2SUoFiqQBAA'};\n    ss_form.width = '100%';\n    ss_form.height = '1000';\n    ss_form.domain = 'app-3QNCO4B3A0.marketingautomation.services';\n    \/\/ ss_form.hidden = {'field_id': 'value'}; \/\/ Modify this for sending hidden variables, or overriding values\n    \/\/ ss_form.target_id = 'target'; \/\/ Optional parameter: forms will be placed inside the element with the specified id\n    \/\/ ss_form.polling = true; \/\/ Optional parameter: set to true ONLY if your page loads dynamically and the id needs to be polled continually.\n<\/script><br \/>\n<script type=\"text\/javascript\" src=\"https:\/\/koi-3QNCO4B3A0.marketingautomation.services\/client\/form.js?ver=2.0.1\"><\/script><\/p>\n<p>En savoir plus sur notre <a href=\"https:\/\/archief.zibo.nl\/privacybeleid\/\" target=\"_blank\" rel=\"noopener noreferrer\">politique de confidentialit\u00e9<\/a><\/p>\n","protected":false},"excerpt":{"rendered":"<p><strong>Avez vous des questions? Appelez-nous au num\u00e9ro +31 (0)599 234 418<\/strong><\/p>\n<p><a href=\"#offerte\"><img loading=\"lazy\" decoding=\"async\" class=\"alignnone size-full wp-image-14295\" src=\"\/wp-content\/uploads\/2018\/01\/offerte-opvragen-button_FR.png\" alt=\"offerte-opvragen-button\" width=\"254\" height=\"36\" \/><\/a><\/p>\n","protected":false},"featured_media":16088,"template":"","meta":[],"product_brand":[],"product_cat":[303,299],"product_tag":[],"class_list":{"0":"post-16087","1":"product","2":"type-product","3":"status-publish","4":"has-post-thumbnail","6":"product_cat-produits","7":"product_cat-soin-des-cultures","9":"first","10":"instock","11":"shipping-taxable","12":"product-type-simple"},"_links":{"self":[{"href":"https:\/\/archief.zibo.nl\/fr\/wp-json\/wp\/v2\/product\/16087","targetHints":{"allow":["GET"]}}],"collection":[{"href":"https:\/\/archief.zibo.nl\/fr\/wp-json\/wp\/v2\/product"}],"about":[{"href":"https:\/\/archief.zibo.nl\/fr\/wp-json\/wp\/v2\/types\/product"}],"wp:featuredmedia":[{"embeddable":true,"href":"https:\/\/archief.zibo.nl\/fr\/wp-json\/wp\/v2\/media\/16088"}],"wp:attachment":[{"href":"https:\/\/archief.zibo.nl\/fr\/wp-json\/wp\/v2\/media?parent=16087"}],"wp:term":[{"taxonomy":"product_brand","embeddable":true,"href":"https:\/\/archief.zibo.nl\/fr\/wp-json\/wp\/v2\/product_brand?post=16087"},{"taxonomy":"product_cat","embeddable":true,"href":"https:\/\/archief.zibo.nl\/fr\/wp-json\/wp\/v2\/product_cat?post=16087"},{"taxonomy":"product_tag","embeddable":true,"href":"https:\/\/archief.zibo.nl\/fr\/wp-json\/wp\/v2\/product_tag?post=16087"}],"curies":[{"name":"wp","href":"https:\/\/api.w.org\/{rel}","templated":true}]}}