{"id":16112,"date":"2015-05-12T13:34:27","date_gmt":"2015-05-12T11:34:27","guid":{"rendered":"https:\/\/archief.zibo.nl\/product\/zibo-row-how\/"},"modified":"2019-07-17T15:44:56","modified_gmt":"2019-07-17T13:44:56","slug":"zibo-row-how","status":"publish","type":"product","link":"https:\/\/archief.zibo.nl\/fr\/produit\/zibo-row-how\/","title":{"rendered":"Machines de binage ZIBO"},"content":{"rendered":"<p><strong>pour betteraves et autres petites cultures<\/strong><\/p>\n<p><strong>L&rsquo;age et les \u00e9l\u00e9ments de la bineuse sont enti\u00e8rement r\u00e9vis\u00e9s et nouveaux. <\/strong><\/p>\n<p>Les ch\u00e2ssis ZIBO ont un seul\u00a0profil, ce qui permet de monter les parall\u00e9logrammes sur toute la largeur de l&rsquo;age et \u00e0 n&rsquo;importe quelle\u00a0distance afin de b\u00e9n\u00e9ficier de la distance entre rangs n\u00e9cessaire. Fourni de s\u00e9rie en largeurs de 3 et 6\u00a0m\u00e8tres. Sur demande, il est possible de fournir n&rsquo;importe quelle autre largeur de travail. Le parall\u00e9logramme\u00a0est dot\u00e9 d&rsquo;articulations de passage et d&rsquo;une roue d&rsquo;appui pour l&rsquo;axe permettant de r\u00e9gler la profondeur.<\/p>\n<p><strong>Code \u00a0 \u00a0 \u00a0 \u00a0 Description<\/strong><br \/>\nZBB6 \u00a0 \u00a0 \u00a0 \u00a0 Age 3 100 mm rabattage manuel, un c\u00f4t\u00e9, avec 7 parall\u00e9logrammes, 6 rangs 50 cm<br \/>\nZBB12 \u00a0 \u00a0 \u00a0 Age 6 100 mm rabattage hydr. avec 13 parall\u00e9logrammes, 12 rangs 50 cm<br \/>\nZBB 18 \u00a0 \u00a0 \u00a0Age 9 100 mm rabattage hydr. avec 19 parall\u00e9logrammes, 18 rangs 50 cm<br \/>\nBS400 \u00a0 \u00a0 \u00a0 \u00a0Bineuse 400 mm<br \/>\nBSR400 \u00a0 \u00a0 \u00a0Lame d\u00e9sherbeuse sur bineuse 400 mm<br \/>\nBTRIL01 \u00a0 \u00a0Bineuse vibrante 400 mm avec 3 dents<br \/>\nBA0201 \u00a0 \u00a0 Butteuse \u00e0 betteraves<br \/>\nBA0301 \u00a0 \u00a0 Butteuse \u00e0 betteraves, r\u00e9glable avec plaques de bordure PVC<br \/>\nST0201 \u00a0 \u00a0 \u00a0Disque de direction \u00d8 400 mm<br \/>\nST0301 \u00a0 \u00a0 \u00a0Disque de direction \u00d8 650 mm<br \/>\nSB031 \u00a0 \u00a0 \u00a0 \u00a0\u00c9l\u00e9ment adaptateur pour barre de binage \u00e0 montage frontal<br \/>\nRS83 \u00a0 \u00a0 \u00a0 \u00a0 \u00a0Jeu d&rsquo;\u00e9clairage<br \/>\nOS01009 \u00a0 \u00a0Capuchon de pulv\u00e9risation en inox avec 1 embout\u00a0(se reporter \u00e0 la page 4 pour voir les pulv\u00e9risateurs)<br \/>\nBPA0201 \u00a0 \u00a0Parall\u00e9logramme s\u00e9par\u00e9 avec roue gonflable r\u00e9glable et roulements \u00e0 bille<\/p>\n<p><a name=\"offerte\"><\/a><br \/>\n<strong>Demander une offre sans obligation :<\/strong><br \/>\n<!-- SharpSpring Form for Zibo_FR_offerte_Soin-Des-Cultures  --><br \/>\n<script type=\"text\/javascript\">\n    var ss_form = {'account': 'MzawMDEzMTU1AQA', 'formID': 'Mzc2NUoysEjRTbIwMNY1sUw20000s0zSNUpNMzQ2SUoFiqQBAA'};\n    ss_form.width = '100%';\n    ss_form.height = '1000';\n    ss_form.domain = 'app-3QNCO4B3A0.marketingautomation.services';\n    \/\/ ss_form.hidden = {'field_id': 'value'}; \/\/ Modify this for sending hidden variables, or overriding values\n    \/\/ ss_form.target_id = 'target'; \/\/ Optional parameter: forms will be placed inside the element with the specified id\n    \/\/ ss_form.polling = true; \/\/ Optional parameter: set to true ONLY if your page loads dynamically and the id needs to be polled continually.\n<\/script><br \/>\n<script type=\"text\/javascript\" src=\"https:\/\/koi-3QNCO4B3A0.marketingautomation.services\/client\/form.js?ver=2.0.1\"><\/script><\/p>\n<p>En savoir plus sur notre <a href=\"https:\/\/archief.zibo.nl\/privacybeleid\/\" target=\"_blank\" rel=\"noopener noreferrer\">politique de confidentialit\u00e9<\/a><\/p>\n","protected":false},"excerpt":{"rendered":"<p><strong>Avez vous des questions? Appelez-nous au num\u00e9ro +31 (0)599 234 418<\/strong><\/p>\n<p><a href=\"#offerte\"><img loading=\"lazy\" decoding=\"async\" class=\"alignnone size-full wp-image-14295\" src=\"\/wp-content\/uploads\/2018\/01\/offerte-opvragen-button_FR.png\" alt=\"offerte-opvragen-button\" width=\"254\" height=\"36\" \/><\/a><\/p>\n","protected":false},"featured_media":16122,"template":"","meta":[],"product_brand":[],"product_cat":[303,299],"product_tag":[],"class_list":{"0":"post-16112","1":"product","2":"type-product","3":"status-publish","4":"has-post-thumbnail","6":"product_cat-produits","7":"product_cat-soin-des-cultures","9":"first","10":"instock","11":"shipping-taxable","12":"product-type-simple"},"_links":{"self":[{"href":"https:\/\/archief.zibo.nl\/fr\/wp-json\/wp\/v2\/product\/16112","targetHints":{"allow":["GET"]}}],"collection":[{"href":"https:\/\/archief.zibo.nl\/fr\/wp-json\/wp\/v2\/product"}],"about":[{"href":"https:\/\/archief.zibo.nl\/fr\/wp-json\/wp\/v2\/types\/product"}],"wp:featuredmedia":[{"embeddable":true,"href":"https:\/\/archief.zibo.nl\/fr\/wp-json\/wp\/v2\/media\/16122"}],"wp:attachment":[{"href":"https:\/\/archief.zibo.nl\/fr\/wp-json\/wp\/v2\/media?parent=16112"}],"wp:term":[{"taxonomy":"product_brand","embeddable":true,"href":"https:\/\/archief.zibo.nl\/fr\/wp-json\/wp\/v2\/product_brand?post=16112"},{"taxonomy":"product_cat","embeddable":true,"href":"https:\/\/archief.zibo.nl\/fr\/wp-json\/wp\/v2\/product_cat?post=16112"},{"taxonomy":"product_tag","embeddable":true,"href":"https:\/\/archief.zibo.nl\/fr\/wp-json\/wp\/v2\/product_tag?post=16112"}],"curies":[{"name":"wp","href":"https:\/\/api.w.org\/{rel}","templated":true}]}}