{"id":16138,"date":"2017-06-20T15:58:47","date_gmt":"2017-06-20T13:58:47","guid":{"rendered":"https:\/\/archief.zibo.nl\/product\/tapis-amortisseurs-de-chute-zibo\/"},"modified":"2019-07-17T15:45:19","modified_gmt":"2019-07-17T13:45:19","slug":"tapis-amortisseurs-de-chute-zibo","status":"publish","type":"product","link":"https:\/\/archief.zibo.nl\/fr\/produit\/tapis-amortisseurs-de-chute-zibo\/","title":{"rendered":"Tapis amortisseurs de chute ZIBO"},"content":{"rendered":"<p><strong>Les tapis amortisseurs de chute ZIBO pr\u00e9viennent la perte de qualit\u00e9. Vous souhaitez bien entendu\u00a0que vos pommes de terre, vos oignons, vos endives, vos l\u00e9gumes-racine, etc. soient trait\u00e9s avec soin\u00a0lors de la r\u00e9colte. Il convient d&rsquo;\u00e9viter d&rsquo;endommager les cultures. Outre les amortisseurs de chute et\u00a0les bandes en caoutchouc ZIBO, Stopshock (bunker), Zinger Mechanisatie fournit maintenant des\u00a0tapis amortisseurs de chute ZIBO. Install\u00e9s dans le fond de la benne ou de la remorque, ces tapis\u00a0emp\u00eachent les meurtrissures et autres dommages.<\/strong><\/p>\n<p>Gr\u00e2ce au tapis amortisseur de chute, la terre ne va pas adh\u00e9rer au sol. Le tapis amortisseur de chute\u00a0ZIBO est renforc\u00e9 par une couche sup\u00e9rieure en toile de qualit\u00e9 sup\u00e9rieure (900 gr\/m\u00b2) et int\u00e8gre une\u00a0couche interne en mousse d&rsquo;une \u00e9paisseur de 26 mm, permettant d&rsquo;\u00e9viter les meurtrissures.\u00a0Le tapis se fixe \u00e0 l&rsquo;avant de la benne \u00e0 l&rsquo;aide d&rsquo;une bande d&rsquo;acier (fournie avec le tapis livr\u00e9), int\u00e9gr\u00e9e \u00e0\u00a0un bord renforc\u00e9. Les tapis amortisseurs de chute de 4 m ou plus peuvent \u00eatre allong\u00e9s gr\u00e2ce \u00e0 une\u00a0toile de 500 mm, qui peut \u00eatre coup\u00e9e afin de correspondre \u00e0 la longueur de la benne. Si vous pr\u00e9voyez\u00a0de couvrir tout le sol de la benne d&rsquo;un tapis amortisseur de chute ZIBO et que celui-ci fait plus de 4 m,\u00a0vous devez acheter un tapis qui fait 500 mm de moins que la longueur du sol.<\/p>\n<p>\u25a0 Protection de la r\u00e9colte<br \/>\n\u25a0 Pas de meurtrissures ou d&rsquo;autres dommages<br \/>\n\u25a0 D\u00e9chargement ais\u00e9 gr\u00e2ce \u00e0 la couche sup\u00e9rieure lisse<br \/>\n\u25a0 Fixation ais\u00e9e<br \/>\n\u25a0 Rendement sup\u00e9rieur de meilleure qualit\u00e9<\/p>\n<p><strong>Largeur \u00a0 \u00a0 Longueur\u00a0<\/strong><br \/>\n2.000 mm \u00a0 2.800 mm<br \/>\n2.200 mm \u00a0 4.000 mm<br \/>\n2.200 mm \u00a0 4.500 mm<br \/>\n2.200 mm \u00a0 5.000 mm<br \/>\n2.200 mm \u00a0 5.500 mm<br \/>\n2.200 mm \u00a0 6.000 mm<br \/>\n2.200 mm \u00a0 6.500 mm<br \/>\n2.200 mm \u00a0 7.000 mm<br \/>\n2.200 mm \u00a0 7.500 mm<br \/>\n2.200 mm \u00a0 8.000 mm<br \/>\n2.200 mm \u00a0 Sur mesure au m\u00e8tre<\/p>\n<p><a name=\"offerte\"><\/a><br \/>\n<strong>Demander une offre sans obligation :<\/strong><br \/>\n<!-- SharpSpring Form for Zibo_FR_offerte_Soin-Des-Cultures  --><br \/>\n<script type=\"text\/javascript\">\n    var ss_form = {'account': 'MzawMDEzMTU1AQA', 'formID': 'Mzc2NUoysEjRTbIwMNY1sUw20000s0zSNUpNMzQ2SUoFiqQBAA'};\n    ss_form.width = '100%';\n    ss_form.height = '1000';\n    ss_form.domain = 'app-3QNCO4B3A0.marketingautomation.services';\n    \/\/ ss_form.hidden = {'field_id': 'value'}; \/\/ Modify this for sending hidden variables, or overriding values\n    \/\/ ss_form.target_id = 'target'; \/\/ Optional parameter: forms will be placed inside the element with the specified id\n    \/\/ ss_form.polling = true; \/\/ Optional parameter: set to true ONLY if your page loads dynamically and the id needs to be polled continually.\n<\/script><br \/>\n<script type=\"text\/javascript\" src=\"https:\/\/koi-3QNCO4B3A0.marketingautomation.services\/client\/form.js?ver=2.0.1\"><\/script><br \/>\n]<\/p>\n<p>En savoir plus sur notre <a href=\"https:\/\/archief.zibo.nl\/privacybeleid\/\" target=\"_blank\" rel=\"noopener noreferrer\">politique de confidentialit\u00e9<\/a><\/p>\n","protected":false},"excerpt":{"rendered":"<p><strong>Avez vous des questions? Appelez-nous au num\u00e9ro +31 (0)599 234 418<\/strong><\/p>\n<p><a href=\"#offerte\"><img loading=\"lazy\" decoding=\"async\" class=\"alignnone size-full wp-image-14295\" src=\"\/wp-content\/uploads\/2018\/01\/offerte-opvragen-button_FR.png\" alt=\"offerte-opvragen-button\" width=\"254\" height=\"36\" \/><\/a><\/p>\n","protected":false},"featured_media":16146,"template":"","meta":[],"product_brand":[],"product_cat":[303,299],"product_tag":[],"class_list":{"0":"post-16138","1":"product","2":"type-product","3":"status-publish","4":"has-post-thumbnail","6":"product_cat-produits","7":"product_cat-soin-des-cultures","9":"first","10":"instock","11":"shipping-taxable","12":"product-type-simple"},"_links":{"self":[{"href":"https:\/\/archief.zibo.nl\/fr\/wp-json\/wp\/v2\/product\/16138","targetHints":{"allow":["GET"]}}],"collection":[{"href":"https:\/\/archief.zibo.nl\/fr\/wp-json\/wp\/v2\/product"}],"about":[{"href":"https:\/\/archief.zibo.nl\/fr\/wp-json\/wp\/v2\/types\/product"}],"wp:featuredmedia":[{"embeddable":true,"href":"https:\/\/archief.zibo.nl\/fr\/wp-json\/wp\/v2\/media\/16146"}],"wp:attachment":[{"href":"https:\/\/archief.zibo.nl\/fr\/wp-json\/wp\/v2\/media?parent=16138"}],"wp:term":[{"taxonomy":"product_brand","embeddable":true,"href":"https:\/\/archief.zibo.nl\/fr\/wp-json\/wp\/v2\/product_brand?post=16138"},{"taxonomy":"product_cat","embeddable":true,"href":"https:\/\/archief.zibo.nl\/fr\/wp-json\/wp\/v2\/product_cat?post=16138"},{"taxonomy":"product_tag","embeddable":true,"href":"https:\/\/archief.zibo.nl\/fr\/wp-json\/wp\/v2\/product_tag?post=16138"}],"curies":[{"name":"wp","href":"https:\/\/api.w.org\/{rel}","templated":true}]}}