{"id":16165,"date":"2015-06-12T20:59:12","date_gmt":"2015-06-12T18:59:12","guid":{"rendered":"https:\/\/archief.zibo.nl\/product\/zibo-valbrekers-voor-diverse-type-en-merken-bunkers\/"},"modified":"2023-05-31T15:22:08","modified_gmt":"2023-05-31T13:22:08","slug":"zibo-valbrekers-voor-diverse-type-en-merken-bunkers","status":"publish","type":"product","link":"https:\/\/archief.zibo.nl\/fr\/produit\/zibo-valbrekers-voor-diverse-type-en-merken-bunkers\/","title":{"rendered":"Amortisseurs de chute ZIBO"},"content":{"rendered":"<p><strong>Faciles \u00e0 monter dans toutes les bennes !<\/strong><\/p>\n<ul>\n<li>Accessoire indispensable pour la r\u00e9colte ou le chargement de pommes de terre, oignons, etc.<\/li>\n<li>\u00c9vite les meurtrissures et les points noirs<\/li>\n<li>Un bon retour sur investissement assur\u00e9<\/li>\n<\/ul>\n<p><strong>Code \u00a0 \u00a0 Description\u00a0<\/strong><br \/>\nZV15 \u00a0 \u00a0Amortisseur de chute ZIBO 1,50 m\u00e8tre avec bandes en caoutchouc\u00a0pour moissonneuse \u00e0 \u00e9l\u00e9vateur par exemple<br \/>\nZV25 \u00a0 \u00a0Amortisseur de chute ZIBO 2,50 m\u00e8tres avec bandes en caoutchouc\u00a0pour moissonneuse \u00e0 \u00e9l\u00e9vateur par exemple<br \/>\n<em>Vendu complet avec boulons de montage sp\u00e9ciaux, adapt\u00e9s \u00e0 diverses tailles.<\/em><\/p>\n<h2>Amortisseurs de chute Stopshock\u00ae<\/h2>\n<p>Construction :<\/p>\n<ul>\n<li>Montage rigide \u00e0 l&rsquo;avant de la benne \u2013 tube rond avec 2 cha\u00eenes de suspension.\u00a0Tissu PVC robuste, renforc\u00e9 par des c\u00e2bles de maintien sur les c\u00f4t\u00e9s et l&rsquo;arri\u00e8re<\/li>\n<li>2 \u00e9lastiques qui s&rsquo;\u00e9tirent jusqu&rsquo;\u00e0 ce que l&rsquo;amortisseur soit rempli restent dans le fond de la benne au fur et \u00e0 mesure que le poids augmente.<\/li>\n<li>Fixation \u00e0 l&rsquo;aide de 4 orifices de \u00f810,5 mm<\/li>\n<\/ul>\n<p><strong>Code \u00a0 \u00a0 \u00a0 \u00a0 \u00a0 \u00a0Description\u00a0<\/strong><br \/>\nMod\u00e8le A \u00a0 \u00a0 Mesures du tissu, 180 x 180 cm, con\u00e7u pour une utilisation avec\u00a0moissonneuse \u00e0 remorque (complet avec accessoires de montage)<br \/>\nMod\u00e8le B1 \u00a0 Mesures du tissu, 180 x 220 cm, con\u00e7u pour une utilisation avec\u00a0arracheuse \u00e0 tr\u00e9mie 1 rang (complet avec accessoires de montage)<br \/>\nMod\u00e8le B2 \u00a0 Mesures du tissu, 180 x 250 cm, con\u00e7u pour une utilisation avec\u00a0arracheuse \u00e0 tr\u00e9mie 2 rangs (complet avec accessoires de montage)<\/p>\n<p><strong>Code \u00a0 \u00a0 \u00a0 \u00a0 \u00a0 \u00a0 \u00a0 \u00a0 \u00a0 Description<\/strong><br \/>\nZVDR1500 \u00a0 \u00a0 \u00a0 \u00a0 Amortisseur ZIBO pour tr\u00e9mie Grimme DR 1500 rabattage hydr.<br \/>\nZVHLS750 \u00a0 \u00a0 \u00a0 \u00a0 Amortisseur ZIBO pour tr\u00e9mie Grimme HLS750 version fixe<br \/>\nZVSE7530 \u00a0 \u00a0 \u00a0 \u00a0 \u00a0Amortisseur ZIBO pour tr\u00e9mie Grimme SE75-30 rabattage hydr.<br \/>\nZVSE7540 \u00a0 \u00a0 \u00a0 \u00a0 \u00a0Amortisseur ZIBO pour tr\u00e9mie Grimme SE75-40 rabattage hydr.<br \/>\nZVSE15060 \u00a0 \u00a0 \u00a0 \u00a0Amortisseur ZIBO pour tr\u00e9mie Grimme SE150 rabattage hydr.<br \/>\nZVSE260 \u00a0 \u00a0 \u00a0 \u00a0 \u00a0 \u00a0Amortisseur ZIBO pour tr\u00e9mie Grimme SE260 version fixe<br \/>\nZVSE260H \u00a0 \u00a0 \u00a0 \u00a0 Amortisseur ZIBO pour tr\u00e9mie Grimme SE260 rabattage hydr.<br \/>\nZVRA2060 \u00a0 \u00a0 \u00a0 \u00a0 Amortisseur ZIBO pour tr\u00e9mie Dewulf RA 2060 rabattage hydr.<br \/>\nZVRA3060 \u00a0 \u00a0 \u00a0 \u00a0 Amortisseur ZIBO pour tr\u00e9mie Dewulf RA 3060 version fixe<br \/>\nZVRQ2060 \u00a0 \u00a0 \u00a0 \u00a0 Amortisseur ZIBO pour tr\u00e9mie Dewulf RQ 2060 version fixe<br \/>\nZVM3000S \u00a0 \u00a0 \u00a0 \u00a0Amortisseur ZIBO pour Dewulf Mecha 3000S version fixe<br \/>\nZVSUPERIA \u00a0 \u00a0 Amortisseur ZIBO pour tr\u00e9mie Dewulf Superia, version hydraulique<br \/>\nZVAVR6200H \u00a0 Amortisseur ZIBO pour tr\u00e9mie AVR Spirit 6200, rabattage hydraulique<br \/>\nZVAVR6200 \u00a0 \u00a0 \u00a0Amortisseur ZIBO pour tr\u00e9mie AVR 6200, version fixe<br \/>\nZVAVR01 \u00a0 \u00a0 \u00a0 \u00a0 \u00a0Amortisseur ZIBO pour tr\u00e9mie AVR 120, version fixe, avec \u00e9trier<br \/>\nZV1733 \u00a0 \u00a0 \u00a0 \u00a0 \u00a0 \u00a0 Amortisseur ZIBO pour tr\u00e9mie WM 1733R rabattage hydr.<br \/>\nZV2733 \u00a0 \u00a0 \u00a0 \u00a0 \u00a0 \u00a0 Amortisseur ZIBO pour tr\u00e9mie WM 2733 version fixe avec \u00e9trier<br \/>\nZVB \u00a0 \u00a0 \u00a0 \u00a0 \u00a0 \u00a0 \u00a0 \u00a0 \u00a0Sac amortisseur de chute ZIBO sur \u00e9trier pour tr\u00e9mie sans accessoires<br \/>\nZWV01 \u00a0 \u00a0 \u00a0 \u00a0 \u00a0 \u00a0 Sac amortisseur de chute ZIBO pour moissonneuse \u00e0 remorque, avec \u00e9triers<\/p>\n<p><a name=\"offerte\"><\/a><br \/>\n<strong>Demander une offre sans obligation :<\/strong><br \/>\n<!-- SharpSpring Form for Zibo_FR_offerte_Pi\u00e8ces_d\u00e9tach\u00e9es --><br \/>\n<script type=\"text\/javascript\">\n    var ss_form = {'account': 'MzawMDEzMTU1AQA', 'formID': 'SzIxTDJOSzXTNTA0MNE1MUhL07U0MTfWTUszMjNPs7QwNbAwBwA'};\n    ss_form.width = '100%';\n    ss_form.height = '1000';\n    ss_form.domain = 'app-3QNCO4B3A0.marketingautomation.services';\n    \/\/ ss_form.hidden = {'field_id': 'value'}; \/\/ Modify this for sending hidden variables, or overriding values\n    \/\/ ss_form.target_id = 'target'; \/\/ Optional parameter: forms will be placed inside the element with the specified id\n    \/\/ ss_form.polling = true; \/\/ Optional parameter: set to true ONLY if your page loads dynamically and the id needs to be polled continually.\n<\/script><br \/>\n<script type=\"text\/javascript\" src=\"https:\/\/koi-3QNCO4B3A0.marketingautomation.services\/client\/form.js?ver=2.0.1\"><\/script><\/p>\n<p>En savoir plus sur notre <a href=\"https:\/\/archief.zibo.nl\/privacybeleid\/\" target=\"_blank\" rel=\"noopener noreferrer\">politique de confidentialit\u00e9<\/a><\/p>\n","protected":false},"excerpt":{"rendered":"<p><strong>Avez vous des questions? Appelez-nous au num\u00e9ro +31 (0)599 234 418<\/strong><\/p>\n<p><a href=\"#offerte\"><img loading=\"lazy\" decoding=\"async\" class=\"alignnone size-full wp-image-14295\" src=\"\/wp-content\/uploads\/2018\/01\/offerte-opvragen-button_FR.png\" alt=\"offerte-opvragen-button\" width=\"254\" height=\"36\" \/><\/a><\/p>\n","protected":false},"featured_media":18122,"template":"","meta":[],"product_brand":[],"product_cat":[304,303,299],"product_tag":[],"class_list":{"0":"post-16165","1":"product","2":"type-product","3":"status-publish","4":"has-post-thumbnail","6":"product_cat-pieces-detachees","7":"product_cat-produits","8":"product_cat-soin-des-cultures","10":"first","11":"instock","12":"shipping-taxable","13":"product-type-simple"},"_links":{"self":[{"href":"https:\/\/archief.zibo.nl\/fr\/wp-json\/wp\/v2\/product\/16165","targetHints":{"allow":["GET"]}}],"collection":[{"href":"https:\/\/archief.zibo.nl\/fr\/wp-json\/wp\/v2\/product"}],"about":[{"href":"https:\/\/archief.zibo.nl\/fr\/wp-json\/wp\/v2\/types\/product"}],"wp:featuredmedia":[{"embeddable":true,"href":"https:\/\/archief.zibo.nl\/fr\/wp-json\/wp\/v2\/media\/18122"}],"wp:attachment":[{"href":"https:\/\/archief.zibo.nl\/fr\/wp-json\/wp\/v2\/media?parent=16165"}],"wp:term":[{"taxonomy":"product_brand","embeddable":true,"href":"https:\/\/archief.zibo.nl\/fr\/wp-json\/wp\/v2\/product_brand?post=16165"},{"taxonomy":"product_cat","embeddable":true,"href":"https:\/\/archief.zibo.nl\/fr\/wp-json\/wp\/v2\/product_cat?post=16165"},{"taxonomy":"product_tag","embeddable":true,"href":"https:\/\/archief.zibo.nl\/fr\/wp-json\/wp\/v2\/product_tag?post=16165"}],"curies":[{"name":"wp","href":"https:\/\/api.w.org\/{rel}","templated":true}]}}