{"id":16212,"date":"2015-06-12T20:33:51","date_gmt":"2015-06-12T18:33:51","guid":{"rendered":"https:\/\/archief.zibo.nl\/product\/rouleaux-de-pression-zibo\/"},"modified":"2019-07-17T15:54:45","modified_gmt":"2019-07-17T13:54:45","slug":"rouleaux-de-pression-zibo","status":"publish","type":"product","link":"https:\/\/archief.zibo.nl\/fr\/produit\/rouleaux-de-pression-zibo\/","title":{"rendered":"Rouleaux de pression ZIBO"},"content":{"rendered":"<p>Rouleaux de pression en plusieurs dimensions et mod\u00e8les. Nos rouleaux de pression peuvent facilement\u00a0\u00eatre mont\u00e9s \u00e0 l&rsquo;arri\u00e8re des machines de n&rsquo;importe quel constructeur. Les rouleaux de pression avec\u00a0roulements et mat\u00e9riaux de couplage sont fournis avec \u00e9trier tubulaire fixe pour un attelage stable.<\/p>\n<p><strong>Rouleau de pression \u00d8 450 mm avec 8 tubes 1,25\u201c (\u00d8 42 mm)<\/strong><br \/>\nLargeur de travail \u00a0 \u00a0 \u00a0Largeur de trans.<br \/>\n3.000 \u00a0 \u00a0 \u00a0 \u00a0 \u00a0 \u00a0 \u00a0 \u00a0 \u00a0 \u00a0 \u00a0 \u00a0 3.250<\/p>\n<p><strong>Rouleau de pression \u00d8 620 mm avec 12 tubes 1,25\u201c (\u00d8 42 mm)<\/strong><br \/>\nLargeur de travail \u00a0 \u00a0 Largeur de trans.<br \/>\n3.000 \u00a0 \u00a0 \u00a0 \u00a0 \u00a0 \u00a0 \u00a0 \u00a0 \u00a0 \u00a0 \u00a0 \u00a0 3.250<\/p>\n<p><strong>Rouleau de pression \u00d8 620 mm avec 12 tubes 1,5\u201c (\u00d8 48 mm)<\/strong><br \/>\nLargeur de travail \u00a0 \u00a0 Largeur de trans.<br \/>\n3.000 \u00a0 \u00a0 \u00a0 \u00a0 \u00a0 \u00a0 \u00a0 \u00a0 \u00a0 \u00a0 \u00a0 \u00a0 3.250<\/p>\n<p><strong>Rouleau de pression \u00d8 620 mm avec 8 tubes 2\u201c (\u00d8 60 mm)<\/strong><br \/>\nLargeur de travail \u00a0 \u00a0 Largeur de trans.<br \/>\n3.000 \u00a0 \u00a0 \u00a0 \u00a0 \u00a0 \u00a0 \u00a0 \u00a0 \u00a0 \u00a0 \u00a0 \u00a0 3.250<br \/>\nProfil\u00e9 d&rsquo;usure (2) avec goupilles\/plaques d&rsquo;orifice pour le cultivateur<\/p>\n<p><a name=\"offerte\"><\/a><br \/>\n<strong>Demander une offre sans obligation :<\/strong><br \/>\n<!-- SharpSpring Form for Zibo_FR_offerte_Travail-Du-Sol  --><br \/>\n<script type=\"text\/javascript\">\n    var ss_form = {'account': 'MzawMDEzMTU1AQA', 'formID': 'S7awME5KNDTStUxNMdc1MU0x0U00TEvRNUw2TDJONbc0SE5MBAA'};\n    ss_form.width = '100%';\n    ss_form.height = '1000';\n    ss_form.domain = 'app-3QNCO4B3A0.marketingautomation.services';\n    \/\/ ss_form.hidden = {'field_id': 'value'}; \/\/ Modify this for sending hidden variables, or overriding values\n    \/\/ ss_form.target_id = 'target'; \/\/ Optional parameter: forms will be placed inside the element with the specified id\n    \/\/ ss_form.polling = true; \/\/ Optional parameter: set to true ONLY if your page loads dynamically and the id needs to be polled continually.\n<\/script><br \/>\n<script type=\"text\/javascript\" src=\"https:\/\/koi-3QNCO4B3A0.marketingautomation.services\/client\/form.js?ver=2.0.1\"><\/script><\/p>\n<p>En savoir plus sur notre <a href=\"https:\/\/archief.zibo.nl\/privacybeleid\/\" target=\"_blank\" rel=\"noopener noreferrer\">politique de confidentialit\u00e9<\/a><\/p>\n","protected":false},"excerpt":{"rendered":"<p><strong>Avez vous des questions? Appelez-nous au num\u00e9ro +31 (0)599 234 418<\/strong><\/p>\n<p><a href=\"#offerte\"><img loading=\"lazy\" decoding=\"async\" class=\"alignnone size-full wp-image-14295\" src=\"\/wp-content\/uploads\/2018\/01\/offerte-opvragen-button_FR.png\" alt=\"offerte-opvragen-button\" width=\"254\" height=\"36\" \/><\/a><\/p>\n","protected":false},"featured_media":16213,"template":"","meta":[],"product_brand":[],"product_cat":[303,300],"product_tag":[],"class_list":{"0":"post-16212","1":"product","2":"type-product","3":"status-publish","4":"has-post-thumbnail","6":"product_cat-produits","7":"product_cat-travail-du-sol","9":"first","10":"instock","11":"shipping-taxable","12":"product-type-simple"},"_links":{"self":[{"href":"https:\/\/archief.zibo.nl\/fr\/wp-json\/wp\/v2\/product\/16212","targetHints":{"allow":["GET"]}}],"collection":[{"href":"https:\/\/archief.zibo.nl\/fr\/wp-json\/wp\/v2\/product"}],"about":[{"href":"https:\/\/archief.zibo.nl\/fr\/wp-json\/wp\/v2\/types\/product"}],"wp:featuredmedia":[{"embeddable":true,"href":"https:\/\/archief.zibo.nl\/fr\/wp-json\/wp\/v2\/media\/16213"}],"wp:attachment":[{"href":"https:\/\/archief.zibo.nl\/fr\/wp-json\/wp\/v2\/media?parent=16212"}],"wp:term":[{"taxonomy":"product_brand","embeddable":true,"href":"https:\/\/archief.zibo.nl\/fr\/wp-json\/wp\/v2\/product_brand?post=16212"},{"taxonomy":"product_cat","embeddable":true,"href":"https:\/\/archief.zibo.nl\/fr\/wp-json\/wp\/v2\/product_cat?post=16212"},{"taxonomy":"product_tag","embeddable":true,"href":"https:\/\/archief.zibo.nl\/fr\/wp-json\/wp\/v2\/product_tag?post=16212"}],"curies":[{"name":"wp","href":"https:\/\/api.w.org\/{rel}","templated":true}]}}