{"id":16244,"date":"2015-06-12T20:01:44","date_gmt":"2015-06-12T18:01:44","guid":{"rendered":"https:\/\/archief.zibo.nl\/product\/tasseur-zibo-profond-frame-700-mm\/"},"modified":"2019-07-17T15:49:48","modified_gmt":"2019-07-17T13:49:48","slug":"tasseur-zibo-profond-chassis-700-mm","status":"publish","type":"product","link":"https:\/\/archief.zibo.nl\/fr\/produit\/tasseur-zibo-profond-chassis-700-mm\/","title":{"rendered":"Tasseur ZIBO &#8211; Profond &#8211; Ch\u00e2ssis 700 mm"},"content":{"rendered":"<p><strong>Tasseur de labour en profounder ZIBO &#8211; Sur ch\u00e2ssis 700 mm<\/strong><\/p>\n<p>Disques rang unique, largeur de travail 150 mm par disque<\/p>\n<p><strong>Complet sur ch\u00e2ssis sans unit\u00e9 int\u00e9gr\u00e9e<\/strong><\/p>\n<p><strong>Largeur de travail \u00a0 Nombre de disques \u00a0 Poids kg angle 32\u00b0 \u00a0 \u00a0Poids kg angle 45\u00b0<\/strong><br \/>\n1.200 \u00a0 \u00a0 \u00a0 \u00a0 \u00a0 \u00a0 \u00a0 \u00a0 \u00a0 \u00a0 \u00a0 \u00a0 8 \u00a0 \u00a0 \u00a0 \u00a0 \u00a0 \u00a0 \u00a0 \u00a0 \u00a0 \u00a0 \u00a0 \u00a0 \u00a0 \u00a0 \u00a0 \u00a0 \u00a0 265 \u00a0 \u00a0 \u00a0 \u00a0 \u00a0 \u00a0 \u00a0 \u00a0 \u00a0 \u00a0 \u00a0 \u00a0 \u00a0 \u00a0 345<br \/>\n1.350 \u00a0 \u00a0 \u00a0 \u00a0 \u00a0 \u00a0 \u00a0 \u00a0 \u00a0 \u00a0 \u00a0 \u00a0 9 \u00a0 \u00a0 \u00a0 \u00a0 \u00a0 \u00a0 \u00a0 \u00a0 \u00a0 \u00a0 \u00a0 \u00a0 \u00a0 \u00a0 \u00a0 \u00a0 \u00a0 295\u00a0 \u00a0 \u00a0 \u00a0 \u00a0 \u00a0 \u00a0 \u00a0 \u00a0 \u00a0 \u00a0 \u00a0 \u00a0 \u00a0 \u00a0385<br \/>\n1.500 \u00a0 \u00a0 \u00a0 \u00a0 \u00a0 \u00a0 \u00a0 \u00a0 \u00a0 \u00a0 \u00a0 \u00a0 10 \u00a0 \u00a0 \u00a0 \u00a0 \u00a0 \u00a0 \u00a0 \u00a0 \u00a0 \u00a0 \u00a0 \u00a0 \u00a0 \u00a0 \u00a0 \u00a0 330 \u00a0 \u00a0 \u00a0 \u00a0 \u00a0 \u00a0 \u00a0 \u00a0 \u00a0 \u00a0 \u00a0 \u00a0 \u00a0 \u00a0 430<br \/>\n1.650 \u00a0 \u00a0 \u00a0 \u00a0 \u00a0 \u00a0 \u00a0 \u00a0 \u00a0 \u00a0 \u00a0 \u00a0 11 \u00a0 \u00a0 \u00a0 \u00a0 \u00a0 \u00a0 \u00a0 \u00a0 \u00a0 \u00a0 \u00a0 \u00a0 \u00a0 \u00a0 \u00a0 \u00a0 365 \u00a0 \u00a0 \u00a0 \u00a0 \u00a0 \u00a0 \u00a0 \u00a0 \u00a0 \u00a0 \u00a0 \u00a0 \u00a0 \u00a0 475<br \/>\n1.800 \u00a0 \u00a0 \u00a0 \u00a0 \u00a0 \u00a0 \u00a0 \u00a0 \u00a0 \u00a0 \u00a0 \u00a0 12 \u00a0 \u00a0 \u00a0 \u00a0 \u00a0 \u00a0 \u00a0 \u00a0 \u00a0 \u00a0 \u00a0 \u00a0 \u00a0 \u00a0 \u00a0 \u00a0 395 \u00a0 \u00a0 \u00a0 \u00a0 \u00a0 \u00a0 \u00a0 \u00a0 \u00a0 \u00a0 \u00a0 \u00a0 \u00a0 \u00a0\u00a0515<br \/>\n1.950 \u00a0 \u00a0 \u00a0 \u00a0 \u00a0 \u00a0 \u00a0 \u00a0 \u00a0 \u00a0 \u00a0 \u00a0 13 \u00a0 \u00a0 \u00a0 \u00a0 \u00a0 \u00a0 \u00a0 \u00a0 \u00a0 \u00a0 \u00a0 \u00a0 \u00a0 \u00a0 \u00a0 \u00a0 430 \u00a0 \u00a0 \u00a0 \u00a0 \u00a0 \u00a0 \u00a0 \u00a0 \u00a0 \u00a0 \u00a0 \u00a0 \u00a0 \u00a0 560<br \/>\n2.100 \u00a0 \u00a0 \u00a0 \u00a0 \u00a0 \u00a0 \u00a0 \u00a0 \u00a0 \u00a0 \u00a0 \u00a0 14 \u00a0 \u00a0 \u00a0 \u00a0 \u00a0 \u00a0 \u00a0 \u00a0 \u00a0 \u00a0 \u00a0 \u00a0 \u00a0 \u00a0 \u00a0 \u00a0 460 \u00a0 \u00a0 \u00a0 \u00a0 \u00a0 \u00a0 \u00a0 \u00a0 \u00a0 \u00a0 \u00a0 \u00a0 \u00a0 \u00a0 600<br \/>\n2.250 \u00a0 \u00a0 \u00a0 \u00a0 \u00a0 \u00a0 \u00a0 \u00a0 \u00a0 \u00a0 \u00a0 \u00a0 15 \u00a0 \u00a0 \u00a0 \u00a0 \u00a0 \u00a0 \u00a0 \u00a0 \u00a0 \u00a0 \u00a0 \u00a0 \u00a0 \u00a0 \u00a0 \u00a0 495 \u00a0 \u00a0 \u00a0 \u00a0 \u00a0 \u00a0 \u00a0 \u00a0 \u00a0 \u00a0 \u00a0 \u00a0 \u00a0 \u00a0 645<br \/>\n2.400 \u00a0 \u00a0 \u00a0 \u00a0 \u00a0 \u00a0 \u00a0 \u00a0 \u00a0 \u00a0 \u00a0 \u00a0 16 \u00a0 \u00a0 \u00a0 \u00a0 \u00a0 \u00a0 \u00a0 \u00a0 \u00a0 \u00a0 \u00a0 \u00a0 \u00a0 \u00a0 \u00a0 \u00a0 530 \u00a0 \u00a0 \u00a0 \u00a0 \u00a0 \u00a0 \u00a0 \u00a0 \u00a0 \u00a0 \u00a0 \u00a0 \u00a0 \u00a0 690<br \/>\nattelage 3 points assistance \u00e0 la conduite cat. 2<\/p>\n<p><a name=\"offerte\"><\/a><br \/>\n<strong>Demander une offre sans obligation :<\/strong><br \/>\n<!-- SharpSpring Form for Zibo_FR_offerte_Tasseur-ZIBO  --><br \/>\n<script type=\"text\/javascript\">\n    var ss_form = {'account': 'MzawMDEzMTU1AQA', 'formID': 'SzZMTrK0tLDUTTVINtY1MTU00rW0TLbUNbEwMjUwME5MNkgzBQA'};\n    ss_form.width = '100%';\n    ss_form.height = '1000';\n    ss_form.domain = 'app-3QNCO4B3A0.marketingautomation.services';\n    \/\/ ss_form.hidden = {'field_id': 'value'}; \/\/ Modify this for sending hidden variables, or overriding values\n    \/\/ ss_form.target_id = 'target'; \/\/ Optional parameter: forms will be placed inside the element with the specified id\n    \/\/ ss_form.polling = true; \/\/ Optional parameter: set to true ONLY if your page loads dynamically and the id needs to be polled continually.\n<\/script><br \/>\n<script type=\"text\/javascript\" src=\"https:\/\/koi-3QNCO4B3A0.marketingautomation.services\/client\/form.js?ver=2.0.1\"><\/script><\/p>\n<p>En savoir plus sur notre <a href=\"https:\/\/archief.zibo.nl\/privacybeleid\/\" target=\"_blank\" rel=\"noopener noreferrer\">politique de confidentialit\u00e9<\/a><\/p>\n","protected":false},"excerpt":{"rendered":"<p><strong>Avez vous des questions? Appelez-nous au num\u00e9ro +31 (0)599 234 418<\/strong><\/p>\n<p><a href=\"#offerte\"><img loading=\"lazy\" decoding=\"async\" class=\"alignnone size-full wp-image-14295\" src=\"\/wp-content\/uploads\/2018\/01\/offerte-opvragen-button_FR.png\" alt=\"offerte-opvragen-button\" width=\"254\" height=\"36\" \/><\/a><\/p>\n","protected":false},"featured_media":16245,"template":"","meta":[],"product_brand":[],"product_cat":[303,301],"product_tag":[],"class_list":{"0":"post-16244","1":"product","2":"type-product","3":"status-publish","4":"has-post-thumbnail","6":"product_cat-produits","7":"product_cat-tasseur-zibo","9":"first","10":"instock","11":"shipping-taxable","12":"product-type-simple"},"_links":{"self":[{"href":"https:\/\/archief.zibo.nl\/fr\/wp-json\/wp\/v2\/product\/16244","targetHints":{"allow":["GET"]}}],"collection":[{"href":"https:\/\/archief.zibo.nl\/fr\/wp-json\/wp\/v2\/product"}],"about":[{"href":"https:\/\/archief.zibo.nl\/fr\/wp-json\/wp\/v2\/types\/product"}],"wp:featuredmedia":[{"embeddable":true,"href":"https:\/\/archief.zibo.nl\/fr\/wp-json\/wp\/v2\/media\/16245"}],"wp:attachment":[{"href":"https:\/\/archief.zibo.nl\/fr\/wp-json\/wp\/v2\/media?parent=16244"}],"wp:term":[{"taxonomy":"product_brand","embeddable":true,"href":"https:\/\/archief.zibo.nl\/fr\/wp-json\/wp\/v2\/product_brand?post=16244"},{"taxonomy":"product_cat","embeddable":true,"href":"https:\/\/archief.zibo.nl\/fr\/wp-json\/wp\/v2\/product_cat?post=16244"},{"taxonomy":"product_tag","embeddable":true,"href":"https:\/\/archief.zibo.nl\/fr\/wp-json\/wp\/v2\/product_tag?post=16244"}],"curies":[{"name":"wp","href":"https:\/\/api.w.org\/{rel}","templated":true}]}}